{"id":3232,"date":"2025-05-26T17:30:42","date_gmt":"2025-05-26T14:30:42","guid":{"rendered":"https:\/\/tammetorubbq.ee\/?post_type=product&#038;p=3232"},"modified":"2026-04-15T01:00:10","modified_gmt":"2026-04-14T22:00:10","slug":"plowboys-kc-crossroads-bbq-tahna-473g","status":"publish","type":"product","link":"https:\/\/tammetorubbq.ee\/fi\/product-2\/plowboys-kc-crossroads-bbq-tahna-473g\/","title":{"rendered":"Plowboys KC Crossroads BBQ-kastike 473g"},"content":{"rendered":"<p><strong>Koostisosad:<\/strong>\u00a0vesi, tomatipasta, suhkur, Worcestershire\u2019i kaste (\u00e4\u00e4dikas, melass, gl\u00fckoosisiirup, vesi, sool, v\u00e4rvaine (karamell), k\u00fc\u00fcslaugupulber, suhkur, v\u00fcrtsid, tamarind, looduslik l\u00f5hna- ja maitseaine), sool, \u00e4\u00e4dikas, v\u00fcrtsid (sh t\u0161illipipar ja selleriseemned), looduslik suitsumaitse, k\u00fc\u00fcslaugupulber, sibulapulber, s\u00e4ilitusaine (naatriumbensoaat).<\/p>\n<p><span class=\"relative -mx-px my-[-0.2rem] rounded px-px py-[0.2rem] transition-colors duration-100 ease-in-out\">Toode on gluteenivaba ja ei sisalda mononaatriumglutamaati (MSG)<\/span> .<\/p>\n","protected":false},"excerpt":{"rendered":"<p><span class=\"relative -mx-px my-[-0.2rem] rounded px-px py-[0.2rem] transition-colors duration-100 ease-in-out\"><strong data-start=\"0\" data-end=\"36\" data-is-only-node=\"\">Plowboys KC Crossroads BBQ kaste <\/strong>on klassikaline Kansas City stiilis grillkaste, mis \u00fchendab endas magusa, hapuka ja suitsuse maitseprofiili.<\/span><\/p>\n<p><span class=\"relative -mx-px my-[-0.2rem] rounded px-px py-[0.2rem] transition-colors duration-100 ease-in-out\">See kaste sobib suurep\u00e4raselt erinevate lihade, sealhulgas ribide, brisketi, sealiha ja kanaga, tuues esile nende loomulikud maitsed.<\/span><\/p>\n<p><span class=\"relative -mx-px my-[-0.2rem] rounded px-px py-[0.2rem] transition-colors duration-100 ease-in-out\"><strong data-start=\"0\" data-end=\"36\" data-is-only-node=\"\">Plowboys KC Crossroads BBQ kaste <\/strong>on suurep\u00e4rane valik neile, kes soovivad oma grillroogadele lisada autentset Kansas City maitset.<\/span><\/p>\n<p><span class=\"relative -mx-px my-[-0.2rem] rounded px-px py-[0.2rem] transition-colors duration-100 ease-in-out\">Olgu see siis kodune \u00f5htus\u00f6\u00f6k v\u00f5i BBQ-v\u00f5istlus \u2013 see kaste aitab teil saavutada kuldtaseme tulemusi.<\/span><\/p>\n<p>See on sama kaste, millega Plowboys BBQ tiim v\u00f5itis \ud83c\udfc6 2009. aastal American Royal BBQ v\u00f5istluse!<\/p>\n<p data-start=\"698\" data-end=\"713\"><strong>\ud83d\udca1 Pro tip:<\/strong> <span class=\"relative -mx-px my-[-0.2rem] rounded px-px py-[0.2rem] transition-colors duration-100 ease-in-out\">Kasutage seda kastet mitte ainult grillimisel, vaid ka lihapallide, burgerite v\u00f5i isegi k\u00f6\u00f6giviljade maitsestamiseks.<\/span> <span class=\"relative -mx-px my-[-0.2rem] rounded px-px py-[0.2rem] transition-colors duration-100 ease-in-out\">Selle paks tekstuur ja rikkalik maitseprofiil muudavad selle ideaalseks glasuuriks, mis annab roogadele isu\u00e4ratava viimistluse.<\/span><\/p>\n<p><img loading=\"lazy\" decoding=\"async\" class=\" wp-image-1685\" src=\"http:\/\/www.tammetorubbq.ee\/wp-content\/uploads\/2024\/05\/Plowboys-BBQ-logo-300x183.jpg\" alt=\"Plowboys BBQ logo\" width=\"162\" height=\"99\" srcset=\"https:\/\/tammetorubbq.ee\/wp-content\/uploads\/2024\/05\/Plowboys-BBQ-logo-300x183.jpg 300w, https:\/\/tammetorubbq.ee\/wp-content\/uploads\/2024\/05\/Plowboys-BBQ-logo-18x12.jpg 18w, https:\/\/tammetorubbq.ee\/wp-content\/uploads\/2024\/05\/Plowboys-BBQ-logo-64x39.jpg 64w, https:\/\/tammetorubbq.ee\/wp-content\/uploads\/2024\/05\/Plowboys-BBQ-logo.jpg 414w\" sizes=\"auto, (max-width: 162px) 100vw, 162px\" \/><\/p>\n<p data-start=\"698\" data-end=\"713\">\n","protected":false},"featured_media":3233,"comment_status":"open","ping_status":"closed","template":"","meta":{"_uf_show_specific_survey":0,"_uf_disable_surveys":false},"pwb-brand":[79],"product_brand":[],"product_cat":[22],"product_tag":[176,118,114,122,119,165],"class_list":{"0":"post-3232","1":"product","2":"type-product","3":"status-publish","4":"has-post-thumbnail","6":"pwb-brand-plowboys","7":"product_cat-kastmed-ja-marinaadid","8":"product_tag-brisket","9":"product_tag-kanaliha","10":"product_tag-sealiha","11":"product_tag-searibi","12":"product_tag-veiseliha","13":"product_tag-veiseribi","15":"first","16":"instock","17":"taxable","18":"shipping-taxable","19":"purchasable","20":"product-type-simple"},"brands":[{"id":79,"name":"Plowboy's","slug":"plowboys"}],"_links":{"self":[{"href":"https:\/\/tammetorubbq.ee\/fi\/wp-json\/wp\/v2\/product\/3232","targetHints":{"allow":["GET"]}}],"collection":[{"href":"https:\/\/tammetorubbq.ee\/fi\/wp-json\/wp\/v2\/product"}],"about":[{"href":"https:\/\/tammetorubbq.ee\/fi\/wp-json\/wp\/v2\/types\/product"}],"replies":[{"embeddable":true,"href":"https:\/\/tammetorubbq.ee\/fi\/wp-json\/wp\/v2\/comments?post=3232"}],"wp:featuredmedia":[{"embeddable":true,"href":"https:\/\/tammetorubbq.ee\/fi\/wp-json\/wp\/v2\/media\/3233"}],"wp:attachment":[{"href":"https:\/\/tammetorubbq.ee\/fi\/wp-json\/wp\/v2\/media?parent=3232"}],"wp:term":[{"taxonomy":"pwb-brand","embeddable":true,"href":"https:\/\/tammetorubbq.ee\/fi\/wp-json\/wp\/v2\/pwb-brand?post=3232"},{"taxonomy":"product_brand","embeddable":true,"href":"https:\/\/tammetorubbq.ee\/fi\/wp-json\/wp\/v2\/product_brand?post=3232"},{"taxonomy":"product_cat","embeddable":true,"href":"https:\/\/tammetorubbq.ee\/fi\/wp-json\/wp\/v2\/product_cat?post=3232"},{"taxonomy":"product_tag","embeddable":true,"href":"https:\/\/tammetorubbq.ee\/fi\/wp-json\/wp\/v2\/product_tag?post=3232"}],"curies":[{"name":"wp","href":"https:\/\/api.w.org\/{rel}","templated":true}]}}