{"id":3239,"date":"2025-05-26T20:25:15","date_gmt":"2025-05-26T17:25:15","guid":{"rendered":"https:\/\/tammetorubbq.ee\/?post_type=product&#038;p=3239"},"modified":"2026-04-15T06:00:11","modified_gmt":"2026-04-15T03:00:11","slug":"blues-hog-tennessee-red-bbq-sauce-538g","status":"publish","type":"product","link":"https:\/\/tammetorubbq.ee\/fi\/product-2\/blues-hog-tennessee-red-bbq-sauce-538g\/","title":{"rendered":"Blues Hog Tennessee Red BBQ-kastike 542g"},"content":{"rendered":"<p><strong>Ainesosat:<\/strong> valkoinen sokeri, omenaviinietikka, tomaattitiiviste kypsist\u00e4 punaisista tomaateista, tislattu etikka, korkeafruktoosinen maissisiirappi, suola, mausteet, sipulijauhe, luontaiset mausteet, suola, mausteet.<\/p>","protected":false},"excerpt":{"rendered":"<div class=\"bde-div-308-119 bde-div\">\n<div class=\"bde-wooproductprice-308-108 bde-wooproductprice breakdance-woocommerce\"><\/div>\n<\/div>\n<div class=\"bde-rich-text-308-117 bde-rich-text bde-wooproductexcerpt breakdance-woocommerce breakdance-rich-text-styles\">\n<p data-start=\"46\" data-end=\"335\"><strong>Blues Hog Tennessee Red BBQ-kastike<\/strong> on tunnettu <strong>etikka- ja pippuripohjainen kastike<\/strong>, joka ilment\u00e4\u00e4 voimakkaita etel\u00e4n BBQ-makuja. Sen on valmistanut palkittu grillimestari Bill Arnold, joka kuuluu Blues Hog Cookers -tiimiin. Kastike on suosittu BBQ-ravintoloissa ja -kilpailuissa eri puolilla Yhdysvaltoja.<\/p>\n<p data-start=\"337\" data-end=\"711\"><strong>Makuprofiili<\/strong>Tennessee Red on ohut ja hapokas kastike, jonka p\u00e4\u00e4maku on omenaviinietikka. Makeutta lis\u00e4t\u00e4\u00e4n ketsupilla ja sokerilla. Makua t\u00e4ydent\u00e4v\u00e4t mustapippuri, cayennepippuri ja murskatut punaiset pippurit, jotka antavat mausteisen lopputuloksen. Vaikka etikka on hallitseva, kastikkeessa on tasapainoinen ja monikerroksinen maku, joka sopii hyvin erilaisiin ruokiin.<\/p>\n<p data-start=\"713\" data-end=\"855\"><em>Jos etsit aitoa etel\u00e4valtioiden BBQ-tyyli\u00e4, Blues Hog Tennessee Red BBQ -kastike on loistava valinta monien ruokien mausteeksi.<\/em><\/p>\n<p data-start=\"857\" data-end=\"1061\">Blues Hogin kastikkeet, kuten Tennessee Red, ovat voittaneet lukuisia palkintoja, ja yli 90% yhdysvaltalaisista BBQ-joukkueista suosii niit\u00e4. Niiden laatu ja maku ovat tehneet niist\u00e4 BBQ-harrastajien keskuudessa eritt\u00e4in arvostetun tuotteen.<\/p>\n<p data-start=\"1063\" data-end=\"1433\">\ud83d\udca1 <strong data-start=\"1066\" data-end=\"1079\">Pro-vinkki:<\/strong> Jos haluat grillattuun lihaan viel\u00e4 syvemp\u00e4\u00e4 makua, k\u00e4yt\u00e4 Blues Hog Tennessee Red BBQ -kastiketta sek\u00e4 marinadina ett\u00e4 kuorrutuksena. Anna lihan olla marinadissa muutama tunti tai jopa y\u00f6n yli, jotta maku imeytyy. Peit\u00e4 liha grillauksen p\u00e4\u00e4tteeksi kastikkeella, jotta saat mausteisen ja kiilt\u00e4v\u00e4n kuorrutuksen - tuloksena on mehev\u00e4 ja maukas ruokalaji.<\/p>\n<p><img loading=\"lazy\" decoding=\"async\" class=\"alignnone wp-image-2299\" src=\"http:\/\/tammetorubbq.ee\/wp-content\/uploads\/2024\/12\/Blues-Hog-Logo-300x287.png\" alt=\"\" width=\"153\" height=\"146\" srcset=\"https:\/\/tammetorubbq.ee\/wp-content\/uploads\/2024\/12\/Blues-Hog-Logo-300x287.png 300w, https:\/\/tammetorubbq.ee\/wp-content\/uploads\/2024\/12\/Blues-Hog-Logo-768x734.png 768w, https:\/\/tammetorubbq.ee\/wp-content\/uploads\/2024\/12\/Blues-Hog-Logo-13x12.png 13w, https:\/\/tammetorubbq.ee\/wp-content\/uploads\/2024\/12\/Blues-Hog-Logo-600x573.png 600w, https:\/\/tammetorubbq.ee\/wp-content\/uploads\/2024\/12\/Blues-Hog-Logo-64x61.png 64w, https:\/\/tammetorubbq.ee\/wp-content\/uploads\/2024\/12\/Blues-Hog-Logo.png 944w\" sizes=\"auto, (max-width: 153px) 100vw, 153px\" \/><\/p>\n<\/div>","protected":false},"featured_media":3240,"comment_status":"open","ping_status":"closed","template":"","meta":{"_uf_show_specific_survey":0,"_uf_disable_surveys":false},"pwb-brand":[74],"product_brand":[],"product_cat":[22],"product_tag":[118,159,166,114,122,119,165],"class_list":{"0":"post-3239","1":"product","2":"type-product","3":"status-publish","4":"has-post-thumbnail","6":"pwb-brand-blues-hog","7":"product_cat-kastmed-ja-marinaadid","8":"product_tag-kanaliha","9":"product_tag-kanatiivad","10":"product_tag-rebitudliha","11":"product_tag-sealiha","12":"product_tag-searibi","13":"product_tag-veiseliha","14":"product_tag-veiseribi","16":"first","17":"outofstock","18":"taxable","19":"shipping-taxable","20":"purchasable","21":"product-type-simple"},"brands":[{"id":74,"name":"Blues Hog","slug":"blues-hog"}],"_links":{"self":[{"href":"https:\/\/tammetorubbq.ee\/fi\/wp-json\/wp\/v2\/product\/3239","targetHints":{"allow":["GET"]}}],"collection":[{"href":"https:\/\/tammetorubbq.ee\/fi\/wp-json\/wp\/v2\/product"}],"about":[{"href":"https:\/\/tammetorubbq.ee\/fi\/wp-json\/wp\/v2\/types\/product"}],"replies":[{"embeddable":true,"href":"https:\/\/tammetorubbq.ee\/fi\/wp-json\/wp\/v2\/comments?post=3239"}],"wp:featuredmedia":[{"embeddable":true,"href":"https:\/\/tammetorubbq.ee\/fi\/wp-json\/wp\/v2\/media\/3240"}],"wp:attachment":[{"href":"https:\/\/tammetorubbq.ee\/fi\/wp-json\/wp\/v2\/media?parent=3239"}],"wp:term":[{"taxonomy":"pwb-brand","embeddable":true,"href":"https:\/\/tammetorubbq.ee\/fi\/wp-json\/wp\/v2\/pwb-brand?post=3239"},{"taxonomy":"product_brand","embeddable":true,"href":"https:\/\/tammetorubbq.ee\/fi\/wp-json\/wp\/v2\/product_brand?post=3239"},{"taxonomy":"product_cat","embeddable":true,"href":"https:\/\/tammetorubbq.ee\/fi\/wp-json\/wp\/v2\/product_cat?post=3239"},{"taxonomy":"product_tag","embeddable":true,"href":"https:\/\/tammetorubbq.ee\/fi\/wp-json\/wp\/v2\/product_tag?post=3239"}],"curies":[{"name":"wp","href":"https:\/\/api.w.org\/{rel}","templated":true}]}}