{"id":3245,"date":"2025-05-27T10:49:20","date_gmt":"2025-05-27T07:49:20","guid":{"rendered":"https:\/\/tammetorubbq.ee\/?post_type=product&#038;p=3245"},"modified":"2026-04-15T03:00:23","modified_gmt":"2026-04-15T00:00:23","slug":"inkbird-ibt-4xs-digitaalinen-lampomittari","status":"publish","type":"product","link":"https:\/\/tammetorubbq.ee\/fi\/product-2\/inkbird-ibt-4xs-digitaalinen-lampomittari\/","title":{"rendered":"Inkbird IBT-4XS digitaalinen l\u00e4mp\u00f6mittari"},"content":{"rendered":"<p><strong data-start=\"0\" data-end=\"22\" data-is-only-node=\"\">Tekniset tiedot<\/strong><br data-start=\"22\" data-end=\"25\" \/>Yksikk\u00f6: 1<br data-start=\"32\" data-end=\"35\" \/>Liit\u00e4nt\u00e4tyyppi: Bluetooth<br data-start=\"59\" data-end=\"62\" \/>N\u00e4ytt\u00f6 \/ luettavuus: LED-n\u00e4ytt\u00f6 ja sovellus<br data-start=\"98\" data-end=\"101\" \/>Mittayksik\u00f6t: \u00b0C ja \u00b0F<br data-start=\"121\" data-end=\"124\" \/>Antureiden lukum\u00e4\u00e4r\u00e4: 4<br data-start=\"139\" data-end=\"142\" \/>Toiminta-alue: 50 m<\/p>","protected":false},"excerpt":{"rendered":"<p>INKBIRD IBT-4XS on \u00e4lyk\u00e4s lihal\u00e4mp\u00f6mittari, joka yhdistyy sovellukseesi Bluetoothin kautta. Voit asettaa l\u00e4mp\u00f6mittarin haluttuun l\u00e4mp\u00f6tilaan ja seurata l\u00e4mp\u00f6tilaa k\u00e4tev\u00e4sti \u00e4lypuhelimellasi tai LED-n\u00e4yt\u00f6ll\u00e4.<\/p>\n<p><strong>IBT-4XS:ss\u00e4 on vakiona nelj\u00e4 anturia.<\/strong><\/p>\n<p>Ihanteellinen seuraaville grilleille\u00a0<a href=\"https:\/\/tammetorubbq.ee\/fi\/luokka\/grillit\/keraamiset-grillit\/\">Kamado Joe<\/a>, <a href=\"https:\/\/tammetorubbq.ee\/fi\/?s=Napoleon&amp;post_type=product&amp;dgwt_wcas=1\">Napoleon<\/a>, <a href=\"https:\/\/tammetorubbq.ee\/fi\/?s=Char-Griller&amp;post_type=product&amp;dgwt_wcas=1\">Char-Griller<\/a>, <a href=\"https:\/\/tammetorubbq.ee\/fi\/?s=Traeger+&amp;post_type=product&amp;dgwt_wcas=1\">Traeger<\/a> , <a href=\"https:\/\/tammetorubbq.ee\/fi\/?s=Ahja+Smoker&amp;post_type=product&amp;dgwt_wcas=1\">Ahja Smoker<\/a> jne.<\/p>\n<p><img loading=\"lazy\" decoding=\"async\" class=\"alignnone wp-image-3250\" src=\"http:\/\/www.tammetorubbq.ee\/wp-content\/uploads\/2025\/05\/Inkbird-logo-PNG-300x85.png\" alt=\"\" width=\"173\" height=\"49\" srcset=\"https:\/\/tammetorubbq.ee\/wp-content\/uploads\/2025\/05\/Inkbird-logo-PNG-300x85.png 300w, https:\/\/tammetorubbq.ee\/wp-content\/uploads\/2025\/05\/Inkbird-logo-PNG-1024x290.png 1024w, https:\/\/tammetorubbq.ee\/wp-content\/uploads\/2025\/05\/Inkbird-logo-PNG-768x218.png 768w, https:\/\/tammetorubbq.ee\/wp-content\/uploads\/2025\/05\/Inkbird-logo-PNG-18x5.png 18w, https:\/\/tammetorubbq.ee\/wp-content\/uploads\/2025\/05\/Inkbird-logo-PNG-600x170.png 600w, https:\/\/tammetorubbq.ee\/wp-content\/uploads\/2025\/05\/Inkbird-logo-PNG-64x18.png 64w, https:\/\/tammetorubbq.ee\/wp-content\/uploads\/2025\/05\/Inkbird-logo-PNG.png 1192w\" sizes=\"auto, (max-width: 173px) 100vw, 173px\" \/><\/p>","protected":false},"featured_media":3246,"comment_status":"open","ping_status":"closed","template":"","meta":{"_uf_show_specific_survey":0,"_uf_disable_surveys":false},"pwb-brand":[67],"product_brand":[],"product_cat":[66,30],"product_tag":[134,116,115],"class_list":{"0":"post-3245","1":"product","2":"type-product","3":"status-publish","4":"has-post-thumbnail","6":"pwb-brand-inkbird","7":"product_cat-termomeetrid","8":"product_cat-grillimise-tarvikud","9":"product_tag-grillimise-tarvikud","10":"product_tag-inkbird","11":"product_tag-termomeeter","13":"first","14":"instock","15":"taxable","16":"shipping-taxable","17":"purchasable","18":"product-type-simple"},"brands":[{"id":67,"name":"Inkbird","slug":"inkbird"}],"_links":{"self":[{"href":"https:\/\/tammetorubbq.ee\/fi\/wp-json\/wp\/v2\/product\/3245","targetHints":{"allow":["GET"]}}],"collection":[{"href":"https:\/\/tammetorubbq.ee\/fi\/wp-json\/wp\/v2\/product"}],"about":[{"href":"https:\/\/tammetorubbq.ee\/fi\/wp-json\/wp\/v2\/types\/product"}],"replies":[{"embeddable":true,"href":"https:\/\/tammetorubbq.ee\/fi\/wp-json\/wp\/v2\/comments?post=3245"}],"wp:featuredmedia":[{"embeddable":true,"href":"https:\/\/tammetorubbq.ee\/fi\/wp-json\/wp\/v2\/media\/3246"}],"wp:attachment":[{"href":"https:\/\/tammetorubbq.ee\/fi\/wp-json\/wp\/v2\/media?parent=3245"}],"wp:term":[{"taxonomy":"pwb-brand","embeddable":true,"href":"https:\/\/tammetorubbq.ee\/fi\/wp-json\/wp\/v2\/pwb-brand?post=3245"},{"taxonomy":"product_brand","embeddable":true,"href":"https:\/\/tammetorubbq.ee\/fi\/wp-json\/wp\/v2\/product_brand?post=3245"},{"taxonomy":"product_cat","embeddable":true,"href":"https:\/\/tammetorubbq.ee\/fi\/wp-json\/wp\/v2\/product_cat?post=3245"},{"taxonomy":"product_tag","embeddable":true,"href":"https:\/\/tammetorubbq.ee\/fi\/wp-json\/wp\/v2\/product_tag?post=3245"}],"curies":[{"name":"wp","href":"https:\/\/api.w.org\/{rel}","templated":true}]}}