{"id":3253,"date":"2025-05-27T16:33:05","date_gmt":"2025-05-27T13:33:05","guid":{"rendered":"https:\/\/tammetorubbq.ee\/?post_type=product&#038;p=3253"},"modified":"2026-04-14T22:00:38","modified_gmt":"2026-04-14T19:00:38","slug":"naudanlihan-rintafilee-rintafilee-65kg-creekstone-prime-usa","status":"publish","type":"product","link":"https:\/\/tammetorubbq.ee\/fi\/product-2\/naudanlihan-rintafilee-rintafilee-65kg-creekstone-prime-usa\/","title":{"rendered":"Naudanrinta BRISKET ~6,5kg CREEKSTONE PRIME (USA)"},"content":{"rendered":"<p><strong>Paino:<\/strong> ~6,5 kg<\/p>\n<p><strong>Pakastusmenetelm\u00e4:<\/strong> ~6.5kg IVP<\/p>\n<p><strong>Tarnija:<\/strong> <a href=\"https:\/\/creekstonefarms.com\/\" target=\"_blank\" rel=\"noopener\">Creekstone Farms <\/a><\/p>\n<p><strong>Laatu:<\/strong> Prime (USDA-merkint\u00e4 - korkein marmorointitaso)<\/p>\n<p><strong>Alkuper\u00e4maa:<\/strong> YHDYSVALLAT<\/p>\n<p>&nbsp;<\/p>\n<h3 data-start=\"1204\" data-end=\"1236\"><strong data-start=\"1210\" data-end=\"1236\">Miksi Creekstone Farms?<\/strong><\/h3>\n<ul data-start=\"1238\" data-end=\"1415\">\n<li data-start=\"1238\" data-end=\"1306\">\n<p data-start=\"1240\" data-end=\"1306\"><strong data-start=\"1240\" data-end=\"1254\">USDA Prime<\/strong>: Korkein laatu, eritt\u00e4in hyv\u00e4 marmorointi.<\/p>\n<\/li>\n<li data-start=\"1307\" data-end=\"1343\">\n<p data-start=\"1309\" data-end=\"1343\">Hormonivapaa, eettinen tuotanto.<\/p>\n<\/li>\n<li data-start=\"1344\" data-end=\"1415\">\n<p data-start=\"1346\" data-end=\"1415\">Creekstone on tunnettu Black Angus -karjan laadusta.<\/p>\n<\/li>\n<\/ul>\n<p>&nbsp;<\/p>\n<h3 data-start=\"1466\" data-end=\"1515\">\u2705 V<strong data-start=\"1472\" data-end=\"1515\">verrattuna Aberdeen Blackiin (AUS):<\/strong><\/h3>\n<div class=\"_tableContainer_16hzy_1\">\n<div class=\"_tableWrapper_16hzy_14 group flex w-fit flex-col-reverse\" tabindex=\"-1\">\n<table class=\"w-fit min-w-(--thread-content-width)\" data-start=\"1516\" data-end=\"1907\">\n<thead data-start=\"1516\" data-end=\"1575\">\n<tr data-start=\"1516\" data-end=\"1575\">\n<th data-start=\"1516\" data-end=\"1526\" data-col-size=\"sm\">Vertailu<\/th>\n<th data-start=\"1526\" data-end=\"1549\" data-col-size=\"sm\">Aberdeen Black (AUS)<\/th>\n<th data-start=\"1549\" data-end=\"1575\" data-col-size=\"sm\">Creekstone Prime (Yhdysvallat)<\/th>\n<\/tr>\n<\/thead>\n<tbody data-start=\"1639\" data-end=\"1907\">\n<tr data-start=\"1639\" data-end=\"1698\">\n<td data-start=\"1639\" data-end=\"1657\" data-col-size=\"sm\">Marmorointi<\/td>\n<td data-start=\"1657\" data-end=\"1673\" data-col-size=\"sm\">Hyv\u00e4 (MB3+-5+)<\/td>\n<td data-start=\"1673\" data-end=\"1698\" data-col-size=\"sm\">Eritt\u00e4in hyv\u00e4 (USDA Prime)<\/td>\n<\/tr>\n<tr data-start=\"1699\" data-end=\"1726\">\n<td data-start=\"1699\" data-end=\"1706\" data-col-size=\"sm\">Hinta<\/td>\n<td data-start=\"1706\" data-end=\"1716\" data-col-size=\"sm\">Halvempi<\/td>\n<td data-start=\"1716\" data-end=\"1726\" data-col-size=\"sm\">Kalliimpi<\/td>\n<\/tr>\n<tr data-start=\"1727\" data-end=\"1785\">\n<td data-start=\"1727\" data-end=\"1736\" data-col-size=\"sm\">Maku<\/td>\n<td data-start=\"1736\" data-end=\"1766\" data-col-size=\"sm\">Hieman v\u00e4hemm\u00e4n rasvainen, puhtaampi<\/td>\n<td data-start=\"1766\" data-end=\"1785\" data-col-size=\"sm\">Syvempi, vois\u00e4vytteisempi<\/td>\n<\/tr>\n<tr data-start=\"1786\" data-end=\"1843\">\n<td data-start=\"1786\" data-end=\"1802\" data-col-size=\"sm\">Saatavilla osoitteessa<\/td>\n<td data-start=\"1802\" data-end=\"1824\" data-col-size=\"sm\">Todenn\u00e4k\u00f6isemmin varastossa<\/td>\n<td data-start=\"1824\" data-end=\"1843\" data-col-size=\"sm\">Tarvitsee tilauksen<\/td>\n<\/tr>\n<tr data-start=\"1844\" data-end=\"1907\">\n<td data-start=\"1844\" data-end=\"1860\" data-col-size=\"sm\">Sopii kenelle<\/td>\n<td data-start=\"1860\" data-end=\"1881\" data-col-size=\"sm\">Hobikokk, ateriapalvelu<\/td>\n<td data-start=\"1881\" data-end=\"1907\" data-col-size=\"sm\">Kilpailijat, ravintolat<\/td>\n<\/tr>\n<\/tbody>\n<\/table>\n<\/div>\n<\/div>\n<p>&nbsp;<\/p>","protected":false},"excerpt":{"rendered":"<p class=\"\" data-start=\"92\" data-end=\"277\"><strong data-start=\"0\" data-end=\"54\">Naudanrinta BRISKET CREEKSTONE PRIME (USA)<\/strong> on korkealaatuinen raaka-aine, jota k\u00e4ytt\u00e4v\u00e4t monet ammattilaiset ja harrastajat Virossa ja muualla. Brisket Creekstone Prime on <strong data-start=\"784\" data-end=\"818\">kansainv\u00e4liset BBQ-kilpailut<\/strong> standardi.<\/p>\n<p class=\"\" data-start=\"279\" data-end=\"571\">Creekstone Farms <strong data-start=\"298\" data-end=\"320\">Ensiluokkainen laatu<\/strong> naudanliha on per\u00e4isin Yhdysvalloista, joka on tunnettu naudanlihastaan. <strong data-start=\"365\" data-end=\"379\">marmorit<\/strong>, mehukkuus ja pehme\u00e4 rakenne. T\u00e4m\u00e4 rinta on ~<strong data-start=\"434\" data-end=\"461\">6,5 kg kokonainen kappale<\/strong>, ihanteellinen suurempiin grillijuhliin tai ravintoloille, jotka haluavat tarjota todellisen grillauskokemuksen.<\/p>\n<p class=\"\" data-start=\"573\" data-end=\"823\">\ud83d\udca1 <strong data-start=\"765\" data-end=\"791\">Pro-vinkki:<\/strong><br data-start=\"791\" data-end=\"794\" \/>- Savustetaan rintapalaa irtotavarana, kunnes se on noin 74 \u00b0C, ja k\u00e4\u00e4rit\u00e4\u00e4n sitten teurastuspaperiin\/vahvaan paperiin. <a href=\"https:\/\/tammetorubbq.ee\/fi\/product-2\/bbq-grilli-folio-folio-folio-30m\/\">foliossa<\/a>.<br data-start=\"865\" data-end=\"868\" \/>- Poista grillist\u00e4, kun sis\u00e4l\u00e4mp\u00f6tila saavuttaa <strong data-start=\"915\" data-end=\"926\">92-95\u00b0C<\/strong> ja \"koetin-testin\" tunteen pit\u00e4isi olla kuin \"sis\u00e4\u00e4n tai ulos meneminen\".<\/p>\n<p data-start=\"1004\" data-end=\"1205\">\ud83d\udca4 <strong data-start=\"1007\" data-end=\"1035\">L\u00f5puks \u00c4RA UNUSTA lasta lihal &#8220;puhata!<\/strong><br data-start=\"1035\" data-end=\"1038\" \/>- Anna rintafileen lev\u00e4t\u00e4 foliossa tai paperissa. <strong data-start=\"1084\" data-end=\"1144\">pois j\u00e4\u00e4kaapista l\u00e4mpim\u00e4ss\u00e4 laatikossa tai pyyhkeisiin k\u00e4\u00e4rittyn\u00e4.<\/strong> v\u00e4hint\u00e4\u00e4n 1-2 tuntia. T\u00e4m\u00e4 tekee koostumuksesta pehme\u00e4n ja mehukkaan.<\/p>\n<p>Tuote myyd\u00e4\u00e4n painon mukaan. Tarkka hinta lasketaan tuotteen punnituksen j\u00e4lkeen.<\/p>\n<p><strong>Tuote on ennakkotilattavissa.\u00a0<\/strong><\/p>\n<p>Koska kyseess\u00e4 on punnitustuote, tilausta ei voi tehd\u00e4 verkkokaupan kautta.<\/p>\n<p>Tilausta varten kirjoita osoitteeseen\u00a0<a href=\"https:\/\/tammetorubbq.ee\/fi\/product-2\/naudanlihan-rintafilee-rintafilee-65kg-aus\/info%40tammetorubbq.ee\/\">info@tammetorubbq.ee<\/a>\u00a0tai soita\u00a0<a href=\"http:\/\/+372%2056%20888%20638\/\">+372 56 888 638<\/a><\/p>\n<p><img loading=\"lazy\" decoding=\"async\" class=\"wp-image-3254\" src=\"http:\/\/tammetorubbq.ee\/wp-content\/uploads\/2025\/05\/Creekstone-Farms-300x194.webp\" alt=\"Creekstone Farms\" width=\"173\" height=\"112\" srcset=\"https:\/\/tammetorubbq.ee\/wp-content\/uploads\/2025\/05\/Creekstone-Farms-300x194.webp 300w, https:\/\/tammetorubbq.ee\/wp-content\/uploads\/2025\/05\/Creekstone-Farms-1024x660.webp 1024w, https:\/\/tammetorubbq.ee\/wp-content\/uploads\/2025\/05\/Creekstone-Farms-768x495.webp 768w, https:\/\/tammetorubbq.ee\/wp-content\/uploads\/2025\/05\/Creekstone-Farms-18x12.webp 18w, https:\/\/tammetorubbq.ee\/wp-content\/uploads\/2025\/05\/Creekstone-Farms-600x387.webp 600w, https:\/\/tammetorubbq.ee\/wp-content\/uploads\/2025\/05\/Creekstone-Farms-64x41.webp 64w, https:\/\/tammetorubbq.ee\/wp-content\/uploads\/2025\/05\/Creekstone-Farms.webp 1200w\" sizes=\"auto, (max-width: 173px) 100vw, 173px\" \/><\/p>","protected":false},"featured_media":3262,"comment_status":"open","ping_status":"closed","template":"","meta":{"_uf_show_specific_survey":0,"_uf_disable_surveys":false},"pwb-brand":[177],"product_brand":[],"product_cat":[71],"product_tag":[176],"class_list":{"0":"post-3253","1":"product","2":"type-product","3":"status-publish","4":"has-post-thumbnail","6":"pwb-brand-creekstone-farms","7":"product_cat-liha","8":"product_tag-brisket","10":"first","11":"outofstock","12":"taxable","13":"shipping-taxable","14":"purchasable","15":"product-type-simple"},"brands":[{"id":177,"name":"Creekstone Farms","slug":"creekstone-farms"}],"_links":{"self":[{"href":"https:\/\/tammetorubbq.ee\/fi\/wp-json\/wp\/v2\/product\/3253","targetHints":{"allow":["GET"]}}],"collection":[{"href":"https:\/\/tammetorubbq.ee\/fi\/wp-json\/wp\/v2\/product"}],"about":[{"href":"https:\/\/tammetorubbq.ee\/fi\/wp-json\/wp\/v2\/types\/product"}],"replies":[{"embeddable":true,"href":"https:\/\/tammetorubbq.ee\/fi\/wp-json\/wp\/v2\/comments?post=3253"}],"wp:featuredmedia":[{"embeddable":true,"href":"https:\/\/tammetorubbq.ee\/fi\/wp-json\/wp\/v2\/media\/3262"}],"wp:attachment":[{"href":"https:\/\/tammetorubbq.ee\/fi\/wp-json\/wp\/v2\/media?parent=3253"}],"wp:term":[{"taxonomy":"pwb-brand","embeddable":true,"href":"https:\/\/tammetorubbq.ee\/fi\/wp-json\/wp\/v2\/pwb-brand?post=3253"},{"taxonomy":"product_brand","embeddable":true,"href":"https:\/\/tammetorubbq.ee\/fi\/wp-json\/wp\/v2\/product_brand?post=3253"},{"taxonomy":"product_cat","embeddable":true,"href":"https:\/\/tammetorubbq.ee\/fi\/wp-json\/wp\/v2\/product_cat?post=3253"},{"taxonomy":"product_tag","embeddable":true,"href":"https:\/\/tammetorubbq.ee\/fi\/wp-json\/wp\/v2\/product_tag?post=3253"}],"curies":[{"name":"wp","href":"https:\/\/api.w.org\/{rel}","templated":true}]}}