{"id":3272,"date":"2025-06-02T21:32:28","date_gmt":"2025-06-02T18:32:28","guid":{"rendered":"https:\/\/tammetorubbq.ee\/?post_type=product&#038;p=3272"},"modified":"2026-05-16T01:00:15","modified_gmt":"2026-05-15T22:00:15","slug":"lihakirkko-dia-de-la-fajita-rub-340g","status":"publish","type":"product","link":"https:\/\/tammetorubbq.ee\/fi\/toode\/meat-church-dia-de-la-fajita-rub-340g\/","title":{"rendered":"Meat Church Dia De La Fajita Rub 340g"},"content":{"rendered":"<p><strong>Ainesosat: <\/strong>Suola, mausteet, kuivattu valkosipuli ja sipuli, sitruunamehujauhe, kasviuutteet, papaiini, bromelaiini.<\/p>\n<p>Gluteeniton.<\/p>\n<p>Ei sis\u00e4ll\u00e4 natriumglutamaattia.<\/p>","protected":false},"excerpt":{"rendered":"<p><strong>Mik\u00e4 p\u00e4iv\u00e4 t\u00e4n\u00e4\u00e4n on? D\u00eda de la Fajita (Fajitan p\u00e4iv\u00e4)!!!! !!!!<\/strong><\/p>\n<p>Nosta tex-mex-ruoanlaittosi seuraavalle tasolle Meat Churchin D\u00eda De La Fajita -mausteella!<\/p>\n<p>T\u00e4m\u00e4 aito lounaistyylinen fajita-mauste on luotu yhteisty\u00f6ss\u00e4 teksasilaisten huippukokkien ja grillimestareiden kanssa t\u00e4ydellisen makujen tasapainon saavuttamiseksi. Seoksessa on sitruksinen vivahde, joka tuo raikkautta ja syvyytt\u00e4 sek\u00e4 liha- ett\u00e4 kasvisruokiin. Ihanteellinen fajitojen, grillatun lihan ja vihannesten maustamiseen, sill\u00e4 jo pieni m\u00e4\u00e4r\u00e4 antaa voimakkaan ja mieleenpainuvan maun.<\/p>\n<p>Sopii naudan-, kanan- ja sianlihalle sek\u00e4 vihanneksille.<\/p>\n<p><strong data-start=\"0\" data-end=\"12\" data-is-only-node=\"\">\ud83d\udca1 Pro-vinkki: <\/strong>Mausta liha D\u00eda De La Fajita -seoksella v\u00e4hint\u00e4\u00e4n 30 minuuttia ennen ruoanvalmistusta tai anna sen marinoitua y\u00f6n yli - t\u00e4ll\u00f6in maut imeytyv\u00e4t syvemm\u00e4lle ja lopputulos on erityisen mehukas ja maukas!<\/p>\n<p><img loading=\"lazy\" decoding=\"async\" class=\"wp-image-1702\" src=\"http:\/\/tammetorubbq.ee\/wp-content\/uploads\/2024\/02\/Meat-Church-logo-scaled-300x300.webp\" alt=\"Lihakirkon logo\" width=\"142\" height=\"142\" srcset=\"https:\/\/tammetorubbq.ee\/wp-content\/uploads\/2024\/02\/Meat-Church-logo-scaled-300x300.webp 300w, https:\/\/tammetorubbq.ee\/wp-content\/uploads\/2024\/02\/Meat-Church-logo-scaled-1024x1024.webp 1024w, https:\/\/tammetorubbq.ee\/wp-content\/uploads\/2024\/02\/Meat-Church-logo-scaled-150x150.webp 150w, https:\/\/tammetorubbq.ee\/wp-content\/uploads\/2024\/02\/Meat-Church-logo-scaled-768x768.webp 768w, https:\/\/tammetorubbq.ee\/wp-content\/uploads\/2024\/02\/Meat-Church-logo-scaled-1536x1536.webp 1536w, https:\/\/tammetorubbq.ee\/wp-content\/uploads\/2024\/02\/Meat-Church-logo-scaled-2048x2048.webp 2048w, https:\/\/tammetorubbq.ee\/wp-content\/uploads\/2024\/02\/Meat-Church-logo-scaled-12x12.webp 12w, https:\/\/tammetorubbq.ee\/wp-content\/uploads\/2024\/02\/Meat-Church-logo-scaled-600x600.webp 600w, https:\/\/tammetorubbq.ee\/wp-content\/uploads\/2024\/02\/Meat-Church-logo-scaled-64x64.webp 64w\" sizes=\"auto, (max-width: 142px) 100vw, 142px\" \/><\/p>","protected":false},"featured_media":3273,"comment_status":"open","ping_status":"closed","template":"","meta":{"_uf_show_specific_survey":0,"_uf_disable_surveys":false},"pwb-brand":[96],"product_brand":[],"product_cat":[21],"product_tag":[118,159,114,122,123,119,165],"class_list":{"0":"post-3272","1":"product","2":"type-product","3":"status-publish","4":"has-post-thumbnail","6":"pwb-brand-meat-church","7":"product_cat-maitseainesegud","8":"product_tag-kanaliha","9":"product_tag-kanatiivad","10":"product_tag-sealiha","11":"product_tag-searibi","12":"product_tag-steik","13":"product_tag-veiseliha","14":"product_tag-veiseribi","16":"first","17":"instock","18":"taxable","19":"shipping-taxable","20":"purchasable","21":"product-type-simple"},"brands":[{"id":96,"name":"Lihakirkko","slug":"meat-church"}],"_links":{"self":[{"href":"https:\/\/tammetorubbq.ee\/fi\/wp-json\/wp\/v2\/product\/3272","targetHints":{"allow":["GET"]}}],"collection":[{"href":"https:\/\/tammetorubbq.ee\/fi\/wp-json\/wp\/v2\/product"}],"about":[{"href":"https:\/\/tammetorubbq.ee\/fi\/wp-json\/wp\/v2\/types\/product"}],"replies":[{"embeddable":true,"href":"https:\/\/tammetorubbq.ee\/fi\/wp-json\/wp\/v2\/comments?post=3272"}],"wp:featuredmedia":[{"embeddable":true,"href":"https:\/\/tammetorubbq.ee\/fi\/wp-json\/wp\/v2\/media\/3273"}],"wp:attachment":[{"href":"https:\/\/tammetorubbq.ee\/fi\/wp-json\/wp\/v2\/media?parent=3272"}],"wp:term":[{"taxonomy":"pwb-brand","embeddable":true,"href":"https:\/\/tammetorubbq.ee\/fi\/wp-json\/wp\/v2\/pwb-brand?post=3272"},{"taxonomy":"product_brand","embeddable":true,"href":"https:\/\/tammetorubbq.ee\/fi\/wp-json\/wp\/v2\/product_brand?post=3272"},{"taxonomy":"product_cat","embeddable":true,"href":"https:\/\/tammetorubbq.ee\/fi\/wp-json\/wp\/v2\/product_cat?post=3272"},{"taxonomy":"product_tag","embeddable":true,"href":"https:\/\/tammetorubbq.ee\/fi\/wp-json\/wp\/v2\/product_tag?post=3272"}],"curies":[{"name":"wp","href":"https:\/\/api.w.org\/{rel}","templated":true}]}}