{"id":3293,"date":"2025-06-03T22:44:26","date_gmt":"2025-06-03T19:44:26","guid":{"rendered":"https:\/\/tammetorubbq.ee\/?post_type=product&#038;p=3293"},"modified":"2026-04-28T06:00:01","modified_gmt":"2026-04-28T03:00:01","slug":"grillep-premium-grillipelletti-8kg-fsc100-fsc100","status":"publish","type":"product","link":"https:\/\/tammetorubbq.ee\/fi\/toode\/grillep-premium-grillpellet-oun-8kg-fsc100\/","title":{"rendered":"GRILLEP premium grillipelletit omena 8kg (FSC100%)"},"content":{"rendered":"<h3 data-start=\"1521\" data-end=\"1541\">\ud83d\udce6 <strong data-start=\"1528\" data-end=\"1541\">Tuotetiedot<\/strong><\/h3>\n<ul data-start=\"1543\" data-end=\"1736\">\n<li data-start=\"1543\" data-end=\"1565\">\n<p data-start=\"1545\" data-end=\"1565\"><strong data-start=\"1545\" data-end=\"1554\">Merkki<\/strong>: GRILLEP<\/p>\n<\/li>\n<li data-start=\"1566\" data-end=\"1598\">\n<p data-start=\"1568\" data-end=\"1598\"><strong data-start=\"1568\" data-end=\"1581\">Tuotetyyppi<\/strong>: Grilli pelletit<\/p>\n<\/li>\n<li data-start=\"1599\" data-end=\"1620\">\n<p data-start=\"1601\" data-end=\"1620\"><strong data-start=\"1601\" data-end=\"1609\">Puit<\/strong>: Omenapuu<\/p>\n<\/li>\n<li data-start=\"1621\" data-end=\"1639\">\n<p data-start=\"1623\" data-end=\"1639\"><strong data-start=\"1623\" data-end=\"1631\">Paino<\/strong>: 8 kg<\/p>\n<\/li>\n<li data-start=\"1640\" data-end=\"1670\">\n<p data-start=\"1642\" data-end=\"1670\"><strong data-start=\"1642\" data-end=\"1657\">Todistus<\/strong>: FSC\u00ae 100%<\/p>\n<\/li>\n<li data-start=\"1671\" data-end=\"1736\">\n<p data-start=\"1673\" data-end=\"1736\"><strong data-start=\"1673\" data-end=\"1684\">Saatavilla osoitteessa<\/strong>: Pellettigrillit, savustimet, kamado-tyyppiset grillit<\/p>\n<\/li>\n<\/ul>\n<h3 data-start=\"1231\" data-end=\"1284\">\ud83c\udf3f <strong data-start=\"1238\" data-end=\"1284\">Miksi valita GRILLEP-omenapelletit?<\/strong><\/h3>\n<p data-start=\"1286\" data-end=\"1514\">Omenapuun savu on yksi grillimaailman klassikoista - sen pehme\u00e4 ja hedelm\u00e4inen maku sopii monenlaisiin ruokiin. GRILLEP-grillipelletit takaavat vakaan l\u00e4mm\u00f6n ja luotettavan savun jokaisella k\u00e4ytt\u00f6kerralla.<\/p>","protected":false},"excerpt":{"rendered":"<p data-start=\"108\" data-end=\"197\"><strong data-start=\"108\" data-end=\"197\">Miedon ja hedelm\u00e4isen savun maun salaisuus - t\u00e4ydellinen pelletti kaikille tupakoitsijoille!<\/strong><\/p>\n<p data-start=\"199\" data-end=\"481\">GRILLEP Premium -grillipelletit on valmistettu 100% luonnollisesta omenapuusta ilman lis\u00e4aineita ja liimoja. N\u00e4m\u00e4 FSC-sertifioidut pelletit antavat lihalle, kalalle ja vihanneksille hienovaraista, hieman makeaa savun makua, joka sopii erityisesti sianlihan, siipikarjan ja kalan kypsent\u00e4miseen.<\/p>\n<p><strong>GRILLEP Premium grillipelletit - uusi salainen ase grilliin!<\/strong><\/p>\n<p><strong>Soveltuu k\u00e4ytett\u00e4v\u00e4ksi pellettigrilleiss\u00e4, savu- ja pizzauuneissa.<\/strong><\/p>\n<h3 data-start=\"907\" data-end=\"924\"><strong data-start=\"913\" data-end=\"924\">Edut<\/strong><\/h3>\n<p data-start=\"928\" data-end=\"1003\">\u2714\ufe0f Luonnollinen ja puhdas koostumus - turvallinen k\u00e4ytett\u00e4v\u00e4ksi kaikissa grilleiss\u00e4.<\/p>\n<p data-start=\"1006\" data-end=\"1040\">\u2714\ufe0f Tasainen ja vakaa palaminen<\/p>\n<p data-start=\"1043\" data-end=\"1117\">\u2714\ufe0f Ihanteellinen lihan, siipikarjan, kalan ja vihannesten savustamiseen.<\/p>\n<p data-start=\"1120\" data-end=\"1170\">\u2714\ufe0f Hienovarainen savun maku ei peit\u00e4 raaka-aineen makua.<\/p>\n<p data-start=\"1173\" data-end=\"1224\">\u2714\ufe0f Ymp\u00e4rist\u00f6yst\u00e4v\u00e4llinen valinta - FSC-sertifioitu<\/p>\n<h3 data-start=\"488\" data-end=\"513\"><strong data-start=\"495\" data-end=\"513\">Tuotteen ominaisuudet<\/strong><\/h3>\n<ul data-start=\"515\" data-end=\"900\">\n<li data-start=\"515\" data-end=\"597\">\n<p data-start=\"517\" data-end=\"597\"><strong data-start=\"517\" data-end=\"525\">Puit<\/strong>: 100% luonnollinen omenapuu - ei sis\u00e4ll\u00e4 liimaa, kemikaaleja tai t\u00e4yteaineita.<\/p>\n<\/li>\n<li data-start=\"598\" data-end=\"667\">\n<p data-start=\"600\" data-end=\"667\"><strong data-start=\"600\" data-end=\"608\">Paino<\/strong>: 8 kg - k\u00e4tev\u00e4 laukku koti- ja ammattik\u00e4ytt\u00f6\u00f6n.<\/p>\n<\/li>\n<li data-start=\"668\" data-end=\"737\">\n<p data-start=\"670\" data-end=\"737\"><strong data-start=\"670\" data-end=\"687\">Makuprofiili<\/strong>: Mieto, hieman makea ja hedelm\u00e4inen savuinen maku.<\/p>\n<\/li>\n<li data-start=\"738\" data-end=\"826\">\n<p data-start=\"740\" data-end=\"826\"><strong data-start=\"740\" data-end=\"748\">Tyyppi<\/strong>: Korkealuokkaiset pelletit - sopivat pellettigrilleihin ja savustimiin.<\/p>\n<\/li>\n<li data-start=\"827\" data-end=\"900\">\n<p data-start=\"829\" data-end=\"900\"><strong data-start=\"829\" data-end=\"844\">Todistus<\/strong>: <strong data-start=\"846\" data-end=\"859\">FSC\u00ae 100%<\/strong> - kest\u00e4v\u00e4sti hoidetut mets\u00e4t<\/p>\n<\/li>\n<\/ul>\n<p data-start=\"1173\" data-end=\"1224\"><img loading=\"lazy\" decoding=\"async\" class=\"alignnone wp-image-3290\" src=\"http:\/\/tammetorubbq.ee\/wp-content\/uploads\/2023\/12\/Grillep_Logo-300x200.png\" alt=\"FSC 100%\" width=\"150\" height=\"100\" srcset=\"https:\/\/tammetorubbq.ee\/wp-content\/uploads\/2023\/12\/Grillep_Logo-300x200.png 300w, https:\/\/tammetorubbq.ee\/wp-content\/uploads\/2023\/12\/Grillep_Logo-1024x681.png 1024w, https:\/\/tammetorubbq.ee\/wp-content\/uploads\/2023\/12\/Grillep_Logo-768x511.png 768w, https:\/\/tammetorubbq.ee\/wp-content\/uploads\/2023\/12\/Grillep_Logo-18x12.png 18w, https:\/\/tammetorubbq.ee\/wp-content\/uploads\/2023\/12\/Grillep_Logo-600x399.png 600w, https:\/\/tammetorubbq.ee\/wp-content\/uploads\/2023\/12\/Grillep_Logo-64x43.png 64w, https:\/\/tammetorubbq.ee\/wp-content\/uploads\/2023\/12\/Grillep_Logo.png 1203w\" sizes=\"auto, (max-width: 150px) 100vw, 150px\" \/><img loading=\"lazy\" decoding=\"async\" class=\"alignnone wp-image-3289\" src=\"http:\/\/tammetorubbq.ee\/wp-content\/uploads\/2023\/12\/FSC-100.svg\" alt=\"\" width=\"67\" height=\"97\" \/><\/p>","protected":false},"featured_media":3294,"comment_status":"open","ping_status":"closed","template":"","meta":{"_uf_show_specific_survey":0,"_uf_disable_surveys":false},"pwb-brand":[151],"product_brand":[],"product_cat":[54],"product_tag":[],"class_list":{"0":"post-3293","1":"product","2":"type-product","3":"status-publish","4":"has-post-thumbnail","6":"pwb-brand-grillep","7":"product_cat-puidupellet","9":"first","10":"outofstock","11":"taxable","12":"shipping-taxable","13":"purchasable","14":"product-type-simple"},"brands":[{"id":151,"name":"Kriketti","slug":"grilli-2"}],"_links":{"self":[{"href":"https:\/\/tammetorubbq.ee\/fi\/wp-json\/wp\/v2\/product\/3293","targetHints":{"allow":["GET"]}}],"collection":[{"href":"https:\/\/tammetorubbq.ee\/fi\/wp-json\/wp\/v2\/product"}],"about":[{"href":"https:\/\/tammetorubbq.ee\/fi\/wp-json\/wp\/v2\/types\/product"}],"replies":[{"embeddable":true,"href":"https:\/\/tammetorubbq.ee\/fi\/wp-json\/wp\/v2\/comments?post=3293"}],"wp:featuredmedia":[{"embeddable":true,"href":"https:\/\/tammetorubbq.ee\/fi\/wp-json\/wp\/v2\/media\/3294"}],"wp:attachment":[{"href":"https:\/\/tammetorubbq.ee\/fi\/wp-json\/wp\/v2\/media?parent=3293"}],"wp:term":[{"taxonomy":"pwb-brand","embeddable":true,"href":"https:\/\/tammetorubbq.ee\/fi\/wp-json\/wp\/v2\/pwb-brand?post=3293"},{"taxonomy":"product_brand","embeddable":true,"href":"https:\/\/tammetorubbq.ee\/fi\/wp-json\/wp\/v2\/product_brand?post=3293"},{"taxonomy":"product_cat","embeddable":true,"href":"https:\/\/tammetorubbq.ee\/fi\/wp-json\/wp\/v2\/product_cat?post=3293"},{"taxonomy":"product_tag","embeddable":true,"href":"https:\/\/tammetorubbq.ee\/fi\/wp-json\/wp\/v2\/product_tag?post=3293"}],"curies":[{"name":"wp","href":"https:\/\/api.w.org\/{rel}","templated":true}]}}