{"id":3309,"date":"2025-06-06T16:33:26","date_gmt":"2025-06-06T13:33:26","guid":{"rendered":"https:\/\/tammetorubbq.ee\/?post_type=product&#038;p=3309"},"modified":"2026-04-15T04:00:09","modified_gmt":"2026-04-15T01:00:09","slug":"kosmos-q-honey-chipotle-killer-bee-rub-357g","status":"publish","type":"product","link":"https:\/\/tammetorubbq.ee\/fi\/product-2\/kosmos-q-honey-chipotle-killer-bee-rub-357g\/","title":{"rendered":"Kosmo`s Q Honey Chipotle Killer Bee Rub 357g Kosmo`s Q Honey Chipotle Killer Bee Rub 357g"},"content":{"rendered":"<p>Ainesosat: sokeri, suola, hunajajauhe (puhdistettu siirappi, hunaja), mausteet, mukaan lukien paprika, chipotle, dekstroosi, kuivattu valkosipuli, selleri, enint\u00e4\u00e4n 2% piidioksidia paakkuuntumisen est\u00e4miseksi ja paprikauute.<\/p>\n<p>Gluteeniton | Asiantuntijoiden testaama BBQ-ruokavalio<\/p>","protected":false},"excerpt":{"rendered":"<p><strong>Makeaa, savuista ja mausteista juuri oikeassa tasapainossa.<\/strong><\/p>\n<p>Tutustu Kosmon Q Honey \ud83c\udf6f Honey Chipotle Killer \ud83d\udc1dBee Rubiin - ensiluokkaiseen BBQ-mausteseokseen, jossa yhdistyv\u00e4t luonnollisen hunajan makeus ja savuisen chipotle-pippurin mausteisuus. T\u00e4m\u00e4 maailmanluokan rub sopii erinomaisesti sianlihalle, kanalle, naudanlihalle, ribseille ja jopa vihanneksille. Killer Bee Rub on gluteeniton ja suunniteltu kilpailutason tuloksiin.<\/p>\n<p>\ud83d\udca3 T\u00e4ydellinen ribsien, sianlihan, naudanlihan, kanan ja jopa vihannesten maustamiseen.<br data-start=\"555\" data-end=\"558\" \/>\ud83d\udc1d Hunaja + chipotle = makupommi, joka tekee mist\u00e4 tahansa grillauksesta el\u00e4myksen!<br data-start=\"623\" data-end=\"626\" \/>\ud83c\udfc6 Yksi amerikkalaisten BBQ-kilpailujen suosikeista - nyt saatavilla Virossa!<\/p>\n<p>Kosmo`s Q \ud83c\udf6f Honey Chipotle Killer \ud83d\udc1d Bee on t\u00e4ydellinen BBQ-mauste niille, jotka rakastavat tasapainoa makeuden ja savuisen tulisuuden v\u00e4lill\u00e4. Hunaja tuo esiin t\u00e4ytel\u00e4isen karamellimekan, kun taas chipotle lis\u00e4\u00e4 t\u00e4ydellisen savuisen mausteen her\u00e4tt\u00e4m\u00e4\u00e4n kaikki aistit.<\/p>\n<p><em>\"Killer Bee on kuin makea suudelma, jota seuraa mausteinen nipistys!\"<\/em><\/p>\n<p><strong data-start=\"0\" data-end=\"12\" data-is-only-node=\"\">\ud83d\udca1 Pro-vinkki:<\/strong> Levit\u00e4 Killer Bee rubia lihaan 30-60 minuuttia ennen grillausta tai savustusta, jotta maku imeytyy kunnolla. Viel\u00e4 voimakkaamman lopputuloksen saat, kun annat maustetun lihan seist\u00e4 j\u00e4\u00e4kaapissa y\u00f6n yli. Ja jos haluat aivan uuden tason makua - yhdist\u00e4 se Kosmo`s Q BBQ -kastikkeeseen.<\/p>\n<p><img loading=\"lazy\" decoding=\"async\" class=\"wp-image-1698\" src=\"http:\/\/tammetorubbq.ee\/wp-content\/uploads\/2024\/05\/Kosmos-Q-logo.avif\" alt=\"Kosmon Q\" width=\"120\" height=\"90\" srcset=\"https:\/\/tammetorubbq.ee\/wp-content\/uploads\/2024\/05\/Kosmos-Q-logo.avif 258w, https:\/\/tammetorubbq.ee\/wp-content\/uploads\/2024\/05\/Kosmos-Q-logo-16x12.avif 16w, https:\/\/tammetorubbq.ee\/wp-content\/uploads\/2024\/05\/Kosmos-Q-logo-64x48.avif 64w\" sizes=\"auto, (max-width: 120px) 100vw, 120px\" \/><\/p>","protected":false},"featured_media":3310,"comment_status":"open","ping_status":"closed","template":"","meta":{"_uf_show_specific_survey":0,"_uf_disable_surveys":false},"pwb-brand":[81],"product_brand":[],"product_cat":[21],"product_tag":[118,159,121,166,114,122],"class_list":{"0":"post-3309","1":"product","2":"type-product","3":"status-publish","4":"has-post-thumbnail","6":"pwb-brand-kosmos-q","7":"product_cat-maitseainesegud","8":"product_tag-kanaliha","9":"product_tag-kanatiivad","10":"product_tag-koogiviljad","11":"product_tag-rebitudliha","12":"product_tag-sealiha","13":"product_tag-searibi","15":"first","16":"outofstock","17":"taxable","18":"shipping-taxable","19":"purchasable","20":"product-type-simple"},"brands":[{"id":81,"name":"Kosmon Q","slug":"kosmos-q"}],"_links":{"self":[{"href":"https:\/\/tammetorubbq.ee\/fi\/wp-json\/wp\/v2\/product\/3309","targetHints":{"allow":["GET"]}}],"collection":[{"href":"https:\/\/tammetorubbq.ee\/fi\/wp-json\/wp\/v2\/product"}],"about":[{"href":"https:\/\/tammetorubbq.ee\/fi\/wp-json\/wp\/v2\/types\/product"}],"replies":[{"embeddable":true,"href":"https:\/\/tammetorubbq.ee\/fi\/wp-json\/wp\/v2\/comments?post=3309"}],"wp:featuredmedia":[{"embeddable":true,"href":"https:\/\/tammetorubbq.ee\/fi\/wp-json\/wp\/v2\/media\/3310"}],"wp:attachment":[{"href":"https:\/\/tammetorubbq.ee\/fi\/wp-json\/wp\/v2\/media?parent=3309"}],"wp:term":[{"taxonomy":"pwb-brand","embeddable":true,"href":"https:\/\/tammetorubbq.ee\/fi\/wp-json\/wp\/v2\/pwb-brand?post=3309"},{"taxonomy":"product_brand","embeddable":true,"href":"https:\/\/tammetorubbq.ee\/fi\/wp-json\/wp\/v2\/product_brand?post=3309"},{"taxonomy":"product_cat","embeddable":true,"href":"https:\/\/tammetorubbq.ee\/fi\/wp-json\/wp\/v2\/product_cat?post=3309"},{"taxonomy":"product_tag","embeddable":true,"href":"https:\/\/tammetorubbq.ee\/fi\/wp-json\/wp\/v2\/product_tag?post=3309"}],"curies":[{"name":"wp","href":"https:\/\/api.w.org\/{rel}","templated":true}]}}