{"id":3370,"date":"2025-06-17T11:15:15","date_gmt":"2025-06-17T08:15:15","guid":{"rendered":"https:\/\/tammetorubbq.ee\/?post_type=product&#038;p=3370"},"modified":"2026-04-15T01:00:02","modified_gmt":"2026-04-14T22:00:02","slug":"suncity-bbq-ranskanperunoiden-grillirubi-280g","status":"publish","type":"product","link":"https:\/\/tammetorubbq.ee\/fi\/product-2\/suncity-bbq-ranskanperunoiden-grillirubi-280g\/","title":{"rendered":"SunCity BBQ French Fry Grill Rub 280g"},"content":{"rendered":"<p><strong data-start=\"305\" data-end=\"321\">Ainesosat:<\/strong> ruokasuola, jauhettu paprika, ruskea sokeri, valkosipulirakeet, rosmariini, jauhettu mustapippuri.<\/p>\n<p>&nbsp;<\/p>\n<p><strong data-start=\"56\" data-end=\"100\">Keskim\u00e4\u00e4r\u00e4inen ravintoarvo 100 grammaa kohti:<\/strong><\/p>\n<p>Energia: 473 kJ \/ 113 kcal<br data-start=\"128\" data-end=\"131\" \/>Rasvat: 2,4 g, joista tyydyttyneit\u00e4 rasvahappoja: 0,6 g.<br data-start=\"203\" data-end=\"206\" \/>Hiilihydraatteja: 14,0 g, sis. sokerit: 11,5 g<br data-start=\"270\" data-end=\"273\" \/>Proteiinia: 4,2 g<br data-start=\"286\" data-end=\"289\" \/>Suola: 60,0 g<\/p>\n<p>&nbsp;<\/p>","protected":false},"excerpt":{"rendered":"<p data-start=\"114\" data-end=\"329\">Tee ranskalaisista perunoista todellinen makuel\u00e4mys! <strong data-start=\"164\" data-end=\"200\">SunCity BBQ French Fry Grillirubi<\/strong> on suunniteltu erityisesti nostamaan tavalliset perunat uudelle tasolle - kypsennettiinp\u00e4 niit\u00e4 sitten uunissa, pannulla tai grilliss\u00e4.<\/p>\n<p data-start=\"331\" data-end=\"580\">T\u00e4ss\u00e4 herkullisessa sekoituksessa yhdistyv\u00e4t <strong data-start=\"362\" data-end=\"400\">valkosipuli, mustapippuri ja timjami<\/strong>, mik\u00e4 luo t\u00e4ydellisen tasapainon mausteisuuden ja maanl\u00e4heisyyden v\u00e4lille. Erinomainen paitsi ranskalaisille perunoille, mutta my\u00f6s <strong data-start=\"505\" data-end=\"561\">h\u00f6yrytettyj\u00e4 perunoita, kanaa, suolaisia piirakoita ja piiraita<\/strong> maustamiseen.<\/p>\n<p data-start=\"331\" data-end=\"580\">\ud83d\udca1 <strong data-start=\"595\" data-end=\"607\">Ammattilaisten vinkki: <\/strong>Sekoita joukkoon hieman \u00f6ljy\u00e4, niin saat yksinkertaisen ja maukkaan marinadin lihalle tai vihanneksille.<\/p>\n<p><img loading=\"lazy\" decoding=\"async\" class=\"wp-image-2024\" src=\"http:\/\/tammetorubbq.ee\/wp-content\/uploads\/2024\/11\/SunCity-BBQ-logo-1-300x251.png\" alt=\"SunCity BBQ:n logo\" width=\"118\" height=\"99\" srcset=\"https:\/\/tammetorubbq.ee\/wp-content\/uploads\/2024\/11\/SunCity-BBQ-logo-1-300x251.png 300w, https:\/\/tammetorubbq.ee\/wp-content\/uploads\/2024\/11\/SunCity-BBQ-logo-1-768x644.png 768w, https:\/\/tammetorubbq.ee\/wp-content\/uploads\/2024\/11\/SunCity-BBQ-logo-1-14x12.png 14w, https:\/\/tammetorubbq.ee\/wp-content\/uploads\/2024\/11\/SunCity-BBQ-logo-1-600x503.png 600w, https:\/\/tammetorubbq.ee\/wp-content\/uploads\/2024\/11\/SunCity-BBQ-logo-1-64x54.png 64w, https:\/\/tammetorubbq.ee\/wp-content\/uploads\/2024\/11\/SunCity-BBQ-logo-1.png 940w\" sizes=\"auto, (max-width: 118px) 100vw, 118px\" \/><\/p>","protected":false},"featured_media":3372,"comment_status":"open","ping_status":"closed","template":"","meta":{"_uf_show_specific_survey":0,"_uf_disable_surveys":false},"pwb-brand":[180],"product_brand":[],"product_cat":[21],"product_tag":[179,118,121],"class_list":{"0":"post-3370","1":"product","2":"type-product","3":"status-publish","4":"has-post-thumbnail","6":"pwb-brand-suncity-bbq","7":"product_cat-maitseainesegud","8":"product_tag-friikartul","9":"product_tag-kanaliha","10":"product_tag-koogiviljad","12":"first","13":"instock","14":"taxable","15":"shipping-taxable","16":"purchasable","17":"product-type-simple"},"brands":[{"id":180,"name":"SunCity BBQ","slug":"suncity-bbq"}],"_links":{"self":[{"href":"https:\/\/tammetorubbq.ee\/fi\/wp-json\/wp\/v2\/product\/3370","targetHints":{"allow":["GET"]}}],"collection":[{"href":"https:\/\/tammetorubbq.ee\/fi\/wp-json\/wp\/v2\/product"}],"about":[{"href":"https:\/\/tammetorubbq.ee\/fi\/wp-json\/wp\/v2\/types\/product"}],"replies":[{"embeddable":true,"href":"https:\/\/tammetorubbq.ee\/fi\/wp-json\/wp\/v2\/comments?post=3370"}],"wp:featuredmedia":[{"embeddable":true,"href":"https:\/\/tammetorubbq.ee\/fi\/wp-json\/wp\/v2\/media\/3372"}],"wp:attachment":[{"href":"https:\/\/tammetorubbq.ee\/fi\/wp-json\/wp\/v2\/media?parent=3370"}],"wp:term":[{"taxonomy":"pwb-brand","embeddable":true,"href":"https:\/\/tammetorubbq.ee\/fi\/wp-json\/wp\/v2\/pwb-brand?post=3370"},{"taxonomy":"product_brand","embeddable":true,"href":"https:\/\/tammetorubbq.ee\/fi\/wp-json\/wp\/v2\/product_brand?post=3370"},{"taxonomy":"product_cat","embeddable":true,"href":"https:\/\/tammetorubbq.ee\/fi\/wp-json\/wp\/v2\/product_cat?post=3370"},{"taxonomy":"product_tag","embeddable":true,"href":"https:\/\/tammetorubbq.ee\/fi\/wp-json\/wp\/v2\/product_tag?post=3370"}],"curies":[{"name":"wp","href":"https:\/\/api.w.org\/{rel}","templated":true}]}}