{"id":3399,"date":"2025-06-26T15:45:33","date_gmt":"2025-06-26T12:45:33","guid":{"rendered":"https:\/\/tammetorubbq.ee\/?post_type=product&#038;p=3399"},"modified":"2026-04-15T03:00:21","modified_gmt":"2026-04-15T00:00:21","slug":"angus-oink-ranch-rub-170g","status":"publish","type":"product","link":"https:\/\/tammetorubbq.ee\/fi\/product-2\/angus-oink-ranch-rub-170g\/","title":{"rendered":"Angus &amp; Oink Ranch Rub 170g"},"content":{"rendered":"<p><strong>Ainesosat:<\/strong> v<span class=\"Y2IQFc\" lang=\"et\">\u00f6ljyjauhe, sokeri, sellerisuola, sipuli, mustapippuri, tilli, valkosipuli, persilja, ruohosipuli, sitruuna, sitruunahappo, natriumglutamaatti, dinatriuminosinaatti.<\/span><\/p>","protected":false},"excerpt":{"rendered":"<p><strong>Kermainen ja maukas BBQ-mauste.<\/strong><\/p>\n<p data-start=\"143\" data-end=\"397\"><strong data-start=\"143\" data-end=\"169\">Angus &amp; Oink Ranch Rub<\/strong> on saanut inspiraationsa klassisesta amerikkalaisesta \"ranch\"-mausta - kermainen, yrttinen ja hieman mausteinen. T\u00e4m\u00e4 ainutlaatuinen kuivamauste sopii erinomaisesti kanan, sianlihan, perunoiden, vihannesten ja jopa popcornin maustamiseen.<\/p>\n<p data-start=\"399\" data-end=\"657\">Grillausasiantuntijoiden luoma rub yhdist\u00e4\u00e4 yrttej\u00e4, valkosipulia, sipulia ja hienovaraista maustesynergiaa, joka tuo esiin ruoan luonnolliset maut ja antaa ruoalle t\u00e4ytel\u00e4isen ja t\u00e4ytel\u00e4isen luonteen. T\u00e4ydellinen my\u00f6s dippeihin ja kastikkeisiin sekoitettavaksi!<\/p>\n<p data-start=\"399\" data-end=\"657\">\ud83d\udca1\u00a0<strong data-start=\"595\" data-end=\"607\">Ammattilaisten vinkki: <\/strong>Lorauta runsaasti lihan tai vihannesten p\u00e4\u00e4lle ennen kypsennyst\u00e4. Sekoita halutessasi kermaviiliin tai majoneesiin, jolloin saat herkullisen dippikastikkeen - sopii hyvin sipsien tai grillattujen ruokien kanssa.<\/p>\n<p data-start=\"399\" data-end=\"657\"><img loading=\"lazy\" decoding=\"async\" class=\"alignnone wp-image-279\" src=\"http:\/\/tammetorubbq.ee\/wp-content\/uploads\/2023\/11\/Angus-Oink.png\" alt=\"\" width=\"138\" height=\"138\" srcset=\"https:\/\/tammetorubbq.ee\/wp-content\/uploads\/2023\/11\/Angus-Oink.png 225w, https:\/\/tammetorubbq.ee\/wp-content\/uploads\/2023\/11\/Angus-Oink-150x150.png 150w, https:\/\/tammetorubbq.ee\/wp-content\/uploads\/2023\/11\/Angus-Oink-12x12.png 12w, https:\/\/tammetorubbq.ee\/wp-content\/uploads\/2023\/11\/Angus-Oink-64x64.png 64w\" sizes=\"auto, (max-width: 138px) 100vw, 138px\" \/><\/p>","protected":false},"featured_media":3400,"comment_status":"open","ping_status":"closed","template":"","meta":{"_uf_show_specific_survey":0,"_uf_disable_surveys":false},"pwb-brand":[105],"product_brand":[],"product_cat":[21],"product_tag":[118,159,121],"class_list":{"0":"post-3399","1":"product","2":"type-product","3":"status-publish","4":"has-post-thumbnail","6":"pwb-brand-angus-oink","7":"product_cat-maitseainesegud","8":"product_tag-kanaliha","9":"product_tag-kanatiivad","10":"product_tag-koogiviljad","12":"first","13":"instock","14":"taxable","15":"shipping-taxable","16":"purchasable","17":"product-type-simple"},"brands":[{"id":105,"name":"Angus &amp; Oink","slug":"angus-oink"}],"_links":{"self":[{"href":"https:\/\/tammetorubbq.ee\/fi\/wp-json\/wp\/v2\/product\/3399","targetHints":{"allow":["GET"]}}],"collection":[{"href":"https:\/\/tammetorubbq.ee\/fi\/wp-json\/wp\/v2\/product"}],"about":[{"href":"https:\/\/tammetorubbq.ee\/fi\/wp-json\/wp\/v2\/types\/product"}],"replies":[{"embeddable":true,"href":"https:\/\/tammetorubbq.ee\/fi\/wp-json\/wp\/v2\/comments?post=3399"}],"wp:featuredmedia":[{"embeddable":true,"href":"https:\/\/tammetorubbq.ee\/fi\/wp-json\/wp\/v2\/media\/3400"}],"wp:attachment":[{"href":"https:\/\/tammetorubbq.ee\/fi\/wp-json\/wp\/v2\/media?parent=3399"}],"wp:term":[{"taxonomy":"pwb-brand","embeddable":true,"href":"https:\/\/tammetorubbq.ee\/fi\/wp-json\/wp\/v2\/pwb-brand?post=3399"},{"taxonomy":"product_brand","embeddable":true,"href":"https:\/\/tammetorubbq.ee\/fi\/wp-json\/wp\/v2\/product_brand?post=3399"},{"taxonomy":"product_cat","embeddable":true,"href":"https:\/\/tammetorubbq.ee\/fi\/wp-json\/wp\/v2\/product_cat?post=3399"},{"taxonomy":"product_tag","embeddable":true,"href":"https:\/\/tammetorubbq.ee\/fi\/wp-json\/wp\/v2\/product_tag?post=3399"}],"curies":[{"name":"wp","href":"https:\/\/api.w.org\/{rel}","templated":true}]}}