{"id":3401,"date":"2025-06-26T15:55:37","date_gmt":"2025-06-26T12:55:37","guid":{"rendered":"https:\/\/tammetorubbq.ee\/?post_type=product&#038;p=3401"},"modified":"2026-04-14T22:00:21","modified_gmt":"2026-04-14T19:00:21","slug":"angus-oink-cure-me-old-italian-style-bacon-cure-300g","status":"publish","type":"product","link":"https:\/\/tammetorubbq.ee\/fi\/product-2\/angus-oink-cure-me-old-italian-style-bacon-cure-300g\/","title":{"rendered":"Angus &amp; Oink (Cure Me) Vanha italialaistyylinen pekonikuuri 300g"},"content":{"rendered":"<p data-start=\"1010\" data-end=\"1169\"><strong data-start=\"1010\" data-end=\"1026\">Ainesosat: <\/strong>merisuola, ruskea sokeri, valkosipuli, mustapippuri, laakerinlehti, rosmariini, punainen paprika, salvia, timjami, natriumnitriitti (E250) - s\u00e4il\u00f6nt\u00e4\u00e4 varten.<\/p>\n<p data-start=\"1171\" data-end=\"1223\"><strong data-start=\"1171\" data-end=\"1187\">Allergeenit:<\/strong> Ei sis\u00e4ll\u00e4 tunnettuja allergeeneja.<\/p>","protected":false},"excerpt":{"rendered":"<p data-start=\"165\" data-end=\"464\"><strong>Italialaistyyppinen hautajaissekoitus savustettua lihaa varten.\u00a0<\/strong><\/p>\n<p data-start=\"165\" data-end=\"464\">Valmista kotona aito <strong data-start=\"186\" data-end=\"212\">Italialaistyyppinen pekoni\/savuliha<\/strong> Angus &amp; Oink'i <strong data-start=\"228\" data-end=\"270\">\"Cure Me\" Vanha italialaistyylinen pekonikuuri Cure<\/strong> ohi! T\u00e4m\u00e4 perinteist\u00e4 inspiroitunut mausteseos on luotu rakkaudella k\u00e4ytt\u00e4en vanhan koulukunnan maustustekniikoita, ja se sopii erinomaisesti sianlihan vatsan, niskan tai kylkiluiden kuivaamiseen ja maustamiseen.<\/p>\n<p data-start=\"466\" data-end=\"701\">Seos sis\u00e4lt\u00e4\u00e4 yrttej\u00e4, mausteita ja aromaattisia ainesosia, jotka antavat lihalle syv\u00e4n, t\u00e4ytel\u00e4isen maun ja kauniin rakenteen.<\/p>\n<p data-start=\"466\" data-end=\"701\">Tuloksena on aitoa k\u00e4sity\u00f6l\u00e4ispekonia, jota voit k\u00e4ytt\u00e4\u00e4 aamiaisella, pastoissa, salaateissa tai yksinkertaisesti v\u00e4lipalana.<\/p>\n<p data-start=\"466\" data-end=\"701\">\ud83d\udca1\u00a0<strong data-start=\"595\" data-end=\"607\">Ammattilaisten vinkki: <\/strong>Kuivaamisen ja huuhtelun j\u00e4lkeen pekoni sivell\u00e4\u00e4n ohuella kerroksella pekonia, joka on voideltu <strong data-start=\"1215\" data-end=\"1232\">vaahterasiirappi<\/strong> tai <strong data-start=\"1237\" data-end=\"1263\">hunaja-sinappikuorrutteella<\/strong>, savustetaan sitten alhaisessa 90-100 \u00b0C:n l\u00e4mp\u00f6tilassa, kunnes ydinl\u00e4mp\u00f6tila on 65 \u00b0C - tuloksena on. <strong data-start=\"1368\" data-end=\"1424\">t\u00e4ydellisen tasapainoinen makea-suolainen savupekoni<\/strong>!<\/p>\n<p data-start=\"466\" data-end=\"701\"><img loading=\"lazy\" decoding=\"async\" class=\"alignnone wp-image-279\" src=\"http:\/\/tammetorubbq.ee\/wp-content\/uploads\/2023\/11\/Angus-Oink.png\" alt=\"\" width=\"118\" height=\"118\" srcset=\"https:\/\/tammetorubbq.ee\/wp-content\/uploads\/2023\/11\/Angus-Oink.png 225w, https:\/\/tammetorubbq.ee\/wp-content\/uploads\/2023\/11\/Angus-Oink-150x150.png 150w, https:\/\/tammetorubbq.ee\/wp-content\/uploads\/2023\/11\/Angus-Oink-12x12.png 12w, https:\/\/tammetorubbq.ee\/wp-content\/uploads\/2023\/11\/Angus-Oink-64x64.png 64w\" sizes=\"auto, (max-width: 118px) 100vw, 118px\" \/><\/p>","protected":false},"featured_media":3402,"comment_status":"open","ping_status":"closed","template":"","meta":{"_uf_show_specific_survey":0,"_uf_disable_surveys":false},"pwb-brand":[105],"product_brand":[],"product_cat":[21],"product_tag":[175,122],"class_list":{"0":"post-3401","1":"product","2":"type-product","3":"status-publish","4":"has-post-thumbnail","6":"pwb-brand-angus-oink","7":"product_cat-maitseainesegud","8":"product_tag-sealih","9":"product_tag-searibi","11":"first","12":"instock","13":"taxable","14":"shipping-taxable","15":"purchasable","16":"product-type-simple"},"brands":[{"id":105,"name":"Angus &amp; Oink","slug":"angus-oink"}],"_links":{"self":[{"href":"https:\/\/tammetorubbq.ee\/fi\/wp-json\/wp\/v2\/product\/3401","targetHints":{"allow":["GET"]}}],"collection":[{"href":"https:\/\/tammetorubbq.ee\/fi\/wp-json\/wp\/v2\/product"}],"about":[{"href":"https:\/\/tammetorubbq.ee\/fi\/wp-json\/wp\/v2\/types\/product"}],"replies":[{"embeddable":true,"href":"https:\/\/tammetorubbq.ee\/fi\/wp-json\/wp\/v2\/comments?post=3401"}],"wp:featuredmedia":[{"embeddable":true,"href":"https:\/\/tammetorubbq.ee\/fi\/wp-json\/wp\/v2\/media\/3402"}],"wp:attachment":[{"href":"https:\/\/tammetorubbq.ee\/fi\/wp-json\/wp\/v2\/media?parent=3401"}],"wp:term":[{"taxonomy":"pwb-brand","embeddable":true,"href":"https:\/\/tammetorubbq.ee\/fi\/wp-json\/wp\/v2\/pwb-brand?post=3401"},{"taxonomy":"product_brand","embeddable":true,"href":"https:\/\/tammetorubbq.ee\/fi\/wp-json\/wp\/v2\/product_brand?post=3401"},{"taxonomy":"product_cat","embeddable":true,"href":"https:\/\/tammetorubbq.ee\/fi\/wp-json\/wp\/v2\/product_cat?post=3401"},{"taxonomy":"product_tag","embeddable":true,"href":"https:\/\/tammetorubbq.ee\/fi\/wp-json\/wp\/v2\/product_tag?post=3401"}],"curies":[{"name":"wp","href":"https:\/\/api.w.org\/{rel}","templated":true}]}}