{"id":3403,"date":"2025-06-26T16:04:22","date_gmt":"2025-06-26T13:04:22","guid":{"rendered":"https:\/\/tammetorubbq.ee\/?post_type=product&#038;p=3403"},"modified":"2026-04-14T22:00:30","modified_gmt":"2026-04-14T19:00:30","slug":"jds-savustettu-kuuma-hunaja-chipotle-infused-350g","status":"publish","type":"product","link":"https:\/\/tammetorubbq.ee\/fi\/product-2\/jds-savustettu-kuuma-hunaja-chipotle-infused-350g\/","title":{"rendered":"JD`s Savustettu HOT Hunaja Chipotle Infused 350g"},"content":{"rendered":"<p><strong>Ainesosat<\/strong>: Hunaja (chipotle chilisoseos (sis\u00e4lt\u00e4\u00e4 vett\u00e4, punaista jalapeno chili\u00e4, chipotle chili\u00e4, suolaa, etikkahappoa), balsamietikkaa, savuaromia, luontaisia aromiaineita, mausteuutteita (paprika, kumina).<\/p>\n<p><strong>Ravintosis\u00e4lt\u00f6 100 g:aa kohti<\/strong>:<\/p>\n<p>energia: 1210 kJ\/288 kcal<\/p>\n<p>rasvoja 0,1 g, joista tyydyttyneit\u00e4 rasvahappoja 0 g.<\/p>\n<p>hiilihydraatteja 77,5 g, josta sokereita 77 g.<\/p>\n<p>proteiinia 0,3 g; suolaa 0 g.<\/p>","protected":false},"excerpt":{"rendered":"<p data-start=\"145\" data-end=\"503\"><strong data-start=\"145\" data-end=\"170\">JD's Smoked HOT Honey<\/strong> ovat k\u00e4sintehtyj\u00e4 <strong data-start=\"196\" data-end=\"227\">tulinen ja savuinen hunajasekoitus<\/strong>, jossa yhdistyv\u00e4t luonnonhunajan makeus, savustetun chipotle-chilin mausteisuus ja mukava tulisuus. Tuloksena on koukuttava kuorrutus, kastike tai kuorrute, joka sopii t\u00e4ydellisesti grillatuille ruokalajeille, pizzalle, kanalle, juustolle, vihanneksille - tai jopa aamupannukakkuihin!<\/p>\n<p data-start=\"505\" data-end=\"605\">Tuote on <strong data-start=\"514\" data-end=\"528\">luonnollinen<\/strong>, <strong data-start=\"530\" data-end=\"546\">gluteeniton<\/strong> ja <strong data-start=\"550\" data-end=\"566\">t\u00e4ynn\u00e4 makua<\/strong>joka vie jokaisen ruokalajin seuraavalle tasolle.<\/p>\n<p data-start=\"505\" data-end=\"605\">\ud83d\udca1\u00a0<strong data-start=\"595\" data-end=\"607\">Ammattilaisten vinkki: <\/strong>Sekoita 2 osaa JD's HOT Honeya, 1 osa limen mehua ja ripaus suolaa - saat. <strong data-start=\"1434\" data-end=\"1499\">t\u00e4ydellinen kastike grillatuille katkaravuille tai mausteiselle kanalle.<\/strong>!<\/p>\n<p data-start=\"505\" data-end=\"605\"><img loading=\"lazy\" decoding=\"async\" class=\"alignnone wp-image-3002\" src=\"http:\/\/tammetorubbq.ee\/wp-content\/uploads\/2025\/04\/JDs-logo.avif\" alt=\"\" width=\"105\" height=\"92\" srcset=\"https:\/\/tammetorubbq.ee\/wp-content\/uploads\/2025\/04\/JDs-logo.avif 120w, https:\/\/tammetorubbq.ee\/wp-content\/uploads\/2025\/04\/JDs-logo-14x12.avif 14w, https:\/\/tammetorubbq.ee\/wp-content\/uploads\/2025\/04\/JDs-logo-64x56.avif 64w\" sizes=\"auto, (max-width: 105px) 100vw, 105px\" \/><\/p>","protected":false},"featured_media":3404,"comment_status":"open","ping_status":"closed","template":"","meta":{"_uf_show_specific_survey":0,"_uf_disable_surveys":false},"pwb-brand":[160],"product_brand":[],"product_cat":[22],"product_tag":[163,118,159,121,120],"class_list":{"0":"post-3403","1":"product","2":"type-product","3":"status-publish","4":"has-post-thumbnail","6":"pwb-brand-jds","7":"product_cat-kastmed-ja-marinaadid","8":"product_tag-kala","9":"product_tag-kanaliha","10":"product_tag-kanatiivad","11":"product_tag-koogiviljad","12":"product_tag-mereannid","14":"first","15":"outofstock","16":"taxable","17":"shipping-taxable","18":"purchasable","19":"product-type-simple"},"brands":[{"id":160,"name":"JD`s","slug":"jds"}],"_links":{"self":[{"href":"https:\/\/tammetorubbq.ee\/fi\/wp-json\/wp\/v2\/product\/3403","targetHints":{"allow":["GET"]}}],"collection":[{"href":"https:\/\/tammetorubbq.ee\/fi\/wp-json\/wp\/v2\/product"}],"about":[{"href":"https:\/\/tammetorubbq.ee\/fi\/wp-json\/wp\/v2\/types\/product"}],"replies":[{"embeddable":true,"href":"https:\/\/tammetorubbq.ee\/fi\/wp-json\/wp\/v2\/comments?post=3403"}],"wp:featuredmedia":[{"embeddable":true,"href":"https:\/\/tammetorubbq.ee\/fi\/wp-json\/wp\/v2\/media\/3404"}],"wp:attachment":[{"href":"https:\/\/tammetorubbq.ee\/fi\/wp-json\/wp\/v2\/media?parent=3403"}],"wp:term":[{"taxonomy":"pwb-brand","embeddable":true,"href":"https:\/\/tammetorubbq.ee\/fi\/wp-json\/wp\/v2\/pwb-brand?post=3403"},{"taxonomy":"product_brand","embeddable":true,"href":"https:\/\/tammetorubbq.ee\/fi\/wp-json\/wp\/v2\/product_brand?post=3403"},{"taxonomy":"product_cat","embeddable":true,"href":"https:\/\/tammetorubbq.ee\/fi\/wp-json\/wp\/v2\/product_cat?post=3403"},{"taxonomy":"product_tag","embeddable":true,"href":"https:\/\/tammetorubbq.ee\/fi\/wp-json\/wp\/v2\/product_tag?post=3403"}],"curies":[{"name":"wp","href":"https:\/\/api.w.org\/{rel}","templated":true}]}}