{"id":3405,"date":"2025-06-26T16:32:24","date_gmt":"2025-06-26T13:32:24","guid":{"rendered":"https:\/\/tammetorubbq.ee\/?post_type=product&#038;p=3405"},"modified":"2026-04-14T18:00:54","modified_gmt":"2026-04-14T15:00:54","slug":"heath-riles-hunaja-chipotle-rub-340g","status":"publish","type":"product","link":"https:\/\/tammetorubbq.ee\/fi\/product-2\/heath-riles-hunaja-chipotle-rub-340g\/","title":{"rendered":"Heath Riles Honey Chipotle Rub 340g"},"content":{"rendered":"<p><strong data-start=\"29\" data-end=\"45\">Ainesosat: <\/strong>sokeri, suola, dehydratoitu hunaja, paprika, mausteet, dehydratoitu valkosipuli, luontainen aromi (chipotlejauhe), puhdistettu soija\u00f6ljy ja alle 2% piidioksidia (paakkuuntumisen est\u00e4miseksi).<\/p>","protected":false},"excerpt":{"rendered":"<p data-start=\"150\" data-end=\"391\">Heath Riles on mies, joka on voittanut lukemattomia titteleit\u00e4 maailmanmestaruusluokassa.<\/p>\n<p data-start=\"150\" data-end=\"391\">Heath Riles BBQ Honey Chipotle on palkittu rub, joka tarjoaa t\u00e4ydellisen yhdistelm\u00e4n makeutta, savuista makua ja kaunista v\u00e4ri\u00e4, mik\u00e4 tekee siit\u00e4 parhaan mausteisen hunajarubin. Hunajan maku ja kultainen v\u00e4ri yhdistettyn\u00e4 laadukkaaseen jauhettuun chipotle-chiliin tuovat herkullisen s\u00e4v\u00e4yksen - t\u00e4st\u00e4 sekoituksesta on tullut BBQ-joukkueiden ja kotigrillimestareiden vakio!<\/p>\n<p data-start=\"393\" data-end=\"594\">Sopii erinomaisesti sianlihan, kanan, naudanlihan, kalan, vihannesten ja jopa popcornin kanssa.<\/p>\n<p>T\u00e4m\u00e4n tuotteen pit\u00e4isi olla vakavan grillauksen harrastajan valikoimissa.<\/p>\n<p>\ud83d\udca1\u00a0<strong data-start=\"595\" data-end=\"607\">Ammattilaisten vinkki: <\/strong>Yhdist\u00e4 <strong data-start=\"98\" data-end=\"132\">Heath Riles Honey Chipotle Rub<\/strong> Osoitteessa <strong data-start=\"138\" data-end=\"175\">Heath Riles BBQ Sweet BBQ-kastike <\/strong>- hiero lihan p\u00e4\u00e4lle ja sivele kastikkeella kypsennyksen lopussa. N\u00e4in syntyy <strong data-start=\"249\" data-end=\"293\">t\u00e4ydellinen kerros karamellisoitua kuorrutetta.<\/strong>, joka saa mink\u00e4 tahansa grillilihan loistamaan maultaan ja ulkon\u00e4\u00f6lt\u00e4\u00e4n!<\/p>\n<p><img loading=\"lazy\" decoding=\"async\" class=\"alignnone  wp-image-5481\" src=\"https:\/\/tammetorubbq.ee\/wp-content\/uploads\/2024\/02\/Heath-Riles-Logo-SQ-300x300.png\" alt=\"\" width=\"166\" height=\"166\" srcset=\"https:\/\/tammetorubbq.ee\/wp-content\/uploads\/2024\/02\/Heath-Riles-Logo-SQ-300x300.png 300w, https:\/\/tammetorubbq.ee\/wp-content\/uploads\/2024\/02\/Heath-Riles-Logo-SQ-150x150.png 150w, https:\/\/tammetorubbq.ee\/wp-content\/uploads\/2024\/02\/Heath-Riles-Logo-SQ-768x768.png 768w, https:\/\/tammetorubbq.ee\/wp-content\/uploads\/2024\/02\/Heath-Riles-Logo-SQ-12x12.png 12w, https:\/\/tammetorubbq.ee\/wp-content\/uploads\/2024\/02\/Heath-Riles-Logo-SQ-600x600.png 600w, https:\/\/tammetorubbq.ee\/wp-content\/uploads\/2024\/02\/Heath-Riles-Logo-SQ-64x64.png 64w, https:\/\/tammetorubbq.ee\/wp-content\/uploads\/2024\/02\/Heath-Riles-Logo-SQ.png 1000w\" sizes=\"auto, (max-width: 166px) 100vw, 166px\" \/><\/p>","protected":false},"featured_media":3410,"comment_status":"open","ping_status":"closed","template":"","meta":{"_uf_show_specific_survey":0,"_uf_disable_surveys":false},"pwb-brand":[84],"product_brand":[],"product_cat":[21],"product_tag":[347,118,159,121,120,114,122],"class_list":{"0":"post-3405","1":"product","2":"type-product","3":"status-publish","4":"has-post-thumbnail","6":"pwb-brand-heath-riles","7":"product_cat-maitseainesegud","8":"product_tag-heath-riles","9":"product_tag-kanaliha","10":"product_tag-kanatiivad","11":"product_tag-koogiviljad","12":"product_tag-mereannid","13":"product_tag-sealiha","14":"product_tag-searibi","16":"first","17":"instock","18":"taxable","19":"shipping-taxable","20":"purchasable","21":"product-type-simple"},"brands":[{"id":84,"name":"Heath Riles","slug":"heath-riles"}],"_links":{"self":[{"href":"https:\/\/tammetorubbq.ee\/fi\/wp-json\/wp\/v2\/product\/3405","targetHints":{"allow":["GET"]}}],"collection":[{"href":"https:\/\/tammetorubbq.ee\/fi\/wp-json\/wp\/v2\/product"}],"about":[{"href":"https:\/\/tammetorubbq.ee\/fi\/wp-json\/wp\/v2\/types\/product"}],"replies":[{"embeddable":true,"href":"https:\/\/tammetorubbq.ee\/fi\/wp-json\/wp\/v2\/comments?post=3405"}],"wp:featuredmedia":[{"embeddable":true,"href":"https:\/\/tammetorubbq.ee\/fi\/wp-json\/wp\/v2\/media\/3410"}],"wp:attachment":[{"href":"https:\/\/tammetorubbq.ee\/fi\/wp-json\/wp\/v2\/media?parent=3405"}],"wp:term":[{"taxonomy":"pwb-brand","embeddable":true,"href":"https:\/\/tammetorubbq.ee\/fi\/wp-json\/wp\/v2\/pwb-brand?post=3405"},{"taxonomy":"product_brand","embeddable":true,"href":"https:\/\/tammetorubbq.ee\/fi\/wp-json\/wp\/v2\/product_brand?post=3405"},{"taxonomy":"product_cat","embeddable":true,"href":"https:\/\/tammetorubbq.ee\/fi\/wp-json\/wp\/v2\/product_cat?post=3405"},{"taxonomy":"product_tag","embeddable":true,"href":"https:\/\/tammetorubbq.ee\/fi\/wp-json\/wp\/v2\/product_tag?post=3405"}],"curies":[{"name":"wp","href":"https:\/\/api.w.org\/{rel}","templated":true}]}}