{"id":3408,"date":"2025-06-26T16:45:03","date_gmt":"2025-06-26T13:45:03","guid":{"rendered":"https:\/\/tammetorubbq.ee\/?post_type=product&#038;p=3408"},"modified":"2026-04-15T00:00:06","modified_gmt":"2026-04-14T21:00:06","slug":"kosmos-q-kirsikka-omena-habanero-rib-glaze-453g","status":"publish","type":"product","link":"https:\/\/tammetorubbq.ee\/fi\/product-2\/kosmos-q-kirsikka-omena-habanero-rib-glaze-453g\/","title":{"rendered":"Kosmo's Q Cherry Apple Habanero Rib Glaze 453g"},"content":{"rendered":"<p data-start=\"398\" data-end=\"461\"><strong data-start=\"398\" data-end=\"461\">Miksi se sopii niin grillimestareille kuin kotikokillekin:<\/strong><\/p>\n<ul data-start=\"462\" data-end=\"696\">\n<li data-start=\"462\" data-end=\"510\">\n<p data-start=\"464\" data-end=\"510\">T\u00e4ydellinen tasapaino <strong data-start=\"482\" data-end=\"502\">makea ja tulinen<\/strong> v\u00e4lill\u00e4<\/p>\n<\/li>\n<li data-start=\"511\" data-end=\"558\">\n<p data-start=\"513\" data-end=\"558\">Valmistettu <strong data-start=\"525\" data-end=\"556\">luonnolliset ainesosat<\/strong><\/p>\n<\/li>\n<\/ul>\n<p>&nbsp;<\/p>\n<p><strong data-start=\"45\" data-end=\"61\">Ainesosat: <\/strong>ruokosokeri, vesi, omenamehutiiviste, kirsikkamehutiiviste, k\u00e4sitelty t\u00e4rkkelys, tislattu etikka, habanerotahna (habaneropaprika, tislattu etikka, suola), sitruunahappo, ksantaanikumi.<\/p>","protected":false},"excerpt":{"rendered":"<p>Lis\u00e4\u00e4 unohtumaton kosketus kylkiluihinne <strong data-start=\"185\" data-end=\"213\">makea ja mausteinen kiilto<\/strong> Kosmon Q <strong data-start=\"224\" data-end=\"260\">Kirsikka omena Habanero Rib Glaze<\/strong>\u00a0lasitteen kanssa.<\/p>\n<p>Se on t\u00e4ydellinen viimeistely, jossa yhdistyv\u00e4t <strong data-start=\"313\" data-end=\"390\">kirkkaita kirsikan makuja, luonnollisia ainesosia ja habanero-pippurien mausteisuutta.<\/strong>.<\/p>\n<p>Sopii sekoitettavaksi ribseihin, kanaan, sianlihan kylkeen tai jopa kastikkeisiin.<\/p>\n<p><strong>\ud83d\udca1 Pro-vinkki: <\/strong>Kuumenna kuorrute kevyesti ja sivele se p\u00e4\u00e4lle. <strong data-start=\"986\" data-end=\"1026\">kypsennyksen viimeisten 10-15 minuutin aikana<\/strong> kylkiluiden p\u00e4\u00e4lle - anna karamellisoitua miedolla l\u00e4mm\u00f6ll\u00e4 ja v\u00e4lt\u00e4 palamista. Tuloksena on <strong data-start=\"1118\" data-end=\"1167\">ammattimaisen n\u00e4k\u00f6iset mehukkaat BBQ-nauhat<\/strong>!<\/p>\n<p>&nbsp;<\/p>\n<p><img loading=\"lazy\" decoding=\"async\" class=\"wp-image-1698\" src=\"http:\/\/tammetorubbq.ee\/wp-content\/uploads\/2024\/05\/Kosmos-Q-logo.avif\" alt=\"Kosmon Q\" width=\"140\" height=\"105\" srcset=\"https:\/\/tammetorubbq.ee\/wp-content\/uploads\/2024\/05\/Kosmos-Q-logo.avif 258w, https:\/\/tammetorubbq.ee\/wp-content\/uploads\/2024\/05\/Kosmos-Q-logo-16x12.avif 16w, https:\/\/tammetorubbq.ee\/wp-content\/uploads\/2024\/05\/Kosmos-Q-logo-64x48.avif 64w\" sizes=\"auto, (max-width: 140px) 100vw, 140px\" \/><\/p>","protected":false},"featured_media":3409,"comment_status":"open","ping_status":"closed","template":"","meta":{"_uf_show_specific_survey":0,"_uf_disable_surveys":false},"pwb-brand":[81],"product_brand":[],"product_cat":[22],"product_tag":[118,159,114,122],"class_list":{"0":"post-3408","1":"product","2":"type-product","3":"status-publish","4":"has-post-thumbnail","6":"pwb-brand-kosmos-q","7":"product_cat-kastmed-ja-marinaadid","8":"product_tag-kanaliha","9":"product_tag-kanatiivad","10":"product_tag-sealiha","11":"product_tag-searibi","13":"first","14":"outofstock","15":"taxable","16":"shipping-taxable","17":"purchasable","18":"product-type-simple"},"brands":[{"id":81,"name":"Kosmon Q","slug":"kosmos-q"}],"_links":{"self":[{"href":"https:\/\/tammetorubbq.ee\/fi\/wp-json\/wp\/v2\/product\/3408","targetHints":{"allow":["GET"]}}],"collection":[{"href":"https:\/\/tammetorubbq.ee\/fi\/wp-json\/wp\/v2\/product"}],"about":[{"href":"https:\/\/tammetorubbq.ee\/fi\/wp-json\/wp\/v2\/types\/product"}],"replies":[{"embeddable":true,"href":"https:\/\/tammetorubbq.ee\/fi\/wp-json\/wp\/v2\/comments?post=3408"}],"wp:featuredmedia":[{"embeddable":true,"href":"https:\/\/tammetorubbq.ee\/fi\/wp-json\/wp\/v2\/media\/3409"}],"wp:attachment":[{"href":"https:\/\/tammetorubbq.ee\/fi\/wp-json\/wp\/v2\/media?parent=3408"}],"wp:term":[{"taxonomy":"pwb-brand","embeddable":true,"href":"https:\/\/tammetorubbq.ee\/fi\/wp-json\/wp\/v2\/pwb-brand?post=3408"},{"taxonomy":"product_brand","embeddable":true,"href":"https:\/\/tammetorubbq.ee\/fi\/wp-json\/wp\/v2\/product_brand?post=3408"},{"taxonomy":"product_cat","embeddable":true,"href":"https:\/\/tammetorubbq.ee\/fi\/wp-json\/wp\/v2\/product_cat?post=3408"},{"taxonomy":"product_tag","embeddable":true,"href":"https:\/\/tammetorubbq.ee\/fi\/wp-json\/wp\/v2\/product_tag?post=3408"}],"curies":[{"name":"wp","href":"https:\/\/api.w.org\/{rel}","templated":true}]}}