{"id":3445,"date":"2025-07-10T14:43:05","date_gmt":"2025-07-10T11:43:05","guid":{"rendered":"https:\/\/tammetorubbq.ee\/?post_type=product&#038;p=3445"},"modified":"2026-04-14T22:01:01","modified_gmt":"2026-04-14T19:01:01","slug":"lihakauppias-bbq-suolainen-pekaanipahkinahieronta-340g","status":"publish","type":"product","link":"https:\/\/tammetorubbq.ee\/fi\/product-2\/lihakauppias-bbq-suolainen-pekaanipahkinahieronta-340g\/","title":{"rendered":"Butcher BBQ Savory Pecan Rub 340g"},"content":{"rendered":"<p data-start=\"0\" data-end=\"153\"><strong>Ainesosat:<\/strong> sokeri, suola, valkosipuli, sipuli, korianteri, rosmariini, persilja, timjami, mustapippuri, punainen paprika, melassi, paprika, pekaanip\u00e4hkin\u00e4mauste.<\/p>\n<p data-start=\"155\" data-end=\"203\" data-is-last-node=\"\" data-is-only-node=\"\">Gluteeniton ja ilman natriumglutamaattia (MSG).<\/p>","protected":false},"excerpt":{"rendered":"<p data-start=\"0\" data-end=\"218\"><strong data-start=\"0\" data-end=\"46\">Butcher BBQ Savory Pecan kilpailusekoitus<\/strong> - ammattilaisten luoma kilpailulaatuinen mausteseos, jossa yhdistyv\u00e4t t\u00e4ytel\u00e4iset p\u00e4hkin\u00e4iset aromit ja rikas BBQ-mausteseos, joka tuo esiin parhaat puolet jokaisesta ruoasta.<\/p>\n<p data-start=\"220\" data-end=\"535\">T\u00e4m\u00e4 ainutlaatuinen sekoitus sis\u00e4lt\u00e4\u00e4 <strong data-start=\"249\" data-end=\"270\">pekaanip\u00e4hkin\u00e4jauho<\/strong>, valkosipulia, sipulia, paprikaa ja huolellisesti tasapainotettua yrtti- ja maustesekoitusta, joka tarjoaa <strong data-start=\"357\" data-end=\"399\">makean ja suolaisen t\u00e4ydellinen sekoitus<\/strong>. Seos luo syv\u00e4n, savuisen ja hieman makean makuprofiilin, mik\u00e4 tekee siit\u00e4 ihanteellisen mausteen erilaisille lihoille ja grilliruoille.<\/p>\n<p data-start=\"912\" data-end=\"1217\" data-is-last-node=\"\" data-is-only-node=\"\">Tuotettu Yhdysvalloissa arvostetun Butcher BBQ:n toimesta - laatua arvostavat niin ammattilaiset kuin kotikokitkin.<\/p>\n<p data-start=\"912\" data-end=\"1217\" data-is-last-node=\"\" data-is-only-node=\"\">\ud83d\udca1 <strong data-start=\"843\" data-end=\"855\">Ammattilaisten vinkki:<\/strong> K\u00e4yt\u00e4 yhdess\u00e4 sinapin tai ohuen \u00f6ljykerroksen kanssa, jotta seos muuttuu tammisemmaksi ja karamellisoituu paistamisen aikana - tuloksena on rapea ja maukas kuori.<\/p>\n<p><img loading=\"lazy\" decoding=\"async\" class=\"wp-image-3451\" src=\"http:\/\/tammetorubbq.ee\/wp-content\/uploads\/2025\/07\/Butcher-BBQ-300x276.webp\" alt=\"Butcher BBQ\" width=\"160\" height=\"147\" srcset=\"https:\/\/tammetorubbq.ee\/wp-content\/uploads\/2025\/07\/Butcher-BBQ-300x276.webp 300w, https:\/\/tammetorubbq.ee\/wp-content\/uploads\/2025\/07\/Butcher-BBQ-1024x943.webp 1024w, https:\/\/tammetorubbq.ee\/wp-content\/uploads\/2025\/07\/Butcher-BBQ-768x707.webp 768w, https:\/\/tammetorubbq.ee\/wp-content\/uploads\/2025\/07\/Butcher-BBQ-13x12.webp 13w, https:\/\/tammetorubbq.ee\/wp-content\/uploads\/2025\/07\/Butcher-BBQ-600x553.webp 600w, https:\/\/tammetorubbq.ee\/wp-content\/uploads\/2025\/07\/Butcher-BBQ-64x59.webp 64w, https:\/\/tammetorubbq.ee\/wp-content\/uploads\/2025\/07\/Butcher-BBQ.webp 1180w\" sizes=\"auto, (max-width: 160px) 100vw, 160px\" \/><\/p>","protected":false},"featured_media":3446,"comment_status":"open","ping_status":"closed","template":"","meta":{"_uf_show_specific_survey":0,"_uf_disable_surveys":false},"pwb-brand":[181],"product_brand":[],"product_cat":[21],"product_tag":[118,121,182,120,114,122,139,119],"class_list":{"0":"post-3445","1":"product","2":"type-product","3":"status-publish","4":"has-post-thumbnail","6":"pwb-brand-butcher-bbq","7":"product_cat-maitseainesegud","8":"product_tag-kanaliha","9":"product_tag-koogiviljad","10":"product_tag-linnuliha","11":"product_tag-mereannid","12":"product_tag-sealiha","13":"product_tag-searibi","14":"product_tag-ulukiliha","15":"product_tag-veiseliha","17":"first","18":"instock","19":"taxable","20":"shipping-taxable","21":"purchasable","22":"product-type-simple"},"brands":[{"id":181,"name":"Butcher BBQ","slug":"butcher-bbq"}],"_links":{"self":[{"href":"https:\/\/tammetorubbq.ee\/fi\/wp-json\/wp\/v2\/product\/3445","targetHints":{"allow":["GET"]}}],"collection":[{"href":"https:\/\/tammetorubbq.ee\/fi\/wp-json\/wp\/v2\/product"}],"about":[{"href":"https:\/\/tammetorubbq.ee\/fi\/wp-json\/wp\/v2\/types\/product"}],"replies":[{"embeddable":true,"href":"https:\/\/tammetorubbq.ee\/fi\/wp-json\/wp\/v2\/comments?post=3445"}],"wp:featuredmedia":[{"embeddable":true,"href":"https:\/\/tammetorubbq.ee\/fi\/wp-json\/wp\/v2\/media\/3446"}],"wp:attachment":[{"href":"https:\/\/tammetorubbq.ee\/fi\/wp-json\/wp\/v2\/media?parent=3445"}],"wp:term":[{"taxonomy":"pwb-brand","embeddable":true,"href":"https:\/\/tammetorubbq.ee\/fi\/wp-json\/wp\/v2\/pwb-brand?post=3445"},{"taxonomy":"product_brand","embeddable":true,"href":"https:\/\/tammetorubbq.ee\/fi\/wp-json\/wp\/v2\/product_brand?post=3445"},{"taxonomy":"product_cat","embeddable":true,"href":"https:\/\/tammetorubbq.ee\/fi\/wp-json\/wp\/v2\/product_cat?post=3445"},{"taxonomy":"product_tag","embeddable":true,"href":"https:\/\/tammetorubbq.ee\/fi\/wp-json\/wp\/v2\/product_tag?post=3445"}],"curies":[{"name":"wp","href":"https:\/\/api.w.org\/{rel}","templated":true}]}}