{"id":3452,"date":"2025-07-10T14:54:54","date_gmt":"2025-07-10T11:54:54","guid":{"rendered":"https:\/\/tammetorubbq.ee\/?post_type=product&#038;p=3452"},"modified":"2026-04-14T22:00:37","modified_gmt":"2026-04-14T19:00:37","slug":"butcher-bbq-villi-kirsikka-rub-340g","status":"publish","type":"product","link":"https:\/\/tammetorubbq.ee\/fi\/product-2\/butcher-bbq-villi-kirsikka-rub-340g\/","title":{"rendered":"Butcher BBQ Wild Cherry Rub 340g"},"content":{"rendered":"<p data-start=\"0\" data-end=\"176\"><strong data-start=\"0\" data-end=\"16\">Ainesosat:<\/strong> sokeri, suola, valkosipuli, sipuli, savujauhe, korianteri, rosmariini, persilja, timjami, mustapippuri, punainen paprika, melassijauhe, paprika, luonnollinen kirsikkajauhe.<\/p>\n<p data-start=\"178\" data-end=\"234\" data-is-last-node=\"\" data-is-only-node=\"\">Gluteeniton eik\u00e4 sis\u00e4ll\u00e4 natriumglutamaattia (MSG).<\/p>","protected":false},"excerpt":{"rendered":"<p data-start=\"0\" data-end=\"176\"><strong data-start=\"0\" data-end=\"45\">Butcher BBQ Wild Cherry kilpailusekoitus<\/strong> - kilpailulaatuinen mausteseos, jossa yhdistyv\u00e4t makea, savuinen ja hedelm\u00e4inen maku yhdeksi t\u00e4ydelliseksi BBQ-kokemukseksi.<\/p>\n<p data-start=\"178\" data-end=\"468\">Lihakauppiaat ja grillauksen harrastajat ovat luoneet t\u00e4m\u00e4n ainutlaatuisen sekoituksen, jonka maku tekee vaikutuksen sek\u00e4 tuomareihin ett\u00e4 grillauksen yst\u00e4viin. Makean kirsikan aromit sekoittuvat valkosipulin, sipulin ja mausteisten vivahteiden kanssa luoden syv\u00e4n, tasapainoisen ja mieleenpainuvan makuprofiilin.<\/p>\n<p data-start=\"1080\" data-end=\"1249\" data-is-last-node=\"\" data-is-only-node=\"\">Tuotettu Yhdysvalloissa arvostetun Butcher BBQ:n toimesta - laatua arvostavat niin ammattilaiset kuin kotikokitkin.<\/p>\n<p data-start=\"1080\" data-end=\"1249\" data-is-last-node=\"\" data-is-only-node=\"\">\ud83d\udca1 <strong data-start=\"774\" data-end=\"786\">Pro-vinkki:<\/strong> Ripottele seos lihan p\u00e4\u00e4lle v\u00e4hint\u00e4\u00e4n 30 minuuttia ennen ruoanvalmistusta tai anna marinoitua j\u00e4\u00e4kaapissa y\u00f6n yli, jotta maku olisi mahdollisimman syv\u00e4llinen.<\/p>\n<p><img loading=\"lazy\" decoding=\"async\" class=\"wp-image-3451\" src=\"http:\/\/tammetorubbq.ee\/wp-content\/uploads\/2025\/07\/Butcher-BBQ-300x276.webp\" alt=\"Butcher BBQ\" width=\"161\" height=\"148\" srcset=\"https:\/\/tammetorubbq.ee\/wp-content\/uploads\/2025\/07\/Butcher-BBQ-300x276.webp 300w, https:\/\/tammetorubbq.ee\/wp-content\/uploads\/2025\/07\/Butcher-BBQ-1024x943.webp 1024w, https:\/\/tammetorubbq.ee\/wp-content\/uploads\/2025\/07\/Butcher-BBQ-768x707.webp 768w, https:\/\/tammetorubbq.ee\/wp-content\/uploads\/2025\/07\/Butcher-BBQ-13x12.webp 13w, https:\/\/tammetorubbq.ee\/wp-content\/uploads\/2025\/07\/Butcher-BBQ-600x553.webp 600w, https:\/\/tammetorubbq.ee\/wp-content\/uploads\/2025\/07\/Butcher-BBQ-64x59.webp 64w, https:\/\/tammetorubbq.ee\/wp-content\/uploads\/2025\/07\/Butcher-BBQ.webp 1180w\" sizes=\"auto, (max-width: 161px) 100vw, 161px\" \/><\/p>","protected":false},"featured_media":3457,"comment_status":"open","ping_status":"closed","template":"","meta":{"_uf_show_specific_survey":0,"_uf_disable_surveys":false},"pwb-brand":[181],"product_brand":[],"product_cat":[21],"product_tag":[118,182,114,122,139,119],"class_list":{"0":"post-3452","1":"product","2":"type-product","3":"status-publish","4":"has-post-thumbnail","6":"pwb-brand-butcher-bbq","7":"product_cat-maitseainesegud","8":"product_tag-kanaliha","9":"product_tag-linnuliha","10":"product_tag-sealiha","11":"product_tag-searibi","12":"product_tag-ulukiliha","13":"product_tag-veiseliha","15":"first","16":"instock","17":"taxable","18":"shipping-taxable","19":"purchasable","20":"product-type-simple"},"brands":[{"id":181,"name":"Butcher BBQ","slug":"butcher-bbq"}],"_links":{"self":[{"href":"https:\/\/tammetorubbq.ee\/fi\/wp-json\/wp\/v2\/product\/3452","targetHints":{"allow":["GET"]}}],"collection":[{"href":"https:\/\/tammetorubbq.ee\/fi\/wp-json\/wp\/v2\/product"}],"about":[{"href":"https:\/\/tammetorubbq.ee\/fi\/wp-json\/wp\/v2\/types\/product"}],"replies":[{"embeddable":true,"href":"https:\/\/tammetorubbq.ee\/fi\/wp-json\/wp\/v2\/comments?post=3452"}],"wp:featuredmedia":[{"embeddable":true,"href":"https:\/\/tammetorubbq.ee\/fi\/wp-json\/wp\/v2\/media\/3457"}],"wp:attachment":[{"href":"https:\/\/tammetorubbq.ee\/fi\/wp-json\/wp\/v2\/media?parent=3452"}],"wp:term":[{"taxonomy":"pwb-brand","embeddable":true,"href":"https:\/\/tammetorubbq.ee\/fi\/wp-json\/wp\/v2\/pwb-brand?post=3452"},{"taxonomy":"product_brand","embeddable":true,"href":"https:\/\/tammetorubbq.ee\/fi\/wp-json\/wp\/v2\/product_brand?post=3452"},{"taxonomy":"product_cat","embeddable":true,"href":"https:\/\/tammetorubbq.ee\/fi\/wp-json\/wp\/v2\/product_cat?post=3452"},{"taxonomy":"product_tag","embeddable":true,"href":"https:\/\/tammetorubbq.ee\/fi\/wp-json\/wp\/v2\/product_tag?post=3452"}],"curies":[{"name":"wp","href":"https:\/\/api.w.org\/{rel}","templated":true}]}}