{"id":3478,"date":"2025-07-14T14:07:11","date_gmt":"2025-07-14T11:07:11","guid":{"rendered":"https:\/\/tammetorubbq.ee\/?post_type=product&#038;p=3478"},"modified":"2026-04-14T22:00:35","modified_gmt":"2026-04-14T19:00:35","slug":"appelsiinimuusia-bbq-rub-150g","status":"publish","type":"product","link":"https:\/\/tammetorubbq.ee\/fi\/product-2\/appelsiinimuusia-bbq-rub-150g\/","title":{"rendered":"Appelsiinin makuinen BBQ Rub 150g"},"content":{"rendered":"<p><strong>Ainesosat<\/strong>: suola (31%), kuivattu glukoosisiirappi, sokeri, mausteet (mm.\u00a0<b class=\"\">sinep, myyj\u00e4<\/b>), sipulijauhe, valkosipulijauhe, happamuudens\u00e4\u00e4t\u00f6aine E330 tai sitruunahappo, luontaiset aromit, sitruunamehujauhe, salvia.<\/p>\n<p>S\u00e4ilyt\u00e4 huoneenl\u00e4mm\u00f6ss\u00e4 kuivassa paikassa.<\/p>\n<p>Valmistettu Yhdistyneess\u00e4 kuningaskunnassa.<\/p>","protected":false},"excerpt":{"rendered":"<p>Enn Tobrelutsun luoma mausteseos, joka lis\u00e4\u00e4 lihaan mehukkaan appelsiinin ja mausteisen BBQ-maun.<\/p>\n<p>Ainutlaatuinen, hieman mausteinen makusekoitus, jossa on ripaus appelsiinia.<\/p>\n<p>Antaa lihalle kultaisen v\u00e4rin ja imeytyy nopeasti s\u00e4ilytt\u00e4en lihan mehevyyden ja luonnollisuuden.<\/p>\n<p>Sopii erinomaisesti siipikarjan, sianlihan, kyljysten, lohen sek\u00e4 munaruokien, perunoiden ja pastan kanssa.<\/p>\n<p><img loading=\"lazy\" decoding=\"async\" class=\"wp-image-3475\" src=\"http:\/\/tammetorubbq.ee\/wp-content\/uploads\/2025\/07\/BBQ-Entertainment-N-Catering-Enn-Tobreluts-Logo-300x127.png\" alt=\"BBQ-viihde\" width=\"172\" height=\"73\" srcset=\"https:\/\/tammetorubbq.ee\/wp-content\/uploads\/2025\/07\/BBQ-Entertainment-N-Catering-Enn-Tobreluts-Logo-300x127.png 300w, https:\/\/tammetorubbq.ee\/wp-content\/uploads\/2025\/07\/BBQ-Entertainment-N-Catering-Enn-Tobreluts-Logo-18x8.png 18w, https:\/\/tammetorubbq.ee\/wp-content\/uploads\/2025\/07\/BBQ-Entertainment-N-Catering-Enn-Tobreluts-Logo-600x254.png 600w, https:\/\/tammetorubbq.ee\/wp-content\/uploads\/2025\/07\/BBQ-Entertainment-N-Catering-Enn-Tobreluts-Logo-64x27.png 64w, https:\/\/tammetorubbq.ee\/wp-content\/uploads\/2025\/07\/BBQ-Entertainment-N-Catering-Enn-Tobreluts-Logo.png 628w\" sizes=\"auto, (max-width: 172px) 100vw, 172px\" \/><\/p>","protected":false},"featured_media":3479,"comment_status":"open","ping_status":"closed","template":"","meta":{"_uf_show_specific_survey":0,"_uf_disable_surveys":false},"pwb-brand":[183],"product_brand":[],"product_cat":[21],"product_tag":[280,118,182,120,114,122],"class_list":{"0":"post-3478","1":"product","2":"type-product","3":"status-publish","4":"has-post-thumbnail","6":"pwb-brand-bbq-entertainment","7":"product_cat-maitseainesegud","8":"product_tag-enn-tobreluts","9":"product_tag-kanaliha","10":"product_tag-linnuliha","11":"product_tag-mereannid","12":"product_tag-sealiha","13":"product_tag-searibi","15":"first","16":"instock","17":"taxable","18":"shipping-taxable","19":"purchasable","20":"product-type-simple"},"brands":[{"id":183,"name":"BBQ Viihde","slug":"bbq-entertainment"}],"_links":{"self":[{"href":"https:\/\/tammetorubbq.ee\/fi\/wp-json\/wp\/v2\/product\/3478","targetHints":{"allow":["GET"]}}],"collection":[{"href":"https:\/\/tammetorubbq.ee\/fi\/wp-json\/wp\/v2\/product"}],"about":[{"href":"https:\/\/tammetorubbq.ee\/fi\/wp-json\/wp\/v2\/types\/product"}],"replies":[{"embeddable":true,"href":"https:\/\/tammetorubbq.ee\/fi\/wp-json\/wp\/v2\/comments?post=3478"}],"wp:featuredmedia":[{"embeddable":true,"href":"https:\/\/tammetorubbq.ee\/fi\/wp-json\/wp\/v2\/media\/3479"}],"wp:attachment":[{"href":"https:\/\/tammetorubbq.ee\/fi\/wp-json\/wp\/v2\/media?parent=3478"}],"wp:term":[{"taxonomy":"pwb-brand","embeddable":true,"href":"https:\/\/tammetorubbq.ee\/fi\/wp-json\/wp\/v2\/pwb-brand?post=3478"},{"taxonomy":"product_brand","embeddable":true,"href":"https:\/\/tammetorubbq.ee\/fi\/wp-json\/wp\/v2\/product_brand?post=3478"},{"taxonomy":"product_cat","embeddable":true,"href":"https:\/\/tammetorubbq.ee\/fi\/wp-json\/wp\/v2\/product_cat?post=3478"},{"taxonomy":"product_tag","embeddable":true,"href":"https:\/\/tammetorubbq.ee\/fi\/wp-json\/wp\/v2\/product_tag?post=3478"}],"curies":[{"name":"wp","href":"https:\/\/api.w.org\/{rel}","templated":true}]}}