{"id":3481,"date":"2025-07-14T14:22:17","date_gmt":"2025-07-14T11:22:17","guid":{"rendered":"https:\/\/tammetorubbq.ee\/?post_type=product&#038;p=3481"},"modified":"2026-04-14T22:00:33","modified_gmt":"2026-04-14T19:00:33","slug":"piri-piri-bbq-rub-850g","status":"publish","type":"product","link":"https:\/\/tammetorubbq.ee\/fi\/product-2\/piri-piri-bbq-rub-850g\/","title":{"rendered":"Piri-Piri BBQ Rub 850g"},"content":{"rendered":"<p data-start=\"568\" data-end=\"760\"><strong data-start=\"568\" data-end=\"580\">Ainesosat: <\/strong>suola, korppujauho (NISU), punainen paprika, mausteet (paprika, chili), sipulijauhe, valkosipulijauhe, sitruunamehujauhe, mausteuutteet, hiivauutteet, paahdettu sipuliuute.<\/p>\n<p data-start=\"762\" data-end=\"783\"><strong data-start=\"762\" data-end=\"778\">Allergeenit:<\/strong> NISU<\/p>\n<p>S\u00e4ilyt\u00e4 huoneenl\u00e4mm\u00f6ss\u00e4 kuivassa paikassa.<\/p>\n<p>Valmistettu Yhdistyneess\u00e4 kuningaskunnassa.<\/p>","protected":false},"excerpt":{"rendered":"<p>Enn Tobrelutsun luoma suosittu Piri-Piri -mausteseos on erityisen maukas ja hieman mausteinen seos, jolla on ainutlaatuinen aromi ja maku ja joka sopii erinomaisesti kaikenlaiseen lihaan ja merenel\u00e4viin.<\/p>\n<p>Sopii jauhelihalle, hampurilaisille, sianlihalle, kanalle, naudanlihalle ja \u00e4yri\u00e4isille (esim. katkaravut).<\/p>\n<p>Kokeile sit\u00e4 vapaasti muiden ruokien kanssa!<\/p>\n<p><img loading=\"lazy\" decoding=\"async\" class=\"wp-image-3475\" src=\"http:\/\/tammetorubbq.ee\/wp-content\/uploads\/2025\/07\/BBQ-Entertainment-N-Catering-Enn-Tobreluts-Logo-300x127.png\" alt=\"BBQ-viihde\" width=\"170\" height=\"72\" srcset=\"https:\/\/tammetorubbq.ee\/wp-content\/uploads\/2025\/07\/BBQ-Entertainment-N-Catering-Enn-Tobreluts-Logo-300x127.png 300w, https:\/\/tammetorubbq.ee\/wp-content\/uploads\/2025\/07\/BBQ-Entertainment-N-Catering-Enn-Tobreluts-Logo-18x8.png 18w, https:\/\/tammetorubbq.ee\/wp-content\/uploads\/2025\/07\/BBQ-Entertainment-N-Catering-Enn-Tobreluts-Logo-600x254.png 600w, https:\/\/tammetorubbq.ee\/wp-content\/uploads\/2025\/07\/BBQ-Entertainment-N-Catering-Enn-Tobreluts-Logo-64x27.png 64w, https:\/\/tammetorubbq.ee\/wp-content\/uploads\/2025\/07\/BBQ-Entertainment-N-Catering-Enn-Tobreluts-Logo.png 628w\" sizes=\"auto, (max-width: 170px) 100vw, 170px\" \/><\/p>","protected":false},"featured_media":3482,"comment_status":"open","ping_status":"closed","template":"","meta":{"_uf_show_specific_survey":0,"_uf_disable_surveys":false},"pwb-brand":[183],"product_brand":[],"product_cat":[21],"product_tag":[280,118,120,114,122,119],"class_list":{"0":"post-3481","1":"product","2":"type-product","3":"status-publish","4":"has-post-thumbnail","6":"pwb-brand-bbq-entertainment","7":"product_cat-maitseainesegud","8":"product_tag-enn-tobreluts","9":"product_tag-kanaliha","10":"product_tag-mereannid","11":"product_tag-sealiha","12":"product_tag-searibi","13":"product_tag-veiseliha","15":"first","16":"instock","17":"taxable","18":"shipping-taxable","19":"purchasable","20":"product-type-simple"},"brands":[{"id":183,"name":"BBQ Viihde","slug":"bbq-entertainment"}],"_links":{"self":[{"href":"https:\/\/tammetorubbq.ee\/fi\/wp-json\/wp\/v2\/product\/3481","targetHints":{"allow":["GET"]}}],"collection":[{"href":"https:\/\/tammetorubbq.ee\/fi\/wp-json\/wp\/v2\/product"}],"about":[{"href":"https:\/\/tammetorubbq.ee\/fi\/wp-json\/wp\/v2\/types\/product"}],"replies":[{"embeddable":true,"href":"https:\/\/tammetorubbq.ee\/fi\/wp-json\/wp\/v2\/comments?post=3481"}],"wp:featuredmedia":[{"embeddable":true,"href":"https:\/\/tammetorubbq.ee\/fi\/wp-json\/wp\/v2\/media\/3482"}],"wp:attachment":[{"href":"https:\/\/tammetorubbq.ee\/fi\/wp-json\/wp\/v2\/media?parent=3481"}],"wp:term":[{"taxonomy":"pwb-brand","embeddable":true,"href":"https:\/\/tammetorubbq.ee\/fi\/wp-json\/wp\/v2\/pwb-brand?post=3481"},{"taxonomy":"product_brand","embeddable":true,"href":"https:\/\/tammetorubbq.ee\/fi\/wp-json\/wp\/v2\/product_brand?post=3481"},{"taxonomy":"product_cat","embeddable":true,"href":"https:\/\/tammetorubbq.ee\/fi\/wp-json\/wp\/v2\/product_cat?post=3481"},{"taxonomy":"product_tag","embeddable":true,"href":"https:\/\/tammetorubbq.ee\/fi\/wp-json\/wp\/v2\/product_tag?post=3481"}],"curies":[{"name":"wp","href":"https:\/\/api.w.org\/{rel}","templated":true}]}}