{"id":3490,"date":"2025-07-16T09:21:22","date_gmt":"2025-07-16T06:21:22","guid":{"rendered":"https:\/\/tammetorubbq.ee\/?post_type=product&#038;p=3490"},"modified":"2026-04-18T11:00:28","modified_gmt":"2026-04-18T08:00:28","slug":"turnpike-black-magic-cajun-mauste-235g","status":"publish","type":"product","link":"https:\/\/tammetorubbq.ee\/fi\/product-2\/turnpike-black-magic-cajun-mauste-235g\/","title":{"rendered":"Turnpike Black Magic Cajun mauste 235g"},"content":{"rendered":"<p><strong data-start=\"72\" data-end=\"88\">Ainesosat: <\/strong>valkosipuli, sipuli, paprika, sipulijauhe, valkosipulijauhe, paprika, oregano, valkopippuri, chilijauhe, timjami, chili, inkiv\u00e4\u00e4ri, japaninpippuri, basilika, mustapippuri, juustokumina, korianteri, kurkuma, sinapinsiemenet, muskottipippuri, neilikka, persilja, mauste, kardemumma, muskottip\u00e4hkin\u00e4, suola, sokeri, merilev\u00e4, appelsiininkuori, seesaminsiemenet (valkoiset ja mustat), savuaromi, luontainen mauste.<\/p>","protected":false},"excerpt":{"rendered":"<p data-start=\"155\" data-end=\"201\"><strong data-start=\"155\" data-end=\"201\">Mausteinen sekoitus, jossa on aitoja Louisianan makuja.<\/strong><\/p>\n<p data-start=\"203\" data-end=\"478\">Tutustu Amerikan etel\u00e4n todelliseen taikaan Turnpike Black Magic Cajun -mausteella!<\/p>\n<p data-start=\"203\" data-end=\"478\">T\u00e4ss\u00e4 runsaassa ja rohkeassa makusekoituksessa yhdistyv\u00e4t savuiset paprikat, mausteinen chili, aromaattiset yrtit ja suola - juuri oikeassa tasapainossa todellisen Cajun-mausteen kannalta.<\/p>\n<p data-start=\"203\" data-end=\"478\">\u2714 Aito Louisianan resepti<br data-start=\"743\" data-end=\"746\" \/>\u2714 Ei sis\u00e4ll\u00e4 keinotekoisia makuja tai aromeja.<br data-start=\"793\" data-end=\"796\" \/>\u2714 Sopii gluteenittomaan ruokavalioon<br data-start=\"830\" data-end=\"833\" \/>\u2714 T\u00e4ydellinen tasapaino mausteisuuden ja syvyyden v\u00e4lill\u00e4<\/p>\n<p><img loading=\"lazy\" decoding=\"async\" class=\"wp-image-2719\" src=\"http:\/\/tammetorubbq.ee\/wp-content\/uploads\/2025\/04\/Turnpike-BBQ-logo-300x300.webp\" alt=\"Turnpike BBQ -logo\" width=\"173\" height=\"173\" srcset=\"https:\/\/tammetorubbq.ee\/wp-content\/uploads\/2025\/04\/Turnpike-BBQ-logo-300x300.webp 300w, https:\/\/tammetorubbq.ee\/wp-content\/uploads\/2025\/04\/Turnpike-BBQ-logo-150x150.webp 150w, https:\/\/tammetorubbq.ee\/wp-content\/uploads\/2025\/04\/Turnpike-BBQ-logo-12x12.webp 12w, https:\/\/tammetorubbq.ee\/wp-content\/uploads\/2025\/04\/Turnpike-BBQ-logo-600x600.webp 600w, https:\/\/tammetorubbq.ee\/wp-content\/uploads\/2025\/04\/Turnpike-BBQ-logo-64x64.webp 64w, https:\/\/tammetorubbq.ee\/wp-content\/uploads\/2025\/04\/Turnpike-BBQ-logo.webp 720w\" sizes=\"auto, (max-width: 173px) 100vw, 173px\" \/><\/p>","protected":false},"featured_media":3491,"comment_status":"open","ping_status":"closed","template":"","meta":{"_uf_show_specific_survey":0,"_uf_disable_surveys":false},"pwb-brand":[117],"product_brand":[],"product_cat":[21,20],"product_tag":[121,182,120,114],"class_list":{"0":"post-3490","1":"product","2":"type-product","3":"status-publish","4":"has-post-thumbnail","6":"pwb-brand-turnpike-bbq","7":"product_cat-maitseainesegud","8":"product_cat-kampaania","9":"product_tag-koogiviljad","10":"product_tag-linnuliha","11":"product_tag-mereannid","12":"product_tag-sealiha","14":"first","15":"instock","16":"sale","17":"taxable","18":"shipping-taxable","19":"purchasable","20":"product-type-simple"},"brands":[{"id":117,"name":"Turnpike BBQ","slug":"turnpike-bbq"}],"_links":{"self":[{"href":"https:\/\/tammetorubbq.ee\/fi\/wp-json\/wp\/v2\/product\/3490","targetHints":{"allow":["GET"]}}],"collection":[{"href":"https:\/\/tammetorubbq.ee\/fi\/wp-json\/wp\/v2\/product"}],"about":[{"href":"https:\/\/tammetorubbq.ee\/fi\/wp-json\/wp\/v2\/types\/product"}],"replies":[{"embeddable":true,"href":"https:\/\/tammetorubbq.ee\/fi\/wp-json\/wp\/v2\/comments?post=3490"}],"wp:featuredmedia":[{"embeddable":true,"href":"https:\/\/tammetorubbq.ee\/fi\/wp-json\/wp\/v2\/media\/3491"}],"wp:attachment":[{"href":"https:\/\/tammetorubbq.ee\/fi\/wp-json\/wp\/v2\/media?parent=3490"}],"wp:term":[{"taxonomy":"pwb-brand","embeddable":true,"href":"https:\/\/tammetorubbq.ee\/fi\/wp-json\/wp\/v2\/pwb-brand?post=3490"},{"taxonomy":"product_brand","embeddable":true,"href":"https:\/\/tammetorubbq.ee\/fi\/wp-json\/wp\/v2\/product_brand?post=3490"},{"taxonomy":"product_cat","embeddable":true,"href":"https:\/\/tammetorubbq.ee\/fi\/wp-json\/wp\/v2\/product_cat?post=3490"},{"taxonomy":"product_tag","embeddable":true,"href":"https:\/\/tammetorubbq.ee\/fi\/wp-json\/wp\/v2\/product_tag?post=3490"}],"curies":[{"name":"wp","href":"https:\/\/api.w.org\/{rel}","templated":true}]}}