{"id":3494,"date":"2025-07-16T10:32:59","date_gmt":"2025-07-16T07:32:59","guid":{"rendered":"https:\/\/tammetorubbq.ee\/?post_type=product&#038;p=3494"},"modified":"2026-04-18T11:00:33","modified_gmt":"2026-04-18T08:00:33","slug":"grillaz-sarjan-sianliha-taydellisyytta-300g","status":"publish","type":"product","link":"https:\/\/tammetorubbq.ee\/fi\/product-2\/grillaz-sarjan-sianliha-taydellisyytta-300g\/","title":{"rendered":"Serial Grillaz Sianlihan t\u00e4ydellisyys 300g"},"content":{"rendered":"<p data-start=\"54\" data-end=\"228\"><strong data-start=\"54\" data-end=\"70\">Ainesosat: <\/strong>suola, keltainen tomusokeri, yrtit ja mausteet (paprika, kaneli, valkopippuri, chili, chilijauhe, pippuri), vihannekset (valkosipuli, sipuli), sokeri.<\/p>\n<p data-start=\"230\" data-end=\"280\"><strong data-start=\"230\" data-end=\"246\">Allergeenit:<\/strong> Saattaa sis\u00e4lt\u00e4\u00e4 maap\u00e4hkin\u00e4j\u00e4\u00e4mi\u00e4.<\/p>\n<p data-start=\"282\" data-end=\"327\" data-is-last-node=\"\" data-is-only-node=\"\"><strong data-start=\"282\" data-end=\"297\">Ei sis\u00e4lly:<\/strong> MSG, laktoosi ja gluteeni.<\/p>","protected":false},"excerpt":{"rendered":"<p data-start=\"124\" data-end=\"153\"><strong data-start=\"124\" data-end=\"153\">T\u00e4ydellinen maku sianlihalle!<\/strong><\/p>\n<p data-start=\"155\" data-end=\"457\">Serial Grillaz Pork Perfection on erityisesti sianlihalle kehitetty mausteseos, joka tuo lihan parhaat puolet esiin.<\/p>\n<p data-start=\"155\" data-end=\"457\">Makea ja savuinen maku on tasapainotettu huolellisesti liev\u00e4n mausteisuuden ja yrttien syvyyden kanssa, mik\u00e4 luo t\u00e4ydellisen makuprofiilin kylkiluille, niskakyljyksille tai mille tahansa sianlihapalalle.<\/p>\n<p data-start=\"155\" data-end=\"457\">\u2714 T\u00e4ydellinen tasapaino makean, savuisen ja mausteisen v\u00e4lill\u00e4<br data-start=\"548\" data-end=\"551\" \/>\u2714 Soveltuu grillaukseen, uunissa kypsent\u00e4miseen ja pannulla paistamiseen.<br data-start=\"615\" data-end=\"618\" \/>\u2714 Valmistettu mestarigrillaajien kokemuksella ja intohimoisella tarkkuudella.<\/p>\n<p><img loading=\"lazy\" decoding=\"async\" class=\"wp-image-3496\" src=\"http:\/\/tammetorubbq.ee\/wp-content\/uploads\/2025\/07\/Serial-Grillaz-logo.png\" alt=\"Sarja Grillaz\" width=\"181\" height=\"149\" srcset=\"https:\/\/tammetorubbq.ee\/wp-content\/uploads\/2025\/07\/Serial-Grillaz-logo.png 299w, https:\/\/tammetorubbq.ee\/wp-content\/uploads\/2025\/07\/Serial-Grillaz-logo-15x12.png 15w, https:\/\/tammetorubbq.ee\/wp-content\/uploads\/2025\/07\/Serial-Grillaz-logo-64x53.png 64w\" sizes=\"auto, (max-width: 181px) 100vw, 181px\" \/><\/p>","protected":false},"featured_media":3495,"comment_status":"open","ping_status":"closed","template":"","meta":{"_uf_show_specific_survey":0,"_uf_disable_surveys":false},"pwb-brand":[184],"product_brand":[],"product_cat":[21,20],"product_tag":[114,122,211],"class_list":{"0":"post-3494","1":"product","2":"type-product","3":"status-publish","4":"has-post-thumbnail","6":"pwb-brand-serial-grillaz","7":"product_cat-maitseainesegud","8":"product_cat-kampaania","9":"product_tag-sealiha","10":"product_tag-searibi","11":"product_tag-serial-grillaz","13":"first","14":"instock","15":"sale","16":"taxable","17":"shipping-taxable","18":"purchasable","19":"product-type-simple"},"brands":[{"id":184,"name":"Sarja Grillaz","slug":"sarja-grillaz"}],"_links":{"self":[{"href":"https:\/\/tammetorubbq.ee\/fi\/wp-json\/wp\/v2\/product\/3494","targetHints":{"allow":["GET"]}}],"collection":[{"href":"https:\/\/tammetorubbq.ee\/fi\/wp-json\/wp\/v2\/product"}],"about":[{"href":"https:\/\/tammetorubbq.ee\/fi\/wp-json\/wp\/v2\/types\/product"}],"replies":[{"embeddable":true,"href":"https:\/\/tammetorubbq.ee\/fi\/wp-json\/wp\/v2\/comments?post=3494"}],"wp:featuredmedia":[{"embeddable":true,"href":"https:\/\/tammetorubbq.ee\/fi\/wp-json\/wp\/v2\/media\/3495"}],"wp:attachment":[{"href":"https:\/\/tammetorubbq.ee\/fi\/wp-json\/wp\/v2\/media?parent=3494"}],"wp:term":[{"taxonomy":"pwb-brand","embeddable":true,"href":"https:\/\/tammetorubbq.ee\/fi\/wp-json\/wp\/v2\/pwb-brand?post=3494"},{"taxonomy":"product_brand","embeddable":true,"href":"https:\/\/tammetorubbq.ee\/fi\/wp-json\/wp\/v2\/product_brand?post=3494"},{"taxonomy":"product_cat","embeddable":true,"href":"https:\/\/tammetorubbq.ee\/fi\/wp-json\/wp\/v2\/product_cat?post=3494"},{"taxonomy":"product_tag","embeddable":true,"href":"https:\/\/tammetorubbq.ee\/fi\/wp-json\/wp\/v2\/product_tag?post=3494"}],"curies":[{"name":"wp","href":"https:\/\/api.w.org\/{rel}","templated":true}]}}