{"id":3497,"date":"2025-07-16T10:46:19","date_gmt":"2025-07-16T07:46:19","guid":{"rendered":"https:\/\/tammetorubbq.ee\/?post_type=product&#038;p=3497"},"modified":"2026-04-17T04:01:59","modified_gmt":"2026-04-17T01:01:59","slug":"sarjan-grillaz-cajun-valkosipulirub-300g","status":"publish","type":"product","link":"https:\/\/tammetorubbq.ee\/fi\/product-2\/sarjan-grillaz-cajun-valkosipulirub-300g\/","title":{"rendered":"Serial Grillaz Cajun valkosipuli Rub 300g"},"content":{"rendered":"<p data-start=\"94\" data-end=\"248\"><strong data-start=\"94\" data-end=\"110\">Ainesosat: <\/strong>suola, paprika, valkosipuli, sipuli, mustapippuri, valkopippuri, chilijauhe, oregano, timjami, cayennepippuri, sokeri, luontaiset mausteet.<\/p>\n<p data-start=\"250\" data-end=\"334\"><strong data-start=\"250\" data-end=\"266\">Allergeenit:<\/strong> Saattaa sis\u00e4lt\u00e4\u00e4 pieni\u00e4 m\u00e4\u00e4ri\u00e4 seesaminsiemeni\u00e4, sinappia ja selleri\u00e4.<\/p>","protected":false},"excerpt":{"rendered":"<p data-start=\"120\" data-end=\"176\"><strong data-start=\"120\" data-end=\"176\">Mausteinen valkosipulin maku, etel\u00e4n tyyliin<\/strong><\/p>\n<p data-start=\"178\" data-end=\"472\">Serial Grillaz Cajun Garlic Rub on herkullisen mausteinen ja valkosipulimausteinen mausteseos, joka on saanut inspiraationsa aidosta Cajun-ruoasta. Siin\u00e4 yhdistyv\u00e4t t\u00e4ydellisesti paprika, valkosipuli, sipuli, mustapippuri, valkopippuri, cayennepippuri ja yrtit, jotka antavat syv\u00e4n ja kirpe\u00e4n maun.<\/p>\n<p data-start=\"474\" data-end=\"575\">Sopii erinomaisesti lihan, kanan, kalan ja vihannesten maustamiseen grilliss\u00e4, pannulla tai uunissa.<\/p>\n<p><img loading=\"lazy\" decoding=\"async\" class=\"wp-image-3496\" src=\"http:\/\/tammetorubbq.ee\/wp-content\/uploads\/2025\/07\/Serial-Grillaz-logo.png\" alt=\"Sarja Grillaz\" width=\"167\" height=\"137\" srcset=\"https:\/\/tammetorubbq.ee\/wp-content\/uploads\/2025\/07\/Serial-Grillaz-logo.png 299w, https:\/\/tammetorubbq.ee\/wp-content\/uploads\/2025\/07\/Serial-Grillaz-logo-15x12.png 15w, https:\/\/tammetorubbq.ee\/wp-content\/uploads\/2025\/07\/Serial-Grillaz-logo-64x53.png 64w\" sizes=\"auto, (max-width: 167px) 100vw, 167px\" \/><\/p>","protected":false},"featured_media":3498,"comment_status":"open","ping_status":"closed","template":"","meta":{"_uf_show_specific_survey":0,"_uf_disable_surveys":false},"pwb-brand":[184],"product_brand":[],"product_cat":[21,20],"product_tag":[121,182,120,114,211],"class_list":{"0":"post-3497","1":"product","2":"type-product","3":"status-publish","4":"has-post-thumbnail","6":"pwb-brand-serial-grillaz","7":"product_cat-maitseainesegud","8":"product_cat-kampaania","9":"product_tag-koogiviljad","10":"product_tag-linnuliha","11":"product_tag-mereannid","12":"product_tag-sealiha","13":"product_tag-serial-grillaz","15":"first","16":"instock","17":"sale","18":"taxable","19":"shipping-taxable","20":"purchasable","21":"product-type-simple"},"brands":[{"id":184,"name":"Sarja Grillaz","slug":"sarja-grillaz"}],"_links":{"self":[{"href":"https:\/\/tammetorubbq.ee\/fi\/wp-json\/wp\/v2\/product\/3497","targetHints":{"allow":["GET"]}}],"collection":[{"href":"https:\/\/tammetorubbq.ee\/fi\/wp-json\/wp\/v2\/product"}],"about":[{"href":"https:\/\/tammetorubbq.ee\/fi\/wp-json\/wp\/v2\/types\/product"}],"replies":[{"embeddable":true,"href":"https:\/\/tammetorubbq.ee\/fi\/wp-json\/wp\/v2\/comments?post=3497"}],"wp:featuredmedia":[{"embeddable":true,"href":"https:\/\/tammetorubbq.ee\/fi\/wp-json\/wp\/v2\/media\/3498"}],"wp:attachment":[{"href":"https:\/\/tammetorubbq.ee\/fi\/wp-json\/wp\/v2\/media?parent=3497"}],"wp:term":[{"taxonomy":"pwb-brand","embeddable":true,"href":"https:\/\/tammetorubbq.ee\/fi\/wp-json\/wp\/v2\/pwb-brand?post=3497"},{"taxonomy":"product_brand","embeddable":true,"href":"https:\/\/tammetorubbq.ee\/fi\/wp-json\/wp\/v2\/product_brand?post=3497"},{"taxonomy":"product_cat","embeddable":true,"href":"https:\/\/tammetorubbq.ee\/fi\/wp-json\/wp\/v2\/product_cat?post=3497"},{"taxonomy":"product_tag","embeddable":true,"href":"https:\/\/tammetorubbq.ee\/fi\/wp-json\/wp\/v2\/product_tag?post=3497"}],"curies":[{"name":"wp","href":"https:\/\/api.w.org\/{rel}","templated":true}]}}