{"id":3499,"date":"2025-07-16T10:50:55","date_gmt":"2025-07-16T07:50:55","guid":{"rendered":"https:\/\/tammetorubbq.ee\/?post_type=product&#038;p=3499"},"modified":"2026-04-20T11:00:22","modified_gmt":"2026-04-20T08:00:22","slug":"sarjan-grillaz-kanapoly-250g","status":"publish","type":"product","link":"https:\/\/tammetorubbq.ee\/fi\/product-2\/sarjan-grillaz-kanapoly-250g\/","title":{"rendered":"Serial Grillaz Kanap\u00f6ly 250g"},"content":{"rendered":"<p data-start=\"88\" data-end=\"225\"><strong data-start=\"88\" data-end=\"104\">Ainesosat: <\/strong>suola, paprika, valkosipuli, sipuli, mustapippuri, valkopippuri, chilijauhe, timjami, oregano, sokeri, luontaiset mausteet.<\/p>\n<p data-start=\"227\" data-end=\"296\"><strong data-start=\"227\" data-end=\"243\">Allergeenit:<\/strong> Saattaa sis\u00e4lt\u00e4\u00e4 seesaminsiemeni\u00e4, sinappia ja selleri\u00e4.<\/p>","protected":false},"excerpt":{"rendered":"<p data-start=\"122\" data-end=\"170\"><strong data-start=\"122\" data-end=\"170\">Maukas broilerin mausteseos grilliin ja keitti\u00f6\u00f6n.<\/strong><\/p>\n<p data-start=\"172\" data-end=\"444\">Serial Grillaz Chicken Dust on erityisesti kanalle kehitetty mausteseos, joka tekee jokaisesta kanaruoasta mehukkaan ja maukkaan. Seoksessa yhdistyv\u00e4t paprika, valkosipuli, sipuli, pippuri ja yrtit, jotka tuovat esiin lihan luonnollisen maun ja lis\u00e4\u00e4v\u00e4t liev\u00e4\u00e4 mausteisuutta.<\/p>\n<p data-start=\"446\" data-end=\"567\">Sopii t\u00e4ydellisesti kokonaisten kanojen, kanansiipien, -fileiden ja -reiden maustamiseen - grilliss\u00e4, uunissa tai pannulla.<\/p>\n<p><img loading=\"lazy\" decoding=\"async\" class=\"wp-image-3496\" src=\"http:\/\/tammetorubbq.ee\/wp-content\/uploads\/2025\/07\/Serial-Grillaz-logo.png\" alt=\"Sarja Grillaz\" width=\"173\" height=\"142\" srcset=\"https:\/\/tammetorubbq.ee\/wp-content\/uploads\/2025\/07\/Serial-Grillaz-logo.png 299w, https:\/\/tammetorubbq.ee\/wp-content\/uploads\/2025\/07\/Serial-Grillaz-logo-15x12.png 15w, https:\/\/tammetorubbq.ee\/wp-content\/uploads\/2025\/07\/Serial-Grillaz-logo-64x53.png 64w\" sizes=\"auto, (max-width: 173px) 100vw, 173px\" \/><\/p>","protected":false},"featured_media":3500,"comment_status":"open","ping_status":"closed","template":"","meta":{"_uf_show_specific_survey":0,"_uf_disable_surveys":false},"pwb-brand":[184],"product_brand":[],"product_cat":[21,20],"product_tag":[118,159,211],"class_list":{"0":"post-3499","1":"product","2":"type-product","3":"status-publish","4":"has-post-thumbnail","6":"pwb-brand-serial-grillaz","7":"product_cat-maitseainesegud","8":"product_cat-kampaania","9":"product_tag-kanaliha","10":"product_tag-kanatiivad","11":"product_tag-serial-grillaz","13":"first","14":"instock","15":"sale","16":"taxable","17":"shipping-taxable","18":"purchasable","19":"product-type-simple"},"brands":[{"id":184,"name":"Sarja Grillaz","slug":"sarja-grillaz"}],"_links":{"self":[{"href":"https:\/\/tammetorubbq.ee\/fi\/wp-json\/wp\/v2\/product\/3499","targetHints":{"allow":["GET"]}}],"collection":[{"href":"https:\/\/tammetorubbq.ee\/fi\/wp-json\/wp\/v2\/product"}],"about":[{"href":"https:\/\/tammetorubbq.ee\/fi\/wp-json\/wp\/v2\/types\/product"}],"replies":[{"embeddable":true,"href":"https:\/\/tammetorubbq.ee\/fi\/wp-json\/wp\/v2\/comments?post=3499"}],"wp:featuredmedia":[{"embeddable":true,"href":"https:\/\/tammetorubbq.ee\/fi\/wp-json\/wp\/v2\/media\/3500"}],"wp:attachment":[{"href":"https:\/\/tammetorubbq.ee\/fi\/wp-json\/wp\/v2\/media?parent=3499"}],"wp:term":[{"taxonomy":"pwb-brand","embeddable":true,"href":"https:\/\/tammetorubbq.ee\/fi\/wp-json\/wp\/v2\/pwb-brand?post=3499"},{"taxonomy":"product_brand","embeddable":true,"href":"https:\/\/tammetorubbq.ee\/fi\/wp-json\/wp\/v2\/product_brand?post=3499"},{"taxonomy":"product_cat","embeddable":true,"href":"https:\/\/tammetorubbq.ee\/fi\/wp-json\/wp\/v2\/product_cat?post=3499"},{"taxonomy":"product_tag","embeddable":true,"href":"https:\/\/tammetorubbq.ee\/fi\/wp-json\/wp\/v2\/product_tag?post=3499"}],"curies":[{"name":"wp","href":"https:\/\/api.w.org\/{rel}","templated":true}]}}