{"id":3527,"date":"2025-07-25T15:18:10","date_gmt":"2025-07-25T12:18:10","guid":{"rendered":"https:\/\/tammetorubbq.ee\/?post_type=product&#038;p=3527"},"modified":"2026-05-17T10:00:03","modified_gmt":"2026-05-17T07:00:03","slug":"kitchen-spells-prince-charming-steak-rub-200g","status":"publish","type":"product","link":"https:\/\/tammetorubbq.ee\/fi\/toode\/kitchen-spells-prince-charming-steak-rub-200g\/","title":{"rendered":"Kitchen Spells Prince Charming Steak Rub 200g"},"content":{"rendered":"<p><strong data-start=\"588\" data-end=\"604\">Ainesosat:<\/strong> suola, mustapippuri, paprika, valkosipuli, sipuli, yrtit ja mausteet.<\/p>","protected":false},"excerpt":{"rendered":"<p data-start=\"80\" data-end=\"372\">Keitti\u00f6n loitsut <strong data-start=\"95\" data-end=\"114\">Prinssi Hurmaava<\/strong> Steak Rub on makupitoinen mausteseos, joka on luotu erityisesti niille, jotka arvostavat todella maagista pihviel\u00e4myst\u00e4.<\/p>\n<p data-start=\"80\" data-end=\"372\">T\u00e4m\u00e4 huolellisesti valittu ainesosien yhdistelm\u00e4 antaa lihalle syv\u00e4n, t\u00e4ytel\u00e4isen ja hieman savuisen maun, joka vangitsee sinut ensimm\u00e4isest\u00e4 suupalasta l\u00e4htien.<\/p>\n<p data-start=\"374\" data-end=\"586\">Ihanteellinen naudan-, sian- ja karitsanlihan maustamiseen ennen grillausta tai paahtamista. Hierontatyyppinen sekoitus takaa, ett\u00e4 aromit imeytyv\u00e4t syv\u00e4lle lihaan, mik\u00e4 luo kulinaarisen lopputuloksen, joka on sek\u00e4 voimakas ett\u00e4 hienovarainen.<\/p>\n<p data-start=\"374\" data-end=\"586\"><strong>Lis\u00e4\u00e4 keitti\u00f6\u00f6si hieman taikaa - Prince Charming Steak Rub tekee jokaisesta ruoasta kuninkaallisen!<\/strong><\/p>\n<p><img loading=\"lazy\" decoding=\"async\" class=\"wp-image-3517\" src=\"http:\/\/tammetorubbq.ee\/wp-content\/uploads\/2025\/07\/Saldva-logo-300x300.avif\" alt=\"Saldva\" width=\"166\" height=\"166\" srcset=\"https:\/\/tammetorubbq.ee\/wp-content\/uploads\/2025\/07\/Saldva-logo-300x300.avif 300w, https:\/\/tammetorubbq.ee\/wp-content\/uploads\/2025\/07\/Saldva-logo-1024x1024.avif 1024w, https:\/\/tammetorubbq.ee\/wp-content\/uploads\/2025\/07\/Saldva-logo-150x150.avif 150w, https:\/\/tammetorubbq.ee\/wp-content\/uploads\/2025\/07\/Saldva-logo-768x768.avif 768w, https:\/\/tammetorubbq.ee\/wp-content\/uploads\/2025\/07\/Saldva-logo-1536x1536.avif 1536w, https:\/\/tammetorubbq.ee\/wp-content\/uploads\/2025\/07\/Saldva-logo-2048x2048.avif 2048w, https:\/\/tammetorubbq.ee\/wp-content\/uploads\/2025\/07\/Saldva-logo-12x12.avif 12w, https:\/\/tammetorubbq.ee\/wp-content\/uploads\/2025\/07\/Saldva-logo-600x600.avif 600w, https:\/\/tammetorubbq.ee\/wp-content\/uploads\/2025\/07\/Saldva-logo-64x64.avif 64w\" sizes=\"auto, (max-width: 166px) 100vw, 166px\" \/><\/p>","protected":false},"featured_media":3528,"comment_status":"open","ping_status":"closed","template":"","meta":{"_uf_show_specific_survey":0,"_uf_disable_surveys":false},"pwb-brand":[185],"product_brand":[],"product_cat":[21,20],"product_tag":[255,112,114,123,119],"class_list":{"0":"post-3527","1":"product","2":"type-product","3":"status-publish","4":"has-post-thumbnail","6":"pwb-brand-saldva","7":"product_cat-maitseainesegud","8":"product_cat-kampaania","9":"product_tag-kitchen-spells","10":"product_tag-lambaliha","11":"product_tag-sealiha","12":"product_tag-steik","13":"product_tag-veiseliha","15":"first","16":"instock","17":"sale","18":"taxable","19":"shipping-taxable","20":"purchasable","21":"product-type-simple"},"brands":[{"id":185,"name":"Saldva","slug":"saldva"}],"_links":{"self":[{"href":"https:\/\/tammetorubbq.ee\/fi\/wp-json\/wp\/v2\/product\/3527","targetHints":{"allow":["GET"]}}],"collection":[{"href":"https:\/\/tammetorubbq.ee\/fi\/wp-json\/wp\/v2\/product"}],"about":[{"href":"https:\/\/tammetorubbq.ee\/fi\/wp-json\/wp\/v2\/types\/product"}],"replies":[{"embeddable":true,"href":"https:\/\/tammetorubbq.ee\/fi\/wp-json\/wp\/v2\/comments?post=3527"}],"wp:featuredmedia":[{"embeddable":true,"href":"https:\/\/tammetorubbq.ee\/fi\/wp-json\/wp\/v2\/media\/3528"}],"wp:attachment":[{"href":"https:\/\/tammetorubbq.ee\/fi\/wp-json\/wp\/v2\/media?parent=3527"}],"wp:term":[{"taxonomy":"pwb-brand","embeddable":true,"href":"https:\/\/tammetorubbq.ee\/fi\/wp-json\/wp\/v2\/pwb-brand?post=3527"},{"taxonomy":"product_brand","embeddable":true,"href":"https:\/\/tammetorubbq.ee\/fi\/wp-json\/wp\/v2\/product_brand?post=3527"},{"taxonomy":"product_cat","embeddable":true,"href":"https:\/\/tammetorubbq.ee\/fi\/wp-json\/wp\/v2\/product_cat?post=3527"},{"taxonomy":"product_tag","embeddable":true,"href":"https:\/\/tammetorubbq.ee\/fi\/wp-json\/wp\/v2\/product_tag?post=3527"}],"curies":[{"name":"wp","href":"https:\/\/api.w.org\/{rel}","templated":true}]}}