{"id":3529,"date":"2025-07-25T15:22:19","date_gmt":"2025-07-25T12:22:19","guid":{"rendered":"https:\/\/tammetorubbq.ee\/?post_type=product&#038;p=3529"},"modified":"2026-04-30T01:00:01","modified_gmt":"2026-04-29T22:00:01","slug":"kitchen-spells-mad-king-steak-rub-200g","status":"publish","type":"product","link":"https:\/\/tammetorubbq.ee\/fi\/toode\/kitchen-spells-mad-king-steak-rub-200g\/","title":{"rendered":"Kitchen Spells Mad King pihvi Rub 200g"},"content":{"rendered":"<p><strong data-start=\"574\" data-end=\"590\">Ainesosat:<\/strong> suolaa, paprikaa, mustapippuria, valkosipulia, chili\u00e4, sipulia, yrttej\u00e4 ja muita mausteita.<\/p>","protected":false},"excerpt":{"rendered":"<p data-start=\"73\" data-end=\"403\">Keitti\u00f6n loitsut <strong data-start=\"73\" data-end=\"100\">Mad King<\/strong> Steak rub on mausteseos, joka ei tunne rajoja - rohkea, voimakas ja maukas!<\/p>\n<p data-start=\"73\" data-end=\"403\">T\u00e4m\u00e4 rub on suunniteltu todellisille lihan yst\u00e4ville, jotka eiv\u00e4t pelk\u00e4\u00e4 voimakkaita ja luonteikkaita makuja.<\/p>\n<p data-start=\"73\" data-end=\"403\">Seoksessa yhdistyv\u00e4t klassiset mausteet savuiseen ja hieman pist\u00e4v\u00e4\u00e4n vivahteeseen, joka tuo lihaan kuninkaallisen ja unohtumattoman syv\u00e4n maun.<\/p>\n<p data-start=\"405\" data-end=\"572\">Sopii erinomaisesti naudan-, sian- ja riistanlihan maustamiseen.<\/p>\n<p data-start=\"405\" data-end=\"572\">Ihanteellinen grillaukseen, paistamiseen tai matalalla l\u00e4mm\u00f6ll\u00e4 kypsent\u00e4miseen - anna mausteiden tehd\u00e4 ty\u00f6ns\u00e4!<\/p>\n<p data-start=\"405\" data-end=\"572\"><strong>Anna Mad Kingin hallita grilli\u00e4si - Mad King tuo voimakkaan ja kapinallisen maun jokaiseen suupalaan!<\/strong><\/p>","protected":false},"featured_media":3530,"comment_status":"open","ping_status":"closed","template":"","meta":{"_uf_show_specific_survey":0,"_uf_disable_surveys":false},"pwb-brand":[185],"product_brand":[],"product_cat":[21,20],"product_tag":[255,112,114,139,119],"class_list":{"0":"post-3529","1":"product","2":"type-product","3":"status-publish","4":"has-post-thumbnail","6":"pwb-brand-saldva","7":"product_cat-maitseainesegud","8":"product_cat-kampaania","9":"product_tag-kitchen-spells","10":"product_tag-lambaliha","11":"product_tag-sealiha","12":"product_tag-ulukiliha","13":"product_tag-veiseliha","15":"first","16":"outofstock","17":"sale","18":"taxable","19":"shipping-taxable","20":"purchasable","21":"product-type-simple"},"brands":[{"id":185,"name":"Saldva","slug":"saldva"}],"_links":{"self":[{"href":"https:\/\/tammetorubbq.ee\/fi\/wp-json\/wp\/v2\/product\/3529","targetHints":{"allow":["GET"]}}],"collection":[{"href":"https:\/\/tammetorubbq.ee\/fi\/wp-json\/wp\/v2\/product"}],"about":[{"href":"https:\/\/tammetorubbq.ee\/fi\/wp-json\/wp\/v2\/types\/product"}],"replies":[{"embeddable":true,"href":"https:\/\/tammetorubbq.ee\/fi\/wp-json\/wp\/v2\/comments?post=3529"}],"wp:featuredmedia":[{"embeddable":true,"href":"https:\/\/tammetorubbq.ee\/fi\/wp-json\/wp\/v2\/media\/3530"}],"wp:attachment":[{"href":"https:\/\/tammetorubbq.ee\/fi\/wp-json\/wp\/v2\/media?parent=3529"}],"wp:term":[{"taxonomy":"pwb-brand","embeddable":true,"href":"https:\/\/tammetorubbq.ee\/fi\/wp-json\/wp\/v2\/pwb-brand?post=3529"},{"taxonomy":"product_brand","embeddable":true,"href":"https:\/\/tammetorubbq.ee\/fi\/wp-json\/wp\/v2\/product_brand?post=3529"},{"taxonomy":"product_cat","embeddable":true,"href":"https:\/\/tammetorubbq.ee\/fi\/wp-json\/wp\/v2\/product_cat?post=3529"},{"taxonomy":"product_tag","embeddable":true,"href":"https:\/\/tammetorubbq.ee\/fi\/wp-json\/wp\/v2\/product_tag?post=3529"}],"curies":[{"name":"wp","href":"https:\/\/api.w.org\/{rel}","templated":true}]}}