{"id":3531,"date":"2025-07-25T15:29:44","date_gmt":"2025-07-25T12:29:44","guid":{"rendered":"https:\/\/tammetorubbq.ee\/?post_type=product&#038;p=3531"},"modified":"2026-05-17T10:00:17","modified_gmt":"2026-05-17T07:00:17","slug":"kitchen-spells-oh-sweet-lord-rub-210g","status":"publish","type":"product","link":"https:\/\/tammetorubbq.ee\/fi\/toode\/kitchen-spells-oh-sweet-lord-rub-210g\/","title":{"rendered":"Kitchen Spells Oh Sweet Lord Rub 210g"},"content":{"rendered":"<p><strong data-start=\"586\" data-end=\"602\">Ainesosat:<\/strong> ruskea sokeri, paprika, suola, valkosipuli, sipuli, mustapippuri, chili, yrtit ja mausteet.<\/p>","protected":false},"excerpt":{"rendered":"<p data-start=\"72\" data-end=\"375\">Keitti\u00f6n loitsut<strong data-start=\"72\" data-end=\"104\"> Voi hyv\u00e4 luoja<\/strong> Rub on t\u00e4ydellinen sekoitus makeaa, savuista ja mausteista - t\u00e4ydellinen niille, jotka rakastavat syvi\u00e4, t\u00e4ytel\u00e4isi\u00e4 makuja, joissa on karamellis\u00e4vyj\u00e4.<\/p>\n<p data-start=\"72\" data-end=\"375\">T\u00e4m\u00e4 rub tuo esiin lihan luonnollisen makeuden ja lis\u00e4\u00e4 samalla makukerroksen, joka sopii t\u00e4ydellisesti BBQ-tyyliseen ruoanlaittoon.<\/p>\n<p data-start=\"377\" data-end=\"584\">Erinomainen valinta sianlihan, kanan, ribsien ja jopa vihannesten maustamiseen.<\/p>\n<p data-start=\"377\" data-end=\"584\">Se sopii erityisen hyvin hitaaseen paistamiseen tai grillaamiseen, jotta sokerit karamellisoituvat ja luovat rapean, kultaisen kuoren.<\/p>\n<p data-start=\"377\" data-end=\"584\"><strong>Voi hyv\u00e4 luoja - t\u00e4m\u00e4 hieronta saa sinut huokaisemaan ensimm\u00e4isen kulauksen j\u00e4lkeen! Makea, savuinen ja vastustamaton.<\/strong><\/p>\n<p><img loading=\"lazy\" decoding=\"async\" class=\"wp-image-3517\" src=\"http:\/\/tammetorubbq.ee\/wp-content\/uploads\/2025\/07\/Saldva-logo-300x300.avif\" alt=\"Saldva\" width=\"166\" height=\"166\" srcset=\"https:\/\/tammetorubbq.ee\/wp-content\/uploads\/2025\/07\/Saldva-logo-300x300.avif 300w, https:\/\/tammetorubbq.ee\/wp-content\/uploads\/2025\/07\/Saldva-logo-1024x1024.avif 1024w, https:\/\/tammetorubbq.ee\/wp-content\/uploads\/2025\/07\/Saldva-logo-150x150.avif 150w, https:\/\/tammetorubbq.ee\/wp-content\/uploads\/2025\/07\/Saldva-logo-768x768.avif 768w, https:\/\/tammetorubbq.ee\/wp-content\/uploads\/2025\/07\/Saldva-logo-1536x1536.avif 1536w, https:\/\/tammetorubbq.ee\/wp-content\/uploads\/2025\/07\/Saldva-logo-2048x2048.avif 2048w, https:\/\/tammetorubbq.ee\/wp-content\/uploads\/2025\/07\/Saldva-logo-12x12.avif 12w, https:\/\/tammetorubbq.ee\/wp-content\/uploads\/2025\/07\/Saldva-logo-600x600.avif 600w, https:\/\/tammetorubbq.ee\/wp-content\/uploads\/2025\/07\/Saldva-logo-64x64.avif 64w\" sizes=\"auto, (max-width: 166px) 100vw, 166px\" \/><\/p>","protected":false},"featured_media":3532,"comment_status":"open","ping_status":"closed","template":"","meta":{"_uf_show_specific_survey":0,"_uf_disable_surveys":false},"pwb-brand":[185],"product_brand":[],"product_cat":[21,20],"product_tag":[118,255,121,114,122],"class_list":{"0":"post-3531","1":"product","2":"type-product","3":"status-publish","4":"has-post-thumbnail","6":"pwb-brand-saldva","7":"product_cat-maitseainesegud","8":"product_cat-kampaania","9":"product_tag-kanaliha","10":"product_tag-kitchen-spells","11":"product_tag-koogiviljad","12":"product_tag-sealiha","13":"product_tag-searibi","15":"first","16":"outofstock","17":"sale","18":"taxable","19":"shipping-taxable","20":"purchasable","21":"product-type-simple"},"brands":[{"id":185,"name":"Saldva","slug":"saldva"}],"_links":{"self":[{"href":"https:\/\/tammetorubbq.ee\/fi\/wp-json\/wp\/v2\/product\/3531","targetHints":{"allow":["GET"]}}],"collection":[{"href":"https:\/\/tammetorubbq.ee\/fi\/wp-json\/wp\/v2\/product"}],"about":[{"href":"https:\/\/tammetorubbq.ee\/fi\/wp-json\/wp\/v2\/types\/product"}],"replies":[{"embeddable":true,"href":"https:\/\/tammetorubbq.ee\/fi\/wp-json\/wp\/v2\/comments?post=3531"}],"wp:featuredmedia":[{"embeddable":true,"href":"https:\/\/tammetorubbq.ee\/fi\/wp-json\/wp\/v2\/media\/3532"}],"wp:attachment":[{"href":"https:\/\/tammetorubbq.ee\/fi\/wp-json\/wp\/v2\/media?parent=3531"}],"wp:term":[{"taxonomy":"pwb-brand","embeddable":true,"href":"https:\/\/tammetorubbq.ee\/fi\/wp-json\/wp\/v2\/pwb-brand?post=3531"},{"taxonomy":"product_brand","embeddable":true,"href":"https:\/\/tammetorubbq.ee\/fi\/wp-json\/wp\/v2\/product_brand?post=3531"},{"taxonomy":"product_cat","embeddable":true,"href":"https:\/\/tammetorubbq.ee\/fi\/wp-json\/wp\/v2\/product_cat?post=3531"},{"taxonomy":"product_tag","embeddable":true,"href":"https:\/\/tammetorubbq.ee\/fi\/wp-json\/wp\/v2\/product_tag?post=3531"}],"curies":[{"name":"wp","href":"https:\/\/api.w.org\/{rel}","templated":true}]}}