{"id":3533,"date":"2025-07-25T15:37:18","date_gmt":"2025-07-25T12:37:18","guid":{"rendered":"https:\/\/tammetorubbq.ee\/?post_type=product&#038;p=3533"},"modified":"2026-05-17T08:00:12","modified_gmt":"2026-05-17T05:00:12","slug":"kitchen-spells-drama-queen-rub-200g","status":"publish","type":"product","link":"https:\/\/tammetorubbq.ee\/fi\/toode\/kitchen-spells-drama-queen-rub-200g\/","title":{"rendered":"Kitchen Spells Drama Queen Rub 200g"},"content":{"rendered":"<p><strong data-start=\"602\" data-end=\"618\">Ainesosat:<\/strong> ruskea sokeri, paprika, chili, suola, valkosipuli, sipuli, mustapippuri, yrtit ja mausteet.<\/p>","protected":false},"excerpt":{"rendered":"<p data-start=\"70\" data-end=\"402\">Keitti\u00f6n loitsut<strong data-start=\"70\" data-end=\"100\"> Drama Queen<\/strong> Rub on rohkean mausteinen makujen ja luonteen sekoitus, joka rakastaa huomiota - aivan kuin oikea draamakuningatar!<\/p>\n<p data-start=\"70\" data-end=\"402\">T\u00e4ss\u00e4 rubissa yhdistyv\u00e4t savuinen, makea ja mausteinen harmonia, joka tekee jokaisesta ruoasta el\u00e4myksen.<\/p>\n<p data-start=\"70\" data-end=\"402\">Tuo esiin lihan luonnollisen maun ja antaa sille kirpe\u00e4n, hieman eksoottisen vivahteen.<\/p>\n<p data-start=\"404\" data-end=\"600\">Ihanteellinen kanan, sianlihan, naudanlihan ja jopa kasvisruokien maustamiseen. Erinomainen valinta grillaukseen, uunissa paistamiseen tai pannulla paistamiseen - miss\u00e4 tahansa haluat tehd\u00e4 makupaljastuksia.<\/p>\n<p data-start=\"404\" data-end=\"600\"><strong>Drama Queen - koska jokaisella ruokalajilla on oikeus loistaa lavalla! Intensiivisi\u00e4, rohkeita ja mieleenpainuvia makuja jokaisessa suupalassa.<\/strong><\/p>\n<p><img loading=\"lazy\" decoding=\"async\" class=\"wp-image-3517\" src=\"http:\/\/tammetorubbq.ee\/wp-content\/uploads\/2025\/07\/Saldva-logo-300x300.avif\" alt=\"Saldva\" width=\"168\" height=\"168\" srcset=\"https:\/\/tammetorubbq.ee\/wp-content\/uploads\/2025\/07\/Saldva-logo-300x300.avif 300w, https:\/\/tammetorubbq.ee\/wp-content\/uploads\/2025\/07\/Saldva-logo-1024x1024.avif 1024w, https:\/\/tammetorubbq.ee\/wp-content\/uploads\/2025\/07\/Saldva-logo-150x150.avif 150w, https:\/\/tammetorubbq.ee\/wp-content\/uploads\/2025\/07\/Saldva-logo-768x768.avif 768w, https:\/\/tammetorubbq.ee\/wp-content\/uploads\/2025\/07\/Saldva-logo-1536x1536.avif 1536w, https:\/\/tammetorubbq.ee\/wp-content\/uploads\/2025\/07\/Saldva-logo-2048x2048.avif 2048w, https:\/\/tammetorubbq.ee\/wp-content\/uploads\/2025\/07\/Saldva-logo-12x12.avif 12w, https:\/\/tammetorubbq.ee\/wp-content\/uploads\/2025\/07\/Saldva-logo-600x600.avif 600w, https:\/\/tammetorubbq.ee\/wp-content\/uploads\/2025\/07\/Saldva-logo-64x64.avif 64w\" sizes=\"auto, (max-width: 168px) 100vw, 168px\" \/><\/p>","protected":false},"featured_media":3534,"comment_status":"open","ping_status":"closed","template":"","meta":{"_uf_show_specific_survey":0,"_uf_disable_surveys":false},"pwb-brand":[185],"product_brand":[],"product_cat":[21,20],"product_tag":[118,255,121,114,119],"class_list":{"0":"post-3533","1":"product","2":"type-product","3":"status-publish","4":"has-post-thumbnail","6":"pwb-brand-saldva","7":"product_cat-maitseainesegud","8":"product_cat-kampaania","9":"product_tag-kanaliha","10":"product_tag-kitchen-spells","11":"product_tag-koogiviljad","12":"product_tag-sealiha","13":"product_tag-veiseliha","15":"first","16":"instock","17":"sale","18":"taxable","19":"shipping-taxable","20":"purchasable","21":"product-type-simple"},"brands":[{"id":185,"name":"Saldva","slug":"saldva"}],"_links":{"self":[{"href":"https:\/\/tammetorubbq.ee\/fi\/wp-json\/wp\/v2\/product\/3533","targetHints":{"allow":["GET"]}}],"collection":[{"href":"https:\/\/tammetorubbq.ee\/fi\/wp-json\/wp\/v2\/product"}],"about":[{"href":"https:\/\/tammetorubbq.ee\/fi\/wp-json\/wp\/v2\/types\/product"}],"replies":[{"embeddable":true,"href":"https:\/\/tammetorubbq.ee\/fi\/wp-json\/wp\/v2\/comments?post=3533"}],"wp:featuredmedia":[{"embeddable":true,"href":"https:\/\/tammetorubbq.ee\/fi\/wp-json\/wp\/v2\/media\/3534"}],"wp:attachment":[{"href":"https:\/\/tammetorubbq.ee\/fi\/wp-json\/wp\/v2\/media?parent=3533"}],"wp:term":[{"taxonomy":"pwb-brand","embeddable":true,"href":"https:\/\/tammetorubbq.ee\/fi\/wp-json\/wp\/v2\/pwb-brand?post=3533"},{"taxonomy":"product_brand","embeddable":true,"href":"https:\/\/tammetorubbq.ee\/fi\/wp-json\/wp\/v2\/product_brand?post=3533"},{"taxonomy":"product_cat","embeddable":true,"href":"https:\/\/tammetorubbq.ee\/fi\/wp-json\/wp\/v2\/product_cat?post=3533"},{"taxonomy":"product_tag","embeddable":true,"href":"https:\/\/tammetorubbq.ee\/fi\/wp-json\/wp\/v2\/product_tag?post=3533"}],"curies":[{"name":"wp","href":"https:\/\/api.w.org\/{rel}","templated":true}]}}