{"id":3535,"date":"2025-07-25T15:44:33","date_gmt":"2025-07-25T12:44:33","guid":{"rendered":"https:\/\/tammetorubbq.ee\/?post_type=product&#038;p=3535"},"modified":"2026-05-17T10:00:10","modified_gmt":"2026-05-17T07:00:10","slug":"kitchen-spells-gourmet-emperor-rub-190g","status":"publish","type":"product","link":"https:\/\/tammetorubbq.ee\/fi\/toode\/kitchen-spells-gourmet-emperor-rub-190g\/","title":{"rendered":"Kitchen Spells Gourmet Emperor Rub 190g"},"content":{"rendered":"<p><strong data-start=\"579\" data-end=\"595\">Ainesosat:<\/strong> suola, paprika, valkosipuli, sipuli, mustapippuri, rosmariini, timjami, muskottip\u00e4hkin\u00e4, mausteet ja yrtit.<\/p>","protected":false},"excerpt":{"rendered":"<p data-start=\"74\" data-end=\"380\">Keitti\u00f6n loitsut<strong data-start=\"74\" data-end=\"108\"> Gourmet-keisari<\/strong> rub on ylellinen ja mestarillisesti tasapainotettu mausteseos, joka on luotu todelliseksi makuel\u00e4mykseksi.<\/p>\n<p data-start=\"74\" data-end=\"380\">Sen rikkaassa koostumuksessa yhdistyv\u00e4t hienot yrtit, mausteet ja hieman savuinen vivahde, ja se tarjoaa syv\u00e4n ja tyylikk\u00e4\u00e4n maun, joka sopii t\u00e4ydellisesti gourmet-ruokiin.<\/p>\n<p data-start=\"382\" data-end=\"577\">Sopii erinomaisesti naudan-, lampaan-, sian- ja siipikarjanlihan maustamiseen.<\/p>\n<p data-start=\"382\" data-end=\"577\">Se toimii my\u00f6s erinomaisesti vihannesten ja leivonnaisten mausteena.<\/p>\n<p data-start=\"382\" data-end=\"577\">T\u00e4m\u00e4 rub muuttaa mink\u00e4 tahansa ruokalajin ravintolatasolle - ilman vaivaa.<\/p>\n<p data-start=\"382\" data-end=\"577\"><strong>Gourmet Emperor - kuninkaallinen sekoitus, joka hallitsee makuja. Hienostunut, voimakas ja jokaisen aterian arvoinen.<\/strong><\/p>\n<p><img loading=\"lazy\" decoding=\"async\" class=\"wp-image-3517\" src=\"http:\/\/tammetorubbq.ee\/wp-content\/uploads\/2025\/07\/Saldva-logo-300x300.avif\" alt=\"Saldva\" width=\"166\" height=\"166\" srcset=\"https:\/\/tammetorubbq.ee\/wp-content\/uploads\/2025\/07\/Saldva-logo-300x300.avif 300w, https:\/\/tammetorubbq.ee\/wp-content\/uploads\/2025\/07\/Saldva-logo-1024x1024.avif 1024w, https:\/\/tammetorubbq.ee\/wp-content\/uploads\/2025\/07\/Saldva-logo-150x150.avif 150w, https:\/\/tammetorubbq.ee\/wp-content\/uploads\/2025\/07\/Saldva-logo-768x768.avif 768w, https:\/\/tammetorubbq.ee\/wp-content\/uploads\/2025\/07\/Saldva-logo-1536x1536.avif 1536w, https:\/\/tammetorubbq.ee\/wp-content\/uploads\/2025\/07\/Saldva-logo-2048x2048.avif 2048w, https:\/\/tammetorubbq.ee\/wp-content\/uploads\/2025\/07\/Saldva-logo-12x12.avif 12w, https:\/\/tammetorubbq.ee\/wp-content\/uploads\/2025\/07\/Saldva-logo-600x600.avif 600w, https:\/\/tammetorubbq.ee\/wp-content\/uploads\/2025\/07\/Saldva-logo-64x64.avif 64w\" sizes=\"auto, (max-width: 166px) 100vw, 166px\" \/><\/p>","protected":false},"featured_media":3536,"comment_status":"open","ping_status":"closed","template":"","meta":{"_uf_show_specific_survey":0,"_uf_disable_surveys":false},"pwb-brand":[185],"product_brand":[],"product_cat":[21,20],"product_tag":[255,121,112,182,123,119],"class_list":{"0":"post-3535","1":"product","2":"type-product","3":"status-publish","4":"has-post-thumbnail","6":"pwb-brand-saldva","7":"product_cat-maitseainesegud","8":"product_cat-kampaania","9":"product_tag-kitchen-spells","10":"product_tag-koogiviljad","11":"product_tag-lambaliha","12":"product_tag-linnuliha","13":"product_tag-steik","14":"product_tag-veiseliha","16":"first","17":"instock","18":"sale","19":"taxable","20":"shipping-taxable","21":"purchasable","22":"product-type-simple"},"brands":[{"id":185,"name":"Saldva","slug":"saldva"}],"_links":{"self":[{"href":"https:\/\/tammetorubbq.ee\/fi\/wp-json\/wp\/v2\/product\/3535","targetHints":{"allow":["GET"]}}],"collection":[{"href":"https:\/\/tammetorubbq.ee\/fi\/wp-json\/wp\/v2\/product"}],"about":[{"href":"https:\/\/tammetorubbq.ee\/fi\/wp-json\/wp\/v2\/types\/product"}],"replies":[{"embeddable":true,"href":"https:\/\/tammetorubbq.ee\/fi\/wp-json\/wp\/v2\/comments?post=3535"}],"wp:featuredmedia":[{"embeddable":true,"href":"https:\/\/tammetorubbq.ee\/fi\/wp-json\/wp\/v2\/media\/3536"}],"wp:attachment":[{"href":"https:\/\/tammetorubbq.ee\/fi\/wp-json\/wp\/v2\/media?parent=3535"}],"wp:term":[{"taxonomy":"pwb-brand","embeddable":true,"href":"https:\/\/tammetorubbq.ee\/fi\/wp-json\/wp\/v2\/pwb-brand?post=3535"},{"taxonomy":"product_brand","embeddable":true,"href":"https:\/\/tammetorubbq.ee\/fi\/wp-json\/wp\/v2\/product_brand?post=3535"},{"taxonomy":"product_cat","embeddable":true,"href":"https:\/\/tammetorubbq.ee\/fi\/wp-json\/wp\/v2\/product_cat?post=3535"},{"taxonomy":"product_tag","embeddable":true,"href":"https:\/\/tammetorubbq.ee\/fi\/wp-json\/wp\/v2\/product_tag?post=3535"}],"curies":[{"name":"wp","href":"https:\/\/api.w.org\/{rel}","templated":true}]}}