{"id":3537,"date":"2025-07-25T15:52:35","date_gmt":"2025-07-25T12:52:35","guid":{"rendered":"https:\/\/tammetorubbq.ee\/?post_type=product&#038;p=3537"},"modified":"2026-04-15T03:00:23","modified_gmt":"2026-04-15T00:00:23","slug":"saldva-ultimate-rub-230g","status":"publish","type":"product","link":"https:\/\/tammetorubbq.ee\/fi\/product-2\/saldva-ultimate-rub-230g\/","title":{"rendered":"Saldva Ultimate Rub 230g"},"content":{"rendered":"<p><strong data-start=\"534\" data-end=\"550\">Ainesosat:<\/strong> suola, mustapippuri, paprika, valkosipuli, sipuli, yrtit, mausteet.<\/p>","protected":false},"excerpt":{"rendered":"<p data-start=\"59\" data-end=\"322\">Saldva <strong data-start=\"59\" data-end=\"82\">Ultimate Rub<\/strong> on kaiken kattava makusekoitus, joka tekee jokaisesta ruokalajista erityisen.<\/p>\n<p data-start=\"59\" data-end=\"322\">T\u00e4ss\u00e4 tehokkaassa ja tasapainoisessa hieronnassa yhdistyv\u00e4t suola, pippuri, valkosipuli, yrtit ja mausteet, ja seos sopii l\u00e4hes kaikille lihoille ja elintarvikkeille - todellinen all-in-one-ratkaisu keitti\u00f6\u00f6si.<\/p>\n<p data-start=\"324\" data-end=\"532\">Sopii erinomaisesti naudanlihan, sianlihan, kanan, vihannesten ja jopa grillatun tofun maustamiseen.<\/p>\n<p data-start=\"324\" data-end=\"532\">K\u00e4yt\u00e4 ennen leivontaa, grillausta tai paistamista, jotta saat syv\u00e4n makuista ruokaa, jossa on kullanruskea kuori.<\/p>\n<p data-start=\"324\" data-end=\"532\"><strong>Ultimate Rub - yleisk\u00e4ytt\u00f6inen makuvelho keitti\u00f6\u00f6si. Helppo k\u00e4ytt\u00e4\u00e4, aina loistavat tulokset!<\/strong><\/p>\n<p><img loading=\"lazy\" decoding=\"async\" class=\"wp-image-3517\" src=\"http:\/\/tammetorubbq.ee\/wp-content\/uploads\/2025\/07\/Saldva-logo-300x300.avif\" alt=\"Saldva\" width=\"169\" height=\"169\" srcset=\"https:\/\/tammetorubbq.ee\/wp-content\/uploads\/2025\/07\/Saldva-logo-300x300.avif 300w, https:\/\/tammetorubbq.ee\/wp-content\/uploads\/2025\/07\/Saldva-logo-1024x1024.avif 1024w, https:\/\/tammetorubbq.ee\/wp-content\/uploads\/2025\/07\/Saldva-logo-150x150.avif 150w, https:\/\/tammetorubbq.ee\/wp-content\/uploads\/2025\/07\/Saldva-logo-768x768.avif 768w, https:\/\/tammetorubbq.ee\/wp-content\/uploads\/2025\/07\/Saldva-logo-1536x1536.avif 1536w, https:\/\/tammetorubbq.ee\/wp-content\/uploads\/2025\/07\/Saldva-logo-2048x2048.avif 2048w, https:\/\/tammetorubbq.ee\/wp-content\/uploads\/2025\/07\/Saldva-logo-12x12.avif 12w, https:\/\/tammetorubbq.ee\/wp-content\/uploads\/2025\/07\/Saldva-logo-600x600.avif 600w, https:\/\/tammetorubbq.ee\/wp-content\/uploads\/2025\/07\/Saldva-logo-64x64.avif 64w\" sizes=\"auto, (max-width: 169px) 100vw, 169px\" \/><\/p>","protected":false},"featured_media":3538,"comment_status":"open","ping_status":"closed","template":"","meta":{"_uf_show_specific_survey":0,"_uf_disable_surveys":false},"pwb-brand":[185],"product_brand":[],"product_cat":[21],"product_tag":[118,121,114,123,119],"class_list":{"0":"post-3537","1":"product","2":"type-product","3":"status-publish","4":"has-post-thumbnail","6":"pwb-brand-saldva","7":"product_cat-maitseainesegud","8":"product_tag-kanaliha","9":"product_tag-koogiviljad","10":"product_tag-sealiha","11":"product_tag-steik","12":"product_tag-veiseliha","14":"first","15":"instock","16":"taxable","17":"shipping-taxable","18":"purchasable","19":"product-type-simple"},"brands":[{"id":185,"name":"Saldva","slug":"saldva"}],"_links":{"self":[{"href":"https:\/\/tammetorubbq.ee\/fi\/wp-json\/wp\/v2\/product\/3537","targetHints":{"allow":["GET"]}}],"collection":[{"href":"https:\/\/tammetorubbq.ee\/fi\/wp-json\/wp\/v2\/product"}],"about":[{"href":"https:\/\/tammetorubbq.ee\/fi\/wp-json\/wp\/v2\/types\/product"}],"replies":[{"embeddable":true,"href":"https:\/\/tammetorubbq.ee\/fi\/wp-json\/wp\/v2\/comments?post=3537"}],"wp:featuredmedia":[{"embeddable":true,"href":"https:\/\/tammetorubbq.ee\/fi\/wp-json\/wp\/v2\/media\/3538"}],"wp:attachment":[{"href":"https:\/\/tammetorubbq.ee\/fi\/wp-json\/wp\/v2\/media?parent=3537"}],"wp:term":[{"taxonomy":"pwb-brand","embeddable":true,"href":"https:\/\/tammetorubbq.ee\/fi\/wp-json\/wp\/v2\/pwb-brand?post=3537"},{"taxonomy":"product_brand","embeddable":true,"href":"https:\/\/tammetorubbq.ee\/fi\/wp-json\/wp\/v2\/product_brand?post=3537"},{"taxonomy":"product_cat","embeddable":true,"href":"https:\/\/tammetorubbq.ee\/fi\/wp-json\/wp\/v2\/product_cat?post=3537"},{"taxonomy":"product_tag","embeddable":true,"href":"https:\/\/tammetorubbq.ee\/fi\/wp-json\/wp\/v2\/product_tag?post=3537"}],"curies":[{"name":"wp","href":"https:\/\/api.w.org\/{rel}","templated":true}]}}