{"id":3541,"date":"2025-07-25T16:08:42","date_gmt":"2025-07-25T13:08:42","guid":{"rendered":"https:\/\/tammetorubbq.ee\/?post_type=product&#038;p=3541"},"modified":"2026-04-15T01:00:08","modified_gmt":"2026-04-14T22:00:08","slug":"saldva-holy-cow-rub-210g","status":"publish","type":"product","link":"https:\/\/tammetorubbq.ee\/fi\/product-2\/saldva-holy-cow-rub-210g\/","title":{"rendered":"Saldva Holy Cow Rub 210g"},"content":{"rendered":"<p><strong>Ainesosat:<\/strong> suola, mustapippuri, valkosipuli, valkosipuliuute, yrtit, mausteet.<\/p>","protected":false},"excerpt":{"rendered":"<p>Saldva <strong data-start=\"76\" data-end=\"92\">Pyh\u00e4 lehm\u00e4 Rub<\/strong> on vankka ja herkullisen tasapainoinen makuel\u00e4mys, joka on luotu todellisen lihanyst\u00e4v\u00e4n nautinnoksi.<\/p>\n<p>T\u00e4ss\u00e4 sekoituksessa yrttien, mausteiden ja klassisten mausteiden hienovarainen harmonia tekee jokaisesta suupalasta makuel\u00e4myksen.<\/p>\n<p><strong>Holy Cow Rub - koska kaikki liharuoat ansaitsevat kuninkaallisen kosketuksen!<\/strong><\/p>\n<p>&nbsp;<\/p>\n<p><img loading=\"lazy\" decoding=\"async\" class=\"alignnone wp-image-3517\" src=\"http:\/\/tammetorubbq.ee\/wp-content\/uploads\/2025\/07\/Saldva-logo-300x300.avif\" alt=\"Saldva\" width=\"167\" height=\"167\" srcset=\"https:\/\/tammetorubbq.ee\/wp-content\/uploads\/2025\/07\/Saldva-logo-300x300.avif 300w, https:\/\/tammetorubbq.ee\/wp-content\/uploads\/2025\/07\/Saldva-logo-1024x1024.avif 1024w, https:\/\/tammetorubbq.ee\/wp-content\/uploads\/2025\/07\/Saldva-logo-150x150.avif 150w, https:\/\/tammetorubbq.ee\/wp-content\/uploads\/2025\/07\/Saldva-logo-768x768.avif 768w, https:\/\/tammetorubbq.ee\/wp-content\/uploads\/2025\/07\/Saldva-logo-1536x1536.avif 1536w, https:\/\/tammetorubbq.ee\/wp-content\/uploads\/2025\/07\/Saldva-logo-2048x2048.avif 2048w, https:\/\/tammetorubbq.ee\/wp-content\/uploads\/2025\/07\/Saldva-logo-12x12.avif 12w, https:\/\/tammetorubbq.ee\/wp-content\/uploads\/2025\/07\/Saldva-logo-600x600.avif 600w, https:\/\/tammetorubbq.ee\/wp-content\/uploads\/2025\/07\/Saldva-logo-64x64.avif 64w\" sizes=\"auto, (max-width: 167px) 100vw, 167px\" \/><\/p>","protected":false},"featured_media":3542,"comment_status":"open","ping_status":"closed","template":"","meta":{"_uf_show_specific_survey":0,"_uf_disable_surveys":false},"pwb-brand":[185],"product_brand":[],"product_cat":[21],"product_tag":[123,119,165],"class_list":{"0":"post-3541","1":"product","2":"type-product","3":"status-publish","4":"has-post-thumbnail","6":"pwb-brand-saldva","7":"product_cat-maitseainesegud","8":"product_tag-steik","9":"product_tag-veiseliha","10":"product_tag-veiseribi","12":"first","13":"instock","14":"taxable","15":"shipping-taxable","16":"purchasable","17":"product-type-simple"},"brands":[{"id":185,"name":"Saldva","slug":"saldva"}],"_links":{"self":[{"href":"https:\/\/tammetorubbq.ee\/fi\/wp-json\/wp\/v2\/product\/3541","targetHints":{"allow":["GET"]}}],"collection":[{"href":"https:\/\/tammetorubbq.ee\/fi\/wp-json\/wp\/v2\/product"}],"about":[{"href":"https:\/\/tammetorubbq.ee\/fi\/wp-json\/wp\/v2\/types\/product"}],"replies":[{"embeddable":true,"href":"https:\/\/tammetorubbq.ee\/fi\/wp-json\/wp\/v2\/comments?post=3541"}],"wp:featuredmedia":[{"embeddable":true,"href":"https:\/\/tammetorubbq.ee\/fi\/wp-json\/wp\/v2\/media\/3542"}],"wp:attachment":[{"href":"https:\/\/tammetorubbq.ee\/fi\/wp-json\/wp\/v2\/media?parent=3541"}],"wp:term":[{"taxonomy":"pwb-brand","embeddable":true,"href":"https:\/\/tammetorubbq.ee\/fi\/wp-json\/wp\/v2\/pwb-brand?post=3541"},{"taxonomy":"product_brand","embeddable":true,"href":"https:\/\/tammetorubbq.ee\/fi\/wp-json\/wp\/v2\/product_brand?post=3541"},{"taxonomy":"product_cat","embeddable":true,"href":"https:\/\/tammetorubbq.ee\/fi\/wp-json\/wp\/v2\/product_cat?post=3541"},{"taxonomy":"product_tag","embeddable":true,"href":"https:\/\/tammetorubbq.ee\/fi\/wp-json\/wp\/v2\/product_tag?post=3541"}],"curies":[{"name":"wp","href":"https:\/\/api.w.org\/{rel}","templated":true}]}}