{"id":3547,"date":"2025-07-25T16:23:31","date_gmt":"2025-07-25T13:23:31","guid":{"rendered":"https:\/\/tammetorubbq.ee\/?post_type=product&#038;p=3547"},"modified":"2026-04-14T22:00:08","modified_gmt":"2026-04-14T19:00:08","slug":"saldva-steak-king-rub-200g","status":"publish","type":"product","link":"https:\/\/tammetorubbq.ee\/fi\/product-2\/saldva-steak-king-rub-200g\/","title":{"rendered":"Saldva Steak King Rub 200g"},"content":{"rendered":"<p data-start=\"818\" data-end=\"837\"><strong>Ainesosat:<\/strong> suola, mustapippuri, valkosipuli, korianteri, chili, neilikka, valkoinen, vihre\u00e4 ja vaaleanpunainen pippuri, rypsi\u00f6ljy.<\/p>","protected":false},"excerpt":{"rendered":"<p>Saldva <strong data-start=\"66\" data-end=\"91\">Steak King <\/strong>rub on todellisia lihanyst\u00e4vi\u00e4 varten luotu makusekoitus.<\/p>\n<p>Sen mausteinen ja tasapainoinen koostumus tuo esiin lihan luonnollisen maun ja antaa t\u00e4ydellisen grillauskokemuksen.<\/p>\n<ul>\n<li data-start=\"314\" data-end=\"490\">\n<p data-start=\"316\" data-end=\"490\"><strong data-start=\"316\" data-end=\"339\">Klassinen maku<\/strong>: sekoitus sis\u00e4lt\u00e4\u00e4 suolaa, mustapippuria, valkosipulia, korianteria, chili\u00e4, neilikkaa, valkoista, vihre\u00e4\u00e4 ja vaaleanpunaista pippuria, jotka antavat lihalle t\u00e4ytel\u00e4isen ja syv\u00e4n maun.<\/p>\n<\/li>\n<li data-start=\"491\" data-end=\"590\">\n<p data-start=\"493\" data-end=\"590\"><strong data-start=\"493\" data-end=\"514\">Luonnollinen koostumus<\/strong>: valmistettu 100% luonnollisista ainesosista, ilman keinotekoisia lis\u00e4aineita.<\/p>\n<\/li>\n<li data-start=\"591\" data-end=\"735\">\n<p data-start=\"593\" data-end=\"735\"><strong data-start=\"593\" data-end=\"617\">Yleisk\u00e4ytt\u00f6<\/strong>: sopii t\u00e4ydellisesti naudan-, sian-, lampaan- ja kananlihan, hampurilaisten, kebabin ja jopa grillattujen vihannesten maustamiseen.<\/p>\n<\/li>\n<\/ul>\n<p>&nbsp;<\/p>\n<p><img loading=\"lazy\" decoding=\"async\" class=\"alignnone wp-image-3517\" src=\"http:\/\/tammetorubbq.ee\/wp-content\/uploads\/2025\/07\/Saldva-logo-300x300.avif\" alt=\"Saldva\" width=\"166\" height=\"166\" srcset=\"https:\/\/tammetorubbq.ee\/wp-content\/uploads\/2025\/07\/Saldva-logo-300x300.avif 300w, https:\/\/tammetorubbq.ee\/wp-content\/uploads\/2025\/07\/Saldva-logo-1024x1024.avif 1024w, https:\/\/tammetorubbq.ee\/wp-content\/uploads\/2025\/07\/Saldva-logo-150x150.avif 150w, https:\/\/tammetorubbq.ee\/wp-content\/uploads\/2025\/07\/Saldva-logo-768x768.avif 768w, https:\/\/tammetorubbq.ee\/wp-content\/uploads\/2025\/07\/Saldva-logo-1536x1536.avif 1536w, https:\/\/tammetorubbq.ee\/wp-content\/uploads\/2025\/07\/Saldva-logo-2048x2048.avif 2048w, https:\/\/tammetorubbq.ee\/wp-content\/uploads\/2025\/07\/Saldva-logo-12x12.avif 12w, https:\/\/tammetorubbq.ee\/wp-content\/uploads\/2025\/07\/Saldva-logo-600x600.avif 600w, https:\/\/tammetorubbq.ee\/wp-content\/uploads\/2025\/07\/Saldva-logo-64x64.avif 64w\" sizes=\"auto, (max-width: 166px) 100vw, 166px\" \/><\/p>","protected":false},"featured_media":3548,"comment_status":"open","ping_status":"closed","template":"","meta":{"_uf_show_specific_survey":0,"_uf_disable_surveys":false},"pwb-brand":[185],"product_brand":[],"product_cat":[21],"product_tag":[118,121,112,319,114,123,119],"class_list":{"0":"post-3547","1":"product","2":"type-product","3":"status-publish","4":"has-post-thumbnail","6":"pwb-brand-saldva","7":"product_cat-maitseainesegud","8":"product_tag-kanaliha","9":"product_tag-koogiviljad","10":"product_tag-lambaliha","11":"product_tag-pardi-rinnafilee","12":"product_tag-sealiha","13":"product_tag-steik","14":"product_tag-veiseliha","16":"first","17":"instock","18":"taxable","19":"shipping-taxable","20":"purchasable","21":"product-type-simple"},"brands":[{"id":185,"name":"Saldva","slug":"saldva"}],"_links":{"self":[{"href":"https:\/\/tammetorubbq.ee\/fi\/wp-json\/wp\/v2\/product\/3547","targetHints":{"allow":["GET"]}}],"collection":[{"href":"https:\/\/tammetorubbq.ee\/fi\/wp-json\/wp\/v2\/product"}],"about":[{"href":"https:\/\/tammetorubbq.ee\/fi\/wp-json\/wp\/v2\/types\/product"}],"replies":[{"embeddable":true,"href":"https:\/\/tammetorubbq.ee\/fi\/wp-json\/wp\/v2\/comments?post=3547"}],"wp:featuredmedia":[{"embeddable":true,"href":"https:\/\/tammetorubbq.ee\/fi\/wp-json\/wp\/v2\/media\/3548"}],"wp:attachment":[{"href":"https:\/\/tammetorubbq.ee\/fi\/wp-json\/wp\/v2\/media?parent=3547"}],"wp:term":[{"taxonomy":"pwb-brand","embeddable":true,"href":"https:\/\/tammetorubbq.ee\/fi\/wp-json\/wp\/v2\/pwb-brand?post=3547"},{"taxonomy":"product_brand","embeddable":true,"href":"https:\/\/tammetorubbq.ee\/fi\/wp-json\/wp\/v2\/product_brand?post=3547"},{"taxonomy":"product_cat","embeddable":true,"href":"https:\/\/tammetorubbq.ee\/fi\/wp-json\/wp\/v2\/product_cat?post=3547"},{"taxonomy":"product_tag","embeddable":true,"href":"https:\/\/tammetorubbq.ee\/fi\/wp-json\/wp\/v2\/product_tag?post=3547"}],"curies":[{"name":"wp","href":"https:\/\/api.w.org\/{rel}","templated":true}]}}