{"id":3628,"date":"2025-08-31T13:08:00","date_gmt":"2025-08-31T10:08:00","guid":{"rendered":"https:\/\/tammetorubbq.ee\/?post_type=product&#038;p=3628"},"modified":"2026-04-05T20:00:13","modified_gmt":"2026-04-05T17:00:13","slug":"beefsteak-t-bone-steak-3x500g-nld","status":"publish","type":"product","link":"https:\/\/tammetorubbq.ee\/fi\/product-2\/beefsteak-t-bone-steak-3x500g-nld\/","title":{"rendered":"Lihamureke T-BONE-pihvi 3x500g GREENHILL (NLD)"},"content":{"rendered":"<p>J\u00e4\u00e4dytysmenetelm\u00e4: IVP -18\u00b0C.<br \/>\nPakkauksessa: ~1.5kg<\/p>\n<p>Tuotemerkki: Greenhill<br \/>\nAlkuper\u00e4maa: Alankomaat<\/p>\n<p>&nbsp;<\/p>\n<p>Tuotetta ei voi l\u00e4hett\u00e4\u00e4 pakettiautomaatilla tai kuriirilla.<\/p>\n<p>Tilauksen voi noutaa etuk\u00e4teen sovittaessa: P\u00e4rnu mnt. 232, Tallinna.<\/p>\n<p>Kirjoita meille\u00a0<a href=\"https:\/\/tammetorubbq.ee\/fi\/product-2\/swift-searibi-st-louise-usa\/info%40tammetorubbq.ee\/\">info@tammetorubbq.ee<\/a>\u00a0tai soita\u00a0<a href=\"http:\/\/+372%2056%20888%20638\/\" target=\"_blank\" rel=\"noopener\">+372 56 888 638<\/a><\/p>","protected":false},"excerpt":{"rendered":"<p>Nuorista, ruoholla kasvatetuista naudoista per\u00e4isin oleva, selk\u00e4rangasta leikattu pihvi. Sen nimi tulee T:n muotoisesta luusta, joka j\u00e4\u00e4 lihan sis\u00e4\u00e4n.<\/p>\n<p>Luun toisella puolella on filee (eritt\u00e4in pehme\u00e4\u00e4 ja mureaa lihaa), toisella puolella on ulkofilee\/ entrec\u00f4te-osa (hieman kiinte\u00e4mpi rakenne, mutta eritt\u00e4in maukas).<\/p>\n<p>&nbsp;<\/p>\n<p>Yhden pakkauksen paino on ~1,5 kg. 3 kpl ~500 g:n tikkuja.<\/p>\n<p>Tuote myyd\u00e4\u00e4n painon mukaan. Tarkka hinta lasketaan tuotteen punnituksen j\u00e4lkeen.<\/p>\n<p>Kysy rohkeasti erikoishintaa suuremmista m\u00e4\u00e4rist\u00e4.<\/p>\n<p><strong>Tuote on ennakkotilattavissa.\u00a0<\/strong><\/p>\n<p>Koska kyseess\u00e4 on punnitustuote, tilausta ei voi tehd\u00e4 verkkokaupan kautta.<\/p>\n<p>Tilausta varten kirjoita osoitteeseen\u00a0<a href=\"https:\/\/tammetorubbq.ee\/fi\/product-2\/naudanlihan-rintafilee-rintafilee-65kg-aus\/info%40tammetorubbq.ee\/\">info@tammetorubbq.ee<\/a>\u00a0tai soita\u00a0<a href=\"http:\/\/+372%2056%20888%20638\/\">+372 56 888 638<\/a><\/p>\n<p><img loading=\"lazy\" decoding=\"async\" class=\"wp-image-1977\" src=\"http:\/\/tammetorubbq.ee\/wp-content\/uploads\/2024\/10\/Greenhill-Premium-High-Quality-Meat-logo-1-300x142.png\" alt=\"Greenhill Premium High Quality Meat -logo\" width=\"177\" height=\"84\" srcset=\"https:\/\/tammetorubbq.ee\/wp-content\/uploads\/2024\/10\/Greenhill-Premium-High-Quality-Meat-logo-1-300x142.png 300w, https:\/\/tammetorubbq.ee\/wp-content\/uploads\/2024\/10\/Greenhill-Premium-High-Quality-Meat-logo-1-18x9.png 18w, https:\/\/tammetorubbq.ee\/wp-content\/uploads\/2024\/10\/Greenhill-Premium-High-Quality-Meat-logo-1-64x30.png 64w, https:\/\/tammetorubbq.ee\/wp-content\/uploads\/2024\/10\/Greenhill-Premium-High-Quality-Meat-logo-1.png 600w\" sizes=\"auto, (max-width: 177px) 100vw, 177px\" \/><\/p>\n<p>&nbsp;<\/p>","protected":false},"featured_media":3631,"comment_status":"open","ping_status":"closed","template":"","meta":{"_uf_show_specific_survey":0,"_uf_disable_surveys":false},"pwb-brand":[186],"product_brand":[],"product_cat":[71],"product_tag":[187,119],"class_list":{"0":"post-3628","1":"product","2":"type-product","3":"status-publish","4":"has-post-thumbnail","6":"pwb-brand-greenhill-quality-meat","7":"product_cat-liha","8":"product_tag-greenhill-quality-meat","9":"product_tag-veiseliha","11":"first","12":"outofstock","13":"taxable","14":"shipping-taxable","15":"purchasable","16":"product-type-simple"},"brands":[{"id":186,"name":"Greenhill Quality Meat","slug":"greenhill-quality-meat"}],"_links":{"self":[{"href":"https:\/\/tammetorubbq.ee\/fi\/wp-json\/wp\/v2\/product\/3628","targetHints":{"allow":["GET"]}}],"collection":[{"href":"https:\/\/tammetorubbq.ee\/fi\/wp-json\/wp\/v2\/product"}],"about":[{"href":"https:\/\/tammetorubbq.ee\/fi\/wp-json\/wp\/v2\/types\/product"}],"replies":[{"embeddable":true,"href":"https:\/\/tammetorubbq.ee\/fi\/wp-json\/wp\/v2\/comments?post=3628"}],"wp:featuredmedia":[{"embeddable":true,"href":"https:\/\/tammetorubbq.ee\/fi\/wp-json\/wp\/v2\/media\/3631"}],"wp:attachment":[{"href":"https:\/\/tammetorubbq.ee\/fi\/wp-json\/wp\/v2\/media?parent=3628"}],"wp:term":[{"taxonomy":"pwb-brand","embeddable":true,"href":"https:\/\/tammetorubbq.ee\/fi\/wp-json\/wp\/v2\/pwb-brand?post=3628"},{"taxonomy":"product_brand","embeddable":true,"href":"https:\/\/tammetorubbq.ee\/fi\/wp-json\/wp\/v2\/product_brand?post=3628"},{"taxonomy":"product_cat","embeddable":true,"href":"https:\/\/tammetorubbq.ee\/fi\/wp-json\/wp\/v2\/product_cat?post=3628"},{"taxonomy":"product_tag","embeddable":true,"href":"https:\/\/tammetorubbq.ee\/fi\/wp-json\/wp\/v2\/product_tag?post=3628"}],"curies":[{"name":"wp","href":"https:\/\/api.w.org\/{rel}","templated":true}]}}