{"id":3632,"date":"2025-08-31T13:31:01","date_gmt":"2025-08-31T10:31:01","guid":{"rendered":"https:\/\/tammetorubbq.ee\/?post_type=product&#038;p=3632"},"modified":"2026-04-05T23:00:34","modified_gmt":"2026-04-05T20:00:34","slug":"naudanlihan-ribeye-25kg-sa-grass-uru","status":"publish","type":"product","link":"https:\/\/tammetorubbq.ee\/fi\/product-2\/naudanlihan-ribeye-25kg-sa-grass-uru\/","title":{"rendered":"Lihaveise RIBEYE ~2,0kg SA Grass (URU)"},"content":{"rendered":"<p>J\u00e4\u00e4dytysmenetelm\u00e4: IVP -18\u00b0C.<br \/>\nPakendis: 1,5-2,0kg<\/p>\n<p>Alkuper\u00e4maa: Uruguay<\/p>\n<p>&nbsp;<\/p>\n<p>Tuotetta ei voi l\u00e4hett\u00e4\u00e4 pakettiautomaatilla tai kuriirilla.<\/p>\n<p>Tellimus on v\u00f5imalik Tallinnas k\u00e4tte saada eelneval kokkuleppel.<\/p>\n<p>Kirjoita meille\u00a0<a href=\"https:\/\/tammetorubbq.ee\/fi\/product-2\/swift-searibi-st-louise-usa\/info%40tammetorubbq.ee\/\">info@tammetorubbq.ee<\/a>\u00a0tai soita\u00a0<a href=\"http:\/\/+372%2056%20888%20638\/\" target=\"_blank\" rel=\"noopener\">+372 56 888 638<\/a><\/p>","protected":false},"excerpt":{"rendered":"<p data-start=\"60\" data-end=\"135\"><strong data-start=\"60\" data-end=\"70\">Ribeye<\/strong> leikataan nautael\u00e4imen sel\u00e4st\u00e4, l\u00e4helt\u00e4 kylkiluun alueelta.<\/p>\n<p data-start=\"137\" data-end=\"436\">Viron kieless\u00e4 se tunnetaan nimell\u00e4 <strong data-start=\"168\" data-end=\"182\">antrekooti<\/strong>ja ranskaksi <strong data-start=\"205\" data-end=\"218\">entrec\u00f4te<\/strong>. Liha saadaan tarkemmin 6. ja 12. kylkiluun v\u00e4list\u00e4. T\u00e4lle alueelle kertyy enemm\u00e4n lihaksensis\u00e4ist\u00e4 rasvaa, mik\u00e4 johtaa kauniiseen valkoiseen rasvaverkkoon - <strong data-start=\"367\" data-end=\"387\">marmorointi<\/strong>, mik\u00e4 tekee ribeye-paistista niin omaleimaista ja ainutlaatuista.<\/p>\n<p data-start=\"438\" data-end=\"485\">Pihvi leikataan yleens\u00e4 2-3 cm paksuksi.<\/p>\n<p>\u00dche t\u00fcki kaal on 1,5-2,0kg.<\/p>\n<p>Tuote myyd\u00e4\u00e4n painon mukaan. Tarkka hinta lasketaan tuotteen punnituksen j\u00e4lkeen.<\/p>\n<p>Kysy rohkeasti erikoishintaa suuremmista m\u00e4\u00e4rist\u00e4.<\/p>\n<p><strong>Tuote on ennakkotilattavissa.\u00a0<\/strong><\/p>\n<p>Koska kyseess\u00e4 on punnitustuote, tilausta ei voi tehd\u00e4 verkkokaupan kautta.<\/p>\n<p>Tilausta varten kirjoita osoitteeseen\u00a0<a href=\"https:\/\/tammetorubbq.ee\/fi\/product-2\/naudanlihan-rintafilee-rintafilee-65kg-aus\/info%40tammetorubbq.ee\/\">info@tammetorubbq.ee<\/a>\u00a0tai soita\u00a0<a href=\"http:\/\/+372%2056%20888%20638\/\">+372 56 888 638<\/a><\/p>","protected":false},"featured_media":3633,"comment_status":"open","ping_status":"closed","template":"","meta":{"_uf_show_specific_survey":0,"_uf_disable_surveys":false},"pwb-brand":[],"product_brand":[],"product_cat":[71],"product_tag":[189,188,119],"class_list":{"0":"post-3632","1":"product","2":"type-product","3":"status-publish","4":"has-post-thumbnail","6":"product_cat-liha","7":"product_tag-antrekoot","8":"product_tag-ribeye","9":"product_tag-veiseliha","11":"first","12":"outofstock","13":"taxable","14":"shipping-taxable","15":"purchasable","16":"product-type-simple"},"brands":[],"_links":{"self":[{"href":"https:\/\/tammetorubbq.ee\/fi\/wp-json\/wp\/v2\/product\/3632","targetHints":{"allow":["GET"]}}],"collection":[{"href":"https:\/\/tammetorubbq.ee\/fi\/wp-json\/wp\/v2\/product"}],"about":[{"href":"https:\/\/tammetorubbq.ee\/fi\/wp-json\/wp\/v2\/types\/product"}],"replies":[{"embeddable":true,"href":"https:\/\/tammetorubbq.ee\/fi\/wp-json\/wp\/v2\/comments?post=3632"}],"wp:featuredmedia":[{"embeddable":true,"href":"https:\/\/tammetorubbq.ee\/fi\/wp-json\/wp\/v2\/media\/3633"}],"wp:attachment":[{"href":"https:\/\/tammetorubbq.ee\/fi\/wp-json\/wp\/v2\/media?parent=3632"}],"wp:term":[{"taxonomy":"pwb-brand","embeddable":true,"href":"https:\/\/tammetorubbq.ee\/fi\/wp-json\/wp\/v2\/pwb-brand?post=3632"},{"taxonomy":"product_brand","embeddable":true,"href":"https:\/\/tammetorubbq.ee\/fi\/wp-json\/wp\/v2\/product_brand?post=3632"},{"taxonomy":"product_cat","embeddable":true,"href":"https:\/\/tammetorubbq.ee\/fi\/wp-json\/wp\/v2\/product_cat?post=3632"},{"taxonomy":"product_tag","embeddable":true,"href":"https:\/\/tammetorubbq.ee\/fi\/wp-json\/wp\/v2\/product_tag?post=3632"}],"curies":[{"name":"wp","href":"https:\/\/api.w.org\/{rel}","templated":true}]}}