{"id":3647,"date":"2025-09-03T14:20:32","date_gmt":"2025-09-03T11:20:32","guid":{"rendered":"https:\/\/tammetorubbq.ee\/?post_type=product&#038;p=3647"},"modified":"2026-04-29T19:00:27","modified_gmt":"2026-04-29T16:00:27","slug":"proq-corner-circuit-generaattori","status":"publish","type":"product","link":"https:\/\/tammetorubbq.ee\/fi\/toode\/proq-kulmsuitsugeneraator\/","title":{"rendered":"ProQ kylm\u00e4savugeneraattori"},"content":{"rendered":"<p data-start=\"89\" data-end=\"130\"><strong data-start=\"755\" data-end=\"766\">Mitat:<\/strong>\u00a0150 \u00d7 180 \u00d7 40 mm<\/p>\n<h3 data-start=\"89\" data-end=\"130\"><strong>Parhaat vinkit kylm\u00e4\u00e4n tupakointiin<\/strong><\/h3>\n<p data-start=\"132\" data-end=\"397\"><strong data-start=\"132\" data-end=\"149\">Savustuspurut<\/strong><br data-start=\"149\" data-end=\"152\" \/>Nurmikon on oltava puhdas ja kuiva. Kostea hake ei pala kunnolla. S\u00e4ilyt\u00e4 purut kuivassa tilassa, kuivaa ne tarvittaessa mikroaaltouunissa (30 sekuntia kovalla l\u00e4mm\u00f6ll\u00e4) tai uunissa (90 \u00b0C 30 min. ajan). Jos purut eiv\u00e4t pala tasaisesti, k\u00e4yt\u00e4 kerroksittain 20% tammilastuja.<\/p>\n<p data-start=\"399\" data-end=\"603\"><strong data-start=\"399\" data-end=\"415\">Savukammio<\/strong><br data-start=\"415\" data-end=\"418\" \/>ProQ-generaattori toimii kaikissa kannellisissa grilleiss\u00e4 ja my\u00f6s kotitekoisissa savustuslaatikoissa. Kammion ei tarvitse olla ilmatiivis - tarvitaan vain pient\u00e4 ilmavirtausta alhaalta yl\u00f6sp\u00e4in.<\/p>\n<p data-start=\"605\" data-end=\"804\"><strong data-start=\"605\" data-end=\"622\">Valmistautuminen<\/strong><br data-start=\"622\" data-end=\"625\" \/>Tarkista, ettei generaattori ole vaurioitunut. T\u00e4yt\u00e4 purukumilla, napauta tasaiselle alustalle, paina kevyesti ja tasoita labyrintti sormella keskelt\u00e4, j\u00e4tt\u00e4en pintakerros hieman l\u00f6ys\u00e4ksi.<\/p>\n<p data-start=\"806\" data-end=\"1069\"><strong data-start=\"806\" data-end=\"819\">Sensuuri<\/strong><br data-start=\"819\" data-end=\"822\" \/>Aseta teelamppu tai suuntaa keitti\u00f6n poltin liekki\u00e4 kohti nurkkaan. Kun poltin syttyy, poista kynttil\u00e4 ja anna generaattorin palaa ulkona 5-10 minuuttia. Aseta se sitten savukammioon ja tarkista 30 minuutin kuluttua, ettei savu ole sammunut tai hyp\u00e4nnyt seuraavaan kanavaan.<\/p>\n<p data-start=\"1071\" data-end=\"1280\"><strong data-start=\"1071\" data-end=\"1092\">Kaasutuksen aikana<\/strong><br data-start=\"1092\" data-end=\"1095\" \/>Seuraa savun etenemist\u00e4 erityisesti pitk\u00e4n prosessin aikana. K\u00e4yt\u00e4 k\u00e4sineit\u00e4, kun poistat - generaattori voi olla kuuma. Kylm\u00e4savustus alle 21 \u00b0C:n l\u00e4mp\u00f6tiloissa, mieluiten viile\u00e4\u00e4n aikaan tai y\u00f6ll\u00e4.<\/p>\n<p data-start=\"1282\" data-end=\"1441\"><strong data-start=\"1282\" data-end=\"1297\">Puhdistus<\/strong><br data-start=\"1297\" data-end=\"1300\" \/>Tyhjenn\u00e4 tuhka palamattomaan astiaan. Jos hartsia tai nokea kertyy, liota generaattori saippuavedess\u00e4, harjaa ja kuivaa huolellisesti.<\/p>","protected":false},"excerpt":{"rendered":"<p data-start=\"83\" data-end=\"309\">ProQ-kylm\u00e4savugeneraattorin avulla voit helposti muuntaa l\u00e4hes mink\u00e4 tahansa laatikon tai BBQ-grillin, jossa on suljettava s\u00e4ili\u00f6, kylm\u00e4savukammioksi.<\/p>\n<p data-start=\"83\" data-end=\"309\">Sopii erinomaisesti kalan, juuston, pekonin, voin ja muiden ruokien savustamiseen alhaisissa l\u00e4mp\u00f6tiloissa.<\/p>\n<p data-start=\"311\" data-end=\"753\"><strong data-start=\"311\" data-end=\"323\">Ominaisuudet<\/strong><br data-start=\"323\" data-end=\"326\" \/>- Helppo k\u00e4ytt\u00e4\u00e4 - t\u00e4yt\u00e4 generaattori ProQ-savulla ja sytyt\u00e4 toinen p\u00e4\u00e4 teelampulla.<br data-start=\"413\" data-end=\"416\" \/>- Sopii useimpiin BBQ-laitteisiin ja savustuslaatikoihin<br data-start=\"467\" data-end=\"470\" \/>- Soveltuu enint\u00e4\u00e4n 150 litran liedelle, paloaika enint\u00e4\u00e4n 12 tuntia.<br data-start=\"496\" data-end=\"499\" \/>- Soveltuu my\u00f6s itsetehtyihin ratkaisuihin (esim. pahvilaatikko, metallikaappi), jos ilman tulo- ja poistoaukko on k\u00e4ytett\u00e4viss\u00e4.<br data-start=\"598\" data-end=\"601\" \/>- Valmistettu ruostumattomasta ter\u00e4ksest\u00e4 - kest\u00e4v\u00e4 ja ruostumaton<br data-start=\"665\" data-end=\"668\" \/>- <strong>NB!<\/strong> poista teelamppu heti sytytt\u00e4misen j\u00e4lkeen.<br data-start=\"713\" data-end=\"716\" \/>- Vain ulkok\u00e4ytt\u00f6\u00f6n<\/p>\n<p data-start=\"311\" data-end=\"753\">Pienikokoinen, tehokas ja k\u00e4yt\u00e4nn\u00f6llinen ty\u00f6kalu niille, jotka haluavat kokeilla kylm\u00e4polttoa kotona.<\/p>\n<p data-start=\"311\" data-end=\"753\"><img loading=\"lazy\" decoding=\"async\" class=\"alignnone wp-image-944\" src=\"http:\/\/tammetorubbq.ee\/wp-content\/uploads\/2023\/11\/Pro-Q.svg\" alt=\"\" width=\"177\" height=\"103\" \/><\/p>","protected":false},"featured_media":3648,"comment_status":"open","ping_status":"closed","template":"","meta":{"_uf_show_specific_survey":0,"_uf_disable_surveys":false},"pwb-brand":[75],"product_brand":[],"product_cat":[88,30],"product_tag":[252,312],"class_list":{"0":"post-3647","1":"product","2":"type-product","3":"status-publish","4":"has-post-thumbnail","6":"pwb-brand-proq","7":"product_cat-grillide-lisatarvikud","8":"product_cat-grillimise-tarvikud","9":"product_tag-kulmsuitsu-generaator","10":"product_tag-kulmsuitsutamine","12":"first","13":"instock","14":"taxable","15":"shipping-taxable","16":"purchasable","17":"product-type-simple"},"brands":[{"id":75,"name":"ProQ","slug":"proq"}],"_links":{"self":[{"href":"https:\/\/tammetorubbq.ee\/fi\/wp-json\/wp\/v2\/product\/3647","targetHints":{"allow":["GET"]}}],"collection":[{"href":"https:\/\/tammetorubbq.ee\/fi\/wp-json\/wp\/v2\/product"}],"about":[{"href":"https:\/\/tammetorubbq.ee\/fi\/wp-json\/wp\/v2\/types\/product"}],"replies":[{"embeddable":true,"href":"https:\/\/tammetorubbq.ee\/fi\/wp-json\/wp\/v2\/comments?post=3647"}],"wp:featuredmedia":[{"embeddable":true,"href":"https:\/\/tammetorubbq.ee\/fi\/wp-json\/wp\/v2\/media\/3648"}],"wp:attachment":[{"href":"https:\/\/tammetorubbq.ee\/fi\/wp-json\/wp\/v2\/media?parent=3647"}],"wp:term":[{"taxonomy":"pwb-brand","embeddable":true,"href":"https:\/\/tammetorubbq.ee\/fi\/wp-json\/wp\/v2\/pwb-brand?post=3647"},{"taxonomy":"product_brand","embeddable":true,"href":"https:\/\/tammetorubbq.ee\/fi\/wp-json\/wp\/v2\/product_brand?post=3647"},{"taxonomy":"product_cat","embeddable":true,"href":"https:\/\/tammetorubbq.ee\/fi\/wp-json\/wp\/v2\/product_cat?post=3647"},{"taxonomy":"product_tag","embeddable":true,"href":"https:\/\/tammetorubbq.ee\/fi\/wp-json\/wp\/v2\/product_tag?post=3647"}],"curies":[{"name":"wp","href":"https:\/\/api.w.org\/{rel}","templated":true}]}}