{"id":3673,"date":"2025-09-11T08:40:54","date_gmt":"2025-09-11T05:40:54","guid":{"rendered":"https:\/\/tammetorubbq.ee\/?post_type=product&#038;p=3673"},"modified":"2026-04-15T03:00:17","modified_gmt":"2026-04-15T00:00:17","slug":"angus-oink-cure-me-pastrami-cure-300g","status":"publish","type":"product","link":"https:\/\/tammetorubbq.ee\/fi\/product-2\/angus-oink-cure-me-pastrami-cure-300g\/","title":{"rendered":"Angus &amp; Oink (Cure Me) Pastrami Cure 300g"},"content":{"rendered":"<p data-start=\"1203\" data-end=\"1220\"><strong data-start=\"1203\" data-end=\"1212\">Paino:<\/strong> 300 g<\/p>\n<p data-start=\"1223\" data-end=\"1265\"><strong data-start=\"1223\" data-end=\"1234\">Valmistaja:<\/strong> Angus &amp; Oink (Yhdistynyt kuningaskunta)<\/p>\n<p data-start=\"1223\" data-end=\"1265\"><strong data-start=\"47\" data-end=\"62\">Ainesosat<\/strong>: merisuola, sokeri, korianteri, valkosipuli, inkiv\u00e4\u00e4ri, neilikka, maustepippuri, ancho-chili, katajanmarja, pippuri, E250 natriumnitriitti, E251 natriumnitraatti, E301 natriumaskorbaatti.<\/p>","protected":false},"excerpt":{"rendered":"<p><strong data-start=\"146\" data-end=\"205\">Tee aitoa newyorkilaistyyppist\u00e4 pastramia omassa kodissasi!<\/strong><\/p>\n<p><br data-start=\"205\" data-end=\"208\" \/>Angus &amp; Oink <strong data-start=\"221\" data-end=\"238\">Pastrami Cure<\/strong> on erityisesti luotu makusekoitus, joka tuo esiin klassisen pastramin runsaan maun ja aromin.<\/p>\n<p>Seoksessa yhdistyv\u00e4t perinteiset mausteet ja yrtit, joten liha on helppo valmistaa ja lopputulos on uskomattoman maukas.<\/p>\n<ul>\n<li data-start=\"503\" data-end=\"560\">\n<p data-start=\"505\" data-end=\"560\"><strong data-start=\"505\" data-end=\"520\">Valmis seos<\/strong> - sinun ei tarvitse sekoittaa ainesosia itse.<\/p>\n<\/li>\n<li data-start=\"561\" data-end=\"622\">\n<p data-start=\"563\" data-end=\"622\"><strong data-start=\"563\" data-end=\"582\">Aito maku<\/strong> - perinteisi\u00e4 mausteita ja yrttej\u00e4.<\/p>\n<\/li>\n<li data-start=\"623\" data-end=\"697\">\n<p data-start=\"625\" data-end=\"697\"><strong data-start=\"625\" data-end=\"644\">Helppo k\u00e4ytt\u00e4\u00e4<\/strong> - sopii sek\u00e4 aloittelijoille ett\u00e4 kokeneille grillimestareille.<\/p>\n<\/li>\n<li data-start=\"698\" data-end=\"788\">\n<p data-start=\"700\" data-end=\"788\"><strong data-start=\"700\" data-end=\"723\">Korkealaatuinen koostumus<\/strong> - Angus &amp; Oink on tunnettu ensiluokkaisista mausteseoksistaan.<\/p>\n<\/li>\n<\/ul>\n<p data-start=\"795\" data-end=\"815\"><strong>Kuinka k\u00e4ytt\u00e4\u00e4:<\/strong><\/p>\n<ol data-start=\"816\" data-end=\"1037\">\n<li data-start=\"816\" data-end=\"853\">\n<p data-start=\"819\" data-end=\"853\">Peit\u00e4 liha tasaisesti kuuraseoksella.<\/p>\n<\/li>\n<li data-start=\"854\" data-end=\"899\">\n<p data-start=\"857\" data-end=\"899\">Anna seist\u00e4 j\u00e4\u00e4kaapissa (suolausprosessi).<\/p>\n<\/li>\n<li data-start=\"900\" data-end=\"943\">\n<p data-start=\"903\" data-end=\"943\">Huuhtele ja mausta maun mukaan.<\/p>\n<\/li>\n<li data-start=\"944\" data-end=\"1037\">\n<p data-start=\"947\" data-end=\"1037\">Savusta tai kypsenn\u00e4 hitaasti, kunnes saavutat klassisen pastramin maun ja rakenteen.<\/p>\n<\/li>\n<\/ol>\n<p>Yksi pakkaus riitt\u00e4\u00e4 ~6 kg lihan maustamiseen.<\/p>\n<p>&nbsp;<\/p>\n<p><img loading=\"lazy\" decoding=\"async\" class=\"alignnone wp-image-279\" src=\"http:\/\/tammetorubbq.ee\/wp-content\/uploads\/2023\/11\/Angus-Oink.png\" alt=\"\" width=\"134\" height=\"134\" srcset=\"https:\/\/tammetorubbq.ee\/wp-content\/uploads\/2023\/11\/Angus-Oink.png 225w, https:\/\/tammetorubbq.ee\/wp-content\/uploads\/2023\/11\/Angus-Oink-150x150.png 150w, https:\/\/tammetorubbq.ee\/wp-content\/uploads\/2023\/11\/Angus-Oink-12x12.png 12w, https:\/\/tammetorubbq.ee\/wp-content\/uploads\/2023\/11\/Angus-Oink-64x64.png 64w\" sizes=\"auto, (max-width: 134px) 100vw, 134px\" \/><\/p>","protected":false},"featured_media":3674,"comment_status":"open","ping_status":"closed","template":"","meta":{"_uf_show_specific_survey":0,"_uf_disable_surveys":false},"pwb-brand":[105],"product_brand":[],"product_cat":[21],"product_tag":[176,119],"class_list":{"0":"post-3673","1":"product","2":"type-product","3":"status-publish","4":"has-post-thumbnail","6":"pwb-brand-angus-oink","7":"product_cat-maitseainesegud","8":"product_tag-brisket","9":"product_tag-veiseliha","11":"first","12":"instock","13":"taxable","14":"shipping-taxable","15":"purchasable","16":"product-type-simple"},"brands":[{"id":105,"name":"Angus &amp; Oink","slug":"angus-oink"}],"_links":{"self":[{"href":"https:\/\/tammetorubbq.ee\/fi\/wp-json\/wp\/v2\/product\/3673","targetHints":{"allow":["GET"]}}],"collection":[{"href":"https:\/\/tammetorubbq.ee\/fi\/wp-json\/wp\/v2\/product"}],"about":[{"href":"https:\/\/tammetorubbq.ee\/fi\/wp-json\/wp\/v2\/types\/product"}],"replies":[{"embeddable":true,"href":"https:\/\/tammetorubbq.ee\/fi\/wp-json\/wp\/v2\/comments?post=3673"}],"wp:featuredmedia":[{"embeddable":true,"href":"https:\/\/tammetorubbq.ee\/fi\/wp-json\/wp\/v2\/media\/3674"}],"wp:attachment":[{"href":"https:\/\/tammetorubbq.ee\/fi\/wp-json\/wp\/v2\/media?parent=3673"}],"wp:term":[{"taxonomy":"pwb-brand","embeddable":true,"href":"https:\/\/tammetorubbq.ee\/fi\/wp-json\/wp\/v2\/pwb-brand?post=3673"},{"taxonomy":"product_brand","embeddable":true,"href":"https:\/\/tammetorubbq.ee\/fi\/wp-json\/wp\/v2\/product_brand?post=3673"},{"taxonomy":"product_cat","embeddable":true,"href":"https:\/\/tammetorubbq.ee\/fi\/wp-json\/wp\/v2\/product_cat?post=3673"},{"taxonomy":"product_tag","embeddable":true,"href":"https:\/\/tammetorubbq.ee\/fi\/wp-json\/wp\/v2\/product_tag?post=3673"}],"curies":[{"name":"wp","href":"https:\/\/api.w.org\/{rel}","templated":true}]}}