{"id":3677,"date":"2025-09-11T09:19:04","date_gmt":"2025-09-11T06:19:04","guid":{"rendered":"https:\/\/tammetorubbq.ee\/?post_type=product&#038;p=3677"},"modified":"2026-04-15T02:00:09","modified_gmt":"2026-04-14T23:00:09","slug":"angus-oink-cure-me-bacon-cure-honey-sinappi-300g","status":"publish","type":"product","link":"https:\/\/tammetorubbq.ee\/fi\/product-2\/angus-oink-cure-me-bacon-cure-honey-sinappi-300g\/","title":{"rendered":"Angus &amp; Oink (Cure Me) Bacon Cure Hunajasinappi 300g"},"content":{"rendered":"<p data-start=\"1203\" data-end=\"1220\"><strong data-start=\"1203\" data-end=\"1212\">Paino:<\/strong>\u00a0300 g<\/p>\n<p data-start=\"1223\" data-end=\"1265\"><strong data-start=\"1223\" data-end=\"1234\">Valmistaja:<\/strong>\u00a0Angus &amp; Oink (Yhdistynyt kuningaskunta)<\/p>\n<p><strong>Ainesosat<\/strong>: suola, SINEP, rosmariini, mustapippuri, valkosipuli, sipuli, sokeri, oregano, laakerinlehti, timjami, sellerisuola (SELLERI), juustokumina, hunaja, kurkuma, natriummitriitti, natriumaskorbaatti, natriumnitraatti.<\/p>","protected":false},"excerpt":{"rendered":"<p><strong data-start=\"179\" data-end=\"248\">Valmista aitoa savupekonia kotona makealla ja mausteisella twistill\u00e4!<\/strong><\/p>\n<p><br data-start=\"248\" data-end=\"251\" \/>Angus &amp; Oink <strong data-start=\"264\" data-end=\"292\">Hunaja sinappi pekoni Cure<\/strong> on erityinen suolainen seos, jonka avulla voit valmistaa kotona oman hunajalla ja sinapilla maustetun pekonin.<\/p>\n<p>Seoksessa yhdistyv\u00e4t suola, sokeri ja tarkoin valitut mausteet, jotka tarjoavat t\u00e4ydellisen tasapainon makean ja suolaisen v\u00e4lill\u00e4.<\/p>\n<ul>\n<li data-start=\"533\" data-end=\"614\">\n<p data-start=\"535\" data-end=\"614\"><strong data-start=\"535\" data-end=\"559\">Hunajan ja sinapin maku<\/strong> - klassinen makean ja mausteisen yhdistelm\u00e4.<\/p>\n<\/li>\n<li data-start=\"615\" data-end=\"686\">\n<p data-start=\"617\" data-end=\"686\"><strong data-start=\"617\" data-end=\"636\">Helppo k\u00e4ytt\u00e4\u00e4<\/strong> - sopii sek\u00e4 aloittelijoille ett\u00e4 kokeneille kotikokeille.<\/p>\n<\/li>\n<li data-start=\"687\" data-end=\"763\">\n<p data-start=\"689\" data-end=\"763\"><strong data-start=\"689\" data-end=\"709\">Aito tulos<\/strong> - Kotitekoinen pekoni on mehev\u00e4\u00e4 ja maukasta.<\/p>\n<\/li>\n<li data-start=\"764\" data-end=\"865\">\n<p data-start=\"766\" data-end=\"865\"><strong data-start=\"766\" data-end=\"787\">Ensiluokkainen laatu<\/strong> - Angus &amp; Oink on tunnettu korkealaatuisista mausteseoksistaan.<\/p>\n<\/li>\n<\/ul>\n<p data-start=\"872\" data-end=\"892\"><strong>Kuinka k\u00e4ytt\u00e4\u00e4:<\/strong><\/p>\n<ol data-start=\"893\" data-end=\"1089\">\n<li data-start=\"893\" data-end=\"933\">\n<p data-start=\"896\" data-end=\"933\">Peit\u00e4 sianliha tasaisesti kuuraseoksella.<\/p>\n<\/li>\n<li data-start=\"934\" data-end=\"983\">\n<p data-start=\"937\" data-end=\"983\">Anna seist\u00e4 j\u00e4\u00e4kaapissa suositellun ajan.<\/p>\n<\/li>\n<li data-start=\"984\" data-end=\"1012\">\n<p data-start=\"987\" data-end=\"1012\">Huuhtele ja kuivaa liha.<\/p>\n<\/li>\n<li data-start=\"1013\" data-end=\"1089\">\n<p data-start=\"1016\" data-end=\"1089\">Savusta, paista tai viipaloi - lopputuloksena on kotitekoista hunajasinappipekonia!<\/p>\n<\/li>\n<\/ol>\n<p>Yksi pakkaus riitt\u00e4\u00e4 6 kg lihan maustamiseen.<\/p>\n<p>&nbsp;<\/p>\n<p><img loading=\"lazy\" decoding=\"async\" class=\"alignnone  wp-image-279\" src=\"http:\/\/tammetorubbq.ee\/wp-content\/uploads\/2023\/11\/Angus-Oink.png\" alt=\"\" width=\"135\" height=\"135\" srcset=\"https:\/\/tammetorubbq.ee\/wp-content\/uploads\/2023\/11\/Angus-Oink.png 225w, https:\/\/tammetorubbq.ee\/wp-content\/uploads\/2023\/11\/Angus-Oink-150x150.png 150w, https:\/\/tammetorubbq.ee\/wp-content\/uploads\/2023\/11\/Angus-Oink-12x12.png 12w, https:\/\/tammetorubbq.ee\/wp-content\/uploads\/2023\/11\/Angus-Oink-64x64.png 64w\" sizes=\"auto, (max-width: 135px) 100vw, 135px\" \/><\/p>","protected":false},"featured_media":3678,"comment_status":"open","ping_status":"closed","template":"","meta":{"_uf_show_specific_survey":0,"_uf_disable_surveys":false},"pwb-brand":[105],"product_brand":[],"product_cat":[21],"product_tag":[190,114],"class_list":{"0":"post-3677","1":"product","2":"type-product","3":"status-publish","4":"has-post-thumbnail","6":"pwb-brand-angus-oink","7":"product_cat-maitseainesegud","8":"product_tag-peekon","9":"product_tag-sealiha","11":"first","12":"instock","13":"taxable","14":"shipping-taxable","15":"purchasable","16":"product-type-simple"},"brands":[{"id":105,"name":"Angus &amp; Oink","slug":"angus-oink"}],"_links":{"self":[{"href":"https:\/\/tammetorubbq.ee\/fi\/wp-json\/wp\/v2\/product\/3677","targetHints":{"allow":["GET"]}}],"collection":[{"href":"https:\/\/tammetorubbq.ee\/fi\/wp-json\/wp\/v2\/product"}],"about":[{"href":"https:\/\/tammetorubbq.ee\/fi\/wp-json\/wp\/v2\/types\/product"}],"replies":[{"embeddable":true,"href":"https:\/\/tammetorubbq.ee\/fi\/wp-json\/wp\/v2\/comments?post=3677"}],"wp:featuredmedia":[{"embeddable":true,"href":"https:\/\/tammetorubbq.ee\/fi\/wp-json\/wp\/v2\/media\/3678"}],"wp:attachment":[{"href":"https:\/\/tammetorubbq.ee\/fi\/wp-json\/wp\/v2\/media?parent=3677"}],"wp:term":[{"taxonomy":"pwb-brand","embeddable":true,"href":"https:\/\/tammetorubbq.ee\/fi\/wp-json\/wp\/v2\/pwb-brand?post=3677"},{"taxonomy":"product_brand","embeddable":true,"href":"https:\/\/tammetorubbq.ee\/fi\/wp-json\/wp\/v2\/product_brand?post=3677"},{"taxonomy":"product_cat","embeddable":true,"href":"https:\/\/tammetorubbq.ee\/fi\/wp-json\/wp\/v2\/product_cat?post=3677"},{"taxonomy":"product_tag","embeddable":true,"href":"https:\/\/tammetorubbq.ee\/fi\/wp-json\/wp\/v2\/product_tag?post=3677"}],"curies":[{"name":"wp","href":"https:\/\/api.w.org\/{rel}","templated":true}]}}