{"id":3680,"date":"2025-09-11T09:29:04","date_gmt":"2025-09-11T06:29:04","guid":{"rendered":"https:\/\/tammetorubbq.ee\/?post_type=product&#038;p=3680"},"modified":"2026-04-30T04:00:14","modified_gmt":"2026-04-30T01:00:14","slug":"angus-oink-winner-kana-dinner-rub-200g","status":"publish","type":"product","link":"https:\/\/tammetorubbq.ee\/fi\/toode\/angus-oink-winner-chicken-dinner-rub-200g\/","title":{"rendered":"Angus &amp; Oink Winner Chicken Dinner Rub 200 g"},"content":{"rendered":"<p><strong>Ainesosat<\/strong>: sokeri, suola, paprika, kuivatut valkosipulirakeet, ancho-chilijauhe, sellerisuola (MYYJ\u00c4), mustapippuri, sipulirakeet, kurkuma, valkopippuri, aromit, basilikanlehdet, natriumglutamaatti, dinatriuminosinaatti, piidioksidi.<\/p>","protected":false},"excerpt":{"rendered":"<p data-start=\"171\" data-end=\"306\"><strong data-start=\"171\" data-end=\"202\">Todellinen hitti kanaruoille!<\/strong><\/p>\n<p data-start=\"171\" data-end=\"306\">\n<p data-start=\"171\" data-end=\"306\">Angus &amp; Oink <strong data-start=\"216\" data-end=\"252\">Voittaja voittaja kanan p\u00e4iv\u00e4llisruokaa Rub<\/strong> on suunniteltu tuomaan maustetta ja makua kanaruokiin.<\/p>\n<p data-start=\"171\" data-end=\"306\">Seos antaa kanalle kultaisen ja rapean kuoren ja nostaa kanansiivet aivan uudelle tasolle.<\/p>\n<ul data-start=\"308\" data-end=\"563\">\n<li data-start=\"308\" data-end=\"392\">\n<p data-start=\"310\" data-end=\"392\"><strong data-start=\"310\" data-end=\"343\">Rapea ja herkullinen kuori<\/strong> - antaa paistinpannulle kultaisen ja suussa sulavan pinnan.<\/p>\n<\/li>\n<li data-start=\"393\" data-end=\"465\">\n<p data-start=\"395\" data-end=\"465\"><strong data-start=\"395\" data-end=\"421\">Ihanteellinen kanansiiville<\/strong> - tekee niist\u00e4 vastustamattoman herkullisia.<\/p>\n<\/li>\n<li data-start=\"466\" data-end=\"563\">\n<p data-start=\"468\" data-end=\"563\"><strong data-start=\"468\" data-end=\"492\">Yleisk\u00e4ytt\u00f6<\/strong> - sopii kaikille pihalinnuille, olipa kyseess\u00e4 kokonainen kana, filee tai siivet.<\/p>\n<\/li>\n<\/ul>\n<p data-start=\"1014\" data-end=\"1214\">\ud83d\udca1 <strong data-start=\"1017\" data-end=\"1029\">Pro-vinkki:<\/strong> Sekoita rubiin hieman oliivi\u00f6ljy\u00e4 tai jogurttia, jotta saat maukkaan marinadin. P\u00e4\u00e4llyst\u00e4 kana seoksella ja anna maustua v\u00e4hint\u00e4\u00e4n tunnin ajan - saat erityisen mehev\u00e4n ja syv\u00e4nmakuisen annoksen!<\/p>\n<p><img loading=\"lazy\" decoding=\"async\" class=\"alignnone  wp-image-279\" src=\"http:\/\/tammetorubbq.ee\/wp-content\/uploads\/2023\/11\/Angus-Oink.png\" alt=\"\" width=\"142\" height=\"142\" srcset=\"https:\/\/tammetorubbq.ee\/wp-content\/uploads\/2023\/11\/Angus-Oink.png 225w, https:\/\/tammetorubbq.ee\/wp-content\/uploads\/2023\/11\/Angus-Oink-150x150.png 150w, https:\/\/tammetorubbq.ee\/wp-content\/uploads\/2023\/11\/Angus-Oink-12x12.png 12w, https:\/\/tammetorubbq.ee\/wp-content\/uploads\/2023\/11\/Angus-Oink-64x64.png 64w\" sizes=\"auto, (max-width: 142px) 100vw, 142px\" \/><\/p>","protected":false},"featured_media":3681,"comment_status":"open","ping_status":"closed","template":"","meta":{"_uf_show_specific_survey":0,"_uf_disable_surveys":false},"pwb-brand":[105],"product_brand":[],"product_cat":[21],"product_tag":[118,159,182],"class_list":{"0":"post-3680","1":"product","2":"type-product","3":"status-publish","4":"has-post-thumbnail","6":"pwb-brand-angus-oink","7":"product_cat-maitseainesegud","8":"product_tag-kanaliha","9":"product_tag-kanatiivad","10":"product_tag-linnuliha","12":"first","13":"instock","14":"taxable","15":"shipping-taxable","16":"purchasable","17":"product-type-simple"},"brands":[{"id":105,"name":"Angus &amp; Oink","slug":"angus-oink"}],"_links":{"self":[{"href":"https:\/\/tammetorubbq.ee\/fi\/wp-json\/wp\/v2\/product\/3680","targetHints":{"allow":["GET"]}}],"collection":[{"href":"https:\/\/tammetorubbq.ee\/fi\/wp-json\/wp\/v2\/product"}],"about":[{"href":"https:\/\/tammetorubbq.ee\/fi\/wp-json\/wp\/v2\/types\/product"}],"replies":[{"embeddable":true,"href":"https:\/\/tammetorubbq.ee\/fi\/wp-json\/wp\/v2\/comments?post=3680"}],"wp:featuredmedia":[{"embeddable":true,"href":"https:\/\/tammetorubbq.ee\/fi\/wp-json\/wp\/v2\/media\/3681"}],"wp:attachment":[{"href":"https:\/\/tammetorubbq.ee\/fi\/wp-json\/wp\/v2\/media?parent=3680"}],"wp:term":[{"taxonomy":"pwb-brand","embeddable":true,"href":"https:\/\/tammetorubbq.ee\/fi\/wp-json\/wp\/v2\/pwb-brand?post=3680"},{"taxonomy":"product_brand","embeddable":true,"href":"https:\/\/tammetorubbq.ee\/fi\/wp-json\/wp\/v2\/product_brand?post=3680"},{"taxonomy":"product_cat","embeddable":true,"href":"https:\/\/tammetorubbq.ee\/fi\/wp-json\/wp\/v2\/product_cat?post=3680"},{"taxonomy":"product_tag","embeddable":true,"href":"https:\/\/tammetorubbq.ee\/fi\/wp-json\/wp\/v2\/product_tag?post=3680"}],"curies":[{"name":"wp","href":"https:\/\/api.w.org\/{rel}","templated":true}]}}