{"id":3683,"date":"2025-09-11T09:52:22","date_gmt":"2025-09-11T06:52:22","guid":{"rendered":"https:\/\/tammetorubbq.ee\/?post_type=product&#038;p=3683"},"modified":"2026-05-06T18:00:20","modified_gmt":"2026-05-06T15:00:20","slug":"inkbird-iht-2pb-bluetooth-digitaalinen-lampomittari","status":"publish","type":"product","link":"https:\/\/tammetorubbq.ee\/fi\/toode\/inkbird-iht-2pb-bluetooth-digitaalne-termomeeter\/","title":{"rendered":"Inkbird IHT-2PB Bluetooth digitaalinen l\u00e4mp\u00f6mittari"},"content":{"rendered":"<h4 data-start=\"248\" data-end=\"272\">\ud83e\udde0 Fiksu ja t\u00e4sm\u00e4llinen<\/h4>\n<ul data-start=\"274\" data-end=\"471\">\n<li data-start=\"274\" data-end=\"334\">\n<p data-start=\"276\" data-end=\"334\"><strong data-start=\"276\" data-end=\"295\">Nopeaa luettavaa:<\/strong> mittaa l\u00e4mp\u00f6tilan 2 sekunnissa.<\/p>\n<\/li>\n<li data-start=\"335\" data-end=\"379\">\n<p data-start=\"337\" data-end=\"379\"><strong data-start=\"337\" data-end=\"353\">Korkea tarkkuus:<\/strong> mittausvirhe vain \u00b10,5 \u00b0C.<\/p>\n<\/li>\n<li data-start=\"380\" data-end=\"471\">\n<p data-start=\"382\" data-end=\"471\"><strong data-start=\"382\" data-end=\"409\">Laaja mittausalue:<\/strong> soveltuu l\u00e4mp\u00f6tilojen mittaamiseen -50 \u00b0C:n ja 300 \u00b0C:n v\u00e4lill\u00e4.<\/p>\n<\/li>\n<\/ul>\n<h4 data-start=\"478\" data-end=\"519\">\ud83d\udcf1 Bluetooth-yhteys ja \u00e4lyk\u00e4s sovellus<\/h4>\n<ul data-start=\"521\" data-end=\"788\">\n<li data-start=\"521\" data-end=\"596\">\n<p data-start=\"523\" data-end=\"596\"><strong data-start=\"523\" data-end=\"546\">Langaton yhteys:<\/strong> muodostaa yhteyden \u00e4lypuhelimeen jopa 100 metrin p\u00e4\u00e4ss\u00e4.<\/p>\n<\/li>\n<li data-start=\"597\" data-end=\"788\">\n<p data-start=\"599\" data-end=\"788\"><strong data-start=\"599\" data-end=\"623\">Mukautettu sovellus:<\/strong> INKBIRD-sovelluksen (saatavilla iOS 11+ ja Android 5.0+ -k\u00e4ytt\u00f6j\u00e4rjestelmille) avulla voit asettaa l\u00e4mp\u00f6tilah\u00e4lytyksi\u00e4, ajastimia ja seurata ruoanvalmistuksen edistymist\u00e4 reaaliajassa.<\/p>\n<\/li>\n<\/ul>\n<h4 data-start=\"795\" data-end=\"832\">\ud83d\udd27 Joustavuus ja helppok\u00e4ytt\u00f6isyys<\/h4>\n<ul data-start=\"834\" data-end=\"1091\">\n<li data-start=\"834\" data-end=\"933\">\n<p data-start=\"836\" data-end=\"933\"><strong data-start=\"836\" data-end=\"858\">Kaksi ulkoista anturia:<\/strong> mittaa samanaikaisesti kahta eri ruoka-ainetta tai eri kypsennysl\u00e4mp\u00f6tiloja.<\/p>\n<\/li>\n<li data-start=\"934\" data-end=\"998\">\n<p data-start=\"936\" data-end=\"998\"><strong data-start=\"936\" data-end=\"959\">Sis\u00e4\u00e4nrakennettu anturi:<\/strong> soveltuu nopeaan l\u00e4mp\u00f6tilan mittaukseen.<\/p>\n<\/li>\n<li data-start=\"999\" data-end=\"1091\">\n<p data-start=\"1001\" data-end=\"1091\"><strong data-start=\"1001\" data-end=\"1042\">Magneettinen selk\u00e4 ja ripustuskoukku:<\/strong> helppo s\u00e4ilytt\u00e4\u00e4 ja k\u00e4ytt\u00e4\u00e4 keitti\u00f6ss\u00e4 tai grilliss\u00e4.<\/p>\n<\/li>\n<\/ul>\n<h4 data-start=\"1098\" data-end=\"1125\">\ud83d\udd0b Akku ja kest\u00e4vyys<\/h4>\n<ul data-start=\"1127\" data-end=\"1283\">\n<li data-start=\"1127\" data-end=\"1204\">\n<p data-start=\"1129\" data-end=\"1204\"><strong data-start=\"1129\" data-end=\"1144\">Ladattava akku:<\/strong> t\u00e4ysi lataus kest\u00e4\u00e4 noin 1 tunnin ja takaa akun pitk\u00e4n k\u00e4ytt\u00f6i\u00e4n.<\/p>\n<\/li>\n<li data-start=\"1205\" data-end=\"1283\">\n<p data-start=\"1207\" data-end=\"1283\"><strong data-start=\"1207\" data-end=\"1221\">Vedenpit\u00e4v\u00e4:<\/strong> IPX5-suojausluokka mahdollistaa k\u00e4yt\u00f6n my\u00f6s kosteissa olosuhteissa.<\/p>\n<\/li>\n<\/ul>\n<p>&nbsp;<\/p>\n<h4 data-start=\"1290\" data-end=\"1315\">\ud83c\udf81 T\u00e4ydellinen lahja<\/h4>\n<p data-start=\"1317\" data-end=\"1462\">T\u00e4ydellinen lahja ruoan yst\u00e4ville, grillauksen harrastajille ja kotikokille, jotka arvostavat tarkkuutta ja helppoutta ruoanlaitossaan.<\/p>","protected":false},"excerpt":{"rendered":"<p><strong>Tarkkuutta, helppoutta ja \u00e4lykkyytt\u00e4 yhdess\u00e4 - t\u00e4ydellinen valinta grillaajille, kotikokille ja ruoan yst\u00e4ville!<\/strong><\/p>\n<p data-start=\"98\" data-end=\"356\">Eritt\u00e4in k\u00e4tev\u00e4, kompakti ja v\u00e4ltt\u00e4m\u00e4t\u00f6n ty\u00f6kalu jokaiseen grilliin - <strong data-start=\"166\" data-end=\"217\">Inkbird IHT-2PB kaksitoiminen l\u00e4mp\u00f6mittari<\/strong>.<\/p>\n<p data-start=\"98\" data-end=\"356\">Nyt voit mitata l\u00e4mp\u00f6tilaa sek\u00e4 pikalukemisena l\u00e4mp\u00f6mittarina ett\u00e4 koettimena Bluetooth-yhteyden kautta et\u00e4k\u00e4ytt\u00f6\u00f6n grillausta varten yhdell\u00e4 laitteella.<\/p>\n<ul data-start=\"358\" data-end=\"1010\">\n<li data-start=\"358\" data-end=\"504\">\n<p data-start=\"360\" data-end=\"504\">L\u00e4mp\u00f6mittarissa on <strong data-start=\"376\" data-end=\"392\">kaksi anturia<\/strong>, jota voidaan k\u00e4ytt\u00e4\u00e4 ep\u00e4suoraan kypsent\u00e4miseen, pitk\u00e4\u00e4n ja hitaaseen kypsent\u00e4miseen, kuumasavustukseen jne.<\/p>\n<\/li>\n<li data-start=\"505\" data-end=\"656\">\n<p data-start=\"507\" data-end=\"656\"><strong data-start=\"507\" data-end=\"528\">Bluetooth-yhteys<\/strong> avulla voit liitt\u00e4\u00e4 l\u00e4mp\u00f6mittarin \u00e4lypuhelimeesi, jonka oma sovellus antaa tarkat l\u00e4mp\u00f6tilatiedot ruoanvalmistusta varten.<\/p>\n<\/li>\n<li data-start=\"657\" data-end=\"754\">\n<p data-start=\"659\" data-end=\"754\">L\u00e4mp\u00f6tilan nopeaan mittaamiseen voit k\u00e4ytt\u00e4\u00e4 <strong data-start=\"705\" data-end=\"724\">saranoitu anturi<\/strong> ilman ylim\u00e4\u00e4r\u00e4isi\u00e4 antureita.<\/p>\n<\/li>\n<li data-start=\"755\" data-end=\"820\">\n<p data-start=\"757\" data-end=\"820\">L\u00e4mp\u00f6mittari on <strong data-start=\"772\" data-end=\"782\">Ladattavissa osoitteesta<\/strong>, mik\u00e4 takaa mukavan ja pitk\u00e4aikaisen k\u00e4yt\u00f6n.<\/p>\n<\/li>\n<li data-start=\"821\" data-end=\"926\">\n<p data-start=\"823\" data-end=\"926\"><strong data-start=\"823\" data-end=\"857\">Suuri, laadukas LCD-n\u00e4ytt\u00f6<\/strong> takaa numeroiden selke\u00e4n n\u00e4kyvyyden auringonvalossa ja pime\u00e4ss\u00e4.<\/p>\n<\/li>\n<li data-start=\"927\" data-end=\"1010\">\n<p data-start=\"929\" data-end=\"1010\">Tuote toimii <strong data-start=\"942\" data-end=\"965\">Inkbird-sovellus<\/strong>, mik\u00e4 tekee ruoanlaitosta k\u00e4tev\u00e4\u00e4 ja tarkkaa.<\/p>\n<\/li>\n<\/ul>\n<p>&nbsp;<\/p>\n<p><img loading=\"lazy\" decoding=\"async\" class=\"alignnone wp-image-3250\" src=\"http:\/\/tammetorubbq.ee\/wp-content\/uploads\/2025\/05\/Inkbird-logo-PNG-300x85.png\" alt=\"\" width=\"187\" height=\"53\" srcset=\"https:\/\/tammetorubbq.ee\/wp-content\/uploads\/2025\/05\/Inkbird-logo-PNG-300x85.png 300w, https:\/\/tammetorubbq.ee\/wp-content\/uploads\/2025\/05\/Inkbird-logo-PNG-1024x290.png 1024w, https:\/\/tammetorubbq.ee\/wp-content\/uploads\/2025\/05\/Inkbird-logo-PNG-768x218.png 768w, https:\/\/tammetorubbq.ee\/wp-content\/uploads\/2025\/05\/Inkbird-logo-PNG-18x5.png 18w, https:\/\/tammetorubbq.ee\/wp-content\/uploads\/2025\/05\/Inkbird-logo-PNG-600x170.png 600w, https:\/\/tammetorubbq.ee\/wp-content\/uploads\/2025\/05\/Inkbird-logo-PNG-64x18.png 64w, https:\/\/tammetorubbq.ee\/wp-content\/uploads\/2025\/05\/Inkbird-logo-PNG.png 1192w\" sizes=\"auto, (max-width: 187px) 100vw, 187px\" \/><\/p>\n<p>&nbsp;<\/p>","protected":false},"featured_media":3684,"comment_status":"open","ping_status":"closed","template":"","meta":{"_uf_show_specific_survey":0,"_uf_disable_surveys":false},"pwb-brand":[67],"product_brand":[],"product_cat":[66,30],"product_tag":[134,116,115],"class_list":{"0":"post-3683","1":"product","2":"type-product","3":"status-publish","4":"has-post-thumbnail","6":"pwb-brand-inkbird","7":"product_cat-termomeetrid","8":"product_cat-grillimise-tarvikud","9":"product_tag-grillimise-tarvikud","10":"product_tag-inkbird","11":"product_tag-termomeeter","13":"first","14":"outofstock","15":"taxable","16":"shipping-taxable","17":"purchasable","18":"product-type-simple"},"brands":[{"id":67,"name":"Inkbird","slug":"inkbird"}],"_links":{"self":[{"href":"https:\/\/tammetorubbq.ee\/fi\/wp-json\/wp\/v2\/product\/3683","targetHints":{"allow":["GET"]}}],"collection":[{"href":"https:\/\/tammetorubbq.ee\/fi\/wp-json\/wp\/v2\/product"}],"about":[{"href":"https:\/\/tammetorubbq.ee\/fi\/wp-json\/wp\/v2\/types\/product"}],"replies":[{"embeddable":true,"href":"https:\/\/tammetorubbq.ee\/fi\/wp-json\/wp\/v2\/comments?post=3683"}],"wp:featuredmedia":[{"embeddable":true,"href":"https:\/\/tammetorubbq.ee\/fi\/wp-json\/wp\/v2\/media\/3684"}],"wp:attachment":[{"href":"https:\/\/tammetorubbq.ee\/fi\/wp-json\/wp\/v2\/media?parent=3683"}],"wp:term":[{"taxonomy":"pwb-brand","embeddable":true,"href":"https:\/\/tammetorubbq.ee\/fi\/wp-json\/wp\/v2\/pwb-brand?post=3683"},{"taxonomy":"product_brand","embeddable":true,"href":"https:\/\/tammetorubbq.ee\/fi\/wp-json\/wp\/v2\/product_brand?post=3683"},{"taxonomy":"product_cat","embeddable":true,"href":"https:\/\/tammetorubbq.ee\/fi\/wp-json\/wp\/v2\/product_cat?post=3683"},{"taxonomy":"product_tag","embeddable":true,"href":"https:\/\/tammetorubbq.ee\/fi\/wp-json\/wp\/v2\/product_tag?post=3683"}],"curies":[{"name":"wp","href":"https:\/\/api.w.org\/{rel}","templated":true}]}}