{"id":3748,"date":"2025-10-13T12:29:18","date_gmt":"2025-10-13T09:29:18","guid":{"rendered":"https:\/\/tammetorubbq.ee\/?post_type=product&#038;p=3748"},"modified":"2026-04-14T22:00:13","modified_gmt":"2026-04-14T19:00:13","slug":"yeti-kulmakarvojen-laatikko-tundra-105-beez","status":"publish","type":"product","link":"https:\/\/tammetorubbq.ee\/fi\/product-2\/yeti-kulmakarvojen-laatikko-tundra-105-beez\/","title":{"rendered":"YETI kylm\u00e4laatikko Tundra 105 (beige)"},"content":{"rendered":"<table class=\"woocommerce-product-attributes shop_attributes\" aria-label=\"Tuotteen tiedot\">\n<tbody>\n<tr class=\"woocommerce-product-attributes-item woocommerce-product-attributes-item--weight\">\n<th class=\"woocommerce-product-attributes-item__label\" style=\"text-align: left;\" scope=\"row\">Paino<\/th>\n<td class=\"woocommerce-product-attributes-item__value\">16,3 kg<\/td>\n<\/tr>\n<tr class=\"woocommerce-product-attributes-item woocommerce-product-attributes-item--dimensions\">\n<th class=\"woocommerce-product-attributes-item__label\" scope=\"row\">Mitat<\/th>\n<td class=\"woocommerce-product-attributes-item__value\">50,2 \u00d7 78,4 \u00d7 50,5 cm.<\/td>\n<\/tr>\n<\/tbody>\n<\/table>\n<p>&nbsp;<\/p>\n<p><strong data-start=\"148\" data-end=\"172\">Yeti - rakennettu kest\u00e4m\u00e4\u00e4n!<\/strong><\/p>\n<p>Yeti syntyi vuonna 2006 intohimosta luontoon ja seikkailuun. Tavoite oli yksinkertainen - luoda varusteita, jotka kest\u00e4v\u00e4t kovimmatkin olosuhteet eiv\u00e4tk\u00e4 pet\u00e4 sinua p\u00e4ivitt\u00e4isiss\u00e4 seikkailuissasi.<\/p>\n<p>Kaikki alkoi j\u00e4\u00e4pakkauksen kehitt\u00e4misest\u00e4, mutta nyky\u00e4\u00e4n Yeti-mallistoon kuuluu kest\u00e4vi\u00e4 termospulloja, juomapulloja ja lis\u00e4varusteita, jotka on suunniteltu kest\u00e4m\u00e4\u00e4n koko elini\u00e4n.<\/p>\n<p>Yeti on aina valmiina l\u00e4ht\u00f6\u00f6n, olipa kyseess\u00e4 sitten vuoristo, meri tai mets\u00e4.<\/p>","protected":false},"excerpt":{"rendered":"<p data-start=\"288\" data-end=\"355\"><strong data-start=\"288\" data-end=\"353\">Kompakti teho - rakennettu kest\u00e4m\u00e4\u00e4n kovimmissakin olosuhteissa.<\/strong><\/p>\n<p data-start=\"357\" data-end=\"641\">YETI Tundra\u00ae 105 on kylm\u00e4laatikko, jossa on \u00e4lyk\u00e4s, kompakti muotoilu, joka sopii ihanteellisesti pidempiin seikkailuihin, joissa tilaa on v\u00e4h\u00e4n mutta tarvitaan enemm\u00e4n suorituskyky\u00e4.<\/p>\n<p data-start=\"357\" data-end=\"641\">Sen korkeamman rungon ansiosta voit pinota lihaa, juomia ja j\u00e4\u00e4t\u00e4 kerroksittain, jolloin sis\u00e4lt\u00f6 pysyy viile\u00e4mp\u00e4n\u00e4 pidemp\u00e4\u00e4n kuin perinteisiss\u00e4 pakastimissa.<\/p>\n<h4 data-start=\"648\" data-end=\"683\">\ud83e\uddca <strong data-start=\"656\" data-end=\"681\">Rakennettu kest\u00e4m\u00e4\u00e4n<\/strong><\/h4>\n<ul data-start=\"684\" data-end=\"914\">\n<li data-start=\"684\" data-end=\"762\">\n<p data-start=\"686\" data-end=\"762\"><strong data-start=\"686\" data-end=\"720\">Rotomuotoiltu rakenne<\/strong> takaa l\u00e4hes murtumattoman kest\u00e4vyyden.<\/p>\n<\/li>\n<li data-start=\"763\" data-end=\"838\">\n<p data-start=\"765\" data-end=\"838\"><strong data-start=\"765\" data-end=\"786\">T-REX\u00ae kannen lukot<\/strong> - vahvat ja patentoidut, ne eiv\u00e4t koskaan rikkoudu.<\/p>\n<\/li>\n<li data-start=\"839\" data-end=\"914\">\n<p data-start=\"841\" data-end=\"914\"><strong data-start=\"841\" data-end=\"871\">NEVERFAIL\u2122 saranaj\u00e4rjestelm\u00e4<\/strong> - kahden nastan rakenne est\u00e4\u00e4 rikkoutumisen.<\/p>\n<\/li>\n<\/ul>\n<h4 data-start=\"921\" data-end=\"952\">\ud83d\udc3b <strong data-start=\"929\" data-end=\"950\">Kova rakenne<\/strong><\/h4>\n<p data-start=\"953\" data-end=\"1106\">Interagency Grizzly Bear Committee (IGBC) on hyv\u00e4ksynyt sen, kun k\u00e4ytet\u00e4\u00e4n Master Lock\u00ae riippulukkoja. Kun villiintyy, Tundra pit\u00e4\u00e4 pintansa.<\/p>\n<h4 data-start=\"1113\" data-end=\"1147\">\u2744\ufe0f <strong data-start=\"1121\" data-end=\"1145\">Legendaarinen esitys<\/strong><\/h4>\n<ul data-start=\"1148\" data-end=\"1468\">\n<li data-start=\"1148\" data-end=\"1233\">\n<p data-start=\"1150\" data-end=\"1233\"><strong data-start=\"1150\" data-end=\"1169\">FATWALL\u2122-malli<\/strong> - jopa 3 tuumaa eristyst\u00e4 maksimaalisen kylm\u00e4npidon varmistamiseksi.<\/p>\n<\/li>\n<li data-start=\"1234\" data-end=\"1327\">\n<p data-start=\"1236\" data-end=\"1327\"><strong data-start=\"1236\" data-end=\"1263\">PERMAFROST\u2122 eristys<\/strong> - paineistettu polyuretaani lukitsee kylmiss\u00e4 l\u00e4mp\u00f6tiloissa.<\/p>\n<\/li>\n<li data-start=\"1328\" data-end=\"1468\">\n<p data-start=\"1330\" data-end=\"1468\"><strong data-start=\"1330\" data-end=\"1357\">INTERLOCK\u2122-kansij\u00e4rjestelm\u00e4<\/strong> ja <strong data-start=\"1361\" data-end=\"1381\">COLDLOCK\u2122-tiiviste<\/strong> luovat tiiviin, pakastimen laatuisen esteen, joka pit\u00e4\u00e4 l\u00e4mm\u00f6n ulkona ja kylm\u00e4n sis\u00e4ll\u00e4.<\/p>\n<\/li>\n<\/ul>\n<h4 data-start=\"1475\" data-end=\"1529\">\u2693 <strong data-start=\"1482\" data-end=\"1527\">Jokap\u00e4iv\u00e4iseen ja \u00e4\u00e4rimm\u00e4iseen k\u00e4ytt\u00f6\u00f6n<\/strong><\/h4>\n<ul data-start=\"1530\" data-end=\"1858\">\n<li data-start=\"1530\" data-end=\"1611\">\n<p data-start=\"1532\" data-end=\"1611\"><strong data-start=\"1532\" data-end=\"1558\">DOUBLEHAUL\u2122-kahvat<\/strong> - valmistettu sotilasluokan polyesterinarusta.<\/p>\n<\/li>\n<li data-start=\"1612\" data-end=\"1684\">\n<p data-start=\"1614\" data-end=\"1684\"><strong data-start=\"1614\" data-end=\"1637\">LIPGRIP\u2122-kahvat<\/strong> - eiv\u00e4t ole tiell\u00e4 ja tekev\u00e4t pukeutumisesta mukavaa.<\/p>\n<\/li>\n<li data-start=\"1685\" data-end=\"1770\">\n<p data-start=\"1687\" data-end=\"1770\"><strong data-start=\"1687\" data-end=\"1724\">BEARFOOT\u2122 liukastumista est\u00e4v\u00e4t jalat<\/strong> - pit\u00e4\u00e4 laatikon paikallaan veneess\u00e4 tai autossa.<\/p>\n<\/li>\n<li data-start=\"1771\" data-end=\"1858\">\n<p data-start=\"1773\" data-end=\"1858\"><strong data-start=\"1773\" data-end=\"1803\">ANCHORPOINT\u2122-sidonta-alueet<\/strong> - helppo kiinnitt\u00e4\u00e4 veneeseen, per\u00e4vaunuun tai kuorma-autoon.<\/p>\n<\/li>\n<\/ul>\n<h4 data-start=\"1865\" data-end=\"1916\">\ud83d\udca7 <strong data-start=\"1873\" data-end=\"1914\">Fiksu yksityiskohta jokaisen pakastimen syd\u00e4mess\u00e4<\/strong><\/h4>\n<p data-start=\"1917\" data-end=\"2016\"><strong data-start=\"1917\" data-end=\"1944\">VORTEX\u2122 viem\u00e4r\u00f6intij\u00e4rjestelm\u00e4<\/strong> on tiivis ja kest\u00e4v\u00e4, mik\u00e4 takaa nopean ja helpon tyhjennyksen.<\/p>\n<p data-start=\"1917\" data-end=\"2016\"><em><strong>Tutustu my\u00f6s muihin Yetin tarjoamiin palveluihin. <a href=\"https:\/\/tammetorubbq.ee\/fi\/tuotetunniste\/kulma-akku\/\">kylmill\u00e4 akuilla<\/a>.\u00a0<\/strong><\/em><\/p>\n<p><img loading=\"lazy\" decoding=\"async\" class=\"alignnone wp-image-3722\" src=\"http:\/\/tammetorubbq.ee\/wp-content\/uploads\/2025\/10\/YETI-logo-300x84.png\" alt=\"YETI-logo\" width=\"168\" height=\"47\" srcset=\"https:\/\/tammetorubbq.ee\/wp-content\/uploads\/2025\/10\/YETI-logo-300x84.png 300w, https:\/\/tammetorubbq.ee\/wp-content\/uploads\/2025\/10\/YETI-logo-1024x287.png 1024w, https:\/\/tammetorubbq.ee\/wp-content\/uploads\/2025\/10\/YETI-logo-768x215.png 768w, https:\/\/tammetorubbq.ee\/wp-content\/uploads\/2025\/10\/YETI-logo-18x5.png 18w, https:\/\/tammetorubbq.ee\/wp-content\/uploads\/2025\/10\/YETI-logo-600x168.png 600w, https:\/\/tammetorubbq.ee\/wp-content\/uploads\/2025\/10\/YETI-logo-64x18.png 64w, https:\/\/tammetorubbq.ee\/wp-content\/uploads\/2025\/10\/YETI-logo.png 1298w\" sizes=\"auto, (max-width: 168px) 100vw, 168px\" \/><\/p>\n<p>&nbsp;<\/p>\n<p><a href=\"https:\/\/tammetorubbq.ee\/fi\/maksa-myohemmin\/\"><strong>OSTA NYT, MAKSA MY\u00d6HEMMIN<\/strong><\/a>\u00a0- korotonta!<\/p>\n<p><img loading=\"lazy\" decoding=\"async\" class=\"alignnone wp-image-2646\" src=\"http:\/\/tammetorubbq.ee\/wp-content\/uploads\/2023\/12\/inbank-wordmark.png\" alt=\"\" width=\"167\" height=\"75\" srcset=\"https:\/\/tammetorubbq.ee\/wp-content\/uploads\/2023\/12\/inbank-wordmark.png 300w, https:\/\/tammetorubbq.ee\/wp-content\/uploads\/2023\/12\/inbank-wordmark-18x8.png 18w, https:\/\/tammetorubbq.ee\/wp-content\/uploads\/2023\/12\/inbank-wordmark-64x29.png 64w\" sizes=\"auto, (max-width: 167px) 100vw, 167px\" \/><\/p>\n<p>Tarjoamme my\u00f6s mahdollisuuden maksaa my\u00f6hemmin - yhdess\u00e4, kahdessa tai kolmessa samansuuruisessa er\u00e4ss\u00e4 ilman korkoa tai lis\u00e4maksua.<\/p>\n<p>L\u00f6yd\u00e4t valikoiman eri maksuvaihtoehtoja ostoskoristamme.<\/p>","protected":false},"featured_media":3753,"comment_status":"open","ping_status":"closed","template":"","meta":{"_uf_show_specific_survey":0,"_uf_disable_surveys":false},"pwb-brand":[204],"product_brand":[],"product_cat":[193,199],"product_tag":[207],"class_list":{"0":"post-3748","1":"product","2":"type-product","3":"status-publish","4":"has-post-thumbnail","6":"pwb-brand-yeti","7":"product_cat-yeti-coolerid-termotopsid","8":"product_cat-kulmakastid","9":"product_tag-kulmakast","11":"first","12":"instock","13":"taxable","14":"shipping-taxable","15":"purchasable","16":"product-type-simple"},"brands":[{"id":204,"name":"YETI","slug":"yeti"}],"_links":{"self":[{"href":"https:\/\/tammetorubbq.ee\/fi\/wp-json\/wp\/v2\/product\/3748","targetHints":{"allow":["GET"]}}],"collection":[{"href":"https:\/\/tammetorubbq.ee\/fi\/wp-json\/wp\/v2\/product"}],"about":[{"href":"https:\/\/tammetorubbq.ee\/fi\/wp-json\/wp\/v2\/types\/product"}],"replies":[{"embeddable":true,"href":"https:\/\/tammetorubbq.ee\/fi\/wp-json\/wp\/v2\/comments?post=3748"}],"wp:featuredmedia":[{"embeddable":true,"href":"https:\/\/tammetorubbq.ee\/fi\/wp-json\/wp\/v2\/media\/3753"}],"wp:attachment":[{"href":"https:\/\/tammetorubbq.ee\/fi\/wp-json\/wp\/v2\/media?parent=3748"}],"wp:term":[{"taxonomy":"pwb-brand","embeddable":true,"href":"https:\/\/tammetorubbq.ee\/fi\/wp-json\/wp\/v2\/pwb-brand?post=3748"},{"taxonomy":"product_brand","embeddable":true,"href":"https:\/\/tammetorubbq.ee\/fi\/wp-json\/wp\/v2\/product_brand?post=3748"},{"taxonomy":"product_cat","embeddable":true,"href":"https:\/\/tammetorubbq.ee\/fi\/wp-json\/wp\/v2\/product_cat?post=3748"},{"taxonomy":"product_tag","embeddable":true,"href":"https:\/\/tammetorubbq.ee\/fi\/wp-json\/wp\/v2\/product_tag?post=3748"}],"curies":[{"name":"wp","href":"https:\/\/api.w.org\/{rel}","templated":true}]}}