{"id":3761,"date":"2025-10-13T12:52:00","date_gmt":"2025-10-13T09:52:00","guid":{"rendered":"https:\/\/tammetorubbq.ee\/?post_type=product&#038;p=3761"},"modified":"2026-04-14T22:00:22","modified_gmt":"2026-04-14T19:00:22","slug":"yeti-tommitsa-ja-pyorilla-kulmalaatikko-tundra-haul-tummansininen","status":"publish","type":"product","link":"https:\/\/tammetorubbq.ee\/fi\/product-2\/yeti-tommitsa-ja-pyorilla-kulmalaatikko-tundra-haul-tummansininen\/","title":{"rendered":"YETI Tundra Haul (tummansininen) py\u00f6rill\u00e4 ja vetokahvalla varustettuna"},"content":{"rendered":"<table class=\"woocommerce-product-attributes shop_attributes\" aria-label=\"Tuotteen tiedot\">\n<tbody>\n<tr class=\"woocommerce-product-attributes-item woocommerce-product-attributes-item--weight\">\n<th class=\"woocommerce-product-attributes-item__label\" style=\"text-align: left;\" scope=\"row\">Paino<\/th>\n<td class=\"woocommerce-product-attributes-item__value\">16,8 kg<\/td>\n<\/tr>\n<tr class=\"woocommerce-product-attributes-item woocommerce-product-attributes-item--dimensions\">\n<th class=\"woocommerce-product-attributes-item__label\" style=\"text-align: left;\" scope=\"row\">Mitat<\/th>\n<td class=\"woocommerce-product-attributes-item__value\">47,3 \u00d7 71,8 \u00d7 49,8 cm.<\/td>\n<\/tr>\n<\/tbody>\n<\/table>\n<p>&nbsp;<\/p>\n<p><strong data-start=\"148\" data-end=\"172\">Yeti - rakennettu kest\u00e4m\u00e4\u00e4n!<\/strong><\/p>\n<p>Yeti syntyi vuonna 2006 intohimosta luontoon ja seikkailuun. Tavoite oli yksinkertainen - luoda varusteita, jotka kest\u00e4v\u00e4t kovimmatkin olosuhteet eiv\u00e4tk\u00e4 pet\u00e4 sinua p\u00e4ivitt\u00e4isiss\u00e4 seikkailuissasi.<\/p>\n<p>Kaikki alkoi j\u00e4\u00e4pakkauksen kehitt\u00e4misest\u00e4, mutta nyky\u00e4\u00e4n Yeti-mallistoon kuuluu kest\u00e4vi\u00e4 termospulloja, juomapulloja ja lis\u00e4varusteita, jotka on suunniteltu kest\u00e4m\u00e4\u00e4n koko elini\u00e4n.<\/p>\n<p>Yeti on aina valmiina l\u00e4ht\u00f6\u00f6n, olipa kyseess\u00e4 sitten vuoristo, meri tai mets\u00e4.<\/p>","protected":false},"excerpt":{"rendered":"<p><strong data-start=\"226\" data-end=\"312\">Ensimm\u00e4inen py\u00f6rill\u00e4 varustettu YETI\u00ae-j\u00e4\u00e4hdytin - legendaarinen Tundra on nyt entist\u00e4kin liikkuvampi.<\/strong><\/p>\n<p>Tundra Haul\u00ae yhdist\u00e4\u00e4 YETIn tunnetun kest\u00e4vyyden ja vertaansa vailla olevan eristyskyvyn k\u00e4yt\u00e4nn\u00f6lliseen vetokoukku- ja py\u00f6r\u00e4j\u00e4rjestelm\u00e4\u00e4n. Se on kest\u00e4vin saatavilla oleva kaksipy\u00f6r\u00e4inen kylm\u00e4laukku, joka on ihanteellinen vaellukselle, kalastukseen, retkeilyyn tai jokap\u00e4iv\u00e4isiin ulkoilmaseikkailuihin.<\/p>\n<h4 data-start=\"585\" data-end=\"618\">\ud83d\udede\u00a0<strong data-start=\"593\" data-end=\"616\">Liikkuvuus ja mukavuus<\/strong><\/h4>\n<ul data-start=\"619\" data-end=\"1010\">\n<li data-start=\"619\" data-end=\"703\">\n<p data-start=\"621\" data-end=\"703\"><strong data-start=\"621\" data-end=\"642\">NEVERFLAT\u2122-py\u00f6r\u00e4t<\/strong>\u00a0- yksiosainen rengasrakenne on iskunkest\u00e4v\u00e4 ja puhkeamaton.<\/p>\n<\/li>\n<li data-start=\"704\" data-end=\"801\">\n<p data-start=\"706\" data-end=\"801\"><strong data-start=\"706\" data-end=\"728\">STRONGARM\u2122-kahva<\/strong>\u00a0- tukeva alumiinirakenne, jossa on mukavat kahvat, helppo kuljettaa.<\/p>\n<\/li>\n<li data-start=\"802\" data-end=\"854\">\n<p data-start=\"804\" data-end=\"854\"><strong data-start=\"804\" data-end=\"827\">LIPGRIP\u2122-kahvat<\/strong>\u00a0- luja ja mukava ote.<\/p>\n<\/li>\n<li data-start=\"855\" data-end=\"930\">\n<p data-start=\"857\" data-end=\"930\"><strong data-start=\"857\" data-end=\"887\">ANCHORPOINT\u2122-sidonta-alueet<\/strong>\u00a0- kiinnitet\u00e4\u00e4n veneeseen, per\u00e4vaunuun tai autoon.<\/p>\n<\/li>\n<li data-start=\"931\" data-end=\"1010\">\n<p data-start=\"933\" data-end=\"1010\"><strong data-start=\"933\" data-end=\"964\">BEARFOOT\u2122 liukumattomat jalat<\/strong>\u00a0- pit\u00e4\u00e4 laatikon paikallaan veneess\u00e4 tai ajoneuvossa.<\/p>\n<\/li>\n<\/ul>\n<h4 data-start=\"1017\" data-end=\"1069\">\ud83e\uddf1\u00a0<strong data-start=\"1025\" data-end=\"1067\">Kest\u00e4v\u00e4 ja turvallinen rakenne<\/strong><\/h4>\n<ul data-start=\"1070\" data-end=\"1334\">\n<li data-start=\"1070\" data-end=\"1122\">\n<p data-start=\"1072\" data-end=\"1122\"><strong data-start=\"1072\" data-end=\"1098\">Rotomuotoiltu runko<\/strong>\u00a0- l\u00e4hes murtumaton.<\/p>\n<\/li>\n<li data-start=\"1123\" data-end=\"1189\">\n<p data-start=\"1125\" data-end=\"1189\"><strong data-start=\"1125\" data-end=\"1146\">T-REX\u2122 kannen lukot<\/strong>\u00a0- vahva, patentoitu, ei rikkoudu.<\/p>\n<\/li>\n<li data-start=\"1190\" data-end=\"1266\">\n<p data-start=\"1192\" data-end=\"1266\"><strong data-start=\"1192\" data-end=\"1222\">NEVERFAIL\u00ae saranaj\u00e4rjestelm\u00e4<\/strong>\u00a0- kahden nastan rakenne est\u00e4\u00e4 rikkoutumisen.<\/p>\n<\/li>\n<li data-start=\"1267\" data-end=\"1334\">\n<p data-start=\"1269\" data-end=\"1334\"><strong data-start=\"1269\" data-end=\"1290\">Kova rakenne<\/strong>\u00a0- IGBC-hyv\u00e4ksynt\u00e4 Master Lock\u00ae -lukolla.<\/p>\n<\/li>\n<\/ul>\n<h4 data-start=\"1341\" data-end=\"1381\">\u2744\ufe0f\u00a0<strong data-start=\"1349\" data-end=\"1379\">Kylm\u00e4n pit\u00e4minen huipputehokkaana<\/strong><\/h4>\n<ul data-start=\"1382\" data-end=\"1684\">\n<li data-start=\"1382\" data-end=\"1467\">\n<p data-start=\"1384\" data-end=\"1467\"><strong data-start=\"1384\" data-end=\"1403\">FATWALL\u2122-malli<\/strong>\u00a0- jopa 3 tuumaa eristyst\u00e4 maksimaalisen kylm\u00e4npidon varmistamiseksi.<\/p>\n<\/li>\n<li data-start=\"1468\" data-end=\"1561\">\n<p data-start=\"1470\" data-end=\"1561\"><strong data-start=\"1470\" data-end=\"1497\">PERMAFROST\u2122 eristys<\/strong>\u00a0- paineistettu polyuretaani lukitsee kylmiss\u00e4 l\u00e4mp\u00f6tiloissa.<\/p>\n<\/li>\n<li data-start=\"1562\" data-end=\"1684\">\n<p data-start=\"1564\" data-end=\"1684\"><strong data-start=\"1564\" data-end=\"1611\">INTERLOCK\u2122-kansij\u00e4rjestelm\u00e4 ja COLDLOCK\u2122-tiiviste<\/strong>\u00a0- pakastimen laatuinen este, joka pit\u00e4\u00e4 l\u00e4mm\u00f6n ulkona ja kylm\u00e4n sis\u00e4ll\u00e4.<\/p>\n<\/li>\n<\/ul>\n<h4 data-start=\"1691\" data-end=\"1721\">\ud83d\udca7\u00a0<strong data-start=\"1699\" data-end=\"1719\">\u00c4lykk\u00e4\u00e4t yksityiskohdat<\/strong><\/h4>\n<p data-start=\"1722\" data-end=\"1825\"><strong data-start=\"1722\" data-end=\"1749\">VORTEX\u2122 viem\u00e4r\u00f6intij\u00e4rjestelm\u00e4<\/strong>\u00a0on tiivis, kest\u00e4v\u00e4 ja mahdollistaa nopean ja helpon tyhjennyksen.<\/p>\n<p data-start=\"1722\" data-end=\"1825\"><strong>YETI Tundra Haul\u00ae - kun tarvitset kylm\u00e4laukun, joka liikkuu kanssasi, kest\u00e4\u00e4 iskuja ja pit\u00e4\u00e4 sinut viile\u00e4n\u00e4 \u00e4\u00e4rimm\u00e4isiss\u00e4 olosuhteissa.<\/strong><\/p>\n<p data-start=\"1917\" data-end=\"2016\"><em><strong>Tutustu my\u00f6s muihin Yetin tarjoamiin palveluihin.\u00a0<a href=\"https:\/\/tammetorubbq.ee\/fi\/tuotetunniste\/kulma-akku\/\">kylmill\u00e4 akuilla<\/a>.\u00a0<\/strong><\/em><\/p>\n<p><img loading=\"lazy\" decoding=\"async\" class=\"alignnone wp-image-3722\" src=\"http:\/\/tammetorubbq.ee\/wp-content\/uploads\/2025\/10\/YETI-logo-300x84.png\" alt=\"YETI-logo\" width=\"168\" height=\"47\" srcset=\"https:\/\/tammetorubbq.ee\/wp-content\/uploads\/2025\/10\/YETI-logo-300x84.png 300w, https:\/\/tammetorubbq.ee\/wp-content\/uploads\/2025\/10\/YETI-logo-1024x287.png 1024w, https:\/\/tammetorubbq.ee\/wp-content\/uploads\/2025\/10\/YETI-logo-768x215.png 768w, https:\/\/tammetorubbq.ee\/wp-content\/uploads\/2025\/10\/YETI-logo-18x5.png 18w, https:\/\/tammetorubbq.ee\/wp-content\/uploads\/2025\/10\/YETI-logo-600x168.png 600w, https:\/\/tammetorubbq.ee\/wp-content\/uploads\/2025\/10\/YETI-logo-64x18.png 64w, https:\/\/tammetorubbq.ee\/wp-content\/uploads\/2025\/10\/YETI-logo.png 1298w\" sizes=\"auto, (max-width: 168px) 100vw, 168px\" \/><\/p>\n<p>&nbsp;<\/p>\n<p><a href=\"https:\/\/tammetorubbq.ee\/fi\/maksa-myohemmin\/\"><strong>OSTA NYT, MAKSA MY\u00d6HEMMIN<\/strong><\/a>\u00a0- korotonta!<\/p>\n<p><img loading=\"lazy\" decoding=\"async\" class=\"alignnone wp-image-2646\" src=\"http:\/\/tammetorubbq.ee\/wp-content\/uploads\/2023\/12\/inbank-wordmark.png\" alt=\"\" width=\"167\" height=\"75\" srcset=\"https:\/\/tammetorubbq.ee\/wp-content\/uploads\/2023\/12\/inbank-wordmark.png 300w, https:\/\/tammetorubbq.ee\/wp-content\/uploads\/2023\/12\/inbank-wordmark-18x8.png 18w, https:\/\/tammetorubbq.ee\/wp-content\/uploads\/2023\/12\/inbank-wordmark-64x29.png 64w\" sizes=\"auto, (max-width: 167px) 100vw, 167px\" \/><\/p>\n<p>Tarjoamme my\u00f6s mahdollisuuden maksaa my\u00f6hemmin - yhdess\u00e4, kahdessa tai kolmessa samansuuruisessa er\u00e4ss\u00e4 ilman korkoa tai lis\u00e4maksua.<\/p>\n<p>L\u00f6yd\u00e4t valikoiman eri maksuvaihtoehtoja ostoskoristamme.<\/p>","protected":false},"featured_media":3767,"comment_status":"open","ping_status":"closed","template":"","meta":{"_uf_show_specific_survey":0,"_uf_disable_surveys":false},"pwb-brand":[204],"product_brand":[],"product_cat":[193,199],"product_tag":[207],"class_list":{"0":"post-3761","1":"product","2":"type-product","3":"status-publish","4":"has-post-thumbnail","6":"pwb-brand-yeti","7":"product_cat-yeti-coolerid-termotopsid","8":"product_cat-kulmakastid","9":"product_tag-kulmakast","11":"first","12":"instock","13":"taxable","14":"shipping-taxable","15":"purchasable","16":"product-type-simple"},"brands":[{"id":204,"name":"YETI","slug":"yeti"}],"_links":{"self":[{"href":"https:\/\/tammetorubbq.ee\/fi\/wp-json\/wp\/v2\/product\/3761","targetHints":{"allow":["GET"]}}],"collection":[{"href":"https:\/\/tammetorubbq.ee\/fi\/wp-json\/wp\/v2\/product"}],"about":[{"href":"https:\/\/tammetorubbq.ee\/fi\/wp-json\/wp\/v2\/types\/product"}],"replies":[{"embeddable":true,"href":"https:\/\/tammetorubbq.ee\/fi\/wp-json\/wp\/v2\/comments?post=3761"}],"wp:featuredmedia":[{"embeddable":true,"href":"https:\/\/tammetorubbq.ee\/fi\/wp-json\/wp\/v2\/media\/3767"}],"wp:attachment":[{"href":"https:\/\/tammetorubbq.ee\/fi\/wp-json\/wp\/v2\/media?parent=3761"}],"wp:term":[{"taxonomy":"pwb-brand","embeddable":true,"href":"https:\/\/tammetorubbq.ee\/fi\/wp-json\/wp\/v2\/pwb-brand?post=3761"},{"taxonomy":"product_brand","embeddable":true,"href":"https:\/\/tammetorubbq.ee\/fi\/wp-json\/wp\/v2\/product_brand?post=3761"},{"taxonomy":"product_cat","embeddable":true,"href":"https:\/\/tammetorubbq.ee\/fi\/wp-json\/wp\/v2\/product_cat?post=3761"},{"taxonomy":"product_tag","embeddable":true,"href":"https:\/\/tammetorubbq.ee\/fi\/wp-json\/wp\/v2\/product_tag?post=3761"}],"curies":[{"name":"wp","href":"https:\/\/api.w.org\/{rel}","templated":true}]}}