{"id":3768,"date":"2025-10-13T13:03:01","date_gmt":"2025-10-13T10:03:01","guid":{"rendered":"https:\/\/tammetorubbq.ee\/?post_type=product&#038;p=3768"},"modified":"2026-04-14T22:00:36","modified_gmt":"2026-04-14T19:00:36","slug":"yeti-tommitsa-ja-pyorilla-kulmakast-tundra-haul-vihrea","status":"publish","type":"product","link":"https:\/\/tammetorubbq.ee\/fi\/product-2\/yeti-tommitsa-ja-pyorilla-kulmakast-tundra-haul-vihrea\/","title":{"rendered":"YETI Tundra Haul (vihre\u00e4) py\u00f6rill\u00e4 ja vetokahvalla varustettuna"},"content":{"rendered":"<table class=\"woocommerce-product-attributes shop_attributes\" aria-label=\"Tuotteen tiedot\">\n<tbody>\n<tr class=\"woocommerce-product-attributes-item woocommerce-product-attributes-item--dimensions\">\n<th class=\"woocommerce-product-attributes-item__label\" style=\"text-align: left;\" scope=\"row\">Mitat<\/th>\n<td class=\"woocommerce-product-attributes-item__value\">48,5 \u00d7 76 \u00d7 51,5 cm.<\/td>\n<\/tr>\n<\/tbody>\n<\/table>\n<p><strong data-start=\"1037\" data-end=\"1052\">Huomio:<\/strong> Tundra Haul\u00ae ei ole yhteensopiva kuivamateriaalikorin kanssa.<\/p>\n<p><strong data-start=\"148\" data-end=\"172\">Yeti - rakennettu kest\u00e4m\u00e4\u00e4n!<\/strong><\/p>\n<p>Yeti syntyi vuonna 2006 intohimosta luontoon ja seikkailuun. Tavoite oli yksinkertainen - luoda varusteita, jotka kest\u00e4v\u00e4t kovimmatkin olosuhteet eiv\u00e4tk\u00e4 pet\u00e4 sinua p\u00e4ivitt\u00e4isiss\u00e4 seikkailuissasi.<\/p>\n<p>Kaikki alkoi j\u00e4\u00e4pakkauksen kehitt\u00e4misest\u00e4, mutta nyky\u00e4\u00e4n Yeti-mallistoon kuuluu kest\u00e4vi\u00e4 termospulloja, juomapulloja ja lis\u00e4varusteita, jotka on suunniteltu kest\u00e4m\u00e4\u00e4n koko elini\u00e4n.<\/p>\n<p>Yeti on aina valmiina l\u00e4ht\u00f6\u00f6n, olipa kyseess\u00e4 sitten vuoristo, meri tai mets\u00e4.<\/p>","protected":false},"excerpt":{"rendered":"<p><strong data-start=\"203\" data-end=\"247\">Liiku kevyemmin, pysy kylmemp\u00e4n\u00e4 pidemp\u00e4\u00e4n.<\/strong><\/p>\n<p>Tundra Haul\u00ae on ensimm\u00e4inen py\u00f6rill\u00e4 varustettu Tundra-sarjan kylm\u00e4laukku, jossa yhdistyv\u00e4t YETIn legendaarinen kest\u00e4vyys ja erinomainen eristys sek\u00e4 mukava liikkuvuus. Ihanteellinen vaellukselle, kalastukseen, retkeilyyn tai jokap\u00e4iv\u00e4iseen seikkailuun.<\/p>\n<h4 data-start=\"492\" data-end=\"524\">\ud83d\udede <strong data-start=\"500\" data-end=\"522\">Suunniteltu liikkumista varten<\/strong><\/h4>\n<ul data-start=\"525\" data-end=\"777\">\n<li data-start=\"525\" data-end=\"612\">\n<p data-start=\"527\" data-end=\"612\"><strong data-start=\"527\" data-end=\"548\">NeverFlat\u2122-py\u00f6r\u00e4t<\/strong> - vahva yksiosainen rakenne, joka ei rikkoudu eik\u00e4 tyhjene.<\/p>\n<\/li>\n<li data-start=\"613\" data-end=\"777\">\n<p data-start=\"615\" data-end=\"777\"><strong data-start=\"615\" data-end=\"637\">StrongArm\u2122-kahva<\/strong> - Hitsattua alumiinia, jossa on mukavat kaarevat kahvat, joiden avulla laatikkoa voi siirt\u00e4\u00e4 vasemmalle tai oikealle ilman, ett\u00e4 kantap\u00e4\u00e4t irtoavat.<\/p>\n<\/li>\n<\/ul>\n<h4 data-start=\"784\" data-end=\"821\">\ud83e\uddf1 <strong data-start=\"792\" data-end=\"819\">Kest\u00e4v\u00e4 ja turvallinen<\/strong><\/h4>\n<ul data-start=\"822\" data-end=\"1030\">\n<li data-start=\"822\" data-end=\"897\">\n<p data-start=\"824\" data-end=\"897\"><strong data-start=\"824\" data-end=\"846\">Muotin suunnittelu<\/strong> - eritt\u00e4in luja runko, k\u00e4yt\u00e4nn\u00f6ss\u00e4 s\u00e4rkym\u00e4t\u00f6n.<\/p>\n<\/li>\n<li data-start=\"898\" data-end=\"1030\">\n<p data-start=\"900\" data-end=\"1030\"><strong data-start=\"900\" data-end=\"927\">PERMAFROST\u2122 eristys<\/strong> - paineistettu ammattilaistason vaahtomuovi, joka pit\u00e4\u00e4 j\u00e4\u00e4n kylm\u00e4n\u00e4 pidemp\u00e4\u00e4n, jopa kuumina p\u00e4ivin\u00e4.<\/p>\n<\/li>\n<\/ul>\n<p data-start=\"1917\" data-end=\"2016\"><em><strong>Tutustu my\u00f6s muihin Yetin tarjoamiin palveluihin.\u00a0<a href=\"https:\/\/tammetorubbq.ee\/fi\/tuotetunniste\/kulma-akku\/\">kylmill\u00e4 akuilla<\/a>.\u00a0<\/strong><\/em><\/p>\n<p><img loading=\"lazy\" decoding=\"async\" class=\"alignnone wp-image-3722\" src=\"http:\/\/tammetorubbq.ee\/wp-content\/uploads\/2025\/10\/YETI-logo-300x84.png\" alt=\"YETI-logo\" width=\"168\" height=\"47\" srcset=\"https:\/\/tammetorubbq.ee\/wp-content\/uploads\/2025\/10\/YETI-logo-300x84.png 300w, https:\/\/tammetorubbq.ee\/wp-content\/uploads\/2025\/10\/YETI-logo-1024x287.png 1024w, https:\/\/tammetorubbq.ee\/wp-content\/uploads\/2025\/10\/YETI-logo-768x215.png 768w, https:\/\/tammetorubbq.ee\/wp-content\/uploads\/2025\/10\/YETI-logo-18x5.png 18w, https:\/\/tammetorubbq.ee\/wp-content\/uploads\/2025\/10\/YETI-logo-600x168.png 600w, https:\/\/tammetorubbq.ee\/wp-content\/uploads\/2025\/10\/YETI-logo-64x18.png 64w, https:\/\/tammetorubbq.ee\/wp-content\/uploads\/2025\/10\/YETI-logo.png 1298w\" sizes=\"auto, (max-width: 168px) 100vw, 168px\" \/><\/p>\n<p>&nbsp;<\/p>\n<p><a href=\"https:\/\/tammetorubbq.ee\/fi\/maksa-myohemmin\/\"><strong>OSTA NYT, MAKSA MY\u00d6HEMMIN<\/strong><\/a>\u00a0- korotonta!<\/p>\n<p><img loading=\"lazy\" decoding=\"async\" class=\"alignnone wp-image-2646\" src=\"http:\/\/tammetorubbq.ee\/wp-content\/uploads\/2023\/12\/inbank-wordmark.png\" alt=\"\" width=\"167\" height=\"75\" srcset=\"https:\/\/tammetorubbq.ee\/wp-content\/uploads\/2023\/12\/inbank-wordmark.png 300w, https:\/\/tammetorubbq.ee\/wp-content\/uploads\/2023\/12\/inbank-wordmark-18x8.png 18w, https:\/\/tammetorubbq.ee\/wp-content\/uploads\/2023\/12\/inbank-wordmark-64x29.png 64w\" sizes=\"auto, (max-width: 167px) 100vw, 167px\" \/><\/p>\n<p>Tarjoamme my\u00f6s mahdollisuuden maksaa my\u00f6hemmin - yhdess\u00e4, kahdessa tai kolmessa samansuuruisessa er\u00e4ss\u00e4 ilman korkoa tai lis\u00e4maksua.<\/p>\n<p>L\u00f6yd\u00e4t valikoiman eri maksuvaihtoehtoja ostoskoristamme.<\/p>","protected":false},"featured_media":3769,"comment_status":"open","ping_status":"closed","template":"","meta":{"_uf_show_specific_survey":0,"_uf_disable_surveys":false},"pwb-brand":[204],"product_brand":[],"product_cat":[193,199],"product_tag":[207],"class_list":{"0":"post-3768","1":"product","2":"type-product","3":"status-publish","4":"has-post-thumbnail","6":"pwb-brand-yeti","7":"product_cat-yeti-coolerid-termotopsid","8":"product_cat-kulmakastid","9":"product_tag-kulmakast","11":"first","12":"instock","13":"taxable","14":"shipping-taxable","15":"purchasable","16":"product-type-simple"},"brands":[{"id":204,"name":"YETI","slug":"yeti"}],"_links":{"self":[{"href":"https:\/\/tammetorubbq.ee\/fi\/wp-json\/wp\/v2\/product\/3768","targetHints":{"allow":["GET"]}}],"collection":[{"href":"https:\/\/tammetorubbq.ee\/fi\/wp-json\/wp\/v2\/product"}],"about":[{"href":"https:\/\/tammetorubbq.ee\/fi\/wp-json\/wp\/v2\/types\/product"}],"replies":[{"embeddable":true,"href":"https:\/\/tammetorubbq.ee\/fi\/wp-json\/wp\/v2\/comments?post=3768"}],"wp:featuredmedia":[{"embeddable":true,"href":"https:\/\/tammetorubbq.ee\/fi\/wp-json\/wp\/v2\/media\/3769"}],"wp:attachment":[{"href":"https:\/\/tammetorubbq.ee\/fi\/wp-json\/wp\/v2\/media?parent=3768"}],"wp:term":[{"taxonomy":"pwb-brand","embeddable":true,"href":"https:\/\/tammetorubbq.ee\/fi\/wp-json\/wp\/v2\/pwb-brand?post=3768"},{"taxonomy":"product_brand","embeddable":true,"href":"https:\/\/tammetorubbq.ee\/fi\/wp-json\/wp\/v2\/product_brand?post=3768"},{"taxonomy":"product_cat","embeddable":true,"href":"https:\/\/tammetorubbq.ee\/fi\/wp-json\/wp\/v2\/product_cat?post=3768"},{"taxonomy":"product_tag","embeddable":true,"href":"https:\/\/tammetorubbq.ee\/fi\/wp-json\/wp\/v2\/product_tag?post=3768"}],"curies":[{"name":"wp","href":"https:\/\/api.w.org\/{rel}","templated":true}]}}