{"id":3772,"date":"2025-10-13T13:11:56","date_gmt":"2025-10-13T10:11:56","guid":{"rendered":"https:\/\/tammetorubbq.ee\/?post_type=product&#038;p=3772"},"modified":"2026-04-15T02:00:17","modified_gmt":"2026-04-14T23:00:17","slug":"yeti-kulmalaatikko-pyorilla-roadie-48-punainen","status":"publish","type":"product","link":"https:\/\/tammetorubbq.ee\/fi\/product-2\/yeti-kulmalaatikko-pyorilla-roadie-48-punainen\/","title":{"rendered":"YETI Roadie 48 py\u00f6rill\u00e4 (punainen)"},"content":{"rendered":"<table class=\"woocommerce-product-attributes shop_attributes\" aria-label=\"Tuotteen tiedot\">\n<tbody>\n<tr class=\"woocommerce-product-attributes-item woocommerce-product-attributes-item--weight\">\n<th class=\"woocommerce-product-attributes-item__label\" style=\"text-align: left;\" scope=\"row\">Paino<\/th>\n<td class=\"woocommerce-product-attributes-item__value\">11,7 kg<\/td>\n<\/tr>\n<tr class=\"woocommerce-product-attributes-item woocommerce-product-attributes-item--dimensions\">\n<th class=\"woocommerce-product-attributes-item__label\" style=\"text-align: left;\" scope=\"row\">Mitat<\/th>\n<td class=\"woocommerce-product-attributes-item__value\">50,5 \u00d7 50,3 \u00d7 52,1 cm.<\/td>\n<\/tr>\n<\/tbody>\n<\/table>\n<p>&nbsp;<\/p>\n<p><strong data-start=\"148\" data-end=\"172\">Yeti - rakennettu kest\u00e4m\u00e4\u00e4n!<\/strong><\/p>\n<p>Yeti syntyi vuonna 2006 intohimosta luontoon ja seikkailuun. Tavoite oli yksinkertainen - luoda varusteita, jotka kest\u00e4v\u00e4t kovimmatkin olosuhteet eiv\u00e4tk\u00e4 pet\u00e4 sinua p\u00e4ivitt\u00e4isiss\u00e4 seikkailuissasi.<\/p>\n<p>Kaikki alkoi j\u00e4\u00e4pakkauksen kehitt\u00e4misest\u00e4, mutta nyky\u00e4\u00e4n Yeti-mallistoon kuuluu kest\u00e4vi\u00e4 termospulloja, juomapulloja ja lis\u00e4varusteita, jotka on suunniteltu kest\u00e4m\u00e4\u00e4n koko elini\u00e4n.<\/p>\n<p>Yeti on aina valmiina l\u00e4ht\u00f6\u00f6n, olipa kyseess\u00e4 sitten vuoristo, meri tai mets\u00e4.<\/p>","protected":false},"excerpt":{"rendered":"<p><strong data-start=\"196\" data-end=\"271\">Suuri kylm\u00e4laatikko, joka on suunniteltu juomien, ruoan ja lihan helppoon k\u00e4sittelyyn.<\/strong><\/p>\n<p>Roadie\u00ae 48 -py\u00f6rill\u00e4 varustettu kylm\u00e4laukku on ketter\u00e4 j\u00e4ttil\u00e4inen, jossa yhdistyv\u00e4t Tundra\u00ae-malliston legendaarinen kest\u00e4vyys ja poikkeuksellinen kylm\u00e4nkest\u00e4vyys sek\u00e4 k\u00e4yt\u00e4nn\u00f6llinen py\u00f6r\u00e4j\u00e4rjestelm\u00e4. T\u00e4m\u00e4 l\u00e4hes s\u00e4rkym\u00e4t\u00f6n laatikko s\u00e4ilytt\u00e4\u00e4 j\u00e4\u00e4t\u00e4 p\u00e4iv\u00e4kausia.<\/p>\n<h4 data-start=\"528\" data-end=\"560\">\ud83d\udede <strong data-start=\"536\" data-end=\"558\">Suunniteltu liikkumista varten<\/strong><\/h4>\n<ul data-start=\"561\" data-end=\"968\">\n<li data-start=\"561\" data-end=\"646\">\n<p data-start=\"563\" data-end=\"646\"><strong data-start=\"563\" data-end=\"585\">PERISKOOP\u2122-kahva<\/strong> - sis\u00e4\u00e4nvedett\u00e4v\u00e4, vahva ja suunniteltu raskaille kuormille.<\/p>\n<\/li>\n<li data-start=\"647\" data-end=\"728\">\n<p data-start=\"649\" data-end=\"728\"><strong data-start=\"649\" data-end=\"670\">NEVERFLAT\u2122-py\u00f6r\u00e4t<\/strong> - iskunkest\u00e4v\u00e4 ja puhkeamisen kest\u00e4v\u00e4 yksiosainen rengasrakenne.<\/p>\n<\/li>\n<li data-start=\"729\" data-end=\"803\">\n<p data-start=\"731\" data-end=\"803\"><strong data-start=\"731\" data-end=\"754\">LIPGRIP\u2122-kahvat<\/strong> - pysy poissa tielt\u00e4 ja tee pukeutuminen helpoksi.<\/p>\n<\/li>\n<li data-start=\"804\" data-end=\"883\">\n<p data-start=\"806\" data-end=\"883\"><strong data-start=\"806\" data-end=\"837\">BEARFOOT\u2122 liukumattomat jalat<\/strong> - pit\u00e4\u00e4 laatikon paikallaan veneess\u00e4 tai ajoneuvossa.<\/p>\n<\/li>\n<li data-start=\"884\" data-end=\"968\">\n<p data-start=\"886\" data-end=\"968\"><strong data-start=\"886\" data-end=\"916\">ANCHORPOINT\u2122-sidonta-alueet<\/strong> - helppo kiinnitt\u00e4\u00e4 veneeseen, per\u00e4vaunuun tai autoon.<\/p>\n<\/li>\n<\/ul>\n<h4 data-start=\"975\" data-end=\"1012\">\ud83e\uddf1 <strong data-start=\"983\" data-end=\"1010\">Kest\u00e4v\u00e4 ja turvallinen<\/strong><\/h4>\n<ul data-start=\"1013\" data-end=\"1171\">\n<li data-start=\"1013\" data-end=\"1095\">\n<p data-start=\"1015\" data-end=\"1095\"><strong data-start=\"1015\" data-end=\"1044\">ROCKSOLID\u2122-rakenne<\/strong> - l\u00e4hes ehj\u00e4\u00e4n, aseistettuun syd\u00e4meen.<\/p>\n<\/li>\n<li data-start=\"1096\" data-end=\"1171\">\n<p data-start=\"1098\" data-end=\"1171\"><strong data-start=\"1098\" data-end=\"1128\">NEVERFAIL\u2122 saranaj\u00e4rjestelm\u00e4<\/strong> - kahden nastan rakenne est\u00e4\u00e4 rikkoutumisen.<\/p>\n<\/li>\n<\/ul>\n<h4 data-start=\"1178\" data-end=\"1215\">\u2744\ufe0f <strong data-start=\"1186\" data-end=\"1213\">Erinomainen eristys<\/strong><\/h4>\n<ul data-start=\"1216\" data-end=\"1424\">\n<li data-start=\"1216\" data-end=\"1298\">\n<p data-start=\"1218\" data-end=\"1298\"><strong data-start=\"1218\" data-end=\"1245\">PERMAFROST\u2122 eristys<\/strong> - paineistettu polyuretaani pit\u00e4\u00e4 kylm\u00e4\u00e4 pitk\u00e4\u00e4n.<\/p>\n<\/li>\n<li data-start=\"1299\" data-end=\"1424\">\n<p data-start=\"1301\" data-end=\"1424\"><strong data-start=\"1301\" data-end=\"1347\">INTERLOCK\u2122-kansij\u00e4rjestelm\u00e4 ja COLDLOCK\u2122-tiiviste<\/strong> - pakastinlaadun este, joka pit\u00e4\u00e4 kylmyyden ja l\u00e4mm\u00f6n poissa.<\/p>\n<\/li>\n<\/ul>\n<h4 data-start=\"1431\" data-end=\"1465\">\ud83d\udca1 <strong data-start=\"1439\" data-end=\"1463\">\u00c4lykk\u00e4\u00e4t ominaisuudet<\/strong><\/h4>\n<ul data-start=\"1466\" data-end=\"1733\">\n<li data-start=\"1466\" data-end=\"1528\">\n<p data-start=\"1468\" data-end=\"1528\"><strong data-start=\"1468\" data-end=\"1483\">QUICKLATCH\u2122<\/strong> - nopea ja helppo avaaminen yhdell\u00e4 k\u00e4dell\u00e4.<\/p>\n<\/li>\n<li data-start=\"1529\" data-end=\"1652\">\n<p data-start=\"1531\" data-end=\"1652\"><strong data-start=\"1531\" data-end=\"1558\">ERITT\u00c4IN KAUNIS pakkaus<\/strong> - mahtuu useimmat tavalliset viinipullot ja 2 litran virvoitusjuomapullot pystyyn.<\/p>\n<\/li>\n<li data-start=\"1653\" data-end=\"1733\">\n<p data-start=\"1655\" data-end=\"1733\"><strong data-start=\"1655\" data-end=\"1680\">BESTDAM\u2122-tyhjennyskorkki<\/strong> - tiivis ja takaa nopean ja k\u00e4tev\u00e4n tyhjennyksen.<\/p>\n<\/li>\n<\/ul>\n<p><strong>YETI Roadie\u00ae 48 - kun tarvitset kylm\u00e4laukun, joka liikkuu mukanasi, kest\u00e4\u00e4 kolhuja ja pit\u00e4\u00e4 sinut viile\u00e4n\u00e4 jokaisessa seikkailussa.<\/strong><\/p>\n<p data-start=\"1917\" data-end=\"2016\"><em><strong>Tutustu my\u00f6s muihin Yetin tarjoamiin palveluihin.\u00a0<a href=\"https:\/\/tammetorubbq.ee\/fi\/tuotetunniste\/kulma-akku\/\">kylmill\u00e4 akuilla<\/a>.\u00a0<\/strong><\/em><\/p>\n<p><img loading=\"lazy\" decoding=\"async\" class=\"alignnone wp-image-3722\" src=\"http:\/\/tammetorubbq.ee\/wp-content\/uploads\/2025\/10\/YETI-logo-300x84.png\" alt=\"YETI-logo\" width=\"168\" height=\"47\" srcset=\"https:\/\/tammetorubbq.ee\/wp-content\/uploads\/2025\/10\/YETI-logo-300x84.png 300w, https:\/\/tammetorubbq.ee\/wp-content\/uploads\/2025\/10\/YETI-logo-1024x287.png 1024w, https:\/\/tammetorubbq.ee\/wp-content\/uploads\/2025\/10\/YETI-logo-768x215.png 768w, https:\/\/tammetorubbq.ee\/wp-content\/uploads\/2025\/10\/YETI-logo-18x5.png 18w, https:\/\/tammetorubbq.ee\/wp-content\/uploads\/2025\/10\/YETI-logo-600x168.png 600w, https:\/\/tammetorubbq.ee\/wp-content\/uploads\/2025\/10\/YETI-logo-64x18.png 64w, https:\/\/tammetorubbq.ee\/wp-content\/uploads\/2025\/10\/YETI-logo.png 1298w\" sizes=\"auto, (max-width: 168px) 100vw, 168px\" \/><\/p>\n<p>&nbsp;<\/p>\n<p><a href=\"https:\/\/tammetorubbq.ee\/fi\/maksa-myohemmin\/\"><strong>OSTA NYT, MAKSA MY\u00d6HEMMIN<\/strong><\/a>\u00a0- korotonta!<\/p>\n<p><img loading=\"lazy\" decoding=\"async\" class=\"alignnone wp-image-2646\" src=\"http:\/\/tammetorubbq.ee\/wp-content\/uploads\/2023\/12\/inbank-wordmark.png\" alt=\"\" width=\"167\" height=\"75\" srcset=\"https:\/\/tammetorubbq.ee\/wp-content\/uploads\/2023\/12\/inbank-wordmark.png 300w, https:\/\/tammetorubbq.ee\/wp-content\/uploads\/2023\/12\/inbank-wordmark-18x8.png 18w, https:\/\/tammetorubbq.ee\/wp-content\/uploads\/2023\/12\/inbank-wordmark-64x29.png 64w\" sizes=\"auto, (max-width: 167px) 100vw, 167px\" \/><\/p>\n<p>Tarjoamme my\u00f6s mahdollisuuden maksaa my\u00f6hemmin - yhdess\u00e4, kahdessa tai kolmessa samansuuruisessa er\u00e4ss\u00e4 ilman korkoa tai lis\u00e4maksua.<\/p>\n<p>L\u00f6yd\u00e4t valikoiman eri maksuvaihtoehtoja ostoskoristamme.<\/p>","protected":false},"featured_media":3779,"comment_status":"open","ping_status":"closed","template":"","meta":{"_uf_show_specific_survey":0,"_uf_disable_surveys":false},"pwb-brand":[204],"product_brand":[],"product_cat":[193,199],"product_tag":[207],"class_list":{"0":"post-3772","1":"product","2":"type-product","3":"status-publish","4":"has-post-thumbnail","6":"pwb-brand-yeti","7":"product_cat-yeti-coolerid-termotopsid","8":"product_cat-kulmakastid","9":"product_tag-kulmakast","11":"first","12":"instock","13":"taxable","14":"shipping-taxable","15":"purchasable","16":"product-type-simple"},"brands":[{"id":204,"name":"YETI","slug":"yeti"}],"_links":{"self":[{"href":"https:\/\/tammetorubbq.ee\/fi\/wp-json\/wp\/v2\/product\/3772","targetHints":{"allow":["GET"]}}],"collection":[{"href":"https:\/\/tammetorubbq.ee\/fi\/wp-json\/wp\/v2\/product"}],"about":[{"href":"https:\/\/tammetorubbq.ee\/fi\/wp-json\/wp\/v2\/types\/product"}],"replies":[{"embeddable":true,"href":"https:\/\/tammetorubbq.ee\/fi\/wp-json\/wp\/v2\/comments?post=3772"}],"wp:featuredmedia":[{"embeddable":true,"href":"https:\/\/tammetorubbq.ee\/fi\/wp-json\/wp\/v2\/media\/3779"}],"wp:attachment":[{"href":"https:\/\/tammetorubbq.ee\/fi\/wp-json\/wp\/v2\/media?parent=3772"}],"wp:term":[{"taxonomy":"pwb-brand","embeddable":true,"href":"https:\/\/tammetorubbq.ee\/fi\/wp-json\/wp\/v2\/pwb-brand?post=3772"},{"taxonomy":"product_brand","embeddable":true,"href":"https:\/\/tammetorubbq.ee\/fi\/wp-json\/wp\/v2\/product_brand?post=3772"},{"taxonomy":"product_cat","embeddable":true,"href":"https:\/\/tammetorubbq.ee\/fi\/wp-json\/wp\/v2\/product_cat?post=3772"},{"taxonomy":"product_tag","embeddable":true,"href":"https:\/\/tammetorubbq.ee\/fi\/wp-json\/wp\/v2\/product_tag?post=3772"}],"curies":[{"name":"wp","href":"https:\/\/api.w.org\/{rel}","templated":true}]}}