{"id":3780,"date":"2025-10-13T13:21:20","date_gmt":"2025-10-13T10:21:20","guid":{"rendered":"https:\/\/tammetorubbq.ee\/?post_type=product&#038;p=3780"},"modified":"2026-04-14T14:00:08","modified_gmt":"2026-04-14T11:00:08","slug":"yeti-olkahihna-pehmea-kulmalaatikko-eu-hopper-flip-18-tummanharmaa","status":"publish","type":"product","link":"https:\/\/tammetorubbq.ee\/fi\/product-2\/yeti-olkahihna-pehmea-kulmalaatikko-eu-hopper-flip-18-tummanharmaa\/","title":{"rendered":"YETI olkahihna pehme\u00e4 kylm\u00e4laukku EU Hopper Flip 18 (tummanharmaa)"},"content":{"rendered":"<table class=\"woocommerce-product-attributes shop_attributes\" aria-label=\"Tuotteen tiedot\">\n<tbody>\n<tr class=\"woocommerce-product-attributes-item woocommerce-product-attributes-item--weight\">\n<th class=\"woocommerce-product-attributes-item__label\" style=\"text-align: left;\" scope=\"row\">Paino<\/th>\n<td class=\"woocommerce-product-attributes-item__value\">2,3 kg<\/td>\n<\/tr>\n<tr class=\"woocommerce-product-attributes-item woocommerce-product-attributes-item--dimensions\">\n<th class=\"woocommerce-product-attributes-item__label\" style=\"text-align: left;\" scope=\"row\">Mitat<\/th>\n<td class=\"woocommerce-product-attributes-item__value\">27,3 \u00d7 41,3 \u00d7 33 cm.<\/td>\n<\/tr>\n<\/tbody>\n<\/table>\n<p>&nbsp;<\/p>\n<p><strong data-start=\"148\" data-end=\"172\">Yeti - rakennettu kest\u00e4m\u00e4\u00e4n!<\/strong><\/p>\n<p>Yeti syntyi vuonna 2006 intohimosta luontoon ja seikkailuun. Tavoite oli yksinkertainen - luoda varusteita, jotka kest\u00e4v\u00e4t kovimmatkin olosuhteet eiv\u00e4tk\u00e4 pet\u00e4 sinua p\u00e4ivitt\u00e4isiss\u00e4 seikkailuissasi.<\/p>\n<p>Kaikki alkoi j\u00e4\u00e4pakkauksen kehitt\u00e4misest\u00e4, mutta nyky\u00e4\u00e4n Yeti-mallistoon kuuluu kest\u00e4vi\u00e4 termospulloja, juomapulloja ja lis\u00e4varusteita, jotka on suunniteltu kest\u00e4m\u00e4\u00e4n koko elini\u00e4n.<\/p>\n<p>Yeti on aina valmiina l\u00e4ht\u00f6\u00f6n, olipa kyseess\u00e4 sitten vuoristo, meri tai mets\u00e4.<\/p>","protected":false},"excerpt":{"rendered":"<p><strong data-start=\"230\" data-end=\"289\">Pit\u00e4\u00e4 kylm\u00e4n\u00e4 p\u00e4ivi\u00e4, ja kaikki tarvittava on l\u00e4hell\u00e4.<\/strong><\/p>\n<p>Hopper Flip\u00ae 18 on ihanteellinen kumppani viikonloppuretkille ja pidemmille matkoille. T\u00e4ss\u00e4 pehme\u00e4ss\u00e4, vuotamattomassa ja monipuolisessa kylm\u00e4laukussa yhdistyv\u00e4t YETIn legendaarinen eristys ja k\u00e4yt\u00e4nn\u00f6lliset ominaisuudet, kuten ty\u00f6kalu- ja tarvikepidikkeet. <strong data-start=\"541\" data-end=\"561\">HitchPoint\u2122 Grid<\/strong> j\u00e4rjestelm\u00e4ss\u00e4.<\/p>\n<h4 data-start=\"581\" data-end=\"621\">\u2744\ufe0f <strong data-start=\"589\" data-end=\"619\">Viile\u00e4n\u00e4 pysyminen huipputeholla<\/strong><\/h4>\n<ul data-start=\"622\" data-end=\"854\">\n<li data-start=\"622\" data-end=\"762\">\n<p data-start=\"624\" data-end=\"762\"><strong data-start=\"624\" data-end=\"649\">COLDCELL\u2122-eristys<\/strong> - Suljettu solukumivaahto, joka pit\u00e4\u00e4 sis\u00e4ll\u00f6n kylm\u00e4n\u00e4 paljon pidemp\u00e4\u00e4n kuin perinteiset pehme\u00e4t pakastimet.<\/p>\n<\/li>\n<li data-start=\"763\" data-end=\"854\">\n<p data-start=\"765\" data-end=\"854\"><strong data-start=\"765\" data-end=\"787\">HYDROLOK\u2122 vetoketju<\/strong> - 100% tiivis, kest\u00e4v\u00e4 ja suorituskykyinen, pit\u00e4\u00e4 kylm\u00e4n sis\u00e4ll\u00e4.<\/p>\n<\/li>\n<\/ul>\n<h4 data-start=\"861\" data-end=\"899\">\ud83e\uddf5 <strong data-start=\"869\" data-end=\"897\">Kest\u00e4v\u00e4 ja pitk\u00e4ik\u00e4inen<\/strong><\/h4>\n<ul data-start=\"900\" data-end=\"1108\">\n<li data-start=\"900\" data-end=\"1021\">\n<p data-start=\"902\" data-end=\"1021\"><strong data-start=\"902\" data-end=\"919\">DRYHIDE\u2122 kuori<\/strong> - Suuritiheyksinen kangas, joka kest\u00e4\u00e4 ruuhkautumista, UV-s\u00e4teit\u00e4 ja hometta, mik\u00e4 pident\u00e4\u00e4 laatikon k\u00e4ytt\u00f6ik\u00e4\u00e4.<\/p>\n<\/li>\n<li data-start=\"1022\" data-end=\"1108\">\n<p data-start=\"1024\" data-end=\"1108\"><strong data-start=\"1024\" data-end=\"1047\">Leve\u00e4 suuaukko<\/strong> - helppo p\u00e4\u00e4sy ja parempi yleiskuva laatikon sis\u00e4ll\u00f6st\u00e4.<\/p>\n<\/li>\n<\/ul>\n<p><strong>Hopper Flip\u00ae 18 - pehme\u00e4 kylm\u00e4laukku, joka liikkuu mukanasi, pit\u00e4\u00e4 sinut viile\u00e4n\u00e4 ja pit\u00e4\u00e4 kaikki tarvitsemasi ty\u00f6kalut ja juomat l\u00e4hell\u00e4si.<\/strong><\/p>\n<p data-start=\"1917\" data-end=\"2016\"><em><strong>Tutustu my\u00f6s muihin Yetin tarjoamiin palveluihin.\u00a0<a href=\"https:\/\/tammetorubbq.ee\/fi\/tuotetunniste\/kulma-akku\/\">kylmill\u00e4 akuilla<\/a>.\u00a0<\/strong><\/em><\/p>\n<p><img loading=\"lazy\" decoding=\"async\" class=\"alignnone wp-image-3722\" src=\"http:\/\/tammetorubbq.ee\/wp-content\/uploads\/2025\/10\/YETI-logo-300x84.png\" alt=\"YETI-logo\" width=\"168\" height=\"47\" srcset=\"https:\/\/tammetorubbq.ee\/wp-content\/uploads\/2025\/10\/YETI-logo-300x84.png 300w, https:\/\/tammetorubbq.ee\/wp-content\/uploads\/2025\/10\/YETI-logo-1024x287.png 1024w, https:\/\/tammetorubbq.ee\/wp-content\/uploads\/2025\/10\/YETI-logo-768x215.png 768w, https:\/\/tammetorubbq.ee\/wp-content\/uploads\/2025\/10\/YETI-logo-18x5.png 18w, https:\/\/tammetorubbq.ee\/wp-content\/uploads\/2025\/10\/YETI-logo-600x168.png 600w, https:\/\/tammetorubbq.ee\/wp-content\/uploads\/2025\/10\/YETI-logo-64x18.png 64w, https:\/\/tammetorubbq.ee\/wp-content\/uploads\/2025\/10\/YETI-logo.png 1298w\" sizes=\"auto, (max-width: 168px) 100vw, 168px\" \/><\/p>\n<p>&nbsp;<\/p>\n<p><a href=\"https:\/\/tammetorubbq.ee\/fi\/maksa-myohemmin\/\"><strong>OSTA NYT, MAKSA MY\u00d6HEMMIN<\/strong><\/a>\u00a0- korotonta!<\/p>\n<p><img loading=\"lazy\" decoding=\"async\" class=\"alignnone wp-image-2646\" src=\"http:\/\/tammetorubbq.ee\/wp-content\/uploads\/2023\/12\/inbank-wordmark.png\" alt=\"\" width=\"167\" height=\"75\" srcset=\"https:\/\/tammetorubbq.ee\/wp-content\/uploads\/2023\/12\/inbank-wordmark.png 300w, https:\/\/tammetorubbq.ee\/wp-content\/uploads\/2023\/12\/inbank-wordmark-18x8.png 18w, https:\/\/tammetorubbq.ee\/wp-content\/uploads\/2023\/12\/inbank-wordmark-64x29.png 64w\" sizes=\"auto, (max-width: 167px) 100vw, 167px\" \/><\/p>\n<p>Tarjoamme my\u00f6s mahdollisuuden maksaa my\u00f6hemmin - yhdess\u00e4, kahdessa tai kolmessa samansuuruisessa er\u00e4ss\u00e4 ilman korkoa tai lis\u00e4maksua.<\/p>\n<p>L\u00f6yd\u00e4t valikoiman eri maksuvaihtoehtoja ostoskoristamme.<\/p>","protected":false},"featured_media":3789,"comment_status":"open","ping_status":"closed","template":"","meta":{"_uf_show_specific_survey":0,"_uf_disable_surveys":false},"pwb-brand":[204],"product_brand":[],"product_cat":[193,199],"product_tag":[207],"class_list":{"0":"post-3780","1":"product","2":"type-product","3":"status-publish","4":"has-post-thumbnail","6":"pwb-brand-yeti","7":"product_cat-yeti-coolerid-termotopsid","8":"product_cat-kulmakastid","9":"product_tag-kulmakast","11":"first","12":"instock","13":"taxable","14":"shipping-taxable","15":"purchasable","16":"product-type-simple"},"brands":[{"id":204,"name":"YETI","slug":"yeti"}],"_links":{"self":[{"href":"https:\/\/tammetorubbq.ee\/fi\/wp-json\/wp\/v2\/product\/3780","targetHints":{"allow":["GET"]}}],"collection":[{"href":"https:\/\/tammetorubbq.ee\/fi\/wp-json\/wp\/v2\/product"}],"about":[{"href":"https:\/\/tammetorubbq.ee\/fi\/wp-json\/wp\/v2\/types\/product"}],"replies":[{"embeddable":true,"href":"https:\/\/tammetorubbq.ee\/fi\/wp-json\/wp\/v2\/comments?post=3780"}],"wp:featuredmedia":[{"embeddable":true,"href":"https:\/\/tammetorubbq.ee\/fi\/wp-json\/wp\/v2\/media\/3789"}],"wp:attachment":[{"href":"https:\/\/tammetorubbq.ee\/fi\/wp-json\/wp\/v2\/media?parent=3780"}],"wp:term":[{"taxonomy":"pwb-brand","embeddable":true,"href":"https:\/\/tammetorubbq.ee\/fi\/wp-json\/wp\/v2\/pwb-brand?post=3780"},{"taxonomy":"product_brand","embeddable":true,"href":"https:\/\/tammetorubbq.ee\/fi\/wp-json\/wp\/v2\/product_brand?post=3780"},{"taxonomy":"product_cat","embeddable":true,"href":"https:\/\/tammetorubbq.ee\/fi\/wp-json\/wp\/v2\/product_cat?post=3780"},{"taxonomy":"product_tag","embeddable":true,"href":"https:\/\/tammetorubbq.ee\/fi\/wp-json\/wp\/v2\/product_tag?post=3780"}],"curies":[{"name":"wp","href":"https:\/\/api.w.org\/{rel}","templated":true}]}}