{"id":3797,"date":"2025-10-13T13:39:22","date_gmt":"2025-10-13T10:39:22","guid":{"rendered":"https:\/\/tammetorubbq.ee\/?post_type=product&#038;p=3797"},"modified":"2026-04-15T00:00:05","modified_gmt":"2026-04-14T21:00:05","slug":"yeti-kulmahylly-roadie-24-2-0-tummanharmaa","status":"publish","type":"product","link":"https:\/\/tammetorubbq.ee\/fi\/product-2\/yeti-kulmahylly-roadie-24-2-0-tummanharmaa\/","title":{"rendered":"YETI kylm\u00e4laatikko Roadie 24 2.0 (tummanharmaa)"},"content":{"rendered":"<table class=\"woocommerce-product-attributes shop_attributes\" aria-label=\"Tuotteen tiedot\">\n<tbody>\n<tr class=\"woocommerce-product-attributes-item woocommerce-product-attributes-item--weight\">\n<th class=\"woocommerce-product-attributes-item__label\" style=\"text-align: left;\" scope=\"row\">Paino<\/th>\n<td class=\"woocommerce-product-attributes-item__value\">5,9 kg<\/td>\n<\/tr>\n<tr class=\"woocommerce-product-attributes-item woocommerce-product-attributes-item--dimensions\">\n<th class=\"woocommerce-product-attributes-item__label\" scope=\"row\">Mitat<\/th>\n<td class=\"woocommerce-product-attributes-item__value\">35,6 \u00d7 42,2 \u00d7 44,2 cm.<\/td>\n<\/tr>\n<\/tbody>\n<\/table>\n<p>&nbsp;<\/p>\n<p><strong data-start=\"148\" data-end=\"172\">Yeti - rakennettu kest\u00e4m\u00e4\u00e4n!<\/strong><\/p>\n<p>Yeti syntyi vuonna 2006 intohimosta luontoon ja seikkailuun. Tavoite oli yksinkertainen - luoda varusteita, jotka kest\u00e4v\u00e4t kovimmatkin olosuhteet eiv\u00e4tk\u00e4 pet\u00e4 sinua p\u00e4ivitt\u00e4isiss\u00e4 seikkailuissasi.<\/p>\n<p>Kaikki alkoi j\u00e4\u00e4pakkauksen kehitt\u00e4misest\u00e4, mutta nyky\u00e4\u00e4n Yeti-mallistoon kuuluu kest\u00e4vi\u00e4 termospulloja, juomapulloja ja lis\u00e4varusteita, jotka on suunniteltu kest\u00e4m\u00e4\u00e4n koko elini\u00e4n.<\/p>\n<p>Yeti on aina valmiina l\u00e4ht\u00f6\u00f6n, olipa kyseess\u00e4 sitten vuoristo, meri tai mets\u00e4.<\/p>","protected":false},"excerpt":{"rendered":"<p data-start=\"213\" data-end=\"454\"><strong data-start=\"213\" data-end=\"263\"><span style=\"color: #ff0000;\">UUSI MALLI<\/span> - kompakti, tilava ja aina valmis seikkailuun.<\/strong><\/p>\n<p data-start=\"213\" data-end=\"454\">Roadie\u00ae 24 2.0 on kompakti mutta tilava kylm\u00e4laukku, joka mahtuu helposti kuljettajan tai matkustajan istuimen taakse - ihanteellinen pidemmille matkoille, vaelluksille tai viikonloppumatkoille.<\/p>\n<h4 data-start=\"461\" data-end=\"492\">\u2744\ufe0f <strong data-start=\"469\" data-end=\"490\">P\u00e4ivien tuoreus<\/strong><\/h4>\n<ul data-start=\"493\" data-end=\"741\">\n<li data-start=\"493\" data-end=\"572\">\n<p data-start=\"495\" data-end=\"572\">Pid\u00e4 juomat ja ruoka kylm\u00e4n\u00e4 <strong data-start=\"525\" data-end=\"542\">p\u00e4iv\u00e4ss\u00e4<\/strong>, kuten Tundra\u00ae-malliston laatikot.<\/p>\n<\/li>\n<li data-start=\"573\" data-end=\"673\">\n<p data-start=\"575\" data-end=\"673\"><strong data-start=\"575\" data-end=\"600\">Sis\u00e4korkeus 33 cm<\/strong> - sopii useimmille tavallisille viinipulloille ja virvoitusjuomille.<\/p>\n<\/li>\n<li data-start=\"674\" data-end=\"741\">\n<p data-start=\"676\" data-end=\"741\">Kest\u00e4\u00e4 jopa <strong data-start=\"689\" data-end=\"706\">33 juomat\u00f6lkki\u00e4<\/strong> tai <strong data-start=\"711\" data-end=\"725\">11 kg j\u00e4\u00e4t\u00e4<\/strong> (vain j\u00e4\u00e4).<\/p>\n<\/li>\n<\/ul>\n<h4 data-start=\"748\" data-end=\"785\">\ud83e\uddf1 <strong data-start=\"756\" data-end=\"783\">Kest\u00e4v\u00e4 ja helppok\u00e4ytt\u00f6inen<\/strong><\/h4>\n<ul data-start=\"786\" data-end=\"1009\">\n<li data-start=\"786\" data-end=\"875\">\n<p data-start=\"788\" data-end=\"875\"><strong data-start=\"788\" data-end=\"817\">ROCKSOLID\u2122-rakenne<\/strong> - vahva, kevyt ja kompakti, jotta se kest\u00e4\u00e4 kovimmatkin olosuhteet.<\/p>\n<\/li>\n<li data-start=\"876\" data-end=\"941\">\n<p data-start=\"878\" data-end=\"941\"><strong data-start=\"878\" data-end=\"902\">HEFTYHAULER\u2122-kahva<\/strong> - mukava k\u00e4ytt\u00e4\u00e4 ja helppo ottaa mukaan.<\/p>\n<\/li>\n<li data-start=\"942\" data-end=\"1009\">\n<p data-start=\"944\" data-end=\"1009\"><strong data-start=\"944\" data-end=\"968\">QUICKLATCH\u2122-kiinnitys<\/strong> - Joustava ja nopea yhden k\u00e4den avaus.<\/p>\n<\/li>\n<\/ul>\n<h4 data-start=\"1016\" data-end=\"1057\">\ud83c\udf77 <strong data-start=\"1024\" data-end=\"1055\">Viiniyst\u00e4v\u00e4llinen ja k\u00e4yt\u00e4nn\u00f6llinen<\/strong><\/h4>\n<ul data-start=\"1058\" data-end=\"1194\">\n<li data-start=\"1058\" data-end=\"1112\">\n<p data-start=\"1060\" data-end=\"1112\">Tarpeeksi korkea pit\u00e4m\u00e4\u00e4n <strong data-start=\"1086\" data-end=\"1109\">viinipullot pystyss\u00e4<\/strong>.<\/p>\n<\/li>\n<li data-start=\"1113\" data-end=\"1194\">\n<p data-start=\"1115\" data-end=\"1194\">Sopii erinomaisesti <strong data-start=\"1132\" data-end=\"1191\">ruoan ja juomien s\u00e4ilytt\u00e4miseen pitkill\u00e4 matkoilla<\/strong>.<\/p>\n<\/li>\n<\/ul>\n<p><strong>Uusi Roadie\u00ae 24 2.0 - kompakti, vahva ja k\u00e4yt\u00e4nn\u00f6llinen kylm\u00e4laatikko, joka pit\u00e4\u00e4 sis\u00e4ll\u00f6n tuoreena ja liikkuvana kaikissa olosuhteissa.<\/strong><\/p>\n<p data-start=\"1917\" data-end=\"2016\"><em><strong>Tutustu my\u00f6s muihin Yetin tarjoamiin palveluihin.\u00a0<a href=\"https:\/\/tammetorubbq.ee\/fi\/tuotetunniste\/kulma-akku\/\">kylmill\u00e4 akuilla<\/a>.\u00a0<\/strong><\/em><\/p>\n<p><img loading=\"lazy\" decoding=\"async\" class=\"alignnone wp-image-3722\" src=\"http:\/\/tammetorubbq.ee\/wp-content\/uploads\/2025\/10\/YETI-logo-300x84.png\" alt=\"YETI-logo\" width=\"168\" height=\"47\" srcset=\"https:\/\/tammetorubbq.ee\/wp-content\/uploads\/2025\/10\/YETI-logo-300x84.png 300w, https:\/\/tammetorubbq.ee\/wp-content\/uploads\/2025\/10\/YETI-logo-1024x287.png 1024w, https:\/\/tammetorubbq.ee\/wp-content\/uploads\/2025\/10\/YETI-logo-768x215.png 768w, https:\/\/tammetorubbq.ee\/wp-content\/uploads\/2025\/10\/YETI-logo-18x5.png 18w, https:\/\/tammetorubbq.ee\/wp-content\/uploads\/2025\/10\/YETI-logo-600x168.png 600w, https:\/\/tammetorubbq.ee\/wp-content\/uploads\/2025\/10\/YETI-logo-64x18.png 64w, https:\/\/tammetorubbq.ee\/wp-content\/uploads\/2025\/10\/YETI-logo.png 1298w\" sizes=\"auto, (max-width: 168px) 100vw, 168px\" \/><\/p>\n<p>&nbsp;<\/p>\n<p><a href=\"https:\/\/tammetorubbq.ee\/fi\/maksa-myohemmin\/\"><strong>OSTA NYT, MAKSA MY\u00d6HEMMIN<\/strong><\/a>\u00a0- korotonta!<\/p>\n<p><img loading=\"lazy\" decoding=\"async\" class=\"alignnone wp-image-2646\" src=\"http:\/\/tammetorubbq.ee\/wp-content\/uploads\/2023\/12\/inbank-wordmark.png\" alt=\"\" width=\"167\" height=\"75\" srcset=\"https:\/\/tammetorubbq.ee\/wp-content\/uploads\/2023\/12\/inbank-wordmark.png 300w, https:\/\/tammetorubbq.ee\/wp-content\/uploads\/2023\/12\/inbank-wordmark-18x8.png 18w, https:\/\/tammetorubbq.ee\/wp-content\/uploads\/2023\/12\/inbank-wordmark-64x29.png 64w\" sizes=\"auto, (max-width: 167px) 100vw, 167px\" \/><\/p>\n<p>Tarjoamme my\u00f6s mahdollisuuden maksaa my\u00f6hemmin - yhdess\u00e4, kahdessa tai kolmessa samansuuruisessa er\u00e4ss\u00e4 ilman korkoa tai lis\u00e4maksua.<\/p>\n<p>L\u00f6yd\u00e4t valikoiman eri maksuvaihtoehtoja ostoskoristamme.<\/p>","protected":false},"featured_media":3802,"comment_status":"open","ping_status":"closed","template":"","meta":{"_uf_show_specific_survey":0,"_uf_disable_surveys":false},"pwb-brand":[204],"product_brand":[],"product_cat":[193,199],"product_tag":[207],"class_list":{"0":"post-3797","1":"product","2":"type-product","3":"status-publish","4":"has-post-thumbnail","6":"pwb-brand-yeti","7":"product_cat-yeti-coolerid-termotopsid","8":"product_cat-kulmakastid","9":"product_tag-kulmakast","11":"first","12":"instock","13":"taxable","14":"shipping-taxable","15":"purchasable","16":"product-type-simple"},"brands":[{"id":204,"name":"YETI","slug":"yeti"}],"_links":{"self":[{"href":"https:\/\/tammetorubbq.ee\/fi\/wp-json\/wp\/v2\/product\/3797","targetHints":{"allow":["GET"]}}],"collection":[{"href":"https:\/\/tammetorubbq.ee\/fi\/wp-json\/wp\/v2\/product"}],"about":[{"href":"https:\/\/tammetorubbq.ee\/fi\/wp-json\/wp\/v2\/types\/product"}],"replies":[{"embeddable":true,"href":"https:\/\/tammetorubbq.ee\/fi\/wp-json\/wp\/v2\/comments?post=3797"}],"wp:featuredmedia":[{"embeddable":true,"href":"https:\/\/tammetorubbq.ee\/fi\/wp-json\/wp\/v2\/media\/3802"}],"wp:attachment":[{"href":"https:\/\/tammetorubbq.ee\/fi\/wp-json\/wp\/v2\/media?parent=3797"}],"wp:term":[{"taxonomy":"pwb-brand","embeddable":true,"href":"https:\/\/tammetorubbq.ee\/fi\/wp-json\/wp\/v2\/pwb-brand?post=3797"},{"taxonomy":"product_brand","embeddable":true,"href":"https:\/\/tammetorubbq.ee\/fi\/wp-json\/wp\/v2\/product_brand?post=3797"},{"taxonomy":"product_cat","embeddable":true,"href":"https:\/\/tammetorubbq.ee\/fi\/wp-json\/wp\/v2\/product_cat?post=3797"},{"taxonomy":"product_tag","embeddable":true,"href":"https:\/\/tammetorubbq.ee\/fi\/wp-json\/wp\/v2\/product_tag?post=3797"}],"curies":[{"name":"wp","href":"https:\/\/api.w.org\/{rel}","templated":true}]}}