{"id":3823,"date":"2025-10-13T14:05:07","date_gmt":"2025-10-13T11:05:07","guid":{"rendered":"https:\/\/tammetorubbq.ee\/?post_type=product&#038;p=3823"},"modified":"2026-04-14T22:00:38","modified_gmt":"2026-04-14T19:00:38","slug":"yeti-corner-box-roadie-24-beez","status":"publish","type":"product","link":"https:\/\/tammetorubbq.ee\/fi\/product-2\/yeti-corner-box-roadie-24-beez\/","title":{"rendered":"YETI kylm\u00e4laatikko Roadie 24 (beige)"},"content":{"rendered":"<table class=\"woocommerce-product-attributes shop_attributes\" aria-label=\"Tuotteen tiedot\">\n<tbody>\n<tr class=\"woocommerce-product-attributes-item woocommerce-product-attributes-item--weight\">\n<th class=\"woocommerce-product-attributes-item__label\" scope=\"row\">Paino<\/th>\n<td class=\"woocommerce-product-attributes-item__value\">5,8 kg<\/td>\n<\/tr>\n<tr class=\"woocommerce-product-attributes-item woocommerce-product-attributes-item--dimensions\">\n<th class=\"woocommerce-product-attributes-item__label\" scope=\"row\">Mitat<\/th>\n<td class=\"woocommerce-product-attributes-item__value\">35,6 \u00d7 42,2 \u00d7 44,2 cm.<\/td>\n<\/tr>\n<\/tbody>\n<\/table>\n<p>&nbsp;<\/p>\n<p><strong data-start=\"148\" data-end=\"172\">Yeti - rakennettu kest\u00e4m\u00e4\u00e4n!<\/strong><\/p>\n<p>Yeti syntyi vuonna 2006 intohimosta luontoon ja seikkailuun. Tavoite oli yksinkertainen - luoda varusteita, jotka kest\u00e4v\u00e4t kovimmatkin olosuhteet eiv\u00e4tk\u00e4 pet\u00e4 sinua p\u00e4ivitt\u00e4isiss\u00e4 seikkailuissasi.<\/p>\n<p>Kaikki alkoi j\u00e4\u00e4pakkauksen kehitt\u00e4misest\u00e4, mutta nyky\u00e4\u00e4n Yeti-mallistoon kuuluu kest\u00e4vi\u00e4 termospulloja, juomapulloja ja lis\u00e4varusteita, jotka on suunniteltu kest\u00e4m\u00e4\u00e4n koko elini\u00e4n.<\/p>\n<p>Yeti on aina valmiina l\u00e4ht\u00f6\u00f6n, olipa kyseess\u00e4 sitten vuoristo, meri tai mets\u00e4.<\/p>","protected":false},"excerpt":{"rendered":"<p><strong data-start=\"199\" data-end=\"237\">Tuoretta sis\u00e4lt\u00f6\u00e4 koko ajan.<\/strong><\/p>\n<p>Roadie\u00ae 24 on tarpeeksi korkea, jotta siihen mahtuu useimmat tavalliset viinipullot ja se pit\u00e4\u00e4 t\u00e4rke\u00e4t juomat ja ruoat tuoreina, mutta tarpeeksi kompakti, jotta se mahtuu kuljettajan tai matkustajan istuimen taakse. T\u00e4ydellinen kumppani pidemmille matkoille ja jokap\u00e4iv\u00e4isiin seikkailuihin.<\/p>\n<h4 data-start=\"520\" data-end=\"558\">\ud83e\uddf1\u00a0<strong data-start=\"528\" data-end=\"556\">Kest\u00e4v\u00e4 ja k\u00e4yt\u00e4nn\u00f6llinen<\/strong><\/h4>\n<ul data-start=\"559\" data-end=\"719\">\n<li data-start=\"559\" data-end=\"643\">\n<p data-start=\"561\" data-end=\"643\"><strong data-start=\"561\" data-end=\"590\">ROCKSOLID\u2122-rakenne<\/strong>\u00a0- l\u00e4hes s\u00e4rkym\u00e4t\u00f6n ja eritt\u00e4in vahva.<\/p>\n<\/li>\n<li data-start=\"644\" data-end=\"719\">\n<p data-start=\"646\" data-end=\"719\"><strong data-start=\"646\" data-end=\"676\">NEVERFAIL\u2122 saranaj\u00e4rjestelm\u00e4<\/strong>\u00a0- kahden nastan rakenne est\u00e4\u00e4 rikkoutumisen.<\/p>\n<\/li>\n<\/ul>\n<h4 data-start=\"726\" data-end=\"779\">\ud83d\udee0\u00a0<strong data-start=\"734\" data-end=\"777\">\u00c4lykk\u00e4\u00e4t kahvat ja kiinnitysj\u00e4rjestelm\u00e4t<\/strong><\/h4>\n<ul data-start=\"780\" data-end=\"1082\">\n<li data-start=\"780\" data-end=\"842\">\n<p data-start=\"782\" data-end=\"842\"><strong data-start=\"782\" data-end=\"806\">HEFTYHAULER\u2122-kahva<\/strong>\u00a0- mukava kantaa ja k\u00e4ytt\u00e4\u00e4.<\/p>\n<\/li>\n<li data-start=\"843\" data-end=\"920\">\n<p data-start=\"845\" data-end=\"920\"><strong data-start=\"845\" data-end=\"868\">LIPGRIP\u2122-kahvat<\/strong>\u00a0- pysyv\u00e4t poissa tielt\u00e4 ja helpottavat siirt\u00e4mist\u00e4.<\/p>\n<\/li>\n<li data-start=\"921\" data-end=\"997\">\n<p data-start=\"923\" data-end=\"997\"><strong data-start=\"923\" data-end=\"954\">BEARFOOT\u2122 liukumattomat jalat<\/strong>\u00a0- pit\u00e4\u00e4 laatikon paikallaan veneess\u00e4 tai autossa.<\/p>\n<\/li>\n<li data-start=\"998\" data-end=\"1082\">\n<p data-start=\"1000\" data-end=\"1082\"><strong data-start=\"1000\" data-end=\"1030\">ANCHORPOINT\u2122-sidonta-alueet<\/strong>\u00a0- helppo kiinnitt\u00e4\u00e4 veneeseen, per\u00e4vaunuun tai autoon.<\/p>\n<\/li>\n<\/ul>\n<h4 data-start=\"1089\" data-end=\"1126\">\u2744\ufe0f\u00a0<strong data-start=\"1097\" data-end=\"1124\">Erinomainen eristys<\/strong><\/h4>\n<ul data-start=\"1127\" data-end=\"1336\">\n<li data-start=\"1127\" data-end=\"1210\">\n<p data-start=\"1129\" data-end=\"1210\"><strong data-start=\"1129\" data-end=\"1156\">PERMAFROST\u2122 eristys<\/strong>\u00a0- paineistettu polyuretaani pit\u00e4\u00e4 kylm\u00e4\u00e4 pidemp\u00e4\u00e4n.<\/p>\n<\/li>\n<li data-start=\"1211\" data-end=\"1336\">\n<p data-start=\"1213\" data-end=\"1336\"><strong data-start=\"1213\" data-end=\"1259\">INTERLOCK\u2122-kansij\u00e4rjestelm\u00e4 ja COLDLOCK\u2122-tiiviste<\/strong>\u00a0- pakastinlaadun este, joka pit\u00e4\u00e4 kylmyyden ja l\u00e4mm\u00f6n poissa.<\/p>\n<\/li>\n<\/ul>\n<h4 data-start=\"1343\" data-end=\"1384\">\ud83c\udf77\u00a0<strong data-start=\"1351\" data-end=\"1382\">Viiniyst\u00e4v\u00e4llinen ja k\u00e4yt\u00e4nn\u00f6llinen<\/strong><\/h4>\n<ul data-start=\"1385\" data-end=\"1525\">\n<li data-start=\"1385\" data-end=\"1467\">\n<p data-start=\"1387\" data-end=\"1467\">Pit\u00e4\u00e4 useimmat tavalliset viinipullot ja 2 litran virvoitusjuomapullot pystyss\u00e4.<\/p>\n<\/li>\n<li data-start=\"1468\" data-end=\"1525\">\n<p data-start=\"1470\" data-end=\"1525\"><strong data-start=\"1470\" data-end=\"1494\">QUICKLATCH\u2122-kiinnitys<\/strong>\u00a0- nopea ja yhden k\u00e4den avaus.<\/p>\n<\/li>\n<\/ul>\n<p><strong>Roadie\u00ae 24 - pienikokoinen, vahva ja kylm\u00e4\u00e4 pit\u00e4v\u00e4 mestari, joka kulkee mukanasi jokaisessa seikkailussa.<\/strong><\/p>\n<p data-start=\"1917\" data-end=\"2016\"><em><strong>Tutustu my\u00f6s muihin Yetin tarjoamiin palveluihin.\u00a0<a href=\"https:\/\/tammetorubbq.ee\/fi\/tuotetunniste\/kulma-akku\/\">kylmill\u00e4 akuilla<\/a>.\u00a0<\/strong><\/em><\/p>\n<p><img loading=\"lazy\" decoding=\"async\" class=\"alignnone wp-image-3722\" src=\"http:\/\/tammetorubbq.ee\/wp-content\/uploads\/2025\/10\/YETI-logo-300x84.png\" alt=\"YETI-logo\" width=\"168\" height=\"47\" srcset=\"https:\/\/tammetorubbq.ee\/wp-content\/uploads\/2025\/10\/YETI-logo-300x84.png 300w, https:\/\/tammetorubbq.ee\/wp-content\/uploads\/2025\/10\/YETI-logo-1024x287.png 1024w, https:\/\/tammetorubbq.ee\/wp-content\/uploads\/2025\/10\/YETI-logo-768x215.png 768w, https:\/\/tammetorubbq.ee\/wp-content\/uploads\/2025\/10\/YETI-logo-18x5.png 18w, https:\/\/tammetorubbq.ee\/wp-content\/uploads\/2025\/10\/YETI-logo-600x168.png 600w, https:\/\/tammetorubbq.ee\/wp-content\/uploads\/2025\/10\/YETI-logo-64x18.png 64w, https:\/\/tammetorubbq.ee\/wp-content\/uploads\/2025\/10\/YETI-logo.png 1298w\" sizes=\"auto, (max-width: 168px) 100vw, 168px\" \/><\/p>\n<p>&nbsp;<\/p>\n<p><a href=\"https:\/\/tammetorubbq.ee\/fi\/maksa-myohemmin\/\"><strong>OSTA NYT, MAKSA MY\u00d6HEMMIN<\/strong><\/a>\u00a0- korotonta!<\/p>\n<p><img loading=\"lazy\" decoding=\"async\" class=\"alignnone wp-image-2646\" src=\"http:\/\/tammetorubbq.ee\/wp-content\/uploads\/2023\/12\/inbank-wordmark.png\" alt=\"\" width=\"167\" height=\"75\" srcset=\"https:\/\/tammetorubbq.ee\/wp-content\/uploads\/2023\/12\/inbank-wordmark.png 300w, https:\/\/tammetorubbq.ee\/wp-content\/uploads\/2023\/12\/inbank-wordmark-18x8.png 18w, https:\/\/tammetorubbq.ee\/wp-content\/uploads\/2023\/12\/inbank-wordmark-64x29.png 64w\" sizes=\"auto, (max-width: 167px) 100vw, 167px\" \/><\/p>\n<p>Tarjoamme my\u00f6s mahdollisuuden maksaa my\u00f6hemmin - yhdess\u00e4, kahdessa tai kolmessa samansuuruisessa er\u00e4ss\u00e4 ilman korkoa tai lis\u00e4maksua.<\/p>\n<p>L\u00f6yd\u00e4t valikoiman eri maksuvaihtoehtoja ostoskoristamme.<\/p>","protected":false},"featured_media":3830,"comment_status":"open","ping_status":"closed","template":"","meta":{"_uf_show_specific_survey":0,"_uf_disable_surveys":false},"pwb-brand":[204],"product_brand":[],"product_cat":[193,199],"product_tag":[207],"class_list":{"0":"post-3823","1":"product","2":"type-product","3":"status-publish","4":"has-post-thumbnail","6":"pwb-brand-yeti","7":"product_cat-yeti-coolerid-termotopsid","8":"product_cat-kulmakastid","9":"product_tag-kulmakast","11":"first","12":"instock","13":"taxable","14":"shipping-taxable","15":"purchasable","16":"product-type-simple"},"brands":[{"id":204,"name":"YETI","slug":"yeti"}],"_links":{"self":[{"href":"https:\/\/tammetorubbq.ee\/fi\/wp-json\/wp\/v2\/product\/3823","targetHints":{"allow":["GET"]}}],"collection":[{"href":"https:\/\/tammetorubbq.ee\/fi\/wp-json\/wp\/v2\/product"}],"about":[{"href":"https:\/\/tammetorubbq.ee\/fi\/wp-json\/wp\/v2\/types\/product"}],"replies":[{"embeddable":true,"href":"https:\/\/tammetorubbq.ee\/fi\/wp-json\/wp\/v2\/comments?post=3823"}],"wp:featuredmedia":[{"embeddable":true,"href":"https:\/\/tammetorubbq.ee\/fi\/wp-json\/wp\/v2\/media\/3830"}],"wp:attachment":[{"href":"https:\/\/tammetorubbq.ee\/fi\/wp-json\/wp\/v2\/media?parent=3823"}],"wp:term":[{"taxonomy":"pwb-brand","embeddable":true,"href":"https:\/\/tammetorubbq.ee\/fi\/wp-json\/wp\/v2\/pwb-brand?post=3823"},{"taxonomy":"product_brand","embeddable":true,"href":"https:\/\/tammetorubbq.ee\/fi\/wp-json\/wp\/v2\/product_brand?post=3823"},{"taxonomy":"product_cat","embeddable":true,"href":"https:\/\/tammetorubbq.ee\/fi\/wp-json\/wp\/v2\/product_cat?post=3823"},{"taxonomy":"product_tag","embeddable":true,"href":"https:\/\/tammetorubbq.ee\/fi\/wp-json\/wp\/v2\/product_tag?post=3823"}],"curies":[{"name":"wp","href":"https:\/\/api.w.org\/{rel}","templated":true}]}}