{"id":3897,"date":"2025-10-15T09:48:44","date_gmt":"2025-10-15T06:48:44","guid":{"rendered":"https:\/\/tammetorubbq.ee\/?post_type=product&#038;p=3897"},"modified":"2026-04-16T21:00:12","modified_gmt":"2026-04-16T18:00:12","slug":"yeti-harppu-taskupullo-207ml-trooppinen-vaaleanpunainen","status":"publish","type":"product","link":"https:\/\/tammetorubbq.ee\/fi\/product-2\/yeti-harppu-taskupullo-207ml-trooppinen-vaaleanpunainen\/","title":{"rendered":"Yeti pieni taskupullo 207ml (trooppinen vaaleanpunainen)"},"content":{"rendered":"<p><strong data-start=\"148\" data-end=\"172\">Yeti - rakennettu kest\u00e4m\u00e4\u00e4n!<\/strong><\/p>\n<p>Yeti syntyi vuonna 2006 intohimosta luontoon ja seikkailuun. Tavoite oli yksinkertainen - luoda varusteita, jotka kest\u00e4v\u00e4t kovimmatkin olosuhteet eiv\u00e4tk\u00e4 pet\u00e4 sinua p\u00e4ivitt\u00e4isiss\u00e4 seikkailuissasi.<\/p>\n<p>Kaikki alkoi j\u00e4\u00e4pakkauksen kehitt\u00e4misest\u00e4, mutta nyky\u00e4\u00e4n Yeti-mallistoon kuuluu kest\u00e4vi\u00e4 termospulloja, juomapulloja ja lis\u00e4varusteita, jotka on suunniteltu kest\u00e4m\u00e4\u00e4n koko elini\u00e4n.<\/p>\n<p>Yeti on aina valmiina l\u00e4ht\u00f6\u00f6n, olipa kyseess\u00e4 sitten vuoristo, meri tai mets\u00e4.<\/p>","protected":false},"excerpt":{"rendered":"<p data-start=\"171\" data-end=\"466\"><strong data-start=\"171\" data-end=\"211\">Tyylik\u00e4s, kest\u00e4v\u00e4 ja aina mukana.<\/strong><\/p>\n<p data-start=\"171\" data-end=\"466\">YETI 207 ml:n taskupullo on suunniteltu niille, jotka arvostavat laatua ja k\u00e4yt\u00e4nn\u00f6llisyytt\u00e4. T\u00e4ydellinen kumppani vaellukselle, kalastukseen, konserttiin tai nuotiolle yst\u00e4vien kanssa, se sopii t\u00e4ydellisesti niihin hetkiin, kun haluat ottaa jotain hyv\u00e4\u00e4 mukaasi ja jakaa sen.<\/p>\n<p data-start=\"468\" data-end=\"799\">Pullo on valmistettu <strong data-start=\"489\" data-end=\"531\">18\/8 keitti\u00f6kokoluokan ruostumaton ter\u00e4s<\/strong>, joka takaa iskunkest\u00e4vyyden ja ruostumattomuuden. <strong data-start=\"569\" data-end=\"587\">Duracoat\u2122-peite<\/strong> ei halkeile tai kulu edes aktiivisessa k\u00e4yt\u00f6ss\u00e4. Kiitos <strong data-start=\"642\" data-end=\"667\">kompakti koko<\/strong> pullo mahtuu mukavasti laukkuun tai taskuun ja pysyy tiukasti k\u00e4dess\u00e4.<br data-start=\"733\" data-end=\"736\" \/>Mukana toimitetaan <strong data-start=\"752\" data-end=\"762\">Lehti<\/strong> tekee t\u00e4yt\u00e4nt\u00f6\u00f6npanosta yksinkertaista ja siisti\u00e4.<\/p>\n<h4 data-start=\"801\" data-end=\"818\"><strong data-start=\"806\" data-end=\"818\">Ominaisuudet<\/strong><\/h4>\n<ul data-start=\"819\" data-end=\"1056\">\n<li data-start=\"819\" data-end=\"840\">\n<p data-start=\"821\" data-end=\"840\">Tilavuus: 207 ml<\/p>\n<\/li>\n<li data-start=\"841\" data-end=\"881\">\n<p data-start=\"843\" data-end=\"881\">Joustava <strong data-start=\"854\" data-end=\"879\">18\/8 ruostumaton ter\u00e4s<\/strong><\/p>\n<\/li>\n<li data-start=\"882\" data-end=\"927\">\n<p data-start=\"884\" data-end=\"927\"><strong data-start=\"884\" data-end=\"897\">Duracoat\u2122<\/strong> v\u00e4ri - ei halkeile tai kuoriudu<\/p>\n<\/li>\n<li data-start=\"928\" data-end=\"976\">\n<p data-start=\"930\" data-end=\"976\"><strong data-start=\"930\" data-end=\"957\">Astianpesukoneen kest\u00e4v\u00e4<\/strong> - helppo huolto<\/p>\n<\/li>\n<li data-start=\"977\" data-end=\"1010\">\n<p data-start=\"979\" data-end=\"1010\"><strong data-start=\"979\" data-end=\"991\">BPA-vapaa<\/strong> - turvallinen k\u00e4ytt\u00e4\u00e4<\/p>\n<\/li>\n<li data-start=\"1011\" data-end=\"1056\">\n<p data-start=\"1013\" data-end=\"1056\">Toimittaa <strong data-start=\"1024\" data-end=\"1034\">Lehti<\/strong> k\u00e4tev\u00e4\u00e4 t\u00e4ytt\u00f6\u00e4 varten<\/p>\n<\/li>\n<\/ul>\n<p data-start=\"1058\" data-end=\"1120\"><strong data-start=\"1058\" data-end=\"1120\">Kompakti ja tyylik\u00e4s - t\u00e4ydellinen kumppani jokaiseen seikkailuun.<\/strong><\/p>\n<p data-start=\"1058\" data-end=\"1120\">\n<p data-start=\"1058\" data-end=\"1120\"><img loading=\"lazy\" decoding=\"async\" class=\"alignnone wp-image-3722\" src=\"http:\/\/tammetorubbq.ee\/wp-content\/uploads\/2025\/10\/YETI-logo-300x84.png\" alt=\"YETI-logo\" width=\"168\" height=\"47\" srcset=\"https:\/\/tammetorubbq.ee\/wp-content\/uploads\/2025\/10\/YETI-logo-300x84.png 300w, https:\/\/tammetorubbq.ee\/wp-content\/uploads\/2025\/10\/YETI-logo-1024x287.png 1024w, https:\/\/tammetorubbq.ee\/wp-content\/uploads\/2025\/10\/YETI-logo-768x215.png 768w, https:\/\/tammetorubbq.ee\/wp-content\/uploads\/2025\/10\/YETI-logo-18x5.png 18w, https:\/\/tammetorubbq.ee\/wp-content\/uploads\/2025\/10\/YETI-logo-600x168.png 600w, https:\/\/tammetorubbq.ee\/wp-content\/uploads\/2025\/10\/YETI-logo-64x18.png 64w, https:\/\/tammetorubbq.ee\/wp-content\/uploads\/2025\/10\/YETI-logo.png 1298w\" sizes=\"auto, (max-width: 168px) 100vw, 168px\" \/><\/p>","protected":false},"featured_media":3899,"comment_status":"open","ping_status":"closed","template":"","meta":{"_uf_show_specific_survey":0,"_uf_disable_surveys":false},"pwb-brand":[204],"product_brand":[],"product_cat":[193,201,200],"product_tag":[208,212,210],"class_list":{"0":"post-3897","1":"product","2":"type-product","3":"status-publish","4":"has-post-thumbnail","6":"pwb-brand-yeti","7":"product_cat-yeti-coolerid-termotopsid","8":"product_cat-joogipudelid","9":"product_cat-termotopsid-kruusid-pudelid","10":"product_tag-joogipudel","11":"product_tag-taskupudel","12":"product_tag-termospudel","14":"first","15":"instock","16":"taxable","17":"shipping-taxable","18":"purchasable","19":"product-type-simple"},"brands":[{"id":204,"name":"YETI","slug":"yeti"}],"_links":{"self":[{"href":"https:\/\/tammetorubbq.ee\/fi\/wp-json\/wp\/v2\/product\/3897","targetHints":{"allow":["GET"]}}],"collection":[{"href":"https:\/\/tammetorubbq.ee\/fi\/wp-json\/wp\/v2\/product"}],"about":[{"href":"https:\/\/tammetorubbq.ee\/fi\/wp-json\/wp\/v2\/types\/product"}],"replies":[{"embeddable":true,"href":"https:\/\/tammetorubbq.ee\/fi\/wp-json\/wp\/v2\/comments?post=3897"}],"wp:featuredmedia":[{"embeddable":true,"href":"https:\/\/tammetorubbq.ee\/fi\/wp-json\/wp\/v2\/media\/3899"}],"wp:attachment":[{"href":"https:\/\/tammetorubbq.ee\/fi\/wp-json\/wp\/v2\/media?parent=3897"}],"wp:term":[{"taxonomy":"pwb-brand","embeddable":true,"href":"https:\/\/tammetorubbq.ee\/fi\/wp-json\/wp\/v2\/pwb-brand?post=3897"},{"taxonomy":"product_brand","embeddable":true,"href":"https:\/\/tammetorubbq.ee\/fi\/wp-json\/wp\/v2\/product_brand?post=3897"},{"taxonomy":"product_cat","embeddable":true,"href":"https:\/\/tammetorubbq.ee\/fi\/wp-json\/wp\/v2\/product_cat?post=3897"},{"taxonomy":"product_tag","embeddable":true,"href":"https:\/\/tammetorubbq.ee\/fi\/wp-json\/wp\/v2\/product_tag?post=3897"}],"curies":[{"name":"wp","href":"https:\/\/api.w.org\/{rel}","templated":true}]}}