{"id":3979,"date":"2025-10-15T14:55:35","date_gmt":"2025-10-15T11:55:35","guid":{"rendered":"https:\/\/tammetorubbq.ee\/?post_type=product&#038;p=3979"},"modified":"2026-04-16T20:00:24","modified_gmt":"2026-04-16T17:00:24","slug":"ninja-multicups-foodi-max-14-uhes-smartlid-75l","status":"publish","type":"product","link":"https:\/\/tammetorubbq.ee\/fi\/product-2\/ninja-multicups-foodi-max-14-uhes-smartlid-75l\/","title":{"rendered":"Ninja monitoimikeitin Foodi MAX 14-in-one SmartLid 7,5L"},"content":{"rendered":"<table class=\"woocommerce-product-attributes shop_attributes\" aria-label=\"Tuotteen tiedot\">\n<tbody>\n<tr class=\"woocommerce-product-attributes-item woocommerce-product-attributes-item--weight\">\n<th class=\"woocommerce-product-attributes-item__label\" style=\"text-align: left;\" scope=\"row\">Paino<\/th>\n<td class=\"woocommerce-product-attributes-item__value\">11,3 kg<\/td>\n<\/tr>\n<tr class=\"woocommerce-product-attributes-item woocommerce-product-attributes-item--dimensions\">\n<th class=\"woocommerce-product-attributes-item__label\" scope=\"row\">Mitat<\/th>\n<td class=\"woocommerce-product-attributes-item__value\">39,8 \u00d7 39,1 \u00d7 43,8 cm.<\/td>\n<\/tr>\n<\/tbody>\n<\/table>\n<p data-start=\"112\" data-end=\"348\"><strong data-start=\"112\" data-end=\"121\">Ninja<\/strong> <strong>tavaramerkki<\/strong> on tunnettu yhdysvaltalainen kodinkonemerkki, jonka omistaa yhti\u00f6 <strong data-start=\"187\" data-end=\"201\">SharkNinja<\/strong>. Tuotemerkki\u00e4 arvostetaan sen <strong data-start=\"225\" data-end=\"269\">\u00e4lykk\u00e4it\u00e4 ja k\u00e4ytt\u00e4j\u00e4yst\u00e4v\u00e4llisi\u00e4 ratkaisuja.<\/strong> jotka tekev\u00e4t jokap\u00e4iv\u00e4isest\u00e4 ruoanlaitosta helpompaa ja tehokkaampaa.<\/p>\n<p data-start=\"350\" data-end=\"651\">Ninja-sarjaan kuuluu <strong data-start=\"380\" data-end=\"434\">tehosekoittimet, ruoank\u00e4sittelykoneet, friteerauskoneet, monitoimikeittimet.<\/strong> ja yh\u00e4 useammin my\u00f6s <strong data-start=\"452\" data-end=\"474\">ulkokeitti\u00f6laitteet<\/strong>. Kaikki tuotteet on suunniteltu yhdist\u00e4m\u00e4\u00e4n <strong data-start=\"507\" data-end=\"564\">toiminnallisuus, luotettavuus ja innovatiivinen suunnittelu<\/strong>tarjota paras ty\u00f6kalu jokaiseen keitti\u00f6\u00f6n - kotona ja ammattikeitti\u00f6ss\u00e4.<\/p>","protected":false},"excerpt":{"rendered":"<p><strong data-start=\"223\" data-end=\"259\">Ninja Foot MAX 14-in-one SmartLid SmartLid -korkki<\/strong> on seuraavan sukupolven <strong data-start=\"282\" data-end=\"308\">\u00e4lyk\u00e4s monitoimikeitin<\/strong>, jossa yhdistyv\u00e4t <strong data-start=\"322\" data-end=\"357\">14 eri ruoanlaittotoimintoa<\/strong> yhdess\u00e4 laitteessa. Innovatiivisen <strong data-start=\"391\" data-end=\"418\">SmartLid\u2122-teknologia<\/strong> voit vaihtaa toimintatilojen v\u00e4lill\u00e4 yksinkertaisesti liu'uttamalla liukus\u00e4\u00e4dint\u00e4 - laite tunnistaa automaattisesti valitun toiminnon ja s\u00e4\u00e4t\u00e4\u00e4 paistamisen sen mukaisesti.<br data-start=\"559\" data-end=\"562\" \/>Suuri <strong data-start=\"567\" data-end=\"596\">7,5 litran leivinpannu<\/strong> mahtuu jopa <strong data-start=\"610\" data-end=\"640\">6 annosta tai 3 kg kanaa<\/strong>, ihanteellinen perheille ja kaveriporukoille.<\/p>\n<h4 data-start=\"711\" data-end=\"737\"><strong data-start=\"716\" data-end=\"737\">T\u00e4rkeimm\u00e4t ominaisuudet<\/strong><\/h4>\n<ul data-start=\"738\" data-end=\"1491\">\n<li data-start=\"738\" data-end=\"970\">\n<p data-start=\"740\" data-end=\"970\"><strong data-start=\"740\" data-end=\"772\">3 tilaa ja 14 toimintoa:<\/strong> painekypsennys, h\u00f6yrykypsennys, h\u00f6yrypaistaminen ja -paistaminen, ilmakypsennys, grillaus, leivonta, kuivaus, ruskistaminen, h\u00f6yrytys, hidas paisto, jogurtin ja leiv\u00e4n valmistus.<\/p>\n<\/li>\n<li data-start=\"971\" data-end=\"1100\">\n<p data-start=\"973\" data-end=\"1100\"><strong data-start=\"973\" data-end=\"988\">Combi h\u00f6yry<\/strong> - Yhdistetty h\u00f6yrytila takaa <strong data-start=\"1022\" data-end=\"1053\">mehev\u00e4 ja rapea lopputulos<\/strong> jopa 40% nopeammin kuin perinteiset menetelm\u00e4t.<\/p>\n<\/li>\n<li data-start=\"1101\" data-end=\"1184\">\n<p data-start=\"1103\" data-end=\"1184\"><strong data-start=\"1103\" data-end=\"1123\">Paineenalaiskypsennys<\/strong> on saatavilla <strong data-start=\"1136\" data-end=\"1153\">70% nopeampi<\/strong> ja s\u00e4ilytt\u00e4\u00e4 ruoan mehukkuuden.<\/p>\n<\/li>\n<li data-start=\"1185\" data-end=\"1276\">\n<p data-start=\"1187\" data-end=\"1276\"><strong data-start=\"1187\" data-end=\"1204\">Ilman hapsuttaminen<\/strong> v\u00e4hent\u00e4\u00e4 \u00f6ljyn k\u00e4ytt\u00f6\u00e4 jopa <strong data-start=\"1232\" data-end=\"1239\">75%<\/strong>ja tarjoaa samalla ter\u00e4v\u00e4n tuloksen.<\/p>\n<\/li>\n<li data-start=\"1277\" data-end=\"1361\">\n<p data-start=\"1279\" data-end=\"1361\"><strong data-start=\"1279\" data-end=\"1303\">H\u00f6yrystystoiminto<\/strong> mahdollistaa taikinan kohoamisen ja paistamisen yhten\u00e4 kokonaisuutena.<\/p>\n<\/li>\n<li data-start=\"1362\" data-end=\"1491\">\n<p data-start=\"1364\" data-end=\"1491\"><strong data-start=\"1364\" data-end=\"1422\">Hidas paisto, kuivaus ja jogurttitoiminto<\/strong> luo loputtomasti mahdollisuuksia sek\u00e4 suolaisiin ett\u00e4 makeisiin ruokiin.<\/p>\n<\/li>\n<\/ul>\n<h4 data-start=\"1498\" data-end=\"1524\"><strong data-start=\"1503\" data-end=\"1524\">Tekniset tiedot<\/strong><\/h4>\n<ul data-start=\"1525\" data-end=\"1710\">\n<li data-start=\"1525\" data-end=\"1548\">\n<p data-start=\"1527\" data-end=\"1548\"><strong data-start=\"1527\" data-end=\"1539\">Teho:<\/strong> 1760 W<\/p>\n<\/li>\n<li data-start=\"1549\" data-end=\"1581\">\n<p data-start=\"1551\" data-end=\"1581\"><strong data-start=\"1551\" data-end=\"1573\">Leivinpannun kapasiteetti:<\/strong> 7,5 L<\/p>\n<\/li>\n<li data-start=\"1582\" data-end=\"1633\">\n<p data-start=\"1584\" data-end=\"1633\"><strong data-start=\"1584\" data-end=\"1597\">Materiaali:<\/strong> Nano-keraaminen sy\u00f6pym\u00e4t\u00f6n pinnoite<\/p>\n<\/li>\n<li data-start=\"1634\" data-end=\"1672\">\n<p data-start=\"1636\" data-end=\"1672\"><strong data-start=\"1636\" data-end=\"1660\">L\u00e4mp\u00f6tila-alue:<\/strong> 25-240 \u00b0C<\/p>\n<\/li>\n<li data-start=\"1673\" data-end=\"1710\">\n<p data-start=\"1675\" data-end=\"1710\"><strong data-start=\"1675\" data-end=\"1684\">V\u00e4ri:<\/strong> musta \/ ruostumaton ter\u00e4s<\/p>\n<\/li>\n<\/ul>\n<h4 data-start=\"1717\" data-end=\"1736\"><strong data-start=\"1722\" data-end=\"1736\">Toimittaa<\/strong><\/h4>\n<ul data-start=\"1737\" data-end=\"1893\">\n<li data-start=\"1737\" data-end=\"1779\">\n<p data-start=\"1739\" data-end=\"1779\">7,5 litran keraamisesti p\u00e4\u00e4llystetty leivinpannu<\/p>\n<\/li>\n<li data-start=\"1780\" data-end=\"1811\">\n<p data-start=\"1782\" data-end=\"1811\">4,7 L <strong data-start=\"1788\" data-end=\"1804\">Cook &amp; Crisp<\/strong> Cor<\/p>\n<\/li>\n<li data-start=\"1812\" data-end=\"1840\">\n<p data-start=\"1814\" data-end=\"1840\">Kaksipuolinen k\u00e4\u00e4ntyv\u00e4 tuki<\/p>\n<\/li>\n<li data-start=\"1841\" data-end=\"1893\">\n<p data-start=\"1843\" data-end=\"1893\">Reseptikirja, jossa on ruoanlaittotaulukot<\/p>\n<\/li>\n<\/ul>\n<h4 data-start=\"1900\" data-end=\"1917\"><strong data-start=\"1905\" data-end=\"1917\">Lis\u00e4tietoja<\/strong><\/h4>\n<ul data-start=\"1918\" data-end=\"2091\">\n<li data-start=\"1918\" data-end=\"1972\">\n<p data-start=\"1920\" data-end=\"1972\">Irrotettavat osat ovat <strong data-start=\"1941\" data-end=\"1970\">astianpesukoneen kest\u00e4v\u00e4<\/strong><\/p>\n<\/li>\n<li data-start=\"1973\" data-end=\"2034\">\n<p data-start=\"1975\" data-end=\"2034\"><strong data-start=\"1975\" data-end=\"2001\">Liukastumista est\u00e4v\u00e4t jalat<\/strong> ja <strong data-start=\"2005\" data-end=\"2032\">viile\u00e4t sein\u00e4t<\/strong><\/p>\n<\/li>\n<li data-start=\"2035\" data-end=\"2091\">\n<p data-start=\"2037\" data-end=\"2091\"><strong data-start=\"2037\" data-end=\"2064\">Automaattinen sammutus<\/strong> varmistaa turvallisen k\u00e4yt\u00f6n<\/p>\n<\/li>\n<\/ul>\n<p><img loading=\"lazy\" decoding=\"async\" class=\"wp-image-3980\" src=\"http:\/\/tammetorubbq.ee\/wp-content\/uploads\/2025\/10\/Ninja-logo-300x300.webp\" alt=\"Ninja-logo\" width=\"180\" height=\"180\" srcset=\"https:\/\/tammetorubbq.ee\/wp-content\/uploads\/2025\/10\/Ninja-logo-300x300.webp 300w, https:\/\/tammetorubbq.ee\/wp-content\/uploads\/2025\/10\/Ninja-logo-150x150.webp 150w, https:\/\/tammetorubbq.ee\/wp-content\/uploads\/2025\/10\/Ninja-logo-12x12.webp 12w, https:\/\/tammetorubbq.ee\/wp-content\/uploads\/2025\/10\/Ninja-logo-600x600.webp 600w, https:\/\/tammetorubbq.ee\/wp-content\/uploads\/2025\/10\/Ninja-logo-64x64.webp 64w, https:\/\/tammetorubbq.ee\/wp-content\/uploads\/2025\/10\/Ninja-logo.webp 680w\" sizes=\"auto, (max-width: 180px) 100vw, 180px\" \/><\/p>\n<p><a href=\"https:\/\/tammetorubbq.ee\/fi\/maksa-myohemmin\/\"><strong>OSTA NYT, MAKSA MY\u00d6HEMMIN<\/strong><\/a>\u00a0- korotonta!<\/p>\n<p><img loading=\"lazy\" decoding=\"async\" class=\"alignnone wp-image-2646\" src=\"http:\/\/tammetorubbq.ee\/wp-content\/uploads\/2023\/12\/inbank-wordmark.png\" alt=\"\" width=\"167\" height=\"75\" srcset=\"https:\/\/tammetorubbq.ee\/wp-content\/uploads\/2023\/12\/inbank-wordmark.png 300w, https:\/\/tammetorubbq.ee\/wp-content\/uploads\/2023\/12\/inbank-wordmark-18x8.png 18w, https:\/\/tammetorubbq.ee\/wp-content\/uploads\/2023\/12\/inbank-wordmark-64x29.png 64w\" sizes=\"auto, (max-width: 167px) 100vw, 167px\" \/><\/p>\n<p>Tarjoamme my\u00f6s mahdollisuuden maksaa my\u00f6hemmin - yhdess\u00e4, kahdessa tai kolmessa samansuuruisessa er\u00e4ss\u00e4 ilman korkoa tai lis\u00e4maksua.<\/p>\n<p>L\u00f6yd\u00e4t valikoiman eri maksuvaihtoehtoja ostoskoristamme.<\/p>","protected":false},"featured_media":3990,"comment_status":"open","ping_status":"closed","template":"","meta":{"_uf_show_specific_survey":0,"_uf_disable_surveys":false},"pwb-brand":[214],"product_brand":[],"product_cat":[194,197],"product_tag":[215],"class_list":{"0":"post-3979","1":"product","2":"type-product","3":"status-publish","4":"has-post-thumbnail","6":"pwb-brand-ninja","7":"product_cat-ninja-koogiseadmed","8":"product_cat-multikupsetaja","9":"product_tag-multikupsetaja","11":"first","12":"outofstock","13":"taxable","14":"shipping-taxable","15":"purchasable","16":"product-type-simple"},"brands":[{"id":214,"name":"Ninja","slug":"ninja"}],"_links":{"self":[{"href":"https:\/\/tammetorubbq.ee\/fi\/wp-json\/wp\/v2\/product\/3979","targetHints":{"allow":["GET"]}}],"collection":[{"href":"https:\/\/tammetorubbq.ee\/fi\/wp-json\/wp\/v2\/product"}],"about":[{"href":"https:\/\/tammetorubbq.ee\/fi\/wp-json\/wp\/v2\/types\/product"}],"replies":[{"embeddable":true,"href":"https:\/\/tammetorubbq.ee\/fi\/wp-json\/wp\/v2\/comments?post=3979"}],"wp:featuredmedia":[{"embeddable":true,"href":"https:\/\/tammetorubbq.ee\/fi\/wp-json\/wp\/v2\/media\/3990"}],"wp:attachment":[{"href":"https:\/\/tammetorubbq.ee\/fi\/wp-json\/wp\/v2\/media?parent=3979"}],"wp:term":[{"taxonomy":"pwb-brand","embeddable":true,"href":"https:\/\/tammetorubbq.ee\/fi\/wp-json\/wp\/v2\/pwb-brand?post=3979"},{"taxonomy":"product_brand","embeddable":true,"href":"https:\/\/tammetorubbq.ee\/fi\/wp-json\/wp\/v2\/product_brand?post=3979"},{"taxonomy":"product_cat","embeddable":true,"href":"https:\/\/tammetorubbq.ee\/fi\/wp-json\/wp\/v2\/product_cat?post=3979"},{"taxonomy":"product_tag","embeddable":true,"href":"https:\/\/tammetorubbq.ee\/fi\/wp-json\/wp\/v2\/product_tag?post=3979"}],"curies":[{"name":"wp","href":"https:\/\/api.w.org\/{rel}","templated":true}]}}