{"id":3991,"date":"2025-10-15T15:04:24","date_gmt":"2025-10-15T12:04:24","guid":{"rendered":"https:\/\/tammetorubbq.ee\/?post_type=product&#038;p=3991"},"modified":"2026-04-16T23:00:26","modified_gmt":"2026-04-16T20:00:26","slug":"ninja-multi-cup-combi-monitoimikeitin-125l","status":"publish","type":"product","link":"https:\/\/tammetorubbq.ee\/fi\/product-2\/ninja-multi-cup-combi-monitoimikeitin-125l\/","title":{"rendered":"Ninja Combi Multi Cooker 12,5L monitoimikeitin"},"content":{"rendered":"<table class=\"woocommerce-product-attributes shop_attributes\" aria-label=\"Tuotteen tiedot\">\n<tbody>\n<tr class=\"woocommerce-product-attributes-item woocommerce-product-attributes-item--weight\">\n<th class=\"woocommerce-product-attributes-item__label\" style=\"text-align: left;\" scope=\"row\">Paino<\/th>\n<td class=\"woocommerce-product-attributes-item__value\">10,8 kg<\/td>\n<\/tr>\n<tr class=\"woocommerce-product-attributes-item woocommerce-product-attributes-item--dimensions\">\n<th class=\"woocommerce-product-attributes-item__label\" scope=\"row\">Mitat<\/th>\n<td class=\"woocommerce-product-attributes-item__value\">31 \u00d7 38 \u00d7 40 cm<\/td>\n<\/tr>\n<\/tbody>\n<\/table>\n<p data-start=\"112\" data-end=\"348\">\n<p data-start=\"112\" data-end=\"348\"><strong data-start=\"112\" data-end=\"121\">Ninja<\/strong>\u00a0<strong>tavaramerkki<\/strong>\u00a0on tunnettu yhdysvaltalainen kodinkonemerkki, jonka omistaa yhti\u00f6\u00a0<strong data-start=\"187\" data-end=\"201\">SharkNinja<\/strong>. Tuotemerkki\u00e4 arvostetaan sen\u00a0<strong data-start=\"225\" data-end=\"269\">\u00e4lykk\u00e4it\u00e4 ja k\u00e4ytt\u00e4j\u00e4yst\u00e4v\u00e4llisi\u00e4 ratkaisuja.<\/strong>\u00a0jotka tekev\u00e4t jokap\u00e4iv\u00e4isest\u00e4 ruoanlaitosta helpompaa ja tehokkaampaa.<\/p>\n<p data-start=\"350\" data-end=\"651\">Ninja-sarjaan kuuluu\u00a0<strong data-start=\"380\" data-end=\"434\">tehosekoittimet, ruoank\u00e4sittelykoneet, friteerauskoneet, monitoimikeittimet.<\/strong>\u00a0ja yh\u00e4 useammin my\u00f6s\u00a0<strong data-start=\"452\" data-end=\"474\">ulkokeitti\u00f6laitteet<\/strong>. Kaikki tuotteet on suunniteltu yhdist\u00e4m\u00e4\u00e4n\u00a0<strong data-start=\"507\" data-end=\"564\">toiminnallisuus, luotettavuus ja innovatiivinen suunnittelu<\/strong>tarjota paras ty\u00f6kalu jokaiseen keitti\u00f6\u00f6n - kotona ja ammattikeitti\u00f6ss\u00e4.<\/p>","protected":false},"excerpt":{"rendered":"<p data-start=\"180\" data-end=\"620\"><strong data-start=\"180\" data-end=\"208\">Ninja Combi Multi Cooker<\/strong> yhdist\u00e4\u00e4 <strong data-start=\"223\" data-end=\"277\">monitoimikeitin, kuumailmapannu ja uunitoiminnot<\/strong>, joka tarjoaa mukavuutta ja monipuolisuutta jokap\u00e4iv\u00e4iseen ruoanlaittoon. Innovatiivisen <strong data-start=\"367\" data-end=\"382\">HyperSteam\u2122<\/strong> ja <strong data-start=\"386\" data-end=\"397\">Paista ilmassa<\/strong> tekniikan ansiosta ruoka kypsyy nopeammin s\u00e4ilytt\u00e4en samalla mehukkuutensa ja makunsa.<br data-start=\"472\" data-end=\"475\" \/>12 esiasetetun toiminnon avulla voit valmistaa kaiken aamiaispastasta rapeisiin p\u00e4\u00e4ruokiin ja leivonnaisiin - kaikki yhdess\u00e4 laitteessa.<\/p>\n<h4 data-start=\"627\" data-end=\"653\"><strong data-start=\"632\" data-end=\"653\">T\u00e4rkeimm\u00e4t ominaisuudet<\/strong><\/h4>\n<ul data-start=\"654\" data-end=\"1482\">\n<li data-start=\"654\" data-end=\"904\">\n<p data-start=\"656\" data-end=\"904\"><strong data-start=\"656\" data-end=\"691\">12 keittotoimintoa:<\/strong> yhdistelm\u00e4kypsennys, rapea, yhdistelm\u00e4paistaminen, riisi\/pasta, paistaminen ja hauduttaminen, h\u00f6yrytys, hidas paisto, taikinan kohoaminen, leivonta, uudelleenl\u00e4mmitys, kuumailmaparatus ja grillaus.<\/p>\n<\/li>\n<li data-start=\"905\" data-end=\"1021\">\n<p data-start=\"907\" data-end=\"1021\"><strong data-start=\"907\" data-end=\"946\">HyperSteam\u2122- ja Air Fry -tekniikat<\/strong> takuu <strong data-start=\"955\" data-end=\"987\">nopeat ja johdonmukaiset tulokset<\/strong> - rapea ulkoa, mehukas sis\u00e4lt\u00e4.<\/p>\n<\/li>\n<li data-start=\"1022\" data-end=\"1164\">\n<p data-start=\"1024\" data-end=\"1164\"><strong data-start=\"1024\" data-end=\"1052\">SmartSwitch\u2122-valikkovalitsin<\/strong> helpottaa valintaa <strong data-start=\"1079\" data-end=\"1088\">Combi<\/strong> (yhdistetty h\u00f6yry- ja ilmakypsennys) tai <strong data-start=\"1130\" data-end=\"1141\">Paista ilmassa<\/strong> (kuuma ilma) -tilassa.<\/p>\n<\/li>\n<li data-start=\"1165\" data-end=\"1268\">\n<p data-start=\"1167\" data-end=\"1268\"><strong data-start=\"1167\" data-end=\"1186\">Ovi panoraamaikkunalla<\/strong> mahdollistaa ruoanvalmistuksen seurannan ja tarjoaa helpon p\u00e4\u00e4syn ruokaan.<\/p>\n<\/li>\n<li data-start=\"1269\" data-end=\"1322\">\n<p data-start=\"1271\" data-end=\"1322\">Paistaa jopa <strong data-start=\"1285\" data-end=\"1319\">50% nopeampi kuin perinteinen uuni<\/strong>.<\/p>\n<\/li>\n<li data-start=\"1323\" data-end=\"1388\">\n<p data-start=\"1325\" data-end=\"1388\">Sopii sek\u00e4 <strong data-start=\"1335\" data-end=\"1370\">tuoreet ja pakastetut elintarvikkeet<\/strong> valmistautua.<\/p>\n<\/li>\n<li data-start=\"1389\" data-end=\"1482\">\n<p data-start=\"1391\" data-end=\"1482\">Valmistele <strong data-start=\"1400\" data-end=\"1436\">t\u00e4ysi ateria yhdess\u00e4 laitteessa<\/strong> - lihaa, vihanneksia ja lisukkeita samanaikaisesti.<\/p>\n<\/li>\n<\/ul>\n<h4 data-start=\"1489\" data-end=\"1515\"><strong data-start=\"1494\" data-end=\"1515\">Mahdolliset k\u00e4ytt\u00f6tarkoitukset<\/strong><\/h4>\n<ul data-start=\"1516\" data-end=\"1852\">\n<li data-start=\"1516\" data-end=\"1590\">\n<p data-start=\"1518\" data-end=\"1590\"><strong data-start=\"1518\" data-end=\"1540\">Combi Meal Builder<\/strong> - yhden padan ateriat valmistuvat nopeasti ja tasaisesti.<\/p>\n<\/li>\n<li data-start=\"1591\" data-end=\"1663\">\n<p data-start=\"1593\" data-end=\"1663\"><strong data-start=\"1593\" data-end=\"1608\">Combi Crisp<\/strong> - h\u00f6yrytt\u00e4minen ja rapeaksi paistaminen yhdess\u00e4 tilassa.<\/p>\n<\/li>\n<li data-start=\"1664\" data-end=\"1715\">\n<p data-start=\"1666\" data-end=\"1715\"><strong data-start=\"1666\" data-end=\"1680\">Combi-majakka<\/strong> - ilmavat ja pehme\u00e4t leivonnaiset.<\/p>\n<\/li>\n<li data-start=\"1716\" data-end=\"1770\">\n<p data-start=\"1718\" data-end=\"1770\"><strong data-start=\"1718\" data-end=\"1729\">Paista ilmassa<\/strong> - rapea tie \u00f6ljyn kanssa tai ilman \u00f6ljy\u00e4.<\/p>\n<\/li>\n<li data-start=\"1771\" data-end=\"1852\">\n<p data-start=\"1773\" data-end=\"1852\">Lis\u00e4ksi: h\u00f6yrytys, hidas paisto, ruskistaminen ja taikinan kohoaminen.<\/p>\n<\/li>\n<\/ul>\n<h4 data-start=\"1859\" data-end=\"1885\"><strong data-start=\"1864\" data-end=\"1885\">Tekniset tiedot<\/strong><\/h4>\n<ul data-start=\"1886\" data-end=\"1954\">\n<li data-start=\"1886\" data-end=\"1909\">\n<p data-start=\"1888\" data-end=\"1909\"><strong data-start=\"1888\" data-end=\"1900\">Teho:<\/strong> 1780 W<\/p>\n<\/li>\n<li data-start=\"1910\" data-end=\"1935\">\n<p data-start=\"1912\" data-end=\"1935\"><strong data-start=\"1912\" data-end=\"1926\">Kapasiteetti:<\/strong> 12,5 L<\/p>\n<\/li>\n<li data-start=\"1936\" data-end=\"1954\">\n<p data-start=\"1938\" data-end=\"1954\"><strong data-start=\"1938\" data-end=\"1947\">V\u00e4ri:<\/strong> halli<\/p>\n<\/li>\n<\/ul>\n<h4 data-start=\"1961\" data-end=\"1980\"><strong data-start=\"1966\" data-end=\"1980\">Toimittaa<\/strong><\/h4>\n<ul data-start=\"1981\" data-end=\"2046\">\n<li data-start=\"1981\" data-end=\"2011\">\n<p data-start=\"1983\" data-end=\"2011\">Yhdistelm\u00e4keittoastia<\/p>\n<\/li>\n<li data-start=\"2012\" data-end=\"2029\">\n<p data-start=\"2014\" data-end=\"2029\">Leivinpelti<\/p>\n<\/li>\n<li data-start=\"2030\" data-end=\"2046\">\n<p data-start=\"2032\" data-end=\"2046\">Paahtoteline<\/p>\n<\/li>\n<\/ul>\n<h4 data-start=\"2053\" data-end=\"2070\"><strong data-start=\"2058\" data-end=\"2070\">Lis\u00e4tietoja<\/strong><\/h4>\n<ul data-start=\"2071\" data-end=\"2242\">\n<li data-start=\"2071\" data-end=\"2108\">\n<p data-start=\"2073\" data-end=\"2108\"><strong data-start=\"2073\" data-end=\"2106\">Ruoan l\u00e4mmitystoiminto<\/strong><\/p>\n<\/li>\n<li data-start=\"2109\" data-end=\"2155\">\n<p data-start=\"2111\" data-end=\"2155\"><strong data-start=\"2111\" data-end=\"2153\">Astianpesukoneessa pest\u00e4v\u00e4t tarvikkeet<\/strong><\/p>\n<\/li>\n<li data-start=\"2156\" data-end=\"2192\">\n<p data-start=\"2158\" data-end=\"2192\"><strong data-start=\"2158\" data-end=\"2190\">12 ohjelmoitavaa tilaa<\/strong><\/p>\n<\/li>\n<li data-start=\"2193\" data-end=\"2242\">\n<p data-start=\"2195\" data-end=\"2242\"><strong data-start=\"2195\" data-end=\"2204\">Tyyppi:<\/strong> monik\u00e4ytt\u00f6isten elintarvikkeiden valmistaja<\/p>\n<\/li>\n<\/ul>\n<p><img loading=\"lazy\" decoding=\"async\" class=\"wp-image-3980\" src=\"http:\/\/tammetorubbq.ee\/wp-content\/uploads\/2025\/10\/Ninja-logo-300x300.webp\" alt=\"Ninja-logo\" width=\"180\" height=\"180\" srcset=\"https:\/\/tammetorubbq.ee\/wp-content\/uploads\/2025\/10\/Ninja-logo-300x300.webp 300w, https:\/\/tammetorubbq.ee\/wp-content\/uploads\/2025\/10\/Ninja-logo-150x150.webp 150w, https:\/\/tammetorubbq.ee\/wp-content\/uploads\/2025\/10\/Ninja-logo-12x12.webp 12w, https:\/\/tammetorubbq.ee\/wp-content\/uploads\/2025\/10\/Ninja-logo-600x600.webp 600w, https:\/\/tammetorubbq.ee\/wp-content\/uploads\/2025\/10\/Ninja-logo-64x64.webp 64w, https:\/\/tammetorubbq.ee\/wp-content\/uploads\/2025\/10\/Ninja-logo.webp 680w\" sizes=\"auto, (max-width: 180px) 100vw, 180px\" \/><\/p>\n<p><a href=\"https:\/\/tammetorubbq.ee\/fi\/maksa-myohemmin\/\"><strong>OSTA NYT, MAKSA MY\u00d6HEMMIN<\/strong><\/a>\u00a0- korotonta!<\/p>\n<p><img loading=\"lazy\" decoding=\"async\" class=\"alignnone wp-image-2646\" src=\"http:\/\/tammetorubbq.ee\/wp-content\/uploads\/2023\/12\/inbank-wordmark.png\" alt=\"\" width=\"167\" height=\"75\" srcset=\"https:\/\/tammetorubbq.ee\/wp-content\/uploads\/2023\/12\/inbank-wordmark.png 300w, https:\/\/tammetorubbq.ee\/wp-content\/uploads\/2023\/12\/inbank-wordmark-18x8.png 18w, https:\/\/tammetorubbq.ee\/wp-content\/uploads\/2023\/12\/inbank-wordmark-64x29.png 64w\" sizes=\"auto, (max-width: 167px) 100vw, 167px\" \/><\/p>\n<p>Tarjoamme my\u00f6s mahdollisuuden maksaa my\u00f6hemmin - yhdess\u00e4, kahdessa tai kolmessa samansuuruisessa er\u00e4ss\u00e4 ilman korkoa tai lis\u00e4maksua.<\/p>\n<p>L\u00f6yd\u00e4t valikoiman eri maksuvaihtoehtoja ostoskoristamme.<\/p>","protected":false},"featured_media":3997,"comment_status":"open","ping_status":"closed","template":"","meta":{"_uf_show_specific_survey":0,"_uf_disable_surveys":false},"pwb-brand":[214],"product_brand":[],"product_cat":[194,197],"product_tag":[215],"class_list":{"0":"post-3991","1":"product","2":"type-product","3":"status-publish","4":"has-post-thumbnail","6":"pwb-brand-ninja","7":"product_cat-ninja-koogiseadmed","8":"product_cat-multikupsetaja","9":"product_tag-multikupsetaja","11":"first","12":"instock","13":"taxable","14":"shipping-taxable","15":"purchasable","16":"product-type-simple"},"brands":[{"id":214,"name":"Ninja","slug":"ninja"}],"_links":{"self":[{"href":"https:\/\/tammetorubbq.ee\/fi\/wp-json\/wp\/v2\/product\/3991","targetHints":{"allow":["GET"]}}],"collection":[{"href":"https:\/\/tammetorubbq.ee\/fi\/wp-json\/wp\/v2\/product"}],"about":[{"href":"https:\/\/tammetorubbq.ee\/fi\/wp-json\/wp\/v2\/types\/product"}],"replies":[{"embeddable":true,"href":"https:\/\/tammetorubbq.ee\/fi\/wp-json\/wp\/v2\/comments?post=3991"}],"wp:featuredmedia":[{"embeddable":true,"href":"https:\/\/tammetorubbq.ee\/fi\/wp-json\/wp\/v2\/media\/3997"}],"wp:attachment":[{"href":"https:\/\/tammetorubbq.ee\/fi\/wp-json\/wp\/v2\/media?parent=3991"}],"wp:term":[{"taxonomy":"pwb-brand","embeddable":true,"href":"https:\/\/tammetorubbq.ee\/fi\/wp-json\/wp\/v2\/pwb-brand?post=3991"},{"taxonomy":"product_brand","embeddable":true,"href":"https:\/\/tammetorubbq.ee\/fi\/wp-json\/wp\/v2\/product_brand?post=3991"},{"taxonomy":"product_cat","embeddable":true,"href":"https:\/\/tammetorubbq.ee\/fi\/wp-json\/wp\/v2\/product_cat?post=3991"},{"taxonomy":"product_tag","embeddable":true,"href":"https:\/\/tammetorubbq.ee\/fi\/wp-json\/wp\/v2\/product_tag?post=3991"}],"curies":[{"name":"wp","href":"https:\/\/api.w.org\/{rel}","templated":true}]}}