{"id":4012,"date":"2025-10-15T15:59:02","date_gmt":"2025-10-15T12:59:02","guid":{"rendered":"https:\/\/tammetorubbq.ee\/?post_type=product&#038;p=4012"},"modified":"2026-04-30T08:00:11","modified_gmt":"2026-04-30T05:00:11","slug":"ninja-jaatisemasin-creami","status":"publish","type":"product","link":"https:\/\/tammetorubbq.ee\/fi\/toode\/ninja-jaatisemasin-creami\/","title":{"rendered":"Ninja Ice Cream Maker Cream"},"content":{"rendered":"<table class=\"woocommerce-product-attributes shop_attributes\" aria-label=\"Tuotteen tiedot\">\n<tbody>\n<tr class=\"woocommerce-product-attributes-item woocommerce-product-attributes-item--weight\">\n<th class=\"woocommerce-product-attributes-item__label\" style=\"text-align: left;\" scope=\"row\">Paino<\/th>\n<td class=\"woocommerce-product-attributes-item__value\">6,5 kg<\/td>\n<\/tr>\n<tr class=\"woocommerce-product-attributes-item woocommerce-product-attributes-item--dimensions\">\n<th class=\"woocommerce-product-attributes-item__label\" scope=\"row\">Mitat<\/th>\n<td class=\"woocommerce-product-attributes-item__value\">27 \u00d7 16,5 \u00d7 40,5 cm.<\/td>\n<\/tr>\n<\/tbody>\n<\/table>\n<p>&nbsp;<\/p>\n<p data-start=\"112\" data-end=\"348\"><strong data-start=\"112\" data-end=\"121\">Ninja<\/strong>\u00a0<strong>tavaramerkki<\/strong>\u00a0on tunnettu yhdysvaltalainen kodinkonemerkki, jonka omistaa yhti\u00f6\u00a0<strong data-start=\"187\" data-end=\"201\">SharkNinja<\/strong>. Tuotemerkki\u00e4 arvostetaan sen\u00a0<strong data-start=\"225\" data-end=\"269\">\u00e4lykk\u00e4it\u00e4 ja k\u00e4ytt\u00e4j\u00e4yst\u00e4v\u00e4llisi\u00e4 ratkaisuja.<\/strong>\u00a0jotka tekev\u00e4t jokap\u00e4iv\u00e4isest\u00e4 ruoanlaitosta helpompaa ja tehokkaampaa.<\/p>\n<p data-start=\"350\" data-end=\"651\">Ninja-sarjaan kuuluu\u00a0<strong data-start=\"380\" data-end=\"434\">tehosekoittimet, ruoank\u00e4sittelykoneet, friteerauskoneet, monitoimikeittimet.<\/strong>\u00a0ja yh\u00e4 useammin my\u00f6s\u00a0<strong data-start=\"452\" data-end=\"474\">ulkokeitti\u00f6laitteet<\/strong>. Kaikki tuotteet on suunniteltu yhdist\u00e4m\u00e4\u00e4n\u00a0<strong data-start=\"507\" data-end=\"564\">toiminnallisuus, luotettavuus ja innovatiivinen suunnittelu<\/strong>tarjota paras ty\u00f6kalu jokaiseen keitti\u00f6\u00f6n - kotona ja ammattikeitti\u00f6ss\u00e4.<\/p>","protected":false},"excerpt":{"rendered":"<p>Valmista kotitekoisia makeisia juuri haluamallasi tavalla - alkaen. <strong data-start=\"184\" data-end=\"246\">j\u00e4\u00e4tel\u00f6, gelato, sorbetit, smoothiet ja kevytj\u00e4\u00e4tel\u00f6.<\/strong>. Ninja CREAMi <strong data-start=\"261\" data-end=\"285\">Creamify-teknologia<\/strong> tekee j\u00e4\u00e4dytetyst\u00e4 seoksesta nopeasti sile\u00e4\u00e4 ja kermaista, mik\u00e4 takaa ammattilaistason tulokset kotona.<\/p>\n<h4 data-start=\"415\" data-end=\"432\"><strong data-start=\"420\" data-end=\"432\">Ominaisuudet<\/strong><\/h4>\n<ul data-start=\"433\" data-end=\"831\">\n<li data-start=\"433\" data-end=\"556\">\n<p data-start=\"435\" data-end=\"556\"><strong data-start=\"435\" data-end=\"466\">7 esiasetettua ohjelmaa:<\/strong> j\u00e4\u00e4tel\u00f6, gelato, sorbet, smoothie, kevytj\u00e4\u00e4tel\u00f6, pirtel\u00f6 ja makeiset.<\/p>\n<\/li>\n<li data-start=\"557\" data-end=\"620\">\n<p data-start=\"559\" data-end=\"620\"><strong data-start=\"559\" data-end=\"584\">Creamify-tekniikka:<\/strong> takaa t\u00e4ydellisen kermaisen koostumuksen<\/p>\n<\/li>\n<li data-start=\"621\" data-end=\"711\">\n<p data-start=\"623\" data-end=\"711\">Mahdollisuus lis\u00e4t\u00e4 <strong data-start=\"639\" data-end=\"683\">suklaalastuja, p\u00e4hkin\u00f6it\u00e4 ja keksipaloja<\/strong> tasaisesti koko j\u00e4lkiruokaan<\/p>\n<\/li>\n<li data-start=\"712\" data-end=\"763\">\n<p data-start=\"714\" data-end=\"763\">Irrotettavat osat <strong data-start=\"732\" data-end=\"761\">astianpesukoneen kest\u00e4v\u00e4<\/strong><\/p>\n<\/li>\n<li data-start=\"764\" data-end=\"831\">\n<p data-start=\"766\" data-end=\"831\">Toimittaa <strong data-start=\"777\" data-end=\"801\">3 purkkia j\u00e4lkiruokia<\/strong> enint\u00e4\u00e4n 1,4 litraa<\/p>\n<\/li>\n<\/ul>\n<h4 data-start=\"838\" data-end=\"857\"><strong data-start=\"843\" data-end=\"857\">K\u00e4ytt\u00f6<\/strong><\/h4>\n<ol data-start=\"858\" data-end=\"1150\">\n<li data-start=\"858\" data-end=\"910\">\n<p data-start=\"861\" data-end=\"910\">T\u00e4yt\u00e4 purkki aineksilla ja pakasta 24 tuntia.<\/p>\n<\/li>\n<li data-start=\"911\" data-end=\"971\">\n<p data-start=\"914\" data-end=\"971\">K\u00e4sittele j\u00e4\u00e4dytetty seos Ninja CREAMissa muutamassa minuutissa.<\/p>\n<\/li>\n<li data-start=\"972\" data-end=\"1067\">\n<p data-start=\"975\" data-end=\"1067\">Valmista molemmat maidon ja <strong data-start=\"1003\" data-end=\"1054\">maidottomat, ketogeeniset ja v\u00e4h\u00e4sokeriset tuotteet.<\/strong> j\u00e4lkiruoka<\/p>\n<\/li>\n<li data-start=\"1068\" data-end=\"1150\">\n<p data-start=\"1071\" data-end=\"1150\">Sopii my\u00f6s <strong data-start=\"1080\" data-end=\"1111\">aamiainen smoothie pussit<\/strong> ja j\u00e4\u00e4dytetyn jogurtin valmistukseen<\/p>\n<\/li>\n<\/ol>\n<h4 data-start=\"1157\" data-end=\"1183\"><strong data-start=\"1162\" data-end=\"1183\">Tekniset tiedot<\/strong><\/h4>\n<ul data-start=\"1184\" data-end=\"1315\">\n<li data-start=\"1184\" data-end=\"1202\">\n<p data-start=\"1186\" data-end=\"1202\">Teho: 800 W<\/p>\n<\/li>\n<li data-start=\"1203\" data-end=\"1233\">\n<p data-start=\"1205\" data-end=\"1233\">Virtajohdon pituus: 0,88 m<\/p>\n<\/li>\n<li data-start=\"1234\" data-end=\"1260\">\n<p data-start=\"1236\" data-end=\"1260\">V\u00e4ri: musta ja hopea<\/p>\n<\/li>\n<li data-start=\"1261\" data-end=\"1315\">\n<p data-start=\"1263\" data-end=\"1315\">Lis\u00e4tietoja: reseptikirja, jossa on erilaisia ideoita<\/p>\n<\/li>\n<\/ul>\n<p>&nbsp;<\/p>\n<p>Katso my\u00f6s: <strong><a href=\"https:\/\/tammetorubbq.ee\/fi\/tuotetunniste\/lisatiedot\/\">Ninja lis\u00e4kuppi- ja kansipaketit NC300-j\u00e4\u00e4tel\u00f6koneeseen<\/a><\/strong><\/p>\n<p><img loading=\"lazy\" decoding=\"async\" class=\"wp-image-3980\" src=\"http:\/\/tammetorubbq.ee\/wp-content\/uploads\/2025\/10\/Ninja-logo-300x300.webp\" alt=\"Ninja-logo\" width=\"180\" height=\"180\" srcset=\"https:\/\/tammetorubbq.ee\/wp-content\/uploads\/2025\/10\/Ninja-logo-300x300.webp 300w, https:\/\/tammetorubbq.ee\/wp-content\/uploads\/2025\/10\/Ninja-logo-150x150.webp 150w, https:\/\/tammetorubbq.ee\/wp-content\/uploads\/2025\/10\/Ninja-logo-12x12.webp 12w, https:\/\/tammetorubbq.ee\/wp-content\/uploads\/2025\/10\/Ninja-logo-600x600.webp 600w, https:\/\/tammetorubbq.ee\/wp-content\/uploads\/2025\/10\/Ninja-logo-64x64.webp 64w, https:\/\/tammetorubbq.ee\/wp-content\/uploads\/2025\/10\/Ninja-logo.webp 680w\" sizes=\"auto, (max-width: 180px) 100vw, 180px\" \/><\/p>\n<p><a href=\"https:\/\/tammetorubbq.ee\/fi\/maksa-myohemmin\/\"><strong>OSTA NYT, MAKSA MY\u00d6HEMMIN<\/strong><\/a>\u00a0- korotonta!<\/p>\n<p><img loading=\"lazy\" decoding=\"async\" class=\"alignnone wp-image-2646\" src=\"http:\/\/tammetorubbq.ee\/wp-content\/uploads\/2023\/12\/inbank-wordmark.png\" alt=\"\" width=\"167\" height=\"75\" srcset=\"https:\/\/tammetorubbq.ee\/wp-content\/uploads\/2023\/12\/inbank-wordmark.png 300w, https:\/\/tammetorubbq.ee\/wp-content\/uploads\/2023\/12\/inbank-wordmark-18x8.png 18w, https:\/\/tammetorubbq.ee\/wp-content\/uploads\/2023\/12\/inbank-wordmark-64x29.png 64w\" sizes=\"auto, (max-width: 167px) 100vw, 167px\" \/><\/p>\n<p>Tarjoamme my\u00f6s mahdollisuuden maksaa my\u00f6hemmin - yhdess\u00e4, kahdessa tai kolmessa samansuuruisessa er\u00e4ss\u00e4 ilman korkoa tai lis\u00e4maksua.<\/p>\n<p>L\u00f6yd\u00e4t valikoiman eri maksuvaihtoehtoja ostoskoristamme.<\/p>","protected":false},"featured_media":4016,"comment_status":"open","ping_status":"closed","template":"","meta":{"_uf_show_specific_survey":0,"_uf_disable_surveys":false},"pwb-brand":[214],"product_brand":[],"product_cat":[194,198],"product_tag":[216],"class_list":{"0":"post-4012","1":"product","2":"type-product","3":"status-publish","4":"has-post-thumbnail","6":"pwb-brand-ninja","7":"product_cat-ninja-koogiseadmed","8":"product_cat-blenderid-ja-koogikombainid","9":"product_tag-jaatisemasin","11":"first","12":"instock","13":"taxable","14":"shipping-taxable","15":"purchasable","16":"product-type-simple"},"brands":[{"id":214,"name":"Ninja","slug":"ninja"}],"_links":{"self":[{"href":"https:\/\/tammetorubbq.ee\/fi\/wp-json\/wp\/v2\/product\/4012","targetHints":{"allow":["GET"]}}],"collection":[{"href":"https:\/\/tammetorubbq.ee\/fi\/wp-json\/wp\/v2\/product"}],"about":[{"href":"https:\/\/tammetorubbq.ee\/fi\/wp-json\/wp\/v2\/types\/product"}],"replies":[{"embeddable":true,"href":"https:\/\/tammetorubbq.ee\/fi\/wp-json\/wp\/v2\/comments?post=4012"}],"wp:featuredmedia":[{"embeddable":true,"href":"https:\/\/tammetorubbq.ee\/fi\/wp-json\/wp\/v2\/media\/4016"}],"wp:attachment":[{"href":"https:\/\/tammetorubbq.ee\/fi\/wp-json\/wp\/v2\/media?parent=4012"}],"wp:term":[{"taxonomy":"pwb-brand","embeddable":true,"href":"https:\/\/tammetorubbq.ee\/fi\/wp-json\/wp\/v2\/pwb-brand?post=4012"},{"taxonomy":"product_brand","embeddable":true,"href":"https:\/\/tammetorubbq.ee\/fi\/wp-json\/wp\/v2\/product_brand?post=4012"},{"taxonomy":"product_cat","embeddable":true,"href":"https:\/\/tammetorubbq.ee\/fi\/wp-json\/wp\/v2\/product_cat?post=4012"},{"taxonomy":"product_tag","embeddable":true,"href":"https:\/\/tammetorubbq.ee\/fi\/wp-json\/wp\/v2\/product_tag?post=4012"}],"curies":[{"name":"wp","href":"https:\/\/api.w.org\/{rel}","templated":true}]}}