{"id":4017,"date":"2025-10-15T16:05:45","date_gmt":"2025-10-15T13:05:45","guid":{"rendered":"https:\/\/tammetorubbq.ee\/?post_type=product&#038;p=4017"},"modified":"2026-04-17T02:00:08","modified_gmt":"2026-04-16T23:00:08","slug":"ninja-extra-kattiloiden-ja-kansien-setti-nc300-jac300-2kpl","status":"publish","type":"product","link":"https:\/\/tammetorubbq.ee\/fi\/product-2\/ninja-extra-kattiloiden-ja-kansien-setti-nc300-jac300-2kpl\/","title":{"rendered":"Ninja-sarja lis\u00e4astioita ja -kansia NC300-j\u00e4\u00e4tel\u00f6koneeseen (2 kpl)"},"content":{"rendered":"<table class=\"woocommerce-product-attributes shop_attributes\" aria-label=\"Tuotteen tiedot\">\n<tbody>\n<tr class=\"woocommerce-product-attributes-item woocommerce-product-attributes-item--weight\">\n<th class=\"woocommerce-product-attributes-item__label\" style=\"text-align: left;\" scope=\"row\">Paino<\/th>\n<td class=\"woocommerce-product-attributes-item__value\">0,45 kg<\/td>\n<\/tr>\n<tr class=\"woocommerce-product-attributes-item woocommerce-product-attributes-item--dimensions\">\n<th class=\"woocommerce-product-attributes-item__label\" scope=\"row\">Mitat<\/th>\n<td class=\"woocommerce-product-attributes-item__value\">23,4 \u00d7 12,1 \u00d7 12,1 cm.<\/td>\n<\/tr>\n<\/tbody>\n<\/table>\n<p data-start=\"112\" data-end=\"348\"><strong data-start=\"112\" data-end=\"121\">Ninja<\/strong>\u00a0<strong>tavaramerkki<\/strong>\u00a0on tunnettu yhdysvaltalainen kodinkonemerkki, jonka omistaa yhti\u00f6\u00a0<strong data-start=\"187\" data-end=\"201\">SharkNinja<\/strong>. Tuotemerkki\u00e4 arvostetaan sen\u00a0<strong data-start=\"225\" data-end=\"269\">\u00e4lykk\u00e4it\u00e4 ja k\u00e4ytt\u00e4j\u00e4yst\u00e4v\u00e4llisi\u00e4 ratkaisuja.<\/strong>\u00a0jotka tekev\u00e4t jokap\u00e4iv\u00e4isest\u00e4 ruoanlaitosta helpompaa ja tehokkaampaa.<\/p>\n<p data-start=\"350\" data-end=\"651\">Ninja-sarjaan kuuluu\u00a0<strong data-start=\"380\" data-end=\"434\">tehosekoittimet, ruoank\u00e4sittelykoneet, friteerauskoneet, monitoimikeittimet.<\/strong>\u00a0ja yh\u00e4 useammin my\u00f6s\u00a0<strong data-start=\"452\" data-end=\"474\">ulkokeitti\u00f6laitteet<\/strong>. Kaikki tuotteet on suunniteltu yhdist\u00e4m\u00e4\u00e4n\u00a0<strong data-start=\"507\" data-end=\"564\">toiminnallisuus, luotettavuus ja innovatiivinen suunnittelu<\/strong>tarjota paras ty\u00f6kalu jokaiseen keitti\u00f6\u00f6n - kotona ja ammattikeitti\u00f6ss\u00e4.<\/p>","protected":false},"excerpt":{"rendered":"<p>Valmista ja s\u00e4ilyt\u00e4 heti <strong data-start=\"214\" data-end=\"278\">useita eri j\u00e4\u00e4tel\u00f6n, gelaton, sorbetin tai smoothien makuja.<\/strong>. Ihanteellinen ratkaisu, jos haluat kokeilla erilaisia yhdistelmi\u00e4 kotona tai valmistaa makeisia maistiaisia perheenj\u00e4senille.<\/p>\n<h4 data-start=\"418\" data-end=\"435\"><strong data-start=\"423\" data-end=\"435\">Ominaisuudet<\/strong><\/h4>\n<ul data-start=\"436\" data-end=\"642\">\n<li data-start=\"436\" data-end=\"490\">\n<p data-start=\"438\" data-end=\"490\">Toimittaa <strong data-start=\"449\" data-end=\"488\">2 \u00d7 470 ml j\u00e4lkiruokakupit ja kansi<\/strong><\/p>\n<\/li>\n<li data-start=\"491\" data-end=\"533\">\n<p data-start=\"493\" data-end=\"533\">Valmistettu <strong data-start=\"505\" data-end=\"531\">BPA-vapaa materiaali<\/strong><\/p>\n<\/li>\n<li data-start=\"534\" data-end=\"587\">\n<p data-start=\"536\" data-end=\"587\">P\u00e4\u00e4llykset ja kannet ovat <strong data-start=\"556\" data-end=\"585\">astianpesukoneen kest\u00e4v\u00e4<\/strong><\/p>\n<\/li>\n<li data-start=\"588\" data-end=\"642\">\n<p data-start=\"590\" data-end=\"642\">Soveltuu k\u00e4ytett\u00e4v\u00e4ksi <strong data-start=\"609\" data-end=\"631\">Ninja CREAMi NC300<\/strong> mallin kanssa<\/p>\n<\/li>\n<\/ul>\n<h4 data-start=\"649\" data-end=\"668\"><strong data-start=\"654\" data-end=\"668\">K\u00e4ytt\u00f6<\/strong><\/h4>\n<ol data-start=\"669\" data-end=\"805\">\n<li data-start=\"669\" data-end=\"710\">\n<p data-start=\"672\" data-end=\"710\">T\u00e4yt\u00e4 yl\u00e4osat halutuilla ainesosilla<\/p>\n<\/li>\n<li data-start=\"711\" data-end=\"734\">\n<p data-start=\"714\" data-end=\"734\">Pakastetaan 24 tuntia<\/p>\n<\/li>\n<li data-start=\"735\" data-end=\"805\">\n<p data-start=\"738\" data-end=\"805\">K\u00e4sittele sitten kermaiseksi herkuksi Ninja CREAM -j\u00e4\u00e4tel\u00f6koneessa.<\/p>\n<\/li>\n<\/ol>\n<p><img loading=\"lazy\" decoding=\"async\" class=\"wp-image-3980\" src=\"http:\/\/tammetorubbq.ee\/wp-content\/uploads\/2025\/10\/Ninja-logo-300x300.webp\" alt=\"Ninja-logo\" width=\"180\" height=\"180\" srcset=\"https:\/\/tammetorubbq.ee\/wp-content\/uploads\/2025\/10\/Ninja-logo-300x300.webp 300w, https:\/\/tammetorubbq.ee\/wp-content\/uploads\/2025\/10\/Ninja-logo-150x150.webp 150w, https:\/\/tammetorubbq.ee\/wp-content\/uploads\/2025\/10\/Ninja-logo-12x12.webp 12w, https:\/\/tammetorubbq.ee\/wp-content\/uploads\/2025\/10\/Ninja-logo-600x600.webp 600w, https:\/\/tammetorubbq.ee\/wp-content\/uploads\/2025\/10\/Ninja-logo-64x64.webp 64w, https:\/\/tammetorubbq.ee\/wp-content\/uploads\/2025\/10\/Ninja-logo.webp 680w\" sizes=\"auto, (max-width: 180px) 100vw, 180px\" \/><\/p>","protected":false},"featured_media":4020,"comment_status":"open","ping_status":"closed","template":"","meta":{"_uf_show_specific_survey":0,"_uf_disable_surveys":false},"pwb-brand":[214],"product_brand":[],"product_cat":[194,198],"product_tag":[216,217],"class_list":{"0":"post-4017","1":"product","2":"type-product","3":"status-publish","4":"has-post-thumbnail","6":"pwb-brand-ninja","7":"product_cat-ninja-koogiseadmed","8":"product_cat-blenderid-ja-koogikombainid","9":"product_tag-jaatisemasin","10":"product_tag-lisatopsid","12":"first","13":"instock","14":"taxable","15":"shipping-taxable","16":"purchasable","17":"product-type-simple"},"brands":[{"id":214,"name":"Ninja","slug":"ninja"}],"_links":{"self":[{"href":"https:\/\/tammetorubbq.ee\/fi\/wp-json\/wp\/v2\/product\/4017","targetHints":{"allow":["GET"]}}],"collection":[{"href":"https:\/\/tammetorubbq.ee\/fi\/wp-json\/wp\/v2\/product"}],"about":[{"href":"https:\/\/tammetorubbq.ee\/fi\/wp-json\/wp\/v2\/types\/product"}],"replies":[{"embeddable":true,"href":"https:\/\/tammetorubbq.ee\/fi\/wp-json\/wp\/v2\/comments?post=4017"}],"wp:featuredmedia":[{"embeddable":true,"href":"https:\/\/tammetorubbq.ee\/fi\/wp-json\/wp\/v2\/media\/4020"}],"wp:attachment":[{"href":"https:\/\/tammetorubbq.ee\/fi\/wp-json\/wp\/v2\/media?parent=4017"}],"wp:term":[{"taxonomy":"pwb-brand","embeddable":true,"href":"https:\/\/tammetorubbq.ee\/fi\/wp-json\/wp\/v2\/pwb-brand?post=4017"},{"taxonomy":"product_brand","embeddable":true,"href":"https:\/\/tammetorubbq.ee\/fi\/wp-json\/wp\/v2\/product_brand?post=4017"},{"taxonomy":"product_cat","embeddable":true,"href":"https:\/\/tammetorubbq.ee\/fi\/wp-json\/wp\/v2\/product_cat?post=4017"},{"taxonomy":"product_tag","embeddable":true,"href":"https:\/\/tammetorubbq.ee\/fi\/wp-json\/wp\/v2\/product_tag?post=4017"}],"curies":[{"name":"wp","href":"https:\/\/api.w.org\/{rel}","templated":true}]}}