{"id":4021,"date":"2025-10-15T16:10:52","date_gmt":"2025-10-15T13:10:52","guid":{"rendered":"https:\/\/tammetorubbq.ee\/?post_type=product&#038;p=4021"},"modified":"2026-04-20T12:00:06","modified_gmt":"2026-04-20T09:00:06","slug":"ninja-extra-kattiloiden-ja-kansien-setti-nc300-jac300-4kpl","status":"publish","type":"product","link":"https:\/\/tammetorubbq.ee\/fi\/product-2\/ninja-extra-kattiloiden-ja-kansien-setti-nc300-jac300-4kpl\/","title":{"rendered":"Ninja-sarja ylim\u00e4\u00e4r\u00e4isi\u00e4 astioita ja kansia NC300-j\u00e4\u00e4tel\u00f6koneeseen (4 kpl)"},"content":{"rendered":"<p data-start=\"112\" data-end=\"348\"><strong data-start=\"112\" data-end=\"121\">Ninja<\/strong>\u00a0<strong>tavaramerkki<\/strong>\u00a0on tunnettu yhdysvaltalainen kodinkonemerkki, jonka omistaa yhti\u00f6\u00a0<strong data-start=\"187\" data-end=\"201\">SharkNinja<\/strong>. Tuotemerkki\u00e4 arvostetaan sen\u00a0<strong data-start=\"225\" data-end=\"269\">\u00e4lykk\u00e4it\u00e4 ja k\u00e4ytt\u00e4j\u00e4yst\u00e4v\u00e4llisi\u00e4 ratkaisuja.<\/strong>\u00a0jotka tekev\u00e4t jokap\u00e4iv\u00e4isest\u00e4 ruoanlaitosta helpompaa ja tehokkaampaa.<\/p>\n<p data-start=\"350\" data-end=\"651\">Ninja-sarjaan kuuluu\u00a0<strong data-start=\"380\" data-end=\"434\">tehosekoittimet, ruoank\u00e4sittelykoneet, friteerauskoneet, monitoimikeittimet.<\/strong>\u00a0ja yh\u00e4 useammin my\u00f6s\u00a0<strong data-start=\"452\" data-end=\"474\">ulkokeitti\u00f6laitteet<\/strong>. Kaikki tuotteet on suunniteltu yhdist\u00e4m\u00e4\u00e4n\u00a0<strong data-start=\"507\" data-end=\"564\">toiminnallisuus, luotettavuus ja innovatiivinen suunnittelu<\/strong>tarjota paras ty\u00f6kalu jokaiseen keitti\u00f6\u00f6n - kotona ja ammattikeitti\u00f6ss\u00e4.<\/p>","protected":false},"excerpt":{"rendered":"<p>Valmista ja s\u00e4ilyt\u00e4 heti <strong data-start=\"217\" data-end=\"286\">jopa nelj\u00e4 eri j\u00e4\u00e4tel\u00f6n, gelaton, sorbetin tai smoothien makua.<\/strong>. T\u00e4ydellinen ratkaisu uusien makujen kokeilemiseen kotona tai koko perheen herkkujen valmistamiseen.<\/p>\n<h4 data-start=\"394\" data-end=\"411\"><strong data-start=\"399\" data-end=\"411\">Ominaisuudet<\/strong><\/h4>\n<ul data-start=\"412\" data-end=\"605\">\n<li data-start=\"412\" data-end=\"466\">\n<p data-start=\"414\" data-end=\"466\">Toimittaa <strong data-start=\"425\" data-end=\"464\">4 \u00d7 470 ml j\u00e4lkiruokakuppeja ja kantta<\/strong><\/p>\n<\/li>\n<li data-start=\"467\" data-end=\"509\">\n<p data-start=\"469\" data-end=\"509\">Valmistettu <strong data-start=\"481\" data-end=\"507\">BPA-vapaa materiaali<\/strong><\/p>\n<\/li>\n<li data-start=\"510\" data-end=\"563\">\n<p data-start=\"512\" data-end=\"563\">P\u00e4\u00e4llykset ja kannet ovat <strong data-start=\"532\" data-end=\"561\">astianpesukoneen kest\u00e4v\u00e4<\/strong><\/p>\n<\/li>\n<li data-start=\"564\" data-end=\"605\">\n<p data-start=\"566\" data-end=\"605\">Sopii <strong data-start=\"572\" data-end=\"594\">Ninja CREAMi NC300<\/strong> mallin kanssa<\/p>\n<\/li>\n<\/ul>\n<h4 data-start=\"612\" data-end=\"631\"><strong data-start=\"617\" data-end=\"631\">K\u00e4ytt\u00f6<\/strong><\/h4>\n<ol data-start=\"632\" data-end=\"768\">\n<li data-start=\"632\" data-end=\"673\">\n<p data-start=\"635\" data-end=\"673\">T\u00e4yt\u00e4 yl\u00e4osat halutuilla ainesosilla<\/p>\n<\/li>\n<li data-start=\"674\" data-end=\"697\">\n<p data-start=\"677\" data-end=\"697\">Pakastetaan 24 tuntia<\/p>\n<\/li>\n<li data-start=\"698\" data-end=\"768\">\n<p data-start=\"701\" data-end=\"768\">K\u00e4sittele sitten kermaiseksi herkuksi Ninja CREAM -j\u00e4\u00e4tel\u00f6koneessa.<\/p>\n<\/li>\n<\/ol>\n<p><img loading=\"lazy\" decoding=\"async\" class=\"wp-image-3980\" src=\"http:\/\/tammetorubbq.ee\/wp-content\/uploads\/2025\/10\/Ninja-logo-300x300.webp\" alt=\"Ninja-logo\" width=\"180\" height=\"180\" srcset=\"https:\/\/tammetorubbq.ee\/wp-content\/uploads\/2025\/10\/Ninja-logo-300x300.webp 300w, https:\/\/tammetorubbq.ee\/wp-content\/uploads\/2025\/10\/Ninja-logo-150x150.webp 150w, https:\/\/tammetorubbq.ee\/wp-content\/uploads\/2025\/10\/Ninja-logo-12x12.webp 12w, https:\/\/tammetorubbq.ee\/wp-content\/uploads\/2025\/10\/Ninja-logo-600x600.webp 600w, https:\/\/tammetorubbq.ee\/wp-content\/uploads\/2025\/10\/Ninja-logo-64x64.webp 64w, https:\/\/tammetorubbq.ee\/wp-content\/uploads\/2025\/10\/Ninja-logo.webp 680w\" sizes=\"auto, (max-width: 180px) 100vw, 180px\" \/><\/p>","protected":false},"featured_media":4023,"comment_status":"open","ping_status":"closed","template":"","meta":{"_uf_show_specific_survey":0,"_uf_disable_surveys":false},"pwb-brand":[214],"product_brand":[],"product_cat":[194,198],"product_tag":[216,217],"class_list":{"0":"post-4021","1":"product","2":"type-product","3":"status-publish","4":"has-post-thumbnail","6":"pwb-brand-ninja","7":"product_cat-ninja-koogiseadmed","8":"product_cat-blenderid-ja-koogikombainid","9":"product_tag-jaatisemasin","10":"product_tag-lisatopsid","12":"first","13":"instock","14":"taxable","15":"shipping-taxable","16":"purchasable","17":"product-type-simple"},"brands":[{"id":214,"name":"Ninja","slug":"ninja"}],"_links":{"self":[{"href":"https:\/\/tammetorubbq.ee\/fi\/wp-json\/wp\/v2\/product\/4021","targetHints":{"allow":["GET"]}}],"collection":[{"href":"https:\/\/tammetorubbq.ee\/fi\/wp-json\/wp\/v2\/product"}],"about":[{"href":"https:\/\/tammetorubbq.ee\/fi\/wp-json\/wp\/v2\/types\/product"}],"replies":[{"embeddable":true,"href":"https:\/\/tammetorubbq.ee\/fi\/wp-json\/wp\/v2\/comments?post=4021"}],"wp:featuredmedia":[{"embeddable":true,"href":"https:\/\/tammetorubbq.ee\/fi\/wp-json\/wp\/v2\/media\/4023"}],"wp:attachment":[{"href":"https:\/\/tammetorubbq.ee\/fi\/wp-json\/wp\/v2\/media?parent=4021"}],"wp:term":[{"taxonomy":"pwb-brand","embeddable":true,"href":"https:\/\/tammetorubbq.ee\/fi\/wp-json\/wp\/v2\/pwb-brand?post=4021"},{"taxonomy":"product_brand","embeddable":true,"href":"https:\/\/tammetorubbq.ee\/fi\/wp-json\/wp\/v2\/product_brand?post=4021"},{"taxonomy":"product_cat","embeddable":true,"href":"https:\/\/tammetorubbq.ee\/fi\/wp-json\/wp\/v2\/product_cat?post=4021"},{"taxonomy":"product_tag","embeddable":true,"href":"https:\/\/tammetorubbq.ee\/fi\/wp-json\/wp\/v2\/product_tag?post=4021"}],"curies":[{"name":"wp","href":"https:\/\/api.w.org\/{rel}","templated":true}]}}