{"id":4027,"date":"2025-10-16T09:32:34","date_gmt":"2025-10-16T06:32:34","guid":{"rendered":"https:\/\/tammetorubbq.ee\/?post_type=product&#038;p=4027"},"modified":"2026-04-17T04:02:07","modified_gmt":"2026-04-17T01:02:07","slug":"ninja-johdoton-tehosekoitin-blast-compact-047l-musta","status":"publish","type":"product","link":"https:\/\/tammetorubbq.ee\/fi\/product-2\/ninja-johdoton-tehosekoitin-blast-compact-047l-musta\/","title":{"rendered":"Ninja johdoton tehosekoitin Blast Compact 0,47L (musta)"},"content":{"rendered":"<table class=\"woocommerce-product-attributes shop_attributes\" aria-label=\"Tuotteen tiedot\">\n<tbody>\n<tr class=\"woocommerce-product-attributes-item woocommerce-product-attributes-item--weight\">\n<th class=\"woocommerce-product-attributes-item__label\" style=\"text-align: left;\" scope=\"row\">Paino<\/th>\n<td class=\"woocommerce-product-attributes-item__value\">0,8 kg<\/td>\n<\/tr>\n<tr class=\"woocommerce-product-attributes-item woocommerce-product-attributes-item--dimensions\">\n<th class=\"woocommerce-product-attributes-item__label\" scope=\"row\">Mitat<\/th>\n<td class=\"woocommerce-product-attributes-item__value\">9 \u00d7 9 \u00d7 27 cm<\/td>\n<\/tr>\n<\/tbody>\n<\/table>\n<p>&nbsp;<\/p>\n<p data-start=\"112\" data-end=\"348\"><strong data-start=\"112\" data-end=\"121\">Ninja<\/strong>\u00a0<strong>tavaramerkki<\/strong>\u00a0on tunnettu yhdysvaltalainen kodinkonemerkki, jonka omistaa yhti\u00f6\u00a0<strong data-start=\"187\" data-end=\"201\">SharkNinja<\/strong>. Tuotemerkki\u00e4 arvostetaan sen\u00a0<strong data-start=\"225\" data-end=\"269\">\u00e4lykk\u00e4it\u00e4 ja k\u00e4ytt\u00e4j\u00e4yst\u00e4v\u00e4llisi\u00e4 ratkaisuja.<\/strong>\u00a0jotka tekev\u00e4t jokap\u00e4iv\u00e4isest\u00e4 ruoanlaitosta helpompaa ja tehokkaampaa.<\/p>\n<p data-start=\"350\" data-end=\"651\">Ninja-sarjaan kuuluu\u00a0<strong data-start=\"380\" data-end=\"434\">tehosekoittimet, ruoank\u00e4sittelykoneet, friteerauskoneet, monitoimikeittimet.<\/strong>\u00a0ja yh\u00e4 useammin my\u00f6s\u00a0<strong data-start=\"452\" data-end=\"474\">ulkokeitti\u00f6laitteet<\/strong>. Kaikki tuotteet on suunniteltu yhdist\u00e4m\u00e4\u00e4n\u00a0<strong data-start=\"507\" data-end=\"564\">toiminnallisuus, luotettavuus ja innovatiivinen suunnittelu<\/strong>tarjota paras ty\u00f6kalu jokaiseen keitti\u00f6\u00f6n - kotona ja ammattikeitti\u00f6ss\u00e4.<\/p>","protected":false},"excerpt":{"rendered":"<p><strong data-start=\"127\" data-end=\"162\">Ota smoothie mukaan kaikkialle!<\/strong><\/p>\n<p>Ninja Blast Compact on langaton, kannettava ja tiivis tehosekoitin, jonka avulla voit valmistaa raikkaita juomia miss\u00e4 ja milloin tahansa - olipa kyse sitten kuntosalista, toimistosta, autosta tai retkest\u00e4. Sis\u00e4\u00e4nrakennetun akun ja USB-C-latauksen ansiosta voit sekoittaa suosikkisekoituksesi ilman johtoja.<\/p>\n<h4 data-start=\"451\" data-end=\"468\"><strong data-start=\"456\" data-end=\"468\">Ominaisuudet<\/strong><\/h4>\n<ul data-start=\"469\" data-end=\"987\">\n<li data-start=\"469\" data-end=\"528\">\n<p data-start=\"471\" data-end=\"528\"><strong data-start=\"471\" data-end=\"496\">Langaton k\u00e4ytt\u00f6<\/strong> sis\u00e4\u00e4nrakennettu Li-Ion-akku<\/p>\n<\/li>\n<li data-start=\"529\" data-end=\"569\">\n<p data-start=\"531\" data-end=\"569\"><strong data-start=\"531\" data-end=\"550\">USB-C-lataus<\/strong> - k\u00e4tev\u00e4 ja nopea<\/p>\n<\/li>\n<li data-start=\"570\" data-end=\"638\">\n<p data-start=\"572\" data-end=\"638\"><strong data-start=\"572\" data-end=\"587\">530 ml anum<\/strong> (suositeltu tilavuus 470 ml), jossa on tiivis kansi<\/p>\n<\/li>\n<li data-start=\"639\" data-end=\"728\">\n<p data-start=\"641\" data-end=\"728\"><strong data-start=\"641\" data-end=\"655\">BlastBlade<\/strong> ruostumattomasta ter\u00e4ksest\u00e4 valmistettu ter\u00e4 murskaa tehokkaasti hedelm\u00e4t, j\u00e4\u00e4n ja siemenet.<\/p>\n<\/li>\n<li data-start=\"729\" data-end=\"793\">\n<p data-start=\"731\" data-end=\"793\"><strong data-start=\"731\" data-end=\"758\">Ninja Blast -tekniikka<\/strong> luo sile\u00e4n ja kermaisen lopputuloksen<\/p>\n<\/li>\n<li data-start=\"794\" data-end=\"857\">\n<p data-start=\"796\" data-end=\"857\"><strong data-start=\"796\" data-end=\"823\">Astianpesukoneen kest\u00e4v\u00e4<\/strong> s\u00e4ili\u00f6 ja kansi (yl\u00e4hyllyll\u00e4)<\/p>\n<\/li>\n<li data-start=\"858\" data-end=\"917\">\n<p data-start=\"860\" data-end=\"917\"><strong data-start=\"860\" data-end=\"886\">Yhden painikkeen k\u00e4ytt\u00f6<\/strong> - helppo ja nopea k\u00e4ytt\u00e4\u00e4<\/p>\n<\/li>\n<li data-start=\"918\" data-end=\"987\">\n<p data-start=\"920\" data-end=\"987\"><strong data-start=\"920\" data-end=\"950\">Kompakti ja hiljainen rakenne<\/strong> - ihanteellinen noutoruokailuun<\/p>\n<\/li>\n<\/ul>\n<h4 data-start=\"994\" data-end=\"1020\"><strong data-start=\"999\" data-end=\"1020\">Tekniset tiedot<\/strong><\/h4>\n<ul data-start=\"1021\" data-end=\"1156\">\n<li data-start=\"1021\" data-end=\"1044\">\n<p data-start=\"1023\" data-end=\"1044\">Virta: paristok\u00e4ytt\u00f6inen<\/p>\n<\/li>\n<li data-start=\"1045\" data-end=\"1061\">\n<p data-start=\"1047\" data-end=\"1061\">Tilavuus: 470 ml<\/p>\n<\/li>\n<li data-start=\"1062\" data-end=\"1100\">\n<p data-start=\"1064\" data-end=\"1100\">Materiaali: muovi, ter\u00e4 ruostumatonta ter\u00e4st\u00e4<\/p>\n<\/li>\n<li data-start=\"1101\" data-end=\"1115\">\n<p data-start=\"1103\" data-end=\"1115\">V\u00e4ri: musta<\/p>\n<\/li>\n<li data-start=\"1116\" data-end=\"1136\">\n<p data-start=\"1118\" data-end=\"1136\">Lataus: USB-C<\/p>\n<\/li>\n<li data-start=\"1137\" data-end=\"1156\">\n<p data-start=\"1139\" data-end=\"1156\">Nopeuksien m\u00e4\u00e4r\u00e4: 1<\/p>\n<\/li>\n<\/ul>\n<h4 data-start=\"1163\" data-end=\"1182\"><strong data-start=\"1168\" data-end=\"1182\">Toimittaa<\/strong><\/h4>\n<ul data-start=\"1183\" data-end=\"1286\">\n<li data-start=\"1183\" data-end=\"1210\">\n<p data-start=\"1185\" data-end=\"1210\">Tehosekoitin moottoroidulla alustalla<\/p>\n<\/li>\n<li data-start=\"1211\" data-end=\"1246\">\n<p data-start=\"1213\" data-end=\"1246\">530 ml:n s\u00e4ili\u00f6, jossa on tiivis kansi<\/p>\n<\/li>\n<li data-start=\"1247\" data-end=\"1271\">\n<p data-start=\"1249\" data-end=\"1271\">USB-C-latauskaapeli<\/p>\n<\/li>\n<li data-start=\"1272\" data-end=\"1286\">\n<p data-start=\"1274\" data-end=\"1286\">Ter\u00e4n suojaus<\/p>\n<\/li>\n<\/ul>\n<p><strong data-start=\"1293\" data-end=\"1332\">Ihanteellinen aktiiviselle henkil\u00f6lle<\/strong>, joka haluaa nauttia raikkaan smoothien tai proteiinijuoman miss\u00e4 ja milloin tahansa.<\/p>\n<p><img loading=\"lazy\" decoding=\"async\" class=\"\" src=\"http:\/\/tammetorubbq.ee\/wp-content\/uploads\/2025\/10\/Ninja-logo-300x300.webp\" alt=\"Ninja-logo\" width=\"198\" height=\"198\" \/><\/p>","protected":false},"featured_media":4029,"comment_status":"open","ping_status":"closed","template":"","meta":{"_uf_show_specific_survey":0,"_uf_disable_surveys":false},"pwb-brand":[214],"product_brand":[],"product_cat":[194,198],"product_tag":[218],"class_list":{"0":"post-4027","1":"product","2":"type-product","3":"status-publish","4":"has-post-thumbnail","6":"pwb-brand-ninja","7":"product_cat-ninja-koogiseadmed","8":"product_cat-blenderid-ja-koogikombainid","9":"product_tag-blender","11":"first","12":"instock","13":"taxable","14":"shipping-taxable","15":"purchasable","16":"product-type-simple"},"brands":[{"id":214,"name":"Ninja","slug":"ninja"}],"_links":{"self":[{"href":"https:\/\/tammetorubbq.ee\/fi\/wp-json\/wp\/v2\/product\/4027","targetHints":{"allow":["GET"]}}],"collection":[{"href":"https:\/\/tammetorubbq.ee\/fi\/wp-json\/wp\/v2\/product"}],"about":[{"href":"https:\/\/tammetorubbq.ee\/fi\/wp-json\/wp\/v2\/types\/product"}],"replies":[{"embeddable":true,"href":"https:\/\/tammetorubbq.ee\/fi\/wp-json\/wp\/v2\/comments?post=4027"}],"wp:featuredmedia":[{"embeddable":true,"href":"https:\/\/tammetorubbq.ee\/fi\/wp-json\/wp\/v2\/media\/4029"}],"wp:attachment":[{"href":"https:\/\/tammetorubbq.ee\/fi\/wp-json\/wp\/v2\/media?parent=4027"}],"wp:term":[{"taxonomy":"pwb-brand","embeddable":true,"href":"https:\/\/tammetorubbq.ee\/fi\/wp-json\/wp\/v2\/pwb-brand?post=4027"},{"taxonomy":"product_brand","embeddable":true,"href":"https:\/\/tammetorubbq.ee\/fi\/wp-json\/wp\/v2\/product_brand?post=4027"},{"taxonomy":"product_cat","embeddable":true,"href":"https:\/\/tammetorubbq.ee\/fi\/wp-json\/wp\/v2\/product_cat?post=4027"},{"taxonomy":"product_tag","embeddable":true,"href":"https:\/\/tammetorubbq.ee\/fi\/wp-json\/wp\/v2\/product_tag?post=4027"}],"curies":[{"name":"wp","href":"https:\/\/api.w.org\/{rel}","templated":true}]}}